{"id":7434,"date":"2023-06-18T20:50:21","date_gmt":"2023-06-18T18:50:21","guid":{"rendered":"https:\/\/rothschenk.de\/rothschenk-shop\/?post_type=product&#038;p=7434"},"modified":"2026-01-09T11:01:39","modified_gmt":"2026-01-09T10:01:39","slug":"haspelspanner-bis-25-mm-bandbreite","status":"publish","type":"product","link":"https:\/\/rothschenk.de\/pl\/produkt\/haspelspanner-bis-25-mm-bandbreite\/","title":{"rendered":"Haspelspanner | bis 25 mm Bandbreite"},"content":{"rendered":"<h3>Haspelspanner | bis 25 mm Bandbreite<\/h3>\n<p>Zum Spannen von Umreifungsb\u00e4ndern ist die reine Handkraft nicht ausreichend. Der Haspelspanner ist ein hochwertiges Werkzeug, das speziell f\u00fcr die Ladungssicherung entwickelt wurde. Mit seiner Hilfe k\u00f6nnen Gurt- und Umreifungsb\u00e4nder bis zu einer Breite von 25 mm m\u00fchelos auf die erforderliche Vorspannkraft gebracht werden.<\/p>\n<p>Das an der Ware anliegende Band wird seitlich eingespannt und sicher fixiert. Das freie Ende wird anschlie\u00dfend in die drehbare Welle eingespannt und durch den Hebel mit Ratschenfunktion auf die gew\u00fcnschte Spannung gebracht. Danach kann der Haspelspanner bequem entfernt und weiterverwendet werden.<\/p>\n<p>Dank seiner zuverl\u00e4ssigen Funktionalit\u00e4t ist der Haspelspanner ein unentbehrliches Werkzeug f\u00fcr den Transport von G\u00fctern in Containern, auf Lastwagen oder anderen Transportmitteln. Er gew\u00e4hrleistet, dass Ihre Fracht fest und sicher fixiert ist, was das Risiko von Sch\u00e4den w\u00e4hrend des Transports minimiert. Der Haspelspanner ist ein vielseitiges und langlebiges Werkzeug, das Ihnen bei der Ladungssicherung eine wertvolle Unterst\u00fctzung bietet.<\/p>\n","protected":false},"excerpt":{"rendered":"<p>Haspelspanner | bis 25 mm Bandbreite Zum Spannen von Umreifungsb\u00e4ndern ist die reine Handkraft nicht ausreichend. Der Haspelspanner ist ein hochwertiges Werkzeug, das speziell f\u00fcr die Ladungssicherung entwickelt wurde. Mit seiner Hilfe k\u00f6nnen Gurt- und Umreifungsb\u00e4nder bis zu einer Breite von 25 mm m\u00fchelos auf die erforderliche Vorspannkraft gebracht werden. Das an der Ware anliegende [&hellip;]<\/p>\n","protected":false},"featured_media":84303,"comment_status":"open","ping_status":"closed","template":"","meta":{"_acf_changed":false},"product_brand":[],"product_cat":[80,61,46,79],"product_tag":[],"class_list":{"0":"post-7434","1":"product","2":"type-product","3":"status-publish","4":"has-post-thumbnail","6":"product_cat-ladungssicherungs-tools","7":"product_cat-spanngeraete-umreifung","8":"product_cat-umreifung","9":"product_cat-zubehoer","11":"first","12":"onbackorder","13":"taxable","14":"shipping-taxable","15":"purchasable","16":"product-type-simple"},"acf":[],"yoast_head":"<!-- This site is optimized with the Yoast SEO plugin v27.3 - https:\/\/yoast.com\/product\/yoast-seo-wordpress\/ -->\n<title>Haspelspanner | bis 25 mm Bandbreite - Rothschenk<\/title>\n<meta name=\"description\" content=\"Haspelspanner - f\u00fcr Ladungssicherung \u2713 Geeignet f\u00fcr Gurtb\u00e4nder bis 25 mm Breite \u2713 Hebel mit Ratschenfunktion \u27a4 Jetzt online bestellen!\" \/>\n<meta name=\"robots\" content=\"index, follow, max-snippet:-1, max-image-preview:large, max-video-preview:-1\" \/>\n<link rel=\"canonical\" href=\"https:\/\/rothschenk.de\/produkt\/haspelspanner-bis-25-mm-bandbreite\/\" \/>\n<meta property=\"og:locale\" content=\"pl_PL\" \/>\n<meta property=\"og:type\" content=\"article\" \/>\n<meta property=\"og:title\" content=\"Haspelspanner | bis 25 mm Bandbreite - Rothschenk\" \/>\n<meta property=\"og:description\" content=\"Haspelspanner - f\u00fcr Ladungssicherung \u2713 Geeignet f\u00fcr Gurtb\u00e4nder bis 25 mm Breite \u2713 Hebel mit Ratschenfunktion \u27a4 Jetzt online bestellen!\" \/>\n<meta property=\"og:url\" content=\"https:\/\/rothschenk.de\/produkt\/haspelspanner-bis-25-mm-bandbreite\/\" \/>\n<meta property=\"og:site_name\" content=\"Rothschenk\" \/>\n<meta property=\"article:publisher\" content=\"https:\/\/de-de.facebook.com\/FirmaRothschenk\/\" \/>\n<meta property=\"article:modified_time\" content=\"2026-01-09T10:01:39+00:00\" \/>\n<meta property=\"og:image\" content=\"https:\/\/rothschenk.de\/wp-content\/uploads\/2023\/11\/Haspelspanner-19-und-25-mm_25422_25423.jpg\" \/>\n\t<meta property=\"og:image:width\" content=\"1024\" \/>\n\t<meta property=\"og:image:height\" content=\"1024\" \/>\n\t<meta property=\"og:image:type\" content=\"image\/jpeg\" \/>\n<meta name=\"twitter:card\" content=\"summary_large_image\" \/>\n<meta name=\"twitter:label1\" content=\"Cena\" \/>\n\t<meta name=\"twitter:data1\" content=\"72,00&nbsp;&euro;\" \/>\n\t<meta name=\"twitter:label2\" content=\"Dost\u0119pno\u015b\u0107\" \/>\n\t<meta name=\"twitter:data2\" content=\"Na zam\u00f3wienie\" \/>\n<script type=\"application\/ld+json\" class=\"yoast-schema-graph\">{\"@context\":\"https:\\\/\\\/schema.org\",\"@graph\":[{\"@type\":\"WebPage\",\"@id\":\"https:\\\/\\\/rothschenk.de\\\/produkt\\\/haspelspanner-bis-25-mm-bandbreite\\\/\",\"url\":\"https:\\\/\\\/rothschenk.de\\\/produkt\\\/haspelspanner-bis-25-mm-bandbreite\\\/\",\"name\":\"Haspelspanner | bis 25 mm Bandbreite - Rothschenk\",\"isPartOf\":{\"@id\":\"https:\\\/\\\/rothschenk.de\\\/#website\"},\"primaryImageOfPage\":{\"@id\":\"https:\\\/\\\/rothschenk.de\\\/produkt\\\/haspelspanner-bis-25-mm-bandbreite\\\/#primaryimage\"},\"image\":{\"@id\":\"https:\\\/\\\/rothschenk.de\\\/produkt\\\/haspelspanner-bis-25-mm-bandbreite\\\/#primaryimage\"},\"thumbnailUrl\":\"https:\\\/\\\/rothschenk.de\\\/wp-content\\\/uploads\\\/2023\\\/11\\\/Haspelspanner-19-und-25-mm_25422_25423.jpg\",\"datePublished\":\"2023-06-18T18:50:21+00:00\",\"dateModified\":\"2026-01-09T10:01:39+00:00\",\"description\":\"Haspelspanner - f\u00fcr Ladungssicherung \u2713 Geeignet f\u00fcr Gurtb\u00e4nder bis 25 mm Breite \u2713 Hebel mit Ratschenfunktion \u27a4 Jetzt online bestellen!\",\"breadcrumb\":{\"@id\":\"https:\\\/\\\/rothschenk.de\\\/produkt\\\/haspelspanner-bis-25-mm-bandbreite\\\/#breadcrumb\"},\"inLanguage\":\"pl-PL\",\"potentialAction\":[{\"@type\":\"ReadAction\",\"target\":[\"https:\\\/\\\/rothschenk.de\\\/produkt\\\/haspelspanner-bis-25-mm-bandbreite\\\/\"]}]},{\"@type\":\"ImageObject\",\"inLanguage\":\"pl-PL\",\"@id\":\"https:\\\/\\\/rothschenk.de\\\/produkt\\\/haspelspanner-bis-25-mm-bandbreite\\\/#primaryimage\",\"url\":\"https:\\\/\\\/rothschenk.de\\\/wp-content\\\/uploads\\\/2023\\\/11\\\/Haspelspanner-19-und-25-mm_25422_25423.jpg\",\"contentUrl\":\"https:\\\/\\\/rothschenk.de\\\/wp-content\\\/uploads\\\/2023\\\/11\\\/Haspelspanner-19-und-25-mm_25422_25423.jpg\",\"width\":1024,\"height\":1024,\"caption\":\"Haspelspanner f\u00fcr Gurtband\"},{\"@type\":\"BreadcrumbList\",\"@id\":\"https:\\\/\\\/rothschenk.de\\\/produkt\\\/haspelspanner-bis-25-mm-bandbreite\\\/#breadcrumb\",\"itemListElement\":[{\"@type\":\"ListItem\",\"position\":1,\"name\":\"Strona g\u0142\u00f3wna\",\"item\":\"https:\\\/\\\/rothschenk.de\\\/pl\\\/strona-glowna\\\/\"},{\"@type\":\"ListItem\",\"position\":2,\"name\":\"Shop\",\"item\":\"https:\\\/\\\/rothschenk.de\\\/shop\\\/\"},{\"@type\":\"ListItem\",\"position\":3,\"name\":\"Haspelspanner | bis 25 mm Bandbreite\"}]},{\"@type\":\"WebSite\",\"@id\":\"https:\\\/\\\/rothschenk.de\\\/#website\",\"url\":\"https:\\\/\\\/rothschenk.de\\\/\",\"name\":\"Rothschenk - Der Online Shop f\u00fcr Ladungssicherung\",\"description\":\"Der Online Shop f\u00fcr Ladungssicherung\",\"potentialAction\":[{\"@type\":\"SearchAction\",\"target\":{\"@type\":\"EntryPoint\",\"urlTemplate\":\"https:\\\/\\\/rothschenk.de\\\/?s={search_term_string}\"},\"query-input\":{\"@type\":\"PropertyValueSpecification\",\"valueRequired\":true,\"valueName\":\"search_term_string\"}}],\"inLanguage\":\"pl-PL\"}]}<\/script>\n<meta property=\"product:price:amount\" content=\"72.00\" \/>\n<meta property=\"product:price:currency\" content=\"EUR\" \/>\n<meta property=\"og:availability\" content=\"backorder\" \/>\n<meta property=\"product:availability\" content=\"available for order\" \/>\n<meta property=\"product:retailer_item_id\" content=\"25423\" \/>\n<meta property=\"product:condition\" content=\"new\" \/>\n<!-- \/ Yoast SEO plugin. -->","yoast_head_json":{"title":"Haspelspanner | bis 25 mm Bandbreite - Rothschenk","description":"Haspelspanner - f\u00fcr Ladungssicherung \u2713 Geeignet f\u00fcr Gurtb\u00e4nder bis 25 mm Breite \u2713 Hebel mit Ratschenfunktion \u27a4 Jetzt online bestellen!","robots":{"index":"index","follow":"follow","max-snippet":"max-snippet:-1","max-image-preview":"max-image-preview:large","max-video-preview":"max-video-preview:-1"},"canonical":"https:\/\/rothschenk.de\/produkt\/haspelspanner-bis-25-mm-bandbreite\/","og_locale":"pl_PL","og_type":"article","og_title":"Haspelspanner | bis 25 mm Bandbreite - Rothschenk","og_description":"Haspelspanner - f\u00fcr Ladungssicherung \u2713 Geeignet f\u00fcr Gurtb\u00e4nder bis 25 mm Breite \u2713 Hebel mit Ratschenfunktion \u27a4 Jetzt online bestellen!","og_url":"https:\/\/rothschenk.de\/produkt\/haspelspanner-bis-25-mm-bandbreite\/","og_site_name":"Rothschenk","article_publisher":"https:\/\/de-de.facebook.com\/FirmaRothschenk\/","article_modified_time":"2026-01-09T10:01:39+00:00","og_image":[{"width":1024,"height":1024,"url":"https:\/\/rothschenk.de\/wp-content\/uploads\/2023\/11\/Haspelspanner-19-und-25-mm_25422_25423.jpg","type":"image\/jpeg"}],"twitter_card":"summary_large_image","twitter_misc":{"Cena":"72,00&nbsp;&euro;","Dost\u0119pno\u015b\u0107":"Na zam\u00f3wienie"},"schema":{"@context":"https:\/\/schema.org","@graph":[{"@type":"WebPage","@id":"https:\/\/rothschenk.de\/produkt\/haspelspanner-bis-25-mm-bandbreite\/","url":"https:\/\/rothschenk.de\/produkt\/haspelspanner-bis-25-mm-bandbreite\/","name":"Haspelspanner | bis 25 mm Bandbreite - Rothschenk","isPartOf":{"@id":"https:\/\/rothschenk.de\/#website"},"primaryImageOfPage":{"@id":"https:\/\/rothschenk.de\/produkt\/haspelspanner-bis-25-mm-bandbreite\/#primaryimage"},"image":{"@id":"https:\/\/rothschenk.de\/produkt\/haspelspanner-bis-25-mm-bandbreite\/#primaryimage"},"thumbnailUrl":"https:\/\/rothschenk.de\/wp-content\/uploads\/2023\/11\/Haspelspanner-19-und-25-mm_25422_25423.jpg","datePublished":"2023-06-18T18:50:21+00:00","dateModified":"2026-01-09T10:01:39+00:00","description":"Haspelspanner - f\u00fcr Ladungssicherung \u2713 Geeignet f\u00fcr Gurtb\u00e4nder bis 25 mm Breite \u2713 Hebel mit Ratschenfunktion \u27a4 Jetzt online bestellen!","breadcrumb":{"@id":"https:\/\/rothschenk.de\/produkt\/haspelspanner-bis-25-mm-bandbreite\/#breadcrumb"},"inLanguage":"pl-PL","potentialAction":[{"@type":"ReadAction","target":["https:\/\/rothschenk.de\/produkt\/haspelspanner-bis-25-mm-bandbreite\/"]}]},{"@type":"ImageObject","inLanguage":"pl-PL","@id":"https:\/\/rothschenk.de\/produkt\/haspelspanner-bis-25-mm-bandbreite\/#primaryimage","url":"https:\/\/rothschenk.de\/wp-content\/uploads\/2023\/11\/Haspelspanner-19-und-25-mm_25422_25423.jpg","contentUrl":"https:\/\/rothschenk.de\/wp-content\/uploads\/2023\/11\/Haspelspanner-19-und-25-mm_25422_25423.jpg","width":1024,"height":1024,"caption":"Haspelspanner f\u00fcr Gurtband"},{"@type":"BreadcrumbList","@id":"https:\/\/rothschenk.de\/produkt\/haspelspanner-bis-25-mm-bandbreite\/#breadcrumb","itemListElement":[{"@type":"ListItem","position":1,"name":"Strona g\u0142\u00f3wna","item":"https:\/\/rothschenk.de\/pl\/strona-glowna\/"},{"@type":"ListItem","position":2,"name":"Shop","item":"https:\/\/rothschenk.de\/shop\/"},{"@type":"ListItem","position":3,"name":"Haspelspanner | bis 25 mm Bandbreite"}]},{"@type":"WebSite","@id":"https:\/\/rothschenk.de\/#website","url":"https:\/\/rothschenk.de\/","name":"Rothschenk - Der Online Shop f\u00fcr Ladungssicherung","description":"Der Online Shop f\u00fcr Ladungssicherung","potentialAction":[{"@type":"SearchAction","target":{"@type":"EntryPoint","urlTemplate":"https:\/\/rothschenk.de\/?s={search_term_string}"},"query-input":{"@type":"PropertyValueSpecification","valueRequired":true,"valueName":"search_term_string"}}],"inLanguage":"pl-PL"}]},"product_price_amount":"72.00","product_price_currency":"EUR","og_availability":"backorder","product_availability":"available for order","product_retailer_item_id":"25423","product_condition":"new"},"_links":{"self":[{"href":"https:\/\/rothschenk.de\/pl\/wp-json\/wp\/v2\/product\/7434","targetHints":{"allow":["GET"]}}],"collection":[{"href":"https:\/\/rothschenk.de\/pl\/wp-json\/wp\/v2\/product"}],"about":[{"href":"https:\/\/rothschenk.de\/pl\/wp-json\/wp\/v2\/types\/product"}],"replies":[{"embeddable":true,"href":"https:\/\/rothschenk.de\/pl\/wp-json\/wp\/v2\/comments?post=7434"}],"wp:featuredmedia":[{"embeddable":true,"href":"https:\/\/rothschenk.de\/pl\/wp-json\/wp\/v2\/media\/84303"}],"wp:attachment":[{"href":"https:\/\/rothschenk.de\/pl\/wp-json\/wp\/v2\/media?parent=7434"}],"wp:term":[{"taxonomy":"product_brand","embeddable":true,"href":"https:\/\/rothschenk.de\/pl\/wp-json\/wp\/v2\/product_brand?post=7434"},{"taxonomy":"product_cat","embeddable":true,"href":"https:\/\/rothschenk.de\/pl\/wp-json\/wp\/v2\/product_cat?post=7434"},{"taxonomy":"product_tag","embeddable":true,"href":"https:\/\/rothschenk.de\/pl\/wp-json\/wp\/v2\/product_tag?post=7434"}],"curies":[{"name":"wp","href":"https:\/\/api.w.org\/{rel}","templated":true}]}}