{"id":7482,"date":"2023-06-18T23:01:15","date_gmt":"2023-06-18T21:01:15","guid":{"rendered":"https:\/\/rothschenk.de\/rothschenk-shop\/?post_type=product&#038;p=7482"},"modified":"2026-02-19T15:47:17","modified_gmt":"2026-02-19T14:47:17","slug":"ratschenspanner-bis-50-mm-bandbreite","status":"publish","type":"product","link":"https:\/\/rothschenk.de\/pl\/produkt\/ratschenspanner-bis-50-mm-bandbreite\/","title":{"rendered":"Ratschenspanner | bis 50 mm Bandbreite"},"content":{"rendered":"<h3>Ratschenspanner | bis 50 mm Bandbreite<\/h3>\n<p>\u00c4hnlich dem Mechanismus eines Haspelspanners erm\u00f6glicht der Ratschenspanner das pr\u00e4zise Anziehen des Gurtbands eines R\u00fcckhaltesystems (Lashing) auf die erforderlichen Vorspannkr\u00e4fte. Das Gurtband wird zun\u00e4chst seitlich eingef\u00fchrt und durch einen Hebel fixiert. Das freie Ende des Gurtbands wird analog zu einem Zurrgurt um die Welle gef\u00fchrt und mittels einer Druckratsche straff gespannt. Sobald die gew\u00fcnschte Vorspannung erreicht ist, k\u00f6nnen die B\u00e4nder gel\u00f6st und der Ratschenspanner entfernt werden.<\/p>\n<p>Unser Ratschenspanner zeichnet sich durch eine besonders robuste Metallkonstruktion aus, die ihm eine lange Lebensdauer verleiht und eine zuverl\u00e4ssige Performance gew\u00e4hrleistet.<\/p>\n","protected":false},"excerpt":{"rendered":"<p>Ratschenspanner | bis 50 mm Bandbreite \u00c4hnlich dem Mechanismus eines Haspelspanners erm\u00f6glicht der Ratschenspanner das pr\u00e4zise Anziehen des Gurtbands eines R\u00fcckhaltesystems (Lashing) auf die erforderlichen Vorspannkr\u00e4fte. Das Gurtband wird zun\u00e4chst seitlich eingef\u00fchrt und durch einen Hebel fixiert. Das freie Ende des Gurtbands wird analog zu einem Zurrgurt um die Welle gef\u00fchrt und mittels einer Druckratsche [&hellip;]<\/p>\n","protected":false},"featured_media":84281,"comment_status":"open","ping_status":"closed","template":"","meta":{"_acf_changed":false},"product_brand":[],"product_cat":[80,104,58,79],"product_tag":[],"class_list":{"0":"post-7482","1":"product","2":"type-product","3":"status-publish","4":"has-post-thumbnail","6":"product_cat-ladungssicherungs-tools","7":"product_cat-lashing","8":"product_cat-spanngeraete","9":"product_cat-zubehoer","11":"first","12":"instock","13":"taxable","14":"shipping-taxable","15":"purchasable","16":"product-type-simple"},"acf":[],"yoast_head":"<!-- This site is optimized with the Yoast SEO plugin v27.4 - https:\/\/yoast.com\/product\/yoast-seo-wordpress\/ -->\n<title>Ratschenspanner | bis 50 mm Bandbreite - Rothschenk<\/title>\n<meta name=\"description\" content=\"Der Ratschenspanner von Rothschenk: Ihr besonders robuster Ratschenspanner in der Metallausf\u00fchrung mit langer Lebensdauer. \u25b6 Jetzt bestellen!\" \/>\n<meta name=\"robots\" content=\"index, follow, max-snippet:-1, max-image-preview:large, max-video-preview:-1\" \/>\n<link rel=\"canonical\" href=\"https:\/\/rothschenk.de\/produkt\/ratschenspanner-bis-50-mm-bandbreite\/\" \/>\n<meta property=\"og:locale\" content=\"pl_PL\" \/>\n<meta property=\"og:type\" content=\"article\" \/>\n<meta property=\"og:title\" content=\"Ratschenspanner | bis 50 mm Bandbreite - Rothschenk\" \/>\n<meta property=\"og:description\" content=\"Der Ratschenspanner von Rothschenk: Ihr besonders robuster Ratschenspanner in der Metallausf\u00fchrung mit langer Lebensdauer. \u25b6 Jetzt bestellen!\" \/>\n<meta property=\"og:url\" content=\"https:\/\/rothschenk.de\/produkt\/ratschenspanner-bis-50-mm-bandbreite\/\" \/>\n<meta property=\"og:site_name\" content=\"Rothschenk\" \/>\n<meta property=\"article:publisher\" content=\"https:\/\/de-de.facebook.com\/FirmaRothschenk\/\" \/>\n<meta property=\"article:modified_time\" content=\"2026-02-19T14:47:17+00:00\" \/>\n<meta property=\"og:image\" content=\"https:\/\/rothschenk.de\/wp-content\/uploads\/2023\/11\/12128_Ratschenspanner-bis-50mm-6.jpg\" \/>\n\t<meta property=\"og:image:width\" content=\"1024\" \/>\n\t<meta property=\"og:image:height\" content=\"1024\" \/>\n\t<meta property=\"og:image:type\" content=\"image\/jpeg\" \/>\n<meta name=\"twitter:card\" content=\"summary_large_image\" \/>\n<meta name=\"twitter:label1\" content=\"Cena\" \/>\n\t<meta name=\"twitter:data1\" content=\"95,00&nbsp;&euro;\" \/>\n\t<meta name=\"twitter:label2\" content=\"Dost\u0119pno\u015b\u0107\" \/>\n\t<meta name=\"twitter:data2\" content=\"Dost\u0119pny\" \/>\n<script type=\"application\/ld+json\" class=\"yoast-schema-graph\">{\"@context\":\"https:\\\/\\\/schema.org\",\"@graph\":[{\"@type\":\"WebPage\",\"@id\":\"https:\\\/\\\/rothschenk.de\\\/produkt\\\/ratschenspanner-bis-50-mm-bandbreite\\\/\",\"url\":\"https:\\\/\\\/rothschenk.de\\\/produkt\\\/ratschenspanner-bis-50-mm-bandbreite\\\/\",\"name\":\"Ratschenspanner | bis 50 mm Bandbreite - Rothschenk\",\"isPartOf\":{\"@id\":\"https:\\\/\\\/rothschenk.de\\\/#website\"},\"primaryImageOfPage\":{\"@id\":\"https:\\\/\\\/rothschenk.de\\\/produkt\\\/ratschenspanner-bis-50-mm-bandbreite\\\/#primaryimage\"},\"image\":{\"@id\":\"https:\\\/\\\/rothschenk.de\\\/produkt\\\/ratschenspanner-bis-50-mm-bandbreite\\\/#primaryimage\"},\"thumbnailUrl\":\"https:\\\/\\\/rothschenk.de\\\/wp-content\\\/uploads\\\/2023\\\/11\\\/12128_Ratschenspanner-bis-50mm-6.jpg\",\"datePublished\":\"2023-06-18T21:01:15+00:00\",\"dateModified\":\"2026-02-19T14:47:17+00:00\",\"description\":\"Der Ratschenspanner von Rothschenk: Ihr besonders robuster Ratschenspanner in der Metallausf\u00fchrung mit langer Lebensdauer. \u25b6 Jetzt bestellen!\",\"breadcrumb\":{\"@id\":\"https:\\\/\\\/rothschenk.de\\\/produkt\\\/ratschenspanner-bis-50-mm-bandbreite\\\/#breadcrumb\"},\"inLanguage\":\"pl-PL\",\"potentialAction\":[{\"@type\":\"ReadAction\",\"target\":[\"https:\\\/\\\/rothschenk.de\\\/produkt\\\/ratschenspanner-bis-50-mm-bandbreite\\\/\"]}]},{\"@type\":\"ImageObject\",\"inLanguage\":\"pl-PL\",\"@id\":\"https:\\\/\\\/rothschenk.de\\\/produkt\\\/ratschenspanner-bis-50-mm-bandbreite\\\/#primaryimage\",\"url\":\"https:\\\/\\\/rothschenk.de\\\/wp-content\\\/uploads\\\/2023\\\/11\\\/12128_Ratschenspanner-bis-50mm-6.jpg\",\"contentUrl\":\"https:\\\/\\\/rothschenk.de\\\/wp-content\\\/uploads\\\/2023\\\/11\\\/12128_Ratschenspanner-bis-50mm-6.jpg\",\"width\":1024,\"height\":1024,\"caption\":\"Ratschenspanner f\u00fcr Zurrgurte\"},{\"@type\":\"BreadcrumbList\",\"@id\":\"https:\\\/\\\/rothschenk.de\\\/produkt\\\/ratschenspanner-bis-50-mm-bandbreite\\\/#breadcrumb\",\"itemListElement\":[{\"@type\":\"ListItem\",\"position\":1,\"name\":\"Strona g\u0142\u00f3wna\",\"item\":\"https:\\\/\\\/rothschenk.de\\\/pl\\\/strona-glowna\\\/\"},{\"@type\":\"ListItem\",\"position\":2,\"name\":\"Shop\",\"item\":\"https:\\\/\\\/rothschenk.de\\\/shop\\\/\"},{\"@type\":\"ListItem\",\"position\":3,\"name\":\"Ratschenspanner | bis 50 mm Bandbreite\"}]},{\"@type\":\"WebSite\",\"@id\":\"https:\\\/\\\/rothschenk.de\\\/#website\",\"url\":\"https:\\\/\\\/rothschenk.de\\\/\",\"name\":\"Rothschenk - Der Online Shop f\u00fcr Ladungssicherung\",\"description\":\"Der Online Shop f\u00fcr Ladungssicherung\",\"potentialAction\":[{\"@type\":\"SearchAction\",\"target\":{\"@type\":\"EntryPoint\",\"urlTemplate\":\"https:\\\/\\\/rothschenk.de\\\/?s={search_term_string}\"},\"query-input\":{\"@type\":\"PropertyValueSpecification\",\"valueRequired\":true,\"valueName\":\"search_term_string\"}}],\"inLanguage\":\"pl-PL\"}]}<\/script>\n<meta property=\"product:price:amount\" content=\"95.00\" \/>\n<meta property=\"product:price:currency\" content=\"EUR\" \/>\n<meta property=\"og:availability\" content=\"instock\" \/>\n<meta property=\"product:availability\" content=\"instock\" \/>\n<meta property=\"product:retailer_item_id\" content=\"12128\" \/>\n<meta property=\"product:condition\" content=\"new\" \/>\n<!-- \/ Yoast SEO plugin. -->","yoast_head_json":{"title":"Ratschenspanner | bis 50 mm Bandbreite - Rothschenk","description":"Der Ratschenspanner von Rothschenk: Ihr besonders robuster Ratschenspanner in der Metallausf\u00fchrung mit langer Lebensdauer. \u25b6 Jetzt bestellen!","robots":{"index":"index","follow":"follow","max-snippet":"max-snippet:-1","max-image-preview":"max-image-preview:large","max-video-preview":"max-video-preview:-1"},"canonical":"https:\/\/rothschenk.de\/produkt\/ratschenspanner-bis-50-mm-bandbreite\/","og_locale":"pl_PL","og_type":"article","og_title":"Ratschenspanner | bis 50 mm Bandbreite - Rothschenk","og_description":"Der Ratschenspanner von Rothschenk: Ihr besonders robuster Ratschenspanner in der Metallausf\u00fchrung mit langer Lebensdauer. \u25b6 Jetzt bestellen!","og_url":"https:\/\/rothschenk.de\/produkt\/ratschenspanner-bis-50-mm-bandbreite\/","og_site_name":"Rothschenk","article_publisher":"https:\/\/de-de.facebook.com\/FirmaRothschenk\/","article_modified_time":"2026-02-19T14:47:17+00:00","og_image":[{"width":1024,"height":1024,"url":"https:\/\/rothschenk.de\/wp-content\/uploads\/2023\/11\/12128_Ratschenspanner-bis-50mm-6.jpg","type":"image\/jpeg"}],"twitter_card":"summary_large_image","twitter_misc":{"Cena":"95,00&nbsp;&euro;","Dost\u0119pno\u015b\u0107":"Dost\u0119pny"},"schema":{"@context":"https:\/\/schema.org","@graph":[{"@type":"WebPage","@id":"https:\/\/rothschenk.de\/produkt\/ratschenspanner-bis-50-mm-bandbreite\/","url":"https:\/\/rothschenk.de\/produkt\/ratschenspanner-bis-50-mm-bandbreite\/","name":"Ratschenspanner | bis 50 mm Bandbreite - Rothschenk","isPartOf":{"@id":"https:\/\/rothschenk.de\/#website"},"primaryImageOfPage":{"@id":"https:\/\/rothschenk.de\/produkt\/ratschenspanner-bis-50-mm-bandbreite\/#primaryimage"},"image":{"@id":"https:\/\/rothschenk.de\/produkt\/ratschenspanner-bis-50-mm-bandbreite\/#primaryimage"},"thumbnailUrl":"https:\/\/rothschenk.de\/wp-content\/uploads\/2023\/11\/12128_Ratschenspanner-bis-50mm-6.jpg","datePublished":"2023-06-18T21:01:15+00:00","dateModified":"2026-02-19T14:47:17+00:00","description":"Der Ratschenspanner von Rothschenk: Ihr besonders robuster Ratschenspanner in der Metallausf\u00fchrung mit langer Lebensdauer. \u25b6 Jetzt bestellen!","breadcrumb":{"@id":"https:\/\/rothschenk.de\/produkt\/ratschenspanner-bis-50-mm-bandbreite\/#breadcrumb"},"inLanguage":"pl-PL","potentialAction":[{"@type":"ReadAction","target":["https:\/\/rothschenk.de\/produkt\/ratschenspanner-bis-50-mm-bandbreite\/"]}]},{"@type":"ImageObject","inLanguage":"pl-PL","@id":"https:\/\/rothschenk.de\/produkt\/ratschenspanner-bis-50-mm-bandbreite\/#primaryimage","url":"https:\/\/rothschenk.de\/wp-content\/uploads\/2023\/11\/12128_Ratschenspanner-bis-50mm-6.jpg","contentUrl":"https:\/\/rothschenk.de\/wp-content\/uploads\/2023\/11\/12128_Ratschenspanner-bis-50mm-6.jpg","width":1024,"height":1024,"caption":"Ratschenspanner f\u00fcr Zurrgurte"},{"@type":"BreadcrumbList","@id":"https:\/\/rothschenk.de\/produkt\/ratschenspanner-bis-50-mm-bandbreite\/#breadcrumb","itemListElement":[{"@type":"ListItem","position":1,"name":"Strona g\u0142\u00f3wna","item":"https:\/\/rothschenk.de\/pl\/strona-glowna\/"},{"@type":"ListItem","position":2,"name":"Shop","item":"https:\/\/rothschenk.de\/shop\/"},{"@type":"ListItem","position":3,"name":"Ratschenspanner | bis 50 mm Bandbreite"}]},{"@type":"WebSite","@id":"https:\/\/rothschenk.de\/#website","url":"https:\/\/rothschenk.de\/","name":"Rothschenk - Der Online Shop f\u00fcr Ladungssicherung","description":"Der Online Shop f\u00fcr Ladungssicherung","potentialAction":[{"@type":"SearchAction","target":{"@type":"EntryPoint","urlTemplate":"https:\/\/rothschenk.de\/?s={search_term_string}"},"query-input":{"@type":"PropertyValueSpecification","valueRequired":true,"valueName":"search_term_string"}}],"inLanguage":"pl-PL"}]},"product_price_amount":"95.00","product_price_currency":"EUR","og_availability":"instock","product_availability":"instock","product_retailer_item_id":"12128","product_condition":"new"},"_links":{"self":[{"href":"https:\/\/rothschenk.de\/pl\/wp-json\/wp\/v2\/product\/7482","targetHints":{"allow":["GET"]}}],"collection":[{"href":"https:\/\/rothschenk.de\/pl\/wp-json\/wp\/v2\/product"}],"about":[{"href":"https:\/\/rothschenk.de\/pl\/wp-json\/wp\/v2\/types\/product"}],"replies":[{"embeddable":true,"href":"https:\/\/rothschenk.de\/pl\/wp-json\/wp\/v2\/comments?post=7482"}],"wp:featuredmedia":[{"embeddable":true,"href":"https:\/\/rothschenk.de\/pl\/wp-json\/wp\/v2\/media\/84281"}],"wp:attachment":[{"href":"https:\/\/rothschenk.de\/pl\/wp-json\/wp\/v2\/media?parent=7482"}],"wp:term":[{"taxonomy":"product_brand","embeddable":true,"href":"https:\/\/rothschenk.de\/pl\/wp-json\/wp\/v2\/product_brand?post=7482"},{"taxonomy":"product_cat","embeddable":true,"href":"https:\/\/rothschenk.de\/pl\/wp-json\/wp\/v2\/product_cat?post=7482"},{"taxonomy":"product_tag","embeddable":true,"href":"https:\/\/rothschenk.de\/pl\/wp-json\/wp\/v2\/product_tag?post=7482"}],"curies":[{"name":"wp","href":"https:\/\/api.w.org\/{rel}","templated":true}]}}