{"id":7493,"date":"2023-06-18T23:05:23","date_gmt":"2023-06-18T21:05:23","guid":{"rendered":"https:\/\/rothschenk.de\/rothschenk-shop\/?post_type=product&#038;p=7493"},"modified":"2025-02-10T20:50:01","modified_gmt":"2025-02-10T19:50:01","slug":"akkubetriebenes-spanngeraet-lt38e","status":"publish","type":"product","link":"https:\/\/rothschenk.de\/pl\/produkt\/akkubetriebenes-spanngeraet-lt38e\/","title":{"rendered":"Akkubetriebenes Spannger\u00e4t | LT38e | Lashband"},"content":{"rendered":"<h3>Akkubetriebenes Spannger\u00e4t | LT38e | Lashband<\/h3>\n<p><strong>Marktneuheit und absolut einfach in der Handhabung!<\/strong><br \/>\nUnser akkubetriebenes Spannger\u00e4t ist die automatisierte Variante eines herk\u00f6mmlichen Haspelspanners. Das akkubetriebene Spannger\u00e4t wird als Lashband-Spanner eingesetzt und dient demnach dazu, die Gurtb\u00e4nder eines Lashings nach dem Einf\u00e4deln der Gurtschnallen zu spannen.<\/p>\n<p>Die Vorteile? Durch den mobilen Akkubetrieb wird das m\u00fchsame Spannen von Hand und damit die Arbeit an der Rampe erheblich erleichtert. Die am Markt bekannten Ger\u00e4te sind mit 4-5 kg extrem schwer. Unser akkubetriebenes Spannger\u00e4t \u00fcberzeugt mit einem unschlagbaren Gewicht von nur 2,8 kg.<\/p>\n<p>Die Funktionsweise ist prinzipiell wie die eines herk\u00f6mmlichen manuellen Haspelspanners. Das Gurtband wird eingelegt und dann durch die Drehbewegung der Welle um diese gewickelt. Die Erleichterung durch ein Akkusystem liegt in der automatisierten Drehbewegung der Welle. Bei handels\u00fcblichen Haspelspannern muss dies konventionell und kr\u00e4ftezehrend von Hand erfolgen. Zudem kann das gew\u00fcnschte Drehmoment und damit die Vorspannkraft vorgew\u00e4hlt werden. F\u00fcr eine noch h\u00f6here Leistung steht unser LT38e Performance.<\/p>\n<p>Unser akkubetriebenes Spannger\u00e4t ist mit einem flexiblen Akkuwechselsystem ausgestattet. So k\u00f6nnen Sie wie gewohnt kabellos arbeiten. Durch die zwei mitgelieferten Akkus und die kurzen Ladezeiten haben Sie im Wechsel immer gen\u00fcgend Kapazit\u00e4t f\u00fcr den Alltag an der Laderampe. \u00dcbrigens: Lithium-Ionen-Akkus haben keinen Selbstentladungseffekt!<\/p>\n<p>Unser akkubetriebenes Spannger\u00e4t ist ausschlie\u00dflich f\u00fcr die [R] Rothschenk Zurrsysteme White\/Red und Pro Lash sowie unsere Gurtb\u00e4nder 32, 35 und 38 geeignet. Bei Nichtbeachtung \u00fcbernehmen wir keine Haftung.<\/p>\n<p>Sprechen Sie uns an f\u00fcr weitere Informationen!<\/p>\n<p><button class=\"product_button\"><a href=\"https:\/\/rothschenk.de\/rothschenk-shop\/kontakt\/\">Jetzt unverbindlich anfragen!<\/a><\/button><\/p>\n","protected":false},"excerpt":{"rendered":"<p><button class=\"product_button\"><a href=\"https:\/\/rothschenk.de\/rothschenk-shop\/kontakt\/\">Jetzt unverbindlich anfragen!<\/a><\/button><\/p>\n","protected":false},"featured_media":49977,"comment_status":"open","ping_status":"closed","template":"","meta":{"_acf_changed":false},"product_brand":[],"product_cat":[80,104,58,79],"product_tag":[],"class_list":{"0":"post-7493","1":"product","2":"type-product","3":"status-publish","4":"has-post-thumbnail","6":"product_cat-ladungssicherungs-tools","7":"product_cat-lashing","8":"product_cat-spanngeraete","9":"product_cat-zubehoer","11":"first","12":"outofstock","13":"product-type-simple"},"acf":[],"yoast_head":"<!-- This site is optimized with the Yoast SEO plugin v27.4 - https:\/\/yoast.com\/product\/yoast-seo-wordpress\/ -->\n<title>Akkubetriebenes Spannger\u00e4t | LT38e | Lashband - Rothschenk<\/title>\n<meta name=\"description\" content=\"Spannger\u00e4t \u25b6 Akkubetrieben \u2713 Gesamtgewicht: 2,8 kg \u2713 Schnell-Ladeger\u00e4t \u2713 2 Akkus mit 2,0 Ah inklusive \u25b6 Jetzt online bestellen!\" \/>\n<meta name=\"robots\" content=\"index, follow, max-snippet:-1, max-image-preview:large, max-video-preview:-1\" \/>\n<link rel=\"canonical\" href=\"https:\/\/rothschenk.de\/produkt\/akkubetriebenes-spanngeraet-lt38e\/\" \/>\n<meta property=\"og:locale\" content=\"pl_PL\" \/>\n<meta property=\"og:type\" content=\"article\" \/>\n<meta property=\"og:title\" content=\"Akkubetriebenes Spannger\u00e4t | LT38e | Lashband - Rothschenk\" \/>\n<meta property=\"og:description\" content=\"Spannger\u00e4t \u25b6 Akkubetrieben \u2713 Gesamtgewicht: 2,8 kg \u2713 Schnell-Ladeger\u00e4t \u2713 2 Akkus mit 2,0 Ah inklusive \u25b6 Jetzt online bestellen!\" \/>\n<meta property=\"og:url\" content=\"https:\/\/rothschenk.de\/produkt\/akkubetriebenes-spanngeraet-lt38e\/\" \/>\n<meta property=\"og:site_name\" content=\"Rothschenk\" \/>\n<meta property=\"article:publisher\" content=\"https:\/\/de-de.facebook.com\/FirmaRothschenk\/\" \/>\n<meta property=\"article:modified_time\" content=\"2025-02-10T19:50:01+00:00\" \/>\n<meta property=\"og:image\" content=\"https:\/\/rothschenk.de\/wp-content\/uploads\/2023\/05\/25645_Akkubetriebenes-Spanngeraet-LT38e-1.jpg\" \/>\n\t<meta property=\"og:image:width\" content=\"1024\" \/>\n\t<meta property=\"og:image:height\" content=\"1024\" \/>\n\t<meta property=\"og:image:type\" content=\"image\/jpeg\" \/>\n<meta name=\"twitter:card\" content=\"summary_large_image\" \/>\n<meta name=\"twitter:label1\" content=\"Cena\" \/>\n\t<meta name=\"twitter:data1\" content=\"\" \/>\n\t<meta name=\"twitter:label2\" content=\"Dost\u0119pno\u015b\u0107\" \/>\n\t<meta name=\"twitter:data2\" content=\"Brak w magazynie\" \/>\n<script type=\"application\/ld+json\" class=\"yoast-schema-graph\">{\"@context\":\"https:\\\/\\\/schema.org\",\"@graph\":[{\"@type\":\"WebPage\",\"@id\":\"https:\\\/\\\/rothschenk.de\\\/produkt\\\/akkubetriebenes-spanngeraet-lt38e\\\/\",\"url\":\"https:\\\/\\\/rothschenk.de\\\/produkt\\\/akkubetriebenes-spanngeraet-lt38e\\\/\",\"name\":\"Akkubetriebenes Spannger\u00e4t | LT38e | Lashband - Rothschenk\",\"isPartOf\":{\"@id\":\"https:\\\/\\\/rothschenk.de\\\/#website\"},\"primaryImageOfPage\":{\"@id\":\"https:\\\/\\\/rothschenk.de\\\/produkt\\\/akkubetriebenes-spanngeraet-lt38e\\\/#primaryimage\"},\"image\":{\"@id\":\"https:\\\/\\\/rothschenk.de\\\/produkt\\\/akkubetriebenes-spanngeraet-lt38e\\\/#primaryimage\"},\"thumbnailUrl\":\"https:\\\/\\\/rothschenk.de\\\/wp-content\\\/uploads\\\/2023\\\/05\\\/25645_Akkubetriebenes-Spanngeraet-LT38e-1.jpg\",\"datePublished\":\"2023-06-18T21:05:23+00:00\",\"dateModified\":\"2025-02-10T19:50:01+00:00\",\"description\":\"Spannger\u00e4t \u25b6 Akkubetrieben \u2713 Gesamtgewicht: 2,8 kg \u2713 Schnell-Ladeger\u00e4t \u2713 2 Akkus mit 2,0 Ah inklusive \u25b6 Jetzt online bestellen!\",\"breadcrumb\":{\"@id\":\"https:\\\/\\\/rothschenk.de\\\/produkt\\\/akkubetriebenes-spanngeraet-lt38e\\\/#breadcrumb\"},\"inLanguage\":\"pl-PL\",\"potentialAction\":[{\"@type\":\"ReadAction\",\"target\":[\"https:\\\/\\\/rothschenk.de\\\/produkt\\\/akkubetriebenes-spanngeraet-lt38e\\\/\"]}]},{\"@type\":\"ImageObject\",\"inLanguage\":\"pl-PL\",\"@id\":\"https:\\\/\\\/rothschenk.de\\\/produkt\\\/akkubetriebenes-spanngeraet-lt38e\\\/#primaryimage\",\"url\":\"https:\\\/\\\/rothschenk.de\\\/wp-content\\\/uploads\\\/2023\\\/05\\\/25645_Akkubetriebenes-Spanngeraet-LT38e-1.jpg\",\"contentUrl\":\"https:\\\/\\\/rothschenk.de\\\/wp-content\\\/uploads\\\/2023\\\/05\\\/25645_Akkubetriebenes-Spanngeraet-LT38e-1.jpg\",\"width\":1024,\"height\":1024,\"caption\":\"Akkubetriebenes Spannger\u00e4t LT38e\"},{\"@type\":\"BreadcrumbList\",\"@id\":\"https:\\\/\\\/rothschenk.de\\\/produkt\\\/akkubetriebenes-spanngeraet-lt38e\\\/#breadcrumb\",\"itemListElement\":[{\"@type\":\"ListItem\",\"position\":1,\"name\":\"Strona g\u0142\u00f3wna\",\"item\":\"https:\\\/\\\/rothschenk.de\\\/pl\\\/strona-glowna\\\/\"},{\"@type\":\"ListItem\",\"position\":2,\"name\":\"Shop\",\"item\":\"https:\\\/\\\/rothschenk.de\\\/shop\\\/\"},{\"@type\":\"ListItem\",\"position\":3,\"name\":\"Akkubetriebenes Spannger\u00e4t | LT38e | Lashband\"}]},{\"@type\":\"WebSite\",\"@id\":\"https:\\\/\\\/rothschenk.de\\\/#website\",\"url\":\"https:\\\/\\\/rothschenk.de\\\/\",\"name\":\"Rothschenk - Der Online Shop f\u00fcr Ladungssicherung\",\"description\":\"Der Online Shop f\u00fcr Ladungssicherung\",\"potentialAction\":[{\"@type\":\"SearchAction\",\"target\":{\"@type\":\"EntryPoint\",\"urlTemplate\":\"https:\\\/\\\/rothschenk.de\\\/?s={search_term_string}\"},\"query-input\":{\"@type\":\"PropertyValueSpecification\",\"valueRequired\":true,\"valueName\":\"search_term_string\"}}],\"inLanguage\":\"pl-PL\"}]}<\/script>\n<meta property=\"product:price:currency\" content=\"EUR\" \/>\n<meta property=\"og:availability\" content=\"out of stock\" \/>\n<meta property=\"product:availability\" content=\"out of stock\" \/>\n<meta property=\"product:retailer_item_id\" content=\"25645\" \/>\n<meta property=\"product:condition\" content=\"new\" \/>\n<!-- \/ Yoast SEO plugin. -->","yoast_head_json":{"title":"Akkubetriebenes Spannger\u00e4t | LT38e | Lashband - Rothschenk","description":"Spannger\u00e4t \u25b6 Akkubetrieben \u2713 Gesamtgewicht: 2,8 kg \u2713 Schnell-Ladeger\u00e4t \u2713 2 Akkus mit 2,0 Ah inklusive \u25b6 Jetzt online bestellen!","robots":{"index":"index","follow":"follow","max-snippet":"max-snippet:-1","max-image-preview":"max-image-preview:large","max-video-preview":"max-video-preview:-1"},"canonical":"https:\/\/rothschenk.de\/produkt\/akkubetriebenes-spanngeraet-lt38e\/","og_locale":"pl_PL","og_type":"article","og_title":"Akkubetriebenes Spannger\u00e4t | LT38e | Lashband - Rothschenk","og_description":"Spannger\u00e4t \u25b6 Akkubetrieben \u2713 Gesamtgewicht: 2,8 kg \u2713 Schnell-Ladeger\u00e4t \u2713 2 Akkus mit 2,0 Ah inklusive \u25b6 Jetzt online bestellen!","og_url":"https:\/\/rothschenk.de\/produkt\/akkubetriebenes-spanngeraet-lt38e\/","og_site_name":"Rothschenk","article_publisher":"https:\/\/de-de.facebook.com\/FirmaRothschenk\/","article_modified_time":"2025-02-10T19:50:01+00:00","og_image":[{"width":1024,"height":1024,"url":"https:\/\/rothschenk.de\/wp-content\/uploads\/2023\/05\/25645_Akkubetriebenes-Spanngeraet-LT38e-1.jpg","type":"image\/jpeg"}],"twitter_card":"summary_large_image","twitter_misc":{"Cena":"","Dost\u0119pno\u015b\u0107":"Brak w magazynie"},"schema":{"@context":"https:\/\/schema.org","@graph":[{"@type":"WebPage","@id":"https:\/\/rothschenk.de\/produkt\/akkubetriebenes-spanngeraet-lt38e\/","url":"https:\/\/rothschenk.de\/produkt\/akkubetriebenes-spanngeraet-lt38e\/","name":"Akkubetriebenes Spannger\u00e4t | LT38e | Lashband - Rothschenk","isPartOf":{"@id":"https:\/\/rothschenk.de\/#website"},"primaryImageOfPage":{"@id":"https:\/\/rothschenk.de\/produkt\/akkubetriebenes-spanngeraet-lt38e\/#primaryimage"},"image":{"@id":"https:\/\/rothschenk.de\/produkt\/akkubetriebenes-spanngeraet-lt38e\/#primaryimage"},"thumbnailUrl":"https:\/\/rothschenk.de\/wp-content\/uploads\/2023\/05\/25645_Akkubetriebenes-Spanngeraet-LT38e-1.jpg","datePublished":"2023-06-18T21:05:23+00:00","dateModified":"2025-02-10T19:50:01+00:00","description":"Spannger\u00e4t \u25b6 Akkubetrieben \u2713 Gesamtgewicht: 2,8 kg \u2713 Schnell-Ladeger\u00e4t \u2713 2 Akkus mit 2,0 Ah inklusive \u25b6 Jetzt online bestellen!","breadcrumb":{"@id":"https:\/\/rothschenk.de\/produkt\/akkubetriebenes-spanngeraet-lt38e\/#breadcrumb"},"inLanguage":"pl-PL","potentialAction":[{"@type":"ReadAction","target":["https:\/\/rothschenk.de\/produkt\/akkubetriebenes-spanngeraet-lt38e\/"]}]},{"@type":"ImageObject","inLanguage":"pl-PL","@id":"https:\/\/rothschenk.de\/produkt\/akkubetriebenes-spanngeraet-lt38e\/#primaryimage","url":"https:\/\/rothschenk.de\/wp-content\/uploads\/2023\/05\/25645_Akkubetriebenes-Spanngeraet-LT38e-1.jpg","contentUrl":"https:\/\/rothschenk.de\/wp-content\/uploads\/2023\/05\/25645_Akkubetriebenes-Spanngeraet-LT38e-1.jpg","width":1024,"height":1024,"caption":"Akkubetriebenes Spannger\u00e4t LT38e"},{"@type":"BreadcrumbList","@id":"https:\/\/rothschenk.de\/produkt\/akkubetriebenes-spanngeraet-lt38e\/#breadcrumb","itemListElement":[{"@type":"ListItem","position":1,"name":"Strona g\u0142\u00f3wna","item":"https:\/\/rothschenk.de\/pl\/strona-glowna\/"},{"@type":"ListItem","position":2,"name":"Shop","item":"https:\/\/rothschenk.de\/shop\/"},{"@type":"ListItem","position":3,"name":"Akkubetriebenes Spannger\u00e4t | LT38e | Lashband"}]},{"@type":"WebSite","@id":"https:\/\/rothschenk.de\/#website","url":"https:\/\/rothschenk.de\/","name":"Rothschenk - Der Online Shop f\u00fcr Ladungssicherung","description":"Der Online Shop f\u00fcr Ladungssicherung","potentialAction":[{"@type":"SearchAction","target":{"@type":"EntryPoint","urlTemplate":"https:\/\/rothschenk.de\/?s={search_term_string}"},"query-input":{"@type":"PropertyValueSpecification","valueRequired":true,"valueName":"search_term_string"}}],"inLanguage":"pl-PL"}]},"product_price_currency":"EUR","og_availability":"out of stock","product_availability":"out of stock","product_retailer_item_id":"25645","product_condition":"new"},"_links":{"self":[{"href":"https:\/\/rothschenk.de\/pl\/wp-json\/wp\/v2\/product\/7493","targetHints":{"allow":["GET"]}}],"collection":[{"href":"https:\/\/rothschenk.de\/pl\/wp-json\/wp\/v2\/product"}],"about":[{"href":"https:\/\/rothschenk.de\/pl\/wp-json\/wp\/v2\/types\/product"}],"replies":[{"embeddable":true,"href":"https:\/\/rothschenk.de\/pl\/wp-json\/wp\/v2\/comments?post=7493"}],"wp:featuredmedia":[{"embeddable":true,"href":"https:\/\/rothschenk.de\/pl\/wp-json\/wp\/v2\/media\/49977"}],"wp:attachment":[{"href":"https:\/\/rothschenk.de\/pl\/wp-json\/wp\/v2\/media?parent=7493"}],"wp:term":[{"taxonomy":"product_brand","embeddable":true,"href":"https:\/\/rothschenk.de\/pl\/wp-json\/wp\/v2\/product_brand?post=7493"},{"taxonomy":"product_cat","embeddable":true,"href":"https:\/\/rothschenk.de\/pl\/wp-json\/wp\/v2\/product_cat?post=7493"},{"taxonomy":"product_tag","embeddable":true,"href":"https:\/\/rothschenk.de\/pl\/wp-json\/wp\/v2\/product_tag?post=7493"}],"curies":[{"name":"wp","href":"https:\/\/api.w.org\/{rel}","templated":true}]}}