{"id":7654,"date":"2023-06-18T20:40:31","date_gmt":"2023-06-18T18:40:31","guid":{"rendered":"https:\/\/rothschenk.de\/rothschenk-shop\/?post_type=product&#038;p=7654"},"modified":"2024-12-11T13:54:26","modified_gmt":"2024-12-11T12:54:26","slug":"akkubetriebenes-spanngeraet-st25e","status":"publish","type":"product","link":"https:\/\/rothschenk.de\/pl\/produkt\/akkubetriebenes-spanngeraet-st25e\/","title":{"rendered":"Akkubetriebenes Spannger\u00e4t | ST25e | Umreifungsband"},"content":{"rendered":"<h3>Akkubetriebenes Spannger\u00e4t | ST25e | Umreifungsband<\/h3>\n<p>Akkubetriebene Spannger\u00e4te sind mittlerweile in vielen Bereichen der Logistik auf dem Vormarsch.<\/p>\n<p>Durch den Akkubetrieb k\u00f6nnen die erforderlichen Vorspannkr\u00e4fte leichter aufgebracht werden. Der Akkuspanner \u00fcbernimmt m\u00fchelos die Kraft, die bei herk\u00f6mmlichen Haspelspannern per Hand \u00fcber einen Hebel aufgebracht werden musste. Der Fokus unserer Entwicklung lag auf einer nachhaltigen Optimierung f\u00fcr den t\u00e4glichen Einsatz. Es ist uns gelungen, das Gewicht des Spannger\u00e4tes im Vergleich zu anderen Ger\u00e4ten am Markt um ca. 30% zu reduzieren.<\/p>\n<p>Weitere Vorteile auf einen Blick:<br \/>\n\u2714 Ergonomische und kompakte Bauweise<br \/>\n\u2714 Automatische Bandbremse<br \/>\n\u2714 Innovative Einhandbedienung<br \/>\n\u2714 Vorwahl der Vorspannkr\u00e4fte<br \/>\n\u2714 Gewichtsreduzierung<\/p>\n<p>Unser Spannger\u00e4t f\u00fcr Umreifungsb\u00e4nder (Kompositband und Gewebeband) wurde optimiert f\u00fcr Bandbreiten bis 25 mm. Zur einfacheren Verarbeitung des Umreifungsbands ist eine automatisierte Schneideinheit verbaut.<\/p>\n<p>Damit das Spannger\u00e4t auch den h\u00e4rtesten Alltagseins\u00e4tzen standh\u00e4lt, wird es als Set mit zwei hochwertigen Lithium-Ionen-Akkus und einem passenden Schnellladeger\u00e4t geliefert.<\/p>\n<p><button class=\"product_button\"><a href=\"https:\/\/rothschenk.de\/rothschenk-shop\/kontakt\/\">Jetzt unverbindlich anfragen!<\/a><\/button><\/p>\n","protected":false},"excerpt":{"rendered":"<p><button class=\"product_button\"><a href=\"https:\/\/rothschenk.de\/rothschenk-shop\/kontakt\/\">Jetzt unverbindlich anfragen!<\/a><\/button><\/p>\n","protected":false},"featured_media":50193,"comment_status":"open","ping_status":"closed","template":"","meta":{"_acf_changed":false},"product_brand":[],"product_cat":[80,61,46,79],"product_tag":[],"class_list":{"0":"post-7654","1":"product","2":"type-product","3":"status-publish","4":"has-post-thumbnail","6":"product_cat-ladungssicherungs-tools","7":"product_cat-spanngeraete-umreifung","8":"product_cat-umreifung","9":"product_cat-zubehoer","11":"first","12":"outofstock","13":"product-type-simple"},"acf":[],"yoast_head":"<!-- This site is optimized with the Yoast SEO plugin v27.3 - https:\/\/yoast.com\/product\/yoast-seo-wordpress\/ -->\n<title>Akkubetriebenes Spannger\u00e4t | ST25e | Umreifungsband - Rothschenk<\/title>\n<meta name=\"description\" content=\"Spannger\u00e4t \u25b6 Antrieb: Bosch 12V \u2713 2 Akkus mit 3,0 Ah inklusive \u2713 Schnell-Ladeger\u00e4t \u2713 Vorspannkraft: bis ca. 422 daN \u25b6 Jetzt bestellen!\" \/>\n<meta name=\"robots\" content=\"index, follow, max-snippet:-1, max-image-preview:large, max-video-preview:-1\" \/>\n<link rel=\"canonical\" href=\"https:\/\/rothschenk.de\/produkt\/akkubetriebenes-spanngeraet-st25e\/\" \/>\n<meta property=\"og:locale\" content=\"pl_PL\" \/>\n<meta property=\"og:type\" content=\"article\" \/>\n<meta property=\"og:title\" content=\"Akkubetriebenes Spannger\u00e4t | ST25e | Umreifungsband - Rothschenk\" \/>\n<meta property=\"og:description\" content=\"Spannger\u00e4t \u25b6 Antrieb: Bosch 12V \u2713 2 Akkus mit 3,0 Ah inklusive \u2713 Schnell-Ladeger\u00e4t \u2713 Vorspannkraft: bis ca. 422 daN \u25b6 Jetzt bestellen!\" \/>\n<meta property=\"og:url\" content=\"https:\/\/rothschenk.de\/produkt\/akkubetriebenes-spanngeraet-st25e\/\" \/>\n<meta property=\"og:site_name\" content=\"Rothschenk\" \/>\n<meta property=\"article:publisher\" content=\"https:\/\/de-de.facebook.com\/FirmaRothschenk\/\" \/>\n<meta property=\"article:modified_time\" content=\"2024-12-11T12:54:26+00:00\" \/>\n<meta property=\"og:image\" content=\"https:\/\/rothschenk.de\/wp-content\/uploads\/2023\/05\/25947_Akkubetriebenes-Spanngeraet-ST25e-12.jpg\" \/>\n\t<meta property=\"og:image:width\" content=\"1024\" \/>\n\t<meta property=\"og:image:height\" content=\"1024\" \/>\n\t<meta property=\"og:image:type\" content=\"image\/jpeg\" \/>\n<meta name=\"twitter:card\" content=\"summary_large_image\" \/>\n<meta name=\"twitter:label1\" content=\"Cena\" \/>\n\t<meta name=\"twitter:data1\" content=\"\" \/>\n\t<meta name=\"twitter:label2\" content=\"Dost\u0119pno\u015b\u0107\" \/>\n\t<meta name=\"twitter:data2\" content=\"Brak w magazynie\" \/>\n<script type=\"application\/ld+json\" class=\"yoast-schema-graph\">{\"@context\":\"https:\\\/\\\/schema.org\",\"@graph\":[{\"@type\":\"WebPage\",\"@id\":\"https:\\\/\\\/rothschenk.de\\\/produkt\\\/akkubetriebenes-spanngeraet-st25e\\\/\",\"url\":\"https:\\\/\\\/rothschenk.de\\\/produkt\\\/akkubetriebenes-spanngeraet-st25e\\\/\",\"name\":\"Akkubetriebenes Spannger\u00e4t | ST25e | Umreifungsband - Rothschenk\",\"isPartOf\":{\"@id\":\"https:\\\/\\\/rothschenk.de\\\/#website\"},\"primaryImageOfPage\":{\"@id\":\"https:\\\/\\\/rothschenk.de\\\/produkt\\\/akkubetriebenes-spanngeraet-st25e\\\/#primaryimage\"},\"image\":{\"@id\":\"https:\\\/\\\/rothschenk.de\\\/produkt\\\/akkubetriebenes-spanngeraet-st25e\\\/#primaryimage\"},\"thumbnailUrl\":\"https:\\\/\\\/rothschenk.de\\\/wp-content\\\/uploads\\\/2023\\\/05\\\/25947_Akkubetriebenes-Spanngeraet-ST25e-12.jpg\",\"datePublished\":\"2023-06-18T18:40:31+00:00\",\"dateModified\":\"2024-12-11T12:54:26+00:00\",\"description\":\"Spannger\u00e4t \u25b6 Antrieb: Bosch 12V \u2713 2 Akkus mit 3,0 Ah inklusive \u2713 Schnell-Ladeger\u00e4t \u2713 Vorspannkraft: bis ca. 422 daN \u25b6 Jetzt bestellen!\",\"breadcrumb\":{\"@id\":\"https:\\\/\\\/rothschenk.de\\\/produkt\\\/akkubetriebenes-spanngeraet-st25e\\\/#breadcrumb\"},\"inLanguage\":\"pl-PL\",\"potentialAction\":[{\"@type\":\"ReadAction\",\"target\":[\"https:\\\/\\\/rothschenk.de\\\/produkt\\\/akkubetriebenes-spanngeraet-st25e\\\/\"]}]},{\"@type\":\"ImageObject\",\"inLanguage\":\"pl-PL\",\"@id\":\"https:\\\/\\\/rothschenk.de\\\/produkt\\\/akkubetriebenes-spanngeraet-st25e\\\/#primaryimage\",\"url\":\"https:\\\/\\\/rothschenk.de\\\/wp-content\\\/uploads\\\/2023\\\/05\\\/25947_Akkubetriebenes-Spanngeraet-ST25e-12.jpg\",\"contentUrl\":\"https:\\\/\\\/rothschenk.de\\\/wp-content\\\/uploads\\\/2023\\\/05\\\/25947_Akkubetriebenes-Spanngeraet-ST25e-12.jpg\",\"width\":1024,\"height\":1024,\"caption\":\"Akkubetriebenes Spannger\u00e4t ST25e\"},{\"@type\":\"BreadcrumbList\",\"@id\":\"https:\\\/\\\/rothschenk.de\\\/produkt\\\/akkubetriebenes-spanngeraet-st25e\\\/#breadcrumb\",\"itemListElement\":[{\"@type\":\"ListItem\",\"position\":1,\"name\":\"Strona g\u0142\u00f3wna\",\"item\":\"https:\\\/\\\/rothschenk.de\\\/pl\\\/strona-glowna\\\/\"},{\"@type\":\"ListItem\",\"position\":2,\"name\":\"Shop\",\"item\":\"https:\\\/\\\/rothschenk.de\\\/shop\\\/\"},{\"@type\":\"ListItem\",\"position\":3,\"name\":\"Akkubetriebenes Spannger\u00e4t | ST25e | Umreifungsband\"}]},{\"@type\":\"WebSite\",\"@id\":\"https:\\\/\\\/rothschenk.de\\\/#website\",\"url\":\"https:\\\/\\\/rothschenk.de\\\/\",\"name\":\"Rothschenk - Der Online Shop f\u00fcr Ladungssicherung\",\"description\":\"Der Online Shop f\u00fcr Ladungssicherung\",\"potentialAction\":[{\"@type\":\"SearchAction\",\"target\":{\"@type\":\"EntryPoint\",\"urlTemplate\":\"https:\\\/\\\/rothschenk.de\\\/?s={search_term_string}\"},\"query-input\":{\"@type\":\"PropertyValueSpecification\",\"valueRequired\":true,\"valueName\":\"search_term_string\"}}],\"inLanguage\":\"pl-PL\"}]}<\/script>\n<meta property=\"product:price:currency\" content=\"EUR\" \/>\n<meta property=\"og:availability\" content=\"out of stock\" \/>\n<meta property=\"product:availability\" content=\"out of stock\" \/>\n<meta property=\"product:retailer_item_id\" content=\"25947\" \/>\n<meta property=\"product:condition\" content=\"new\" \/>\n<!-- \/ Yoast SEO plugin. -->","yoast_head_json":{"title":"Akkubetriebenes Spannger\u00e4t | ST25e | Umreifungsband - Rothschenk","description":"Spannger\u00e4t \u25b6 Antrieb: Bosch 12V \u2713 2 Akkus mit 3,0 Ah inklusive \u2713 Schnell-Ladeger\u00e4t \u2713 Vorspannkraft: bis ca. 422 daN \u25b6 Jetzt bestellen!","robots":{"index":"index","follow":"follow","max-snippet":"max-snippet:-1","max-image-preview":"max-image-preview:large","max-video-preview":"max-video-preview:-1"},"canonical":"https:\/\/rothschenk.de\/produkt\/akkubetriebenes-spanngeraet-st25e\/","og_locale":"pl_PL","og_type":"article","og_title":"Akkubetriebenes Spannger\u00e4t | ST25e | Umreifungsband - Rothschenk","og_description":"Spannger\u00e4t \u25b6 Antrieb: Bosch 12V \u2713 2 Akkus mit 3,0 Ah inklusive \u2713 Schnell-Ladeger\u00e4t \u2713 Vorspannkraft: bis ca. 422 daN \u25b6 Jetzt bestellen!","og_url":"https:\/\/rothschenk.de\/produkt\/akkubetriebenes-spanngeraet-st25e\/","og_site_name":"Rothschenk","article_publisher":"https:\/\/de-de.facebook.com\/FirmaRothschenk\/","article_modified_time":"2024-12-11T12:54:26+00:00","og_image":[{"width":1024,"height":1024,"url":"https:\/\/rothschenk.de\/wp-content\/uploads\/2023\/05\/25947_Akkubetriebenes-Spanngeraet-ST25e-12.jpg","type":"image\/jpeg"}],"twitter_card":"summary_large_image","twitter_misc":{"Cena":"","Dost\u0119pno\u015b\u0107":"Brak w magazynie"},"schema":{"@context":"https:\/\/schema.org","@graph":[{"@type":"WebPage","@id":"https:\/\/rothschenk.de\/produkt\/akkubetriebenes-spanngeraet-st25e\/","url":"https:\/\/rothschenk.de\/produkt\/akkubetriebenes-spanngeraet-st25e\/","name":"Akkubetriebenes Spannger\u00e4t | ST25e | Umreifungsband - Rothschenk","isPartOf":{"@id":"https:\/\/rothschenk.de\/#website"},"primaryImageOfPage":{"@id":"https:\/\/rothschenk.de\/produkt\/akkubetriebenes-spanngeraet-st25e\/#primaryimage"},"image":{"@id":"https:\/\/rothschenk.de\/produkt\/akkubetriebenes-spanngeraet-st25e\/#primaryimage"},"thumbnailUrl":"https:\/\/rothschenk.de\/wp-content\/uploads\/2023\/05\/25947_Akkubetriebenes-Spanngeraet-ST25e-12.jpg","datePublished":"2023-06-18T18:40:31+00:00","dateModified":"2024-12-11T12:54:26+00:00","description":"Spannger\u00e4t \u25b6 Antrieb: Bosch 12V \u2713 2 Akkus mit 3,0 Ah inklusive \u2713 Schnell-Ladeger\u00e4t \u2713 Vorspannkraft: bis ca. 422 daN \u25b6 Jetzt bestellen!","breadcrumb":{"@id":"https:\/\/rothschenk.de\/produkt\/akkubetriebenes-spanngeraet-st25e\/#breadcrumb"},"inLanguage":"pl-PL","potentialAction":[{"@type":"ReadAction","target":["https:\/\/rothschenk.de\/produkt\/akkubetriebenes-spanngeraet-st25e\/"]}]},{"@type":"ImageObject","inLanguage":"pl-PL","@id":"https:\/\/rothschenk.de\/produkt\/akkubetriebenes-spanngeraet-st25e\/#primaryimage","url":"https:\/\/rothschenk.de\/wp-content\/uploads\/2023\/05\/25947_Akkubetriebenes-Spanngeraet-ST25e-12.jpg","contentUrl":"https:\/\/rothschenk.de\/wp-content\/uploads\/2023\/05\/25947_Akkubetriebenes-Spanngeraet-ST25e-12.jpg","width":1024,"height":1024,"caption":"Akkubetriebenes Spannger\u00e4t ST25e"},{"@type":"BreadcrumbList","@id":"https:\/\/rothschenk.de\/produkt\/akkubetriebenes-spanngeraet-st25e\/#breadcrumb","itemListElement":[{"@type":"ListItem","position":1,"name":"Strona g\u0142\u00f3wna","item":"https:\/\/rothschenk.de\/pl\/strona-glowna\/"},{"@type":"ListItem","position":2,"name":"Shop","item":"https:\/\/rothschenk.de\/shop\/"},{"@type":"ListItem","position":3,"name":"Akkubetriebenes Spannger\u00e4t | ST25e | Umreifungsband"}]},{"@type":"WebSite","@id":"https:\/\/rothschenk.de\/#website","url":"https:\/\/rothschenk.de\/","name":"Rothschenk - Der Online Shop f\u00fcr Ladungssicherung","description":"Der Online Shop f\u00fcr Ladungssicherung","potentialAction":[{"@type":"SearchAction","target":{"@type":"EntryPoint","urlTemplate":"https:\/\/rothschenk.de\/?s={search_term_string}"},"query-input":{"@type":"PropertyValueSpecification","valueRequired":true,"valueName":"search_term_string"}}],"inLanguage":"pl-PL"}]},"product_price_currency":"EUR","og_availability":"out of stock","product_availability":"out of stock","product_retailer_item_id":"25947","product_condition":"new"},"_links":{"self":[{"href":"https:\/\/rothschenk.de\/pl\/wp-json\/wp\/v2\/product\/7654","targetHints":{"allow":["GET"]}}],"collection":[{"href":"https:\/\/rothschenk.de\/pl\/wp-json\/wp\/v2\/product"}],"about":[{"href":"https:\/\/rothschenk.de\/pl\/wp-json\/wp\/v2\/types\/product"}],"replies":[{"embeddable":true,"href":"https:\/\/rothschenk.de\/pl\/wp-json\/wp\/v2\/comments?post=7654"}],"wp:featuredmedia":[{"embeddable":true,"href":"https:\/\/rothschenk.de\/pl\/wp-json\/wp\/v2\/media\/50193"}],"wp:attachment":[{"href":"https:\/\/rothschenk.de\/pl\/wp-json\/wp\/v2\/media?parent=7654"}],"wp:term":[{"taxonomy":"product_brand","embeddable":true,"href":"https:\/\/rothschenk.de\/pl\/wp-json\/wp\/v2\/product_brand?post=7654"},{"taxonomy":"product_cat","embeddable":true,"href":"https:\/\/rothschenk.de\/pl\/wp-json\/wp\/v2\/product_cat?post=7654"},{"taxonomy":"product_tag","embeddable":true,"href":"https:\/\/rothschenk.de\/pl\/wp-json\/wp\/v2\/product_tag?post=7654"}],"curies":[{"name":"wp","href":"https:\/\/api.w.org\/{rel}","templated":true}]}}