{"id":778858,"date":"2025-08-27T11:07:39","date_gmt":"2025-08-27T09:07:39","guid":{"rendered":"https:\/\/rothschenk.de\/?post_type=product&#038;p=778858"},"modified":"2026-02-27T08:54:28","modified_gmt":"2026-02-27T07:54:28","slug":"makita-akku-geblaese-18-v-komplettset-fuer-smart-ventile","status":"publish","type":"product","link":"https:\/\/rothschenk.de\/pl\/produkt\/makita-akku-geblaese-18-v-komplettset-fuer-smart-ventile\/","title":{"rendered":"Makita Akku-Gebl\u00e4se | 18 V | Komplettset f\u00fcr SMART Ventile"},"content":{"rendered":"<h3>Makita Akku-Gebl\u00e4se | 18 V | Komplettset f\u00fcr SMART Ventile<\/h3>\n<p>Das Makita Akku-Gebl\u00e4se ist unser hochwertigstes Bef\u00fcllger\u00e4t. Mit einem F\u00fclldruck von 0,18 bar hebt es sich von allen anderen Ger\u00e4ten auf dem Markt ab und ersetzt problemlos druckluftbetriebene F\u00fcllpistolen. Durch die Standardausstattung mit zwei 5,0-Ah-Akkus und einem Schnellladeger\u00e4t ist ein sicherer Einsatz \u00fcber den kompletten Tag m\u00f6glich.<\/p>\n<p>Bei der Entwicklung haben wir besonders darauf geachtet, einen sehr flexiblen Einsatzbereich zu gew\u00e4hrleisten. Aus diesem Grund ist die Verwendung mit allen angebotenen Ventilarten m\u00f6glich. Um den Komfort beim Einsatz zu erh\u00f6hen, kann das Gebl\u00e4se mit einem Schultergurt und diversen flexiblen Schl\u00e4uchen kombiniert werden.<\/p>\n<p>Viele unserer Kunden konnten bereits betr\u00e4chtliche Einsparungen beim Energieaufwand f\u00fcr ihr Unternehmen erzielen, indem sie von station\u00e4ren Druckluftsystemen auf mobile Akkusysteme umgestellt haben. Probieren auch Sie es aus!<\/p>\n<p>Unser Makita Akku-Gebl\u00e4se ist ausschlie\u00dflich f\u00fcr Rothschenk Staus\u00e4cke geeignet. Bei Nichtbeachtung \u00fcbernehmen wir keine Haftung.<\/p>\n<p>Sprechen Sie uns gerne f\u00fcr weitere Informationen an!<\/p>\n<p><button class=\"product_button\"><a href=\"https:\/\/rothschenk.de\/rothschenk-shop\/kontakt\/\">Jetzt unverbindlich anfragen!<\/a><\/button><\/p>\n","protected":false},"excerpt":{"rendered":"<p><button class=\"product_button\"><a href=\"https:\/\/rothschenk.de\/rothschenk-shop\/kontakt\/\">Jetzt unverbindlich anfragen!<\/a><\/button><\/p>\n","protected":false},"featured_media":779001,"comment_status":"open","ping_status":"closed","template":"","meta":{"_acf_changed":false},"product_brand":[],"product_cat":[54,80,20,79],"product_tag":[],"class_list":{"0":"post-778858","1":"product","2":"type-product","3":"status-publish","4":"has-post-thumbnail","6":"product_cat-befuelltechnik","7":"product_cat-ladungssicherungs-tools","8":"product_cat-stausack","9":"product_cat-zubehoer","11":"first","12":"outofstock","13":"product-type-simple"},"acf":[],"yoast_head":"<!-- This site is optimized with the Yoast SEO plugin v27.4 - https:\/\/yoast.com\/product\/yoast-seo-wordpress\/ -->\n<title>Makita Akku-Gebl\u00e4se | 18 V | Komplettset f\u00fcr SMART Ventile - Rothschenk<\/title>\n<meta name=\"description\" content=\"Akku-Gebl\u00e4se \u25b6 Leistungsstark \u2713 Gesamtgewicht: 4 kg \u2713 Schnell-Ladeger\u00e4t \u2713 2 Akkus mit 5,0 Ah inklusive \u25b6 Jetzt online bestellen!\" \/>\n<meta name=\"robots\" content=\"index, follow, max-snippet:-1, max-image-preview:large, max-video-preview:-1\" \/>\n<link rel=\"canonical\" href=\"https:\/\/rothschenk.de\/produkt\/makita-akku-geblaese-18-v-komplettset-fuer-smart-ventile\/\" \/>\n<meta property=\"og:locale\" content=\"pl_PL\" \/>\n<meta property=\"og:type\" content=\"article\" \/>\n<meta property=\"og:title\" content=\"Makita Akku-Gebl\u00e4se | 18 V | Komplettset f\u00fcr SMART Ventile - Rothschenk\" \/>\n<meta property=\"og:description\" content=\"Akku-Gebl\u00e4se \u25b6 Leistungsstark \u2713 Gesamtgewicht: 4 kg \u2713 Schnell-Ladeger\u00e4t \u2713 2 Akkus mit 5,0 Ah inklusive \u25b6 Jetzt online bestellen!\" \/>\n<meta property=\"og:url\" content=\"https:\/\/rothschenk.de\/produkt\/makita-akku-geblaese-18-v-komplettset-fuer-smart-ventile\/\" \/>\n<meta property=\"og:site_name\" content=\"Rothschenk\" \/>\n<meta property=\"article:publisher\" content=\"https:\/\/de-de.facebook.com\/FirmaRothschenk\/\" \/>\n<meta property=\"article:modified_time\" content=\"2026-02-27T07:54:28+00:00\" \/>\n<meta property=\"og:image\" content=\"https:\/\/rothschenk.de\/wp-content\/uploads\/2025\/08\/Makita-akkugeblaese-komplettset-rothschenk-ladungssicherung-befuelltechnik-stausack-1.jpg\" \/>\n\t<meta property=\"og:image:width\" content=\"1024\" \/>\n\t<meta property=\"og:image:height\" content=\"1024\" \/>\n\t<meta property=\"og:image:type\" content=\"image\/jpeg\" \/>\n<meta name=\"twitter:card\" content=\"summary_large_image\" \/>\n<meta name=\"twitter:label1\" content=\"Cena\" \/>\n\t<meta name=\"twitter:data1\" content=\"\" \/>\n\t<meta name=\"twitter:label2\" content=\"Dost\u0119pno\u015b\u0107\" \/>\n\t<meta name=\"twitter:data2\" content=\"Brak w magazynie\" \/>\n<script type=\"application\/ld+json\" class=\"yoast-schema-graph\">{\"@context\":\"https:\\\/\\\/schema.org\",\"@graph\":[{\"@type\":\"WebPage\",\"@id\":\"https:\\\/\\\/rothschenk.de\\\/produkt\\\/makita-akku-geblaese-18-v-komplettset-fuer-smart-ventile\\\/\",\"url\":\"https:\\\/\\\/rothschenk.de\\\/produkt\\\/makita-akku-geblaese-18-v-komplettset-fuer-smart-ventile\\\/\",\"name\":\"Makita Akku-Gebl\u00e4se | 18 V | Komplettset f\u00fcr SMART Ventile - Rothschenk\",\"isPartOf\":{\"@id\":\"https:\\\/\\\/rothschenk.de\\\/#website\"},\"primaryImageOfPage\":{\"@id\":\"https:\\\/\\\/rothschenk.de\\\/produkt\\\/makita-akku-geblaese-18-v-komplettset-fuer-smart-ventile\\\/#primaryimage\"},\"image\":{\"@id\":\"https:\\\/\\\/rothschenk.de\\\/produkt\\\/makita-akku-geblaese-18-v-komplettset-fuer-smart-ventile\\\/#primaryimage\"},\"thumbnailUrl\":\"https:\\\/\\\/rothschenk.de\\\/wp-content\\\/uploads\\\/2025\\\/08\\\/Makita-akkugeblaese-komplettset-rothschenk-ladungssicherung-befuelltechnik-stausack-1.jpg\",\"datePublished\":\"2025-08-27T09:07:39+00:00\",\"dateModified\":\"2026-02-27T07:54:28+00:00\",\"description\":\"Akku-Gebl\u00e4se \u25b6 Leistungsstark \u2713 Gesamtgewicht: 4 kg \u2713 Schnell-Ladeger\u00e4t \u2713 2 Akkus mit 5,0 Ah inklusive \u25b6 Jetzt online bestellen!\",\"breadcrumb\":{\"@id\":\"https:\\\/\\\/rothschenk.de\\\/produkt\\\/makita-akku-geblaese-18-v-komplettset-fuer-smart-ventile\\\/#breadcrumb\"},\"inLanguage\":\"pl-PL\",\"potentialAction\":[{\"@type\":\"ReadAction\",\"target\":[\"https:\\\/\\\/rothschenk.de\\\/produkt\\\/makita-akku-geblaese-18-v-komplettset-fuer-smart-ventile\\\/\"]}]},{\"@type\":\"ImageObject\",\"inLanguage\":\"pl-PL\",\"@id\":\"https:\\\/\\\/rothschenk.de\\\/produkt\\\/makita-akku-geblaese-18-v-komplettset-fuer-smart-ventile\\\/#primaryimage\",\"url\":\"https:\\\/\\\/rothschenk.de\\\/wp-content\\\/uploads\\\/2025\\\/08\\\/Makita-akkugeblaese-komplettset-rothschenk-ladungssicherung-befuelltechnik-stausack-1.jpg\",\"contentUrl\":\"https:\\\/\\\/rothschenk.de\\\/wp-content\\\/uploads\\\/2025\\\/08\\\/Makita-akkugeblaese-komplettset-rothschenk-ladungssicherung-befuelltechnik-stausack-1.jpg\",\"width\":1024,\"height\":1024,\"caption\":\"xr:d:DAFZgOYnIOo:145,j:6199627058414740713,t:24031914\"},{\"@type\":\"BreadcrumbList\",\"@id\":\"https:\\\/\\\/rothschenk.de\\\/produkt\\\/makita-akku-geblaese-18-v-komplettset-fuer-smart-ventile\\\/#breadcrumb\",\"itemListElement\":[{\"@type\":\"ListItem\",\"position\":1,\"name\":\"Strona g\u0142\u00f3wna\",\"item\":\"https:\\\/\\\/rothschenk.de\\\/pl\\\/strona-glowna\\\/\"},{\"@type\":\"ListItem\",\"position\":2,\"name\":\"Shop\",\"item\":\"https:\\\/\\\/rothschenk.de\\\/shop\\\/\"},{\"@type\":\"ListItem\",\"position\":3,\"name\":\"Makita Akku-Gebl\u00e4se | 18 V | Komplettset f\u00fcr SMART Ventile\"}]},{\"@type\":\"WebSite\",\"@id\":\"https:\\\/\\\/rothschenk.de\\\/#website\",\"url\":\"https:\\\/\\\/rothschenk.de\\\/\",\"name\":\"Rothschenk - Der Online Shop f\u00fcr Ladungssicherung\",\"description\":\"Der Online Shop f\u00fcr Ladungssicherung\",\"potentialAction\":[{\"@type\":\"SearchAction\",\"target\":{\"@type\":\"EntryPoint\",\"urlTemplate\":\"https:\\\/\\\/rothschenk.de\\\/?s={search_term_string}\"},\"query-input\":{\"@type\":\"PropertyValueSpecification\",\"valueRequired\":true,\"valueName\":\"search_term_string\"}}],\"inLanguage\":\"pl-PL\"}]}<\/script>\n<meta property=\"product:price:currency\" content=\"EUR\" \/>\n<meta property=\"og:availability\" content=\"out of stock\" \/>\n<meta property=\"product:availability\" content=\"out of stock\" \/>\n<meta property=\"product:retailer_item_id\" content=\"26192\" \/>\n<meta property=\"product:condition\" content=\"new\" \/>\n<!-- \/ Yoast SEO plugin. -->","yoast_head_json":{"title":"Makita Akku-Gebl\u00e4se | 18 V | Komplettset f\u00fcr SMART Ventile - Rothschenk","description":"Akku-Gebl\u00e4se \u25b6 Leistungsstark \u2713 Gesamtgewicht: 4 kg \u2713 Schnell-Ladeger\u00e4t \u2713 2 Akkus mit 5,0 Ah inklusive \u25b6 Jetzt online bestellen!","robots":{"index":"index","follow":"follow","max-snippet":"max-snippet:-1","max-image-preview":"max-image-preview:large","max-video-preview":"max-video-preview:-1"},"canonical":"https:\/\/rothschenk.de\/produkt\/makita-akku-geblaese-18-v-komplettset-fuer-smart-ventile\/","og_locale":"pl_PL","og_type":"article","og_title":"Makita Akku-Gebl\u00e4se | 18 V | Komplettset f\u00fcr SMART Ventile - Rothschenk","og_description":"Akku-Gebl\u00e4se \u25b6 Leistungsstark \u2713 Gesamtgewicht: 4 kg \u2713 Schnell-Ladeger\u00e4t \u2713 2 Akkus mit 5,0 Ah inklusive \u25b6 Jetzt online bestellen!","og_url":"https:\/\/rothschenk.de\/produkt\/makita-akku-geblaese-18-v-komplettset-fuer-smart-ventile\/","og_site_name":"Rothschenk","article_publisher":"https:\/\/de-de.facebook.com\/FirmaRothschenk\/","article_modified_time":"2026-02-27T07:54:28+00:00","og_image":[{"width":1024,"height":1024,"url":"https:\/\/rothschenk.de\/wp-content\/uploads\/2025\/08\/Makita-akkugeblaese-komplettset-rothschenk-ladungssicherung-befuelltechnik-stausack-1.jpg","type":"image\/jpeg"}],"twitter_card":"summary_large_image","twitter_misc":{"Cena":"","Dost\u0119pno\u015b\u0107":"Brak w magazynie"},"schema":{"@context":"https:\/\/schema.org","@graph":[{"@type":"WebPage","@id":"https:\/\/rothschenk.de\/produkt\/makita-akku-geblaese-18-v-komplettset-fuer-smart-ventile\/","url":"https:\/\/rothschenk.de\/produkt\/makita-akku-geblaese-18-v-komplettset-fuer-smart-ventile\/","name":"Makita Akku-Gebl\u00e4se | 18 V | Komplettset f\u00fcr SMART Ventile - Rothschenk","isPartOf":{"@id":"https:\/\/rothschenk.de\/#website"},"primaryImageOfPage":{"@id":"https:\/\/rothschenk.de\/produkt\/makita-akku-geblaese-18-v-komplettset-fuer-smart-ventile\/#primaryimage"},"image":{"@id":"https:\/\/rothschenk.de\/produkt\/makita-akku-geblaese-18-v-komplettset-fuer-smart-ventile\/#primaryimage"},"thumbnailUrl":"https:\/\/rothschenk.de\/wp-content\/uploads\/2025\/08\/Makita-akkugeblaese-komplettset-rothschenk-ladungssicherung-befuelltechnik-stausack-1.jpg","datePublished":"2025-08-27T09:07:39+00:00","dateModified":"2026-02-27T07:54:28+00:00","description":"Akku-Gebl\u00e4se \u25b6 Leistungsstark \u2713 Gesamtgewicht: 4 kg \u2713 Schnell-Ladeger\u00e4t \u2713 2 Akkus mit 5,0 Ah inklusive \u25b6 Jetzt online bestellen!","breadcrumb":{"@id":"https:\/\/rothschenk.de\/produkt\/makita-akku-geblaese-18-v-komplettset-fuer-smart-ventile\/#breadcrumb"},"inLanguage":"pl-PL","potentialAction":[{"@type":"ReadAction","target":["https:\/\/rothschenk.de\/produkt\/makita-akku-geblaese-18-v-komplettset-fuer-smart-ventile\/"]}]},{"@type":"ImageObject","inLanguage":"pl-PL","@id":"https:\/\/rothschenk.de\/produkt\/makita-akku-geblaese-18-v-komplettset-fuer-smart-ventile\/#primaryimage","url":"https:\/\/rothschenk.de\/wp-content\/uploads\/2025\/08\/Makita-akkugeblaese-komplettset-rothschenk-ladungssicherung-befuelltechnik-stausack-1.jpg","contentUrl":"https:\/\/rothschenk.de\/wp-content\/uploads\/2025\/08\/Makita-akkugeblaese-komplettset-rothschenk-ladungssicherung-befuelltechnik-stausack-1.jpg","width":1024,"height":1024,"caption":"xr:d:DAFZgOYnIOo:145,j:6199627058414740713,t:24031914"},{"@type":"BreadcrumbList","@id":"https:\/\/rothschenk.de\/produkt\/makita-akku-geblaese-18-v-komplettset-fuer-smart-ventile\/#breadcrumb","itemListElement":[{"@type":"ListItem","position":1,"name":"Strona g\u0142\u00f3wna","item":"https:\/\/rothschenk.de\/pl\/strona-glowna\/"},{"@type":"ListItem","position":2,"name":"Shop","item":"https:\/\/rothschenk.de\/shop\/"},{"@type":"ListItem","position":3,"name":"Makita Akku-Gebl\u00e4se | 18 V | Komplettset f\u00fcr SMART Ventile"}]},{"@type":"WebSite","@id":"https:\/\/rothschenk.de\/#website","url":"https:\/\/rothschenk.de\/","name":"Rothschenk - Der Online Shop f\u00fcr Ladungssicherung","description":"Der Online Shop f\u00fcr Ladungssicherung","potentialAction":[{"@type":"SearchAction","target":{"@type":"EntryPoint","urlTemplate":"https:\/\/rothschenk.de\/?s={search_term_string}"},"query-input":{"@type":"PropertyValueSpecification","valueRequired":true,"valueName":"search_term_string"}}],"inLanguage":"pl-PL"}]},"product_price_currency":"EUR","og_availability":"out of stock","product_availability":"out of stock","product_retailer_item_id":"26192","product_condition":"new"},"_links":{"self":[{"href":"https:\/\/rothschenk.de\/pl\/wp-json\/wp\/v2\/product\/778858","targetHints":{"allow":["GET"]}}],"collection":[{"href":"https:\/\/rothschenk.de\/pl\/wp-json\/wp\/v2\/product"}],"about":[{"href":"https:\/\/rothschenk.de\/pl\/wp-json\/wp\/v2\/types\/product"}],"replies":[{"embeddable":true,"href":"https:\/\/rothschenk.de\/pl\/wp-json\/wp\/v2\/comments?post=778858"}],"wp:featuredmedia":[{"embeddable":true,"href":"https:\/\/rothschenk.de\/pl\/wp-json\/wp\/v2\/media\/779001"}],"wp:attachment":[{"href":"https:\/\/rothschenk.de\/pl\/wp-json\/wp\/v2\/media?parent=778858"}],"wp:term":[{"taxonomy":"product_brand","embeddable":true,"href":"https:\/\/rothschenk.de\/pl\/wp-json\/wp\/v2\/product_brand?post=778858"},{"taxonomy":"product_cat","embeddable":true,"href":"https:\/\/rothschenk.de\/pl\/wp-json\/wp\/v2\/product_cat?post=778858"},{"taxonomy":"product_tag","embeddable":true,"href":"https:\/\/rothschenk.de\/pl\/wp-json\/wp\/v2\/product_tag?post=778858"}],"curies":[{"name":"wp","href":"https:\/\/api.w.org\/{rel}","templated":true}]}}