{"id":78442,"date":"2023-03-01T11:05:43","date_gmt":"2023-03-01T10:05:43","guid":{"rendered":"https:\/\/rothschenk.de\/rothschenk-shop\/?post_type=product&#038;p=78442"},"modified":"2026-03-27T09:48:16","modified_gmt":"2026-03-27T08:48:16","slug":"ergolash-zurrgurt-2-teilig-buddy-40-4-m","status":"publish","type":"product","link":"https:\/\/rothschenk.de\/pl\/produkt\/ergolash-zurrgurt-2-teilig-buddy-40-4-m\/","title":{"rendered":"Ergolash\u00ae Zurrgurt | 2-teilig | Buddy 40 | 4 m x 25 mm"},"content":{"rendered":"<h3>Ergolash Zurrgurt | 2-teilig | Buddy 40 | 4 m x 25 mm<\/h3>\n<p>Die kompakte Gr\u00f6\u00dfe und das geringe Gewicht erweist sich in vielerlei Hinsicht als vorteilhaft, insbesondere bei leichteren Lasten. Der BUDDY zeichnet sich durch eine LC von 500 kg bei einer Gurtbreite von 25 mm aus und ist hervorragend geeignet im Camping- oder Freizeitbereich sowie f\u00fcr leichte Anwendungen in Transportern.<\/p>\n<p>Tipp: Die ERGOLASH ROADY-Serie ist aufgrund der Festigkeit nochmals eine Stufe h\u00f6her als die BUDDY-Serie.<\/p>\n<p><strong>Die Besonderheit bei Ergolash Zurrgurten:<\/strong><\/p>\n<p>Die neue innovative Welle in der Ratsche erm\u00f6glicht ein schnelles seitliches Einf\u00fchren des Gurtbandes und spart bis zu 35% Ihrer Zeit beim Verzurren. Sie m\u00fcssen nicht mehr den gesamten Gurt durch die Ratsche ziehen, sondern k\u00f6nnen das Band ganz einfach seitlich an der offenen Wickelwelle einf\u00fchren. Diese Funktion ist patentiert und nur bei ERGOLASH Zurrgurten verbaut. Eine echte Innovation bei Spanngurten.<\/p>\n","protected":false},"excerpt":{"rendered":"<p>Ergolash Zurrgurt | 2-teilig | Buddy 40 | 4 m x 25 mm Die kompakte Gr\u00f6\u00dfe und das geringe Gewicht erweist sich in vielerlei Hinsicht als vorteilhaft, insbesondere bei leichteren Lasten. Der BUDDY zeichnet sich durch eine LC von 500 kg bei einer Gurtbreite von 25 mm aus und ist hervorragend geeignet im Camping- oder [&hellip;]<\/p>\n","protected":false},"featured_media":78691,"comment_status":"open","ping_status":"closed","template":"","meta":{"_acf_changed":false},"product_brand":[],"product_cat":[167,67],"product_tag":[],"class_list":{"0":"post-78442","1":"product","2":"type-product","3":"status-publish","4":"has-post-thumbnail","6":"product_cat-ergolash","7":"product_cat-zurrgurte","9":"first","10":"instock","11":"sale","12":"taxable","13":"shipping-taxable","14":"purchasable","15":"product-type-simple"},"acf":[],"yoast_head":"<!-- This site is optimized with the Yoast SEO plugin v27.3 - https:\/\/yoast.com\/product\/yoast-seo-wordpress\/ -->\n<title>Ergolash\u00ae Zurrgurt | 2-teilig | Buddy 40 | 4 m x 25 mm - Rothschenk<\/title>\n<meta name=\"description\" content=\"Zurrgurt \u25b6 L\u00e4nge Festende: 0,20 m \u2713 L\u00e4nge Losende: 3,80 m \u2713 Belastbarkeit in der Umreifung LC: 500 daN \u2713 Seitliches Einf\u00fchren \u25b6 Jetzt bestellen!\" \/>\n<meta name=\"robots\" content=\"index, follow, max-snippet:-1, max-image-preview:large, max-video-preview:-1\" \/>\n<link rel=\"canonical\" href=\"https:\/\/rothschenk.de\/produkt\/ergolash-zurrgurt-2-teilig-buddy-40-4-m\/\" \/>\n<meta property=\"og:locale\" content=\"pl_PL\" \/>\n<meta property=\"og:type\" content=\"article\" \/>\n<meta property=\"og:title\" content=\"Ergolash\u00ae Zurrgurt | 2-teilig | Buddy 40 | 4 m x 25 mm - Rothschenk\" \/>\n<meta property=\"og:description\" content=\"Zurrgurt \u25b6 L\u00e4nge Festende: 0,20 m \u2713 L\u00e4nge Losende: 3,80 m \u2713 Belastbarkeit in der Umreifung LC: 500 daN \u2713 Seitliches Einf\u00fchren \u25b6 Jetzt bestellen!\" \/>\n<meta property=\"og:url\" content=\"https:\/\/rothschenk.de\/produkt\/ergolash-zurrgurt-2-teilig-buddy-40-4-m\/\" \/>\n<meta property=\"og:site_name\" content=\"Rothschenk\" \/>\n<meta property=\"article:publisher\" content=\"https:\/\/de-de.facebook.com\/FirmaRothschenk\/\" \/>\n<meta property=\"article:modified_time\" content=\"2026-03-27T08:48:16+00:00\" \/>\n<meta property=\"og:image\" content=\"https:\/\/rothschenk.de\/wp-content\/uploads\/2023\/11\/Ergolash-Buddy-und-Roady.jpg\" \/>\n\t<meta property=\"og:image:width\" content=\"1024\" \/>\n\t<meta property=\"og:image:height\" content=\"1024\" \/>\n\t<meta property=\"og:image:type\" content=\"image\/jpeg\" \/>\n<meta name=\"twitter:card\" content=\"summary_large_image\" \/>\n<meta name=\"twitter:label1\" content=\"Cena\" \/>\n\t<meta name=\"twitter:data1\" content=\"8,25&nbsp;&euro;\" \/>\n\t<meta name=\"twitter:label2\" content=\"Dost\u0119pno\u015b\u0107\" \/>\n\t<meta name=\"twitter:data2\" content=\"Dost\u0119pny\" \/>\n<script type=\"application\/ld+json\" class=\"yoast-schema-graph\">{\"@context\":\"https:\\\/\\\/schema.org\",\"@graph\":[{\"@type\":\"WebPage\",\"@id\":\"https:\\\/\\\/rothschenk.de\\\/produkt\\\/ergolash-zurrgurt-2-teilig-buddy-40-4-m\\\/\",\"url\":\"https:\\\/\\\/rothschenk.de\\\/produkt\\\/ergolash-zurrgurt-2-teilig-buddy-40-4-m\\\/\",\"name\":\"Ergolash\u00ae Zurrgurt | 2-teilig | Buddy 40 | 4 m x 25 mm - Rothschenk\",\"isPartOf\":{\"@id\":\"https:\\\/\\\/rothschenk.de\\\/#website\"},\"primaryImageOfPage\":{\"@id\":\"https:\\\/\\\/rothschenk.de\\\/produkt\\\/ergolash-zurrgurt-2-teilig-buddy-40-4-m\\\/#primaryimage\"},\"image\":{\"@id\":\"https:\\\/\\\/rothschenk.de\\\/produkt\\\/ergolash-zurrgurt-2-teilig-buddy-40-4-m\\\/#primaryimage\"},\"thumbnailUrl\":\"https:\\\/\\\/rothschenk.de\\\/wp-content\\\/uploads\\\/2023\\\/11\\\/Ergolash-Buddy-und-Roady.jpg\",\"datePublished\":\"2023-03-01T10:05:43+00:00\",\"dateModified\":\"2026-03-27T08:48:16+00:00\",\"description\":\"Zurrgurt \u25b6 L\u00e4nge Festende: 0,20 m \u2713 L\u00e4nge Losende: 3,80 m \u2713 Belastbarkeit in der Umreifung LC: 500 daN \u2713 Seitliches Einf\u00fchren \u25b6 Jetzt bestellen!\",\"breadcrumb\":{\"@id\":\"https:\\\/\\\/rothschenk.de\\\/produkt\\\/ergolash-zurrgurt-2-teilig-buddy-40-4-m\\\/#breadcrumb\"},\"inLanguage\":\"pl-PL\",\"potentialAction\":[{\"@type\":\"ReadAction\",\"target\":[\"https:\\\/\\\/rothschenk.de\\\/produkt\\\/ergolash-zurrgurt-2-teilig-buddy-40-4-m\\\/\"]}]},{\"@type\":\"ImageObject\",\"inLanguage\":\"pl-PL\",\"@id\":\"https:\\\/\\\/rothschenk.de\\\/produkt\\\/ergolash-zurrgurt-2-teilig-buddy-40-4-m\\\/#primaryimage\",\"url\":\"https:\\\/\\\/rothschenk.de\\\/wp-content\\\/uploads\\\/2023\\\/11\\\/Ergolash-Buddy-und-Roady.jpg\",\"contentUrl\":\"https:\\\/\\\/rothschenk.de\\\/wp-content\\\/uploads\\\/2023\\\/11\\\/Ergolash-Buddy-und-Roady.jpg\",\"width\":1024,\"height\":1024,\"caption\":\"Ergolash Buddy und Roady Spanngurte\"},{\"@type\":\"BreadcrumbList\",\"@id\":\"https:\\\/\\\/rothschenk.de\\\/produkt\\\/ergolash-zurrgurt-2-teilig-buddy-40-4-m\\\/#breadcrumb\",\"itemListElement\":[{\"@type\":\"ListItem\",\"position\":1,\"name\":\"Strona g\u0142\u00f3wna\",\"item\":\"https:\\\/\\\/rothschenk.de\\\/pl\\\/strona-glowna\\\/\"},{\"@type\":\"ListItem\",\"position\":2,\"name\":\"Shop\",\"item\":\"https:\\\/\\\/rothschenk.de\\\/shop\\\/\"},{\"@type\":\"ListItem\",\"position\":3,\"name\":\"Ergolash\u00ae Zurrgurt | 2-teilig | Buddy 40 | 4 m x 25 mm\"}]},{\"@type\":\"WebSite\",\"@id\":\"https:\\\/\\\/rothschenk.de\\\/#website\",\"url\":\"https:\\\/\\\/rothschenk.de\\\/\",\"name\":\"Rothschenk - Der Online Shop f\u00fcr Ladungssicherung\",\"description\":\"Der Online Shop f\u00fcr Ladungssicherung\",\"potentialAction\":[{\"@type\":\"SearchAction\",\"target\":{\"@type\":\"EntryPoint\",\"urlTemplate\":\"https:\\\/\\\/rothschenk.de\\\/?s={search_term_string}\"},\"query-input\":{\"@type\":\"PropertyValueSpecification\",\"valueRequired\":true,\"valueName\":\"search_term_string\"}}],\"inLanguage\":\"pl-PL\"}]}<\/script>\n<meta property=\"product:price:amount\" content=\"8.25\" \/>\n<meta property=\"product:price:currency\" content=\"EUR\" \/>\n<meta property=\"og:availability\" content=\"instock\" \/>\n<meta property=\"product:availability\" content=\"instock\" \/>\n<meta property=\"product:retailer_item_id\" content=\"26086\" \/>\n<meta property=\"product:condition\" content=\"new\" \/>\n<!-- \/ Yoast SEO plugin. -->","yoast_head_json":{"title":"Ergolash\u00ae Zurrgurt | 2-teilig | Buddy 40 | 4 m x 25 mm - Rothschenk","description":"Zurrgurt \u25b6 L\u00e4nge Festende: 0,20 m \u2713 L\u00e4nge Losende: 3,80 m \u2713 Belastbarkeit in der Umreifung LC: 500 daN \u2713 Seitliches Einf\u00fchren \u25b6 Jetzt bestellen!","robots":{"index":"index","follow":"follow","max-snippet":"max-snippet:-1","max-image-preview":"max-image-preview:large","max-video-preview":"max-video-preview:-1"},"canonical":"https:\/\/rothschenk.de\/produkt\/ergolash-zurrgurt-2-teilig-buddy-40-4-m\/","og_locale":"pl_PL","og_type":"article","og_title":"Ergolash\u00ae Zurrgurt | 2-teilig | Buddy 40 | 4 m x 25 mm - Rothschenk","og_description":"Zurrgurt \u25b6 L\u00e4nge Festende: 0,20 m \u2713 L\u00e4nge Losende: 3,80 m \u2713 Belastbarkeit in der Umreifung LC: 500 daN \u2713 Seitliches Einf\u00fchren \u25b6 Jetzt bestellen!","og_url":"https:\/\/rothschenk.de\/produkt\/ergolash-zurrgurt-2-teilig-buddy-40-4-m\/","og_site_name":"Rothschenk","article_publisher":"https:\/\/de-de.facebook.com\/FirmaRothschenk\/","article_modified_time":"2026-03-27T08:48:16+00:00","og_image":[{"width":1024,"height":1024,"url":"https:\/\/rothschenk.de\/wp-content\/uploads\/2023\/11\/Ergolash-Buddy-und-Roady.jpg","type":"image\/jpeg"}],"twitter_card":"summary_large_image","twitter_misc":{"Cena":"8,25&nbsp;&euro;","Dost\u0119pno\u015b\u0107":"Dost\u0119pny"},"schema":{"@context":"https:\/\/schema.org","@graph":[{"@type":"WebPage","@id":"https:\/\/rothschenk.de\/produkt\/ergolash-zurrgurt-2-teilig-buddy-40-4-m\/","url":"https:\/\/rothschenk.de\/produkt\/ergolash-zurrgurt-2-teilig-buddy-40-4-m\/","name":"Ergolash\u00ae Zurrgurt | 2-teilig | Buddy 40 | 4 m x 25 mm - Rothschenk","isPartOf":{"@id":"https:\/\/rothschenk.de\/#website"},"primaryImageOfPage":{"@id":"https:\/\/rothschenk.de\/produkt\/ergolash-zurrgurt-2-teilig-buddy-40-4-m\/#primaryimage"},"image":{"@id":"https:\/\/rothschenk.de\/produkt\/ergolash-zurrgurt-2-teilig-buddy-40-4-m\/#primaryimage"},"thumbnailUrl":"https:\/\/rothschenk.de\/wp-content\/uploads\/2023\/11\/Ergolash-Buddy-und-Roady.jpg","datePublished":"2023-03-01T10:05:43+00:00","dateModified":"2026-03-27T08:48:16+00:00","description":"Zurrgurt \u25b6 L\u00e4nge Festende: 0,20 m \u2713 L\u00e4nge Losende: 3,80 m \u2713 Belastbarkeit in der Umreifung LC: 500 daN \u2713 Seitliches Einf\u00fchren \u25b6 Jetzt bestellen!","breadcrumb":{"@id":"https:\/\/rothschenk.de\/produkt\/ergolash-zurrgurt-2-teilig-buddy-40-4-m\/#breadcrumb"},"inLanguage":"pl-PL","potentialAction":[{"@type":"ReadAction","target":["https:\/\/rothschenk.de\/produkt\/ergolash-zurrgurt-2-teilig-buddy-40-4-m\/"]}]},{"@type":"ImageObject","inLanguage":"pl-PL","@id":"https:\/\/rothschenk.de\/produkt\/ergolash-zurrgurt-2-teilig-buddy-40-4-m\/#primaryimage","url":"https:\/\/rothschenk.de\/wp-content\/uploads\/2023\/11\/Ergolash-Buddy-und-Roady.jpg","contentUrl":"https:\/\/rothschenk.de\/wp-content\/uploads\/2023\/11\/Ergolash-Buddy-und-Roady.jpg","width":1024,"height":1024,"caption":"Ergolash Buddy und Roady Spanngurte"},{"@type":"BreadcrumbList","@id":"https:\/\/rothschenk.de\/produkt\/ergolash-zurrgurt-2-teilig-buddy-40-4-m\/#breadcrumb","itemListElement":[{"@type":"ListItem","position":1,"name":"Strona g\u0142\u00f3wna","item":"https:\/\/rothschenk.de\/pl\/strona-glowna\/"},{"@type":"ListItem","position":2,"name":"Shop","item":"https:\/\/rothschenk.de\/shop\/"},{"@type":"ListItem","position":3,"name":"Ergolash\u00ae Zurrgurt | 2-teilig | Buddy 40 | 4 m x 25 mm"}]},{"@type":"WebSite","@id":"https:\/\/rothschenk.de\/#website","url":"https:\/\/rothschenk.de\/","name":"Rothschenk - Der Online Shop f\u00fcr Ladungssicherung","description":"Der Online Shop f\u00fcr Ladungssicherung","potentialAction":[{"@type":"SearchAction","target":{"@type":"EntryPoint","urlTemplate":"https:\/\/rothschenk.de\/?s={search_term_string}"},"query-input":{"@type":"PropertyValueSpecification","valueRequired":true,"valueName":"search_term_string"}}],"inLanguage":"pl-PL"}]},"product_price_amount":"8.25","product_price_currency":"EUR","og_availability":"instock","product_availability":"instock","product_retailer_item_id":"26086","product_condition":"new"},"_links":{"self":[{"href":"https:\/\/rothschenk.de\/pl\/wp-json\/wp\/v2\/product\/78442","targetHints":{"allow":["GET"]}}],"collection":[{"href":"https:\/\/rothschenk.de\/pl\/wp-json\/wp\/v2\/product"}],"about":[{"href":"https:\/\/rothschenk.de\/pl\/wp-json\/wp\/v2\/types\/product"}],"replies":[{"embeddable":true,"href":"https:\/\/rothschenk.de\/pl\/wp-json\/wp\/v2\/comments?post=78442"}],"wp:featuredmedia":[{"embeddable":true,"href":"https:\/\/rothschenk.de\/pl\/wp-json\/wp\/v2\/media\/78691"}],"wp:attachment":[{"href":"https:\/\/rothschenk.de\/pl\/wp-json\/wp\/v2\/media?parent=78442"}],"wp:term":[{"taxonomy":"product_brand","embeddable":true,"href":"https:\/\/rothschenk.de\/pl\/wp-json\/wp\/v2\/product_brand?post=78442"},{"taxonomy":"product_cat","embeddable":true,"href":"https:\/\/rothschenk.de\/pl\/wp-json\/wp\/v2\/product_cat?post=78442"},{"taxonomy":"product_tag","embeddable":true,"href":"https:\/\/rothschenk.de\/pl\/wp-json\/wp\/v2\/product_tag?post=78442"}],"curies":[{"name":"wp","href":"https:\/\/api.w.org\/{rel}","templated":true}]}}