{"id":7858,"date":"2023-05-17T23:00:21","date_gmt":"2023-05-17T21:00:21","guid":{"rendered":"https:\/\/rothschenk.de\/rothschenk-shop\/?post_type=product&#038;p=7858"},"modified":"2025-10-31T10:15:40","modified_gmt":"2025-10-31T09:15:40","slug":"abrollwagen-fuer-umreifungsband-kern-o-76-mm","status":"publish","type":"product","link":"https:\/\/rothschenk.de\/pl\/produkt\/abrollwagen-fuer-umreifungsband-kern-o-76-mm\/","title":{"rendered":"Abrollwagen f\u00fcr Umreifungsband | Kern- \u00d8 76 mm"},"content":{"rendered":"<h3>Abrollwagen f\u00fcr Umreifungsband | Kern- \u00d8 76 mm<\/h3>\n<p>Der Abrollwagen f\u00fcr Umreifungsb\u00e4nder ist die ideale L\u00f6sung f\u00fcr den m\u00fchelosen Transport und die praktische Handhabung von Umreifungsb\u00e4ndern. Dieser mobile Bandabroller ist speziell f\u00fcr Rollen mit einem Kern-Durchmesser von 76 mm ausgelegt. Das bedeutet, dass Sie Ihre Umreifungsb\u00e4nder problemlos auf dem Wagen platzieren k\u00f6nnen, sodass das Band jederzeit griffbereit zum Abrollen ist.<\/p>\n<p>Der Bandabrollwagen verf\u00fcgt \u00fcber einen gummierten Tragegriff, der einen bequemen und rutschfesten Halt erm\u00f6glicht. Dadurch k\u00f6nnen Sie das Umreifungsband einfach und sicher abrollen. Der integrierte Ablagekasten bietet ausreichend Platz, um zus\u00e4tzliches Zubeh\u00f6r wie Verschlussklammern oder Werkzeuge zu verstauen. Dadurch haben Sie alles, was Sie f\u00fcr Ihre Umreifungsarbeiten ben\u00f6tigen, immer griffbereit und ordentlich organisiert.<\/p>\n<p>&nbsp;<\/p>\n","protected":false},"excerpt":{"rendered":"<p>Abrollwagen f\u00fcr Umreifungsband | Kern- \u00d8 76 mm Der Abrollwagen f\u00fcr Umreifungsb\u00e4nder ist die ideale L\u00f6sung f\u00fcr den m\u00fchelosen Transport und die praktische Handhabung von Umreifungsb\u00e4ndern. Dieser mobile Bandabroller ist speziell f\u00fcr Rollen mit einem Kern-Durchmesser von 76 mm ausgelegt. Das bedeutet, dass Sie Ihre Umreifungsb\u00e4nder problemlos auf dem Wagen platzieren k\u00f6nnen, sodass das Band [&hellip;]<\/p>\n","protected":false},"featured_media":84289,"comment_status":"open","ping_status":"closed","template":"","meta":{"_acf_changed":false},"product_brand":[],"product_cat":[62,46],"product_tag":[],"class_list":{"0":"post-7858","1":"product","2":"type-product","3":"status-publish","4":"has-post-thumbnail","6":"product_cat-abroller","7":"product_cat-umreifung","9":"first","10":"outofstock","11":"taxable","12":"shipping-taxable","13":"purchasable","14":"product-type-simple"},"acf":[],"yoast_head":"<!-- This site is optimized with the Yoast SEO plugin v27.4 - https:\/\/yoast.com\/product\/yoast-seo-wordpress\/ -->\n<title>Abrollwagen f\u00fcr Umreifungsband | Kern- \u00d8 76 mm - Rothschenk<\/title>\n<meta name=\"description\" content=\"Abrollwagen Umreifungsband - Geeignet f\u00fcr Rollen mit 76 mm Kerndurchmesser \u2714 Gummierter Tragegriff \u25ba Jetzt online bestellen!\" \/>\n<meta name=\"robots\" content=\"index, follow, max-snippet:-1, max-image-preview:large, max-video-preview:-1\" \/>\n<link rel=\"canonical\" href=\"https:\/\/rothschenk.de\/produkt\/abrollwagen-fuer-umreifungsband-kern-o-76-mm\/\" \/>\n<meta property=\"og:locale\" content=\"pl_PL\" \/>\n<meta property=\"og:type\" content=\"article\" \/>\n<meta property=\"og:title\" content=\"Abrollwagen f\u00fcr Umreifungsband | Kern- \u00d8 76 mm - Rothschenk\" \/>\n<meta property=\"og:description\" content=\"Abrollwagen Umreifungsband - Geeignet f\u00fcr Rollen mit 76 mm Kerndurchmesser \u2714 Gummierter Tragegriff \u25ba Jetzt online bestellen!\" \/>\n<meta property=\"og:url\" content=\"https:\/\/rothschenk.de\/produkt\/abrollwagen-fuer-umreifungsband-kern-o-76-mm\/\" \/>\n<meta property=\"og:site_name\" content=\"Rothschenk\" \/>\n<meta property=\"article:publisher\" content=\"https:\/\/de-de.facebook.com\/FirmaRothschenk\/\" \/>\n<meta property=\"article:modified_time\" content=\"2025-10-31T09:15:40+00:00\" \/>\n<meta property=\"og:image\" content=\"https:\/\/rothschenk.de\/wp-content\/uploads\/2023\/11\/17212_Abroller_fuer_Band_Kern_76__2_-removebg-2.jpg\" \/>\n\t<meta property=\"og:image:width\" content=\"1024\" \/>\n\t<meta property=\"og:image:height\" content=\"1024\" \/>\n\t<meta property=\"og:image:type\" content=\"image\/jpeg\" \/>\n<meta name=\"twitter:card\" content=\"summary_large_image\" \/>\n<meta name=\"twitter:label1\" content=\"Cena\" \/>\n\t<meta name=\"twitter:data1\" content=\"58,99&nbsp;&euro;\" \/>\n\t<meta name=\"twitter:label2\" content=\"Dost\u0119pno\u015b\u0107\" \/>\n\t<meta name=\"twitter:data2\" content=\"Brak w magazynie\" \/>\n<script type=\"application\/ld+json\" class=\"yoast-schema-graph\">{\"@context\":\"https:\\\/\\\/schema.org\",\"@graph\":[{\"@type\":\"WebPage\",\"@id\":\"https:\\\/\\\/rothschenk.de\\\/produkt\\\/abrollwagen-fuer-umreifungsband-kern-o-76-mm\\\/\",\"url\":\"https:\\\/\\\/rothschenk.de\\\/produkt\\\/abrollwagen-fuer-umreifungsband-kern-o-76-mm\\\/\",\"name\":\"Abrollwagen f\u00fcr Umreifungsband | Kern- \u00d8 76 mm - Rothschenk\",\"isPartOf\":{\"@id\":\"https:\\\/\\\/rothschenk.de\\\/#website\"},\"primaryImageOfPage\":{\"@id\":\"https:\\\/\\\/rothschenk.de\\\/produkt\\\/abrollwagen-fuer-umreifungsband-kern-o-76-mm\\\/#primaryimage\"},\"image\":{\"@id\":\"https:\\\/\\\/rothschenk.de\\\/produkt\\\/abrollwagen-fuer-umreifungsband-kern-o-76-mm\\\/#primaryimage\"},\"thumbnailUrl\":\"https:\\\/\\\/rothschenk.de\\\/wp-content\\\/uploads\\\/2023\\\/11\\\/17212_Abroller_fuer_Band_Kern_76__2_-removebg-2.jpg\",\"datePublished\":\"2023-05-17T21:00:21+00:00\",\"dateModified\":\"2025-10-31T09:15:40+00:00\",\"description\":\"Abrollwagen Umreifungsband - Geeignet f\u00fcr Rollen mit 76 mm Kerndurchmesser \u2714 Gummierter Tragegriff \u25ba Jetzt online bestellen!\",\"breadcrumb\":{\"@id\":\"https:\\\/\\\/rothschenk.de\\\/produkt\\\/abrollwagen-fuer-umreifungsband-kern-o-76-mm\\\/#breadcrumb\"},\"inLanguage\":\"pl-PL\",\"potentialAction\":[{\"@type\":\"ReadAction\",\"target\":[\"https:\\\/\\\/rothschenk.de\\\/produkt\\\/abrollwagen-fuer-umreifungsband-kern-o-76-mm\\\/\"]}]},{\"@type\":\"ImageObject\",\"inLanguage\":\"pl-PL\",\"@id\":\"https:\\\/\\\/rothschenk.de\\\/produkt\\\/abrollwagen-fuer-umreifungsband-kern-o-76-mm\\\/#primaryimage\",\"url\":\"https:\\\/\\\/rothschenk.de\\\/wp-content\\\/uploads\\\/2023\\\/11\\\/17212_Abroller_fuer_Band_Kern_76__2_-removebg-2.jpg\",\"contentUrl\":\"https:\\\/\\\/rothschenk.de\\\/wp-content\\\/uploads\\\/2023\\\/11\\\/17212_Abroller_fuer_Band_Kern_76__2_-removebg-2.jpg\",\"width\":1024,\"height\":1024,\"caption\":\"Abrollwagen mit Ablagekasten\"},{\"@type\":\"BreadcrumbList\",\"@id\":\"https:\\\/\\\/rothschenk.de\\\/produkt\\\/abrollwagen-fuer-umreifungsband-kern-o-76-mm\\\/#breadcrumb\",\"itemListElement\":[{\"@type\":\"ListItem\",\"position\":1,\"name\":\"Strona g\u0142\u00f3wna\",\"item\":\"https:\\\/\\\/rothschenk.de\\\/pl\\\/strona-glowna\\\/\"},{\"@type\":\"ListItem\",\"position\":2,\"name\":\"Shop\",\"item\":\"https:\\\/\\\/rothschenk.de\\\/shop\\\/\"},{\"@type\":\"ListItem\",\"position\":3,\"name\":\"Abrollwagen f\u00fcr Umreifungsband | Kern- \u00d8 76 mm\"}]},{\"@type\":\"WebSite\",\"@id\":\"https:\\\/\\\/rothschenk.de\\\/#website\",\"url\":\"https:\\\/\\\/rothschenk.de\\\/\",\"name\":\"Rothschenk - Der Online Shop f\u00fcr Ladungssicherung\",\"description\":\"Der Online Shop f\u00fcr Ladungssicherung\",\"potentialAction\":[{\"@type\":\"SearchAction\",\"target\":{\"@type\":\"EntryPoint\",\"urlTemplate\":\"https:\\\/\\\/rothschenk.de\\\/?s={search_term_string}\"},\"query-input\":{\"@type\":\"PropertyValueSpecification\",\"valueRequired\":true,\"valueName\":\"search_term_string\"}}],\"inLanguage\":\"pl-PL\"}]}<\/script>\n<meta property=\"product:price:amount\" content=\"58.99\" \/>\n<meta property=\"product:price:currency\" content=\"EUR\" \/>\n<meta property=\"og:availability\" content=\"out of stock\" \/>\n<meta property=\"product:availability\" content=\"out of stock\" \/>\n<meta property=\"product:retailer_item_id\" content=\"17212\" \/>\n<meta property=\"product:condition\" content=\"new\" \/>\n<!-- \/ Yoast SEO plugin. -->","yoast_head_json":{"title":"Abrollwagen f\u00fcr Umreifungsband | Kern- \u00d8 76 mm - Rothschenk","description":"Abrollwagen Umreifungsband - Geeignet f\u00fcr Rollen mit 76 mm Kerndurchmesser \u2714 Gummierter Tragegriff \u25ba Jetzt online bestellen!","robots":{"index":"index","follow":"follow","max-snippet":"max-snippet:-1","max-image-preview":"max-image-preview:large","max-video-preview":"max-video-preview:-1"},"canonical":"https:\/\/rothschenk.de\/produkt\/abrollwagen-fuer-umreifungsband-kern-o-76-mm\/","og_locale":"pl_PL","og_type":"article","og_title":"Abrollwagen f\u00fcr Umreifungsband | Kern- \u00d8 76 mm - Rothschenk","og_description":"Abrollwagen Umreifungsband - Geeignet f\u00fcr Rollen mit 76 mm Kerndurchmesser \u2714 Gummierter Tragegriff \u25ba Jetzt online bestellen!","og_url":"https:\/\/rothschenk.de\/produkt\/abrollwagen-fuer-umreifungsband-kern-o-76-mm\/","og_site_name":"Rothschenk","article_publisher":"https:\/\/de-de.facebook.com\/FirmaRothschenk\/","article_modified_time":"2025-10-31T09:15:40+00:00","og_image":[{"width":1024,"height":1024,"url":"https:\/\/rothschenk.de\/wp-content\/uploads\/2023\/11\/17212_Abroller_fuer_Band_Kern_76__2_-removebg-2.jpg","type":"image\/jpeg"}],"twitter_card":"summary_large_image","twitter_misc":{"Cena":"58,99&nbsp;&euro;","Dost\u0119pno\u015b\u0107":"Brak w magazynie"},"schema":{"@context":"https:\/\/schema.org","@graph":[{"@type":"WebPage","@id":"https:\/\/rothschenk.de\/produkt\/abrollwagen-fuer-umreifungsband-kern-o-76-mm\/","url":"https:\/\/rothschenk.de\/produkt\/abrollwagen-fuer-umreifungsband-kern-o-76-mm\/","name":"Abrollwagen f\u00fcr Umreifungsband | Kern- \u00d8 76 mm - Rothschenk","isPartOf":{"@id":"https:\/\/rothschenk.de\/#website"},"primaryImageOfPage":{"@id":"https:\/\/rothschenk.de\/produkt\/abrollwagen-fuer-umreifungsband-kern-o-76-mm\/#primaryimage"},"image":{"@id":"https:\/\/rothschenk.de\/produkt\/abrollwagen-fuer-umreifungsband-kern-o-76-mm\/#primaryimage"},"thumbnailUrl":"https:\/\/rothschenk.de\/wp-content\/uploads\/2023\/11\/17212_Abroller_fuer_Band_Kern_76__2_-removebg-2.jpg","datePublished":"2023-05-17T21:00:21+00:00","dateModified":"2025-10-31T09:15:40+00:00","description":"Abrollwagen Umreifungsband - Geeignet f\u00fcr Rollen mit 76 mm Kerndurchmesser \u2714 Gummierter Tragegriff \u25ba Jetzt online bestellen!","breadcrumb":{"@id":"https:\/\/rothschenk.de\/produkt\/abrollwagen-fuer-umreifungsband-kern-o-76-mm\/#breadcrumb"},"inLanguage":"pl-PL","potentialAction":[{"@type":"ReadAction","target":["https:\/\/rothschenk.de\/produkt\/abrollwagen-fuer-umreifungsband-kern-o-76-mm\/"]}]},{"@type":"ImageObject","inLanguage":"pl-PL","@id":"https:\/\/rothschenk.de\/produkt\/abrollwagen-fuer-umreifungsband-kern-o-76-mm\/#primaryimage","url":"https:\/\/rothschenk.de\/wp-content\/uploads\/2023\/11\/17212_Abroller_fuer_Band_Kern_76__2_-removebg-2.jpg","contentUrl":"https:\/\/rothschenk.de\/wp-content\/uploads\/2023\/11\/17212_Abroller_fuer_Band_Kern_76__2_-removebg-2.jpg","width":1024,"height":1024,"caption":"Abrollwagen mit Ablagekasten"},{"@type":"BreadcrumbList","@id":"https:\/\/rothschenk.de\/produkt\/abrollwagen-fuer-umreifungsband-kern-o-76-mm\/#breadcrumb","itemListElement":[{"@type":"ListItem","position":1,"name":"Strona g\u0142\u00f3wna","item":"https:\/\/rothschenk.de\/pl\/strona-glowna\/"},{"@type":"ListItem","position":2,"name":"Shop","item":"https:\/\/rothschenk.de\/shop\/"},{"@type":"ListItem","position":3,"name":"Abrollwagen f\u00fcr Umreifungsband | Kern- \u00d8 76 mm"}]},{"@type":"WebSite","@id":"https:\/\/rothschenk.de\/#website","url":"https:\/\/rothschenk.de\/","name":"Rothschenk - Der Online Shop f\u00fcr Ladungssicherung","description":"Der Online Shop f\u00fcr Ladungssicherung","potentialAction":[{"@type":"SearchAction","target":{"@type":"EntryPoint","urlTemplate":"https:\/\/rothschenk.de\/?s={search_term_string}"},"query-input":{"@type":"PropertyValueSpecification","valueRequired":true,"valueName":"search_term_string"}}],"inLanguage":"pl-PL"}]},"product_price_amount":"58.99","product_price_currency":"EUR","og_availability":"out of stock","product_availability":"out of stock","product_retailer_item_id":"17212","product_condition":"new"},"_links":{"self":[{"href":"https:\/\/rothschenk.de\/pl\/wp-json\/wp\/v2\/product\/7858","targetHints":{"allow":["GET"]}}],"collection":[{"href":"https:\/\/rothschenk.de\/pl\/wp-json\/wp\/v2\/product"}],"about":[{"href":"https:\/\/rothschenk.de\/pl\/wp-json\/wp\/v2\/types\/product"}],"replies":[{"embeddable":true,"href":"https:\/\/rothschenk.de\/pl\/wp-json\/wp\/v2\/comments?post=7858"}],"wp:featuredmedia":[{"embeddable":true,"href":"https:\/\/rothschenk.de\/pl\/wp-json\/wp\/v2\/media\/84289"}],"wp:attachment":[{"href":"https:\/\/rothschenk.de\/pl\/wp-json\/wp\/v2\/media?parent=7858"}],"wp:term":[{"taxonomy":"product_brand","embeddable":true,"href":"https:\/\/rothschenk.de\/pl\/wp-json\/wp\/v2\/product_brand?post=7858"},{"taxonomy":"product_cat","embeddable":true,"href":"https:\/\/rothschenk.de\/pl\/wp-json\/wp\/v2\/product_cat?post=7858"},{"taxonomy":"product_tag","embeddable":true,"href":"https:\/\/rothschenk.de\/pl\/wp-json\/wp\/v2\/product_tag?post=7858"}],"curies":[{"name":"wp","href":"https:\/\/api.w.org\/{rel}","templated":true}]}}