{"id":7882,"date":"2022-12-30T22:00:42","date_gmt":"2022-12-30T21:00:42","guid":{"rendered":"https:\/\/rothschenk.de\/rothschenk-shop\/?post_type=product&#038;p=7882"},"modified":"2026-03-30T16:37:24","modified_gmt":"2026-03-30T14:37:24","slug":"container-trockenmittel-beutel-mit-haken-800g-12er-set","status":"publish","type":"product","link":"https:\/\/rothschenk.de\/pl\/produkt\/container-trockenmittel-beutel-mit-haken-800g-12er-set\/","title":{"rendered":"Container-Trockenmittel | Beutel mit Haken 800g | 12er Set"},"content":{"rendered":"<h3>Container-Trockenmittel | Beutel mit Haken 800g | 12er Set<\/h3>\n<p>Unser Container-Trockenmittel ist die ideale L\u00f6sung, um Feuchtigkeit und Kondensation in Containern effektiv zu bek\u00e4mpfen. Mit einem praktischen Haken ausgestattet, l\u00e4sst es sich leicht im Container aufh\u00e4ngen.<\/p>\n<p>Feuchtigkeit ist nach wie vor eine der Hauptursachen f\u00fcr Sch\u00e4den an Waren, die in Containern transportiert werden. Dies wird durch steigende Temperaturen und extreme Klimaschwankungen noch verst\u00e4rkt. Trockenmittel sind eine wirksame L\u00f6sung, um Feuchtigkeit zu binden und Sch\u00e4den zu verhindern, sodass Ihre Ladung w\u00e4hrend des Transports in einem optimal trockenen Zustand bleibt. Der gesamte Beutel enth\u00e4lt 800 g Trockenmittel.<\/p>\n<p>Die Anzahl der zu verwendenden Beutel ist in erster Linie abh\u00e4ngig von der Art der Ladung, dem zur Verf\u00fcgung stehenden Raum (Luft), der Bef\u00f6rderungsdauer und den Bef\u00f6rderungsklimabedingungen.<\/p>\n<p>&nbsp;<\/p>\n","protected":false},"excerpt":{"rendered":"<p>Container-Trockenmittel | Beutel mit Haken 800g | 12er Set Unser Container-Trockenmittel ist die ideale L\u00f6sung, um Feuchtigkeit und Kondensation in Containern effektiv zu bek\u00e4mpfen. Mit einem praktischen Haken ausgestattet, l\u00e4sst es sich leicht im Container aufh\u00e4ngen. Feuchtigkeit ist nach wie vor eine der Hauptursachen f\u00fcr Sch\u00e4den an Waren, die in Containern transportiert werden. Dies wird [&hellip;]<\/p>\n","protected":false},"featured_media":14801,"comment_status":"open","ping_status":"closed","template":"","meta":{"_acf_changed":false},"product_brand":[],"product_cat":[84,79],"product_tag":[],"class_list":{"0":"post-7882","1":"product","2":"type-product","3":"status-publish","4":"has-post-thumbnail","6":"product_cat-trockenmittel","7":"product_cat-zubehoer","9":"first","10":"onbackorder","11":"taxable","12":"shipping-taxable","13":"purchasable","14":"product-type-simple"},"acf":[],"yoast_head":"<!-- This site is optimized with the Yoast SEO plugin v27.4 - https:\/\/yoast.com\/product\/yoast-seo-wordpress\/ -->\n<title>Container-Trockenmittel | Beutel mit Haken 800g | 12er Set - Rothschenk<\/title>\n<meta name=\"description\" content=\"Container-Trockenmittel \u25b6 Zum Aufh\u00e4ngen in den Zurr\u00f6sen \u2714 Zertifizierte Qualit\u00e4t aus Deutschland \u25b6 Jetzt bei Rothschenk bestellen!\" \/>\n<meta name=\"robots\" content=\"index, follow, max-snippet:-1, max-image-preview:large, max-video-preview:-1\" \/>\n<link rel=\"canonical\" href=\"https:\/\/rothschenk.de\/produkt\/container-trockenmittel-beutel-mit-haken-800g-12er-set\/\" \/>\n<meta property=\"og:locale\" content=\"pl_PL\" \/>\n<meta property=\"og:type\" content=\"article\" \/>\n<meta property=\"og:title\" content=\"Container-Trockenmittel | Beutel mit Haken 800g | 12er Set - Rothschenk\" \/>\n<meta property=\"og:description\" content=\"Container-Trockenmittel \u25b6 Zum Aufh\u00e4ngen in den Zurr\u00f6sen \u2714 Zertifizierte Qualit\u00e4t aus Deutschland \u25b6 Jetzt bei Rothschenk bestellen!\" \/>\n<meta property=\"og:url\" content=\"https:\/\/rothschenk.de\/produkt\/container-trockenmittel-beutel-mit-haken-800g-12er-set\/\" \/>\n<meta property=\"og:site_name\" content=\"Rothschenk\" \/>\n<meta property=\"article:publisher\" content=\"https:\/\/de-de.facebook.com\/FirmaRothschenk\/\" \/>\n<meta property=\"article:modified_time\" content=\"2026-03-30T14:37:24+00:00\" \/>\n<meta property=\"og:image\" content=\"https:\/\/rothschenk.de\/wp-content\/uploads\/2023\/06\/25566_Trockenmittel_Beutel_800g_neu.jpg\" \/>\n\t<meta property=\"og:image:width\" content=\"1024\" \/>\n\t<meta property=\"og:image:height\" content=\"1024\" \/>\n\t<meta property=\"og:image:type\" content=\"image\/jpeg\" \/>\n<meta name=\"twitter:card\" content=\"summary_large_image\" \/>\n<meta name=\"twitter:label1\" content=\"Cena\" \/>\n\t<meta name=\"twitter:data1\" content=\"105,48&nbsp;&euro;\" \/>\n\t<meta name=\"twitter:label2\" content=\"Dost\u0119pno\u015b\u0107\" \/>\n\t<meta name=\"twitter:data2\" content=\"Na zam\u00f3wienie\" \/>\n<script type=\"application\/ld+json\" class=\"yoast-schema-graph\">{\"@context\":\"https:\\\/\\\/schema.org\",\"@graph\":[{\"@type\":\"WebPage\",\"@id\":\"https:\\\/\\\/rothschenk.de\\\/produkt\\\/container-trockenmittel-beutel-mit-haken-800g-12er-set\\\/\",\"url\":\"https:\\\/\\\/rothschenk.de\\\/produkt\\\/container-trockenmittel-beutel-mit-haken-800g-12er-set\\\/\",\"name\":\"Container-Trockenmittel | Beutel mit Haken 800g | 12er Set - Rothschenk\",\"isPartOf\":{\"@id\":\"https:\\\/\\\/rothschenk.de\\\/#website\"},\"primaryImageOfPage\":{\"@id\":\"https:\\\/\\\/rothschenk.de\\\/produkt\\\/container-trockenmittel-beutel-mit-haken-800g-12er-set\\\/#primaryimage\"},\"image\":{\"@id\":\"https:\\\/\\\/rothschenk.de\\\/produkt\\\/container-trockenmittel-beutel-mit-haken-800g-12er-set\\\/#primaryimage\"},\"thumbnailUrl\":\"https:\\\/\\\/rothschenk.de\\\/wp-content\\\/uploads\\\/2023\\\/06\\\/25566_Trockenmittel_Beutel_800g_neu.jpg\",\"datePublished\":\"2022-12-30T21:00:42+00:00\",\"dateModified\":\"2026-03-30T14:37:24+00:00\",\"description\":\"Container-Trockenmittel \u25b6 Zum Aufh\u00e4ngen in den Zurr\u00f6sen \u2714 Zertifizierte Qualit\u00e4t aus Deutschland \u25b6 Jetzt bei Rothschenk bestellen!\",\"breadcrumb\":{\"@id\":\"https:\\\/\\\/rothschenk.de\\\/produkt\\\/container-trockenmittel-beutel-mit-haken-800g-12er-set\\\/#breadcrumb\"},\"inLanguage\":\"pl-PL\",\"potentialAction\":[{\"@type\":\"ReadAction\",\"target\":[\"https:\\\/\\\/rothschenk.de\\\/produkt\\\/container-trockenmittel-beutel-mit-haken-800g-12er-set\\\/\"]}]},{\"@type\":\"ImageObject\",\"inLanguage\":\"pl-PL\",\"@id\":\"https:\\\/\\\/rothschenk.de\\\/produkt\\\/container-trockenmittel-beutel-mit-haken-800g-12er-set\\\/#primaryimage\",\"url\":\"https:\\\/\\\/rothschenk.de\\\/wp-content\\\/uploads\\\/2023\\\/06\\\/25566_Trockenmittel_Beutel_800g_neu.jpg\",\"contentUrl\":\"https:\\\/\\\/rothschenk.de\\\/wp-content\\\/uploads\\\/2023\\\/06\\\/25566_Trockenmittel_Beutel_800g_neu.jpg\",\"width\":1024,\"height\":1024,\"caption\":\"Trockenmittelbeutel f\u00fcr Container\"},{\"@type\":\"BreadcrumbList\",\"@id\":\"https:\\\/\\\/rothschenk.de\\\/produkt\\\/container-trockenmittel-beutel-mit-haken-800g-12er-set\\\/#breadcrumb\",\"itemListElement\":[{\"@type\":\"ListItem\",\"position\":1,\"name\":\"Strona g\u0142\u00f3wna\",\"item\":\"https:\\\/\\\/rothschenk.de\\\/pl\\\/strona-glowna\\\/\"},{\"@type\":\"ListItem\",\"position\":2,\"name\":\"Shop\",\"item\":\"https:\\\/\\\/rothschenk.de\\\/shop\\\/\"},{\"@type\":\"ListItem\",\"position\":3,\"name\":\"Container-Trockenmittel | Beutel mit Haken 800g | 12er Set\"}]},{\"@type\":\"WebSite\",\"@id\":\"https:\\\/\\\/rothschenk.de\\\/#website\",\"url\":\"https:\\\/\\\/rothschenk.de\\\/\",\"name\":\"Rothschenk - Der Online Shop f\u00fcr Ladungssicherung\",\"description\":\"Der Online Shop f\u00fcr Ladungssicherung\",\"potentialAction\":[{\"@type\":\"SearchAction\",\"target\":{\"@type\":\"EntryPoint\",\"urlTemplate\":\"https:\\\/\\\/rothschenk.de\\\/?s={search_term_string}\"},\"query-input\":{\"@type\":\"PropertyValueSpecification\",\"valueRequired\":true,\"valueName\":\"search_term_string\"}}],\"inLanguage\":\"pl-PL\"}]}<\/script>\n<meta property=\"product:price:amount\" content=\"105.48\" \/>\n<meta property=\"product:price:currency\" content=\"EUR\" \/>\n<meta property=\"og:availability\" content=\"backorder\" \/>\n<meta property=\"product:availability\" content=\"available for order\" \/>\n<meta property=\"product:retailer_item_id\" content=\"25566-PAK\" \/>\n<meta property=\"product:condition\" content=\"new\" \/>\n<!-- \/ Yoast SEO plugin. -->","yoast_head_json":{"title":"Container-Trockenmittel | Beutel mit Haken 800g | 12er Set - Rothschenk","description":"Container-Trockenmittel \u25b6 Zum Aufh\u00e4ngen in den Zurr\u00f6sen \u2714 Zertifizierte Qualit\u00e4t aus Deutschland \u25b6 Jetzt bei Rothschenk bestellen!","robots":{"index":"index","follow":"follow","max-snippet":"max-snippet:-1","max-image-preview":"max-image-preview:large","max-video-preview":"max-video-preview:-1"},"canonical":"https:\/\/rothschenk.de\/produkt\/container-trockenmittel-beutel-mit-haken-800g-12er-set\/","og_locale":"pl_PL","og_type":"article","og_title":"Container-Trockenmittel | Beutel mit Haken 800g | 12er Set - Rothschenk","og_description":"Container-Trockenmittel \u25b6 Zum Aufh\u00e4ngen in den Zurr\u00f6sen \u2714 Zertifizierte Qualit\u00e4t aus Deutschland \u25b6 Jetzt bei Rothschenk bestellen!","og_url":"https:\/\/rothschenk.de\/produkt\/container-trockenmittel-beutel-mit-haken-800g-12er-set\/","og_site_name":"Rothschenk","article_publisher":"https:\/\/de-de.facebook.com\/FirmaRothschenk\/","article_modified_time":"2026-03-30T14:37:24+00:00","og_image":[{"width":1024,"height":1024,"url":"https:\/\/rothschenk.de\/wp-content\/uploads\/2023\/06\/25566_Trockenmittel_Beutel_800g_neu.jpg","type":"image\/jpeg"}],"twitter_card":"summary_large_image","twitter_misc":{"Cena":"105,48&nbsp;&euro;","Dost\u0119pno\u015b\u0107":"Na zam\u00f3wienie"},"schema":{"@context":"https:\/\/schema.org","@graph":[{"@type":"WebPage","@id":"https:\/\/rothschenk.de\/produkt\/container-trockenmittel-beutel-mit-haken-800g-12er-set\/","url":"https:\/\/rothschenk.de\/produkt\/container-trockenmittel-beutel-mit-haken-800g-12er-set\/","name":"Container-Trockenmittel | Beutel mit Haken 800g | 12er Set - Rothschenk","isPartOf":{"@id":"https:\/\/rothschenk.de\/#website"},"primaryImageOfPage":{"@id":"https:\/\/rothschenk.de\/produkt\/container-trockenmittel-beutel-mit-haken-800g-12er-set\/#primaryimage"},"image":{"@id":"https:\/\/rothschenk.de\/produkt\/container-trockenmittel-beutel-mit-haken-800g-12er-set\/#primaryimage"},"thumbnailUrl":"https:\/\/rothschenk.de\/wp-content\/uploads\/2023\/06\/25566_Trockenmittel_Beutel_800g_neu.jpg","datePublished":"2022-12-30T21:00:42+00:00","dateModified":"2026-03-30T14:37:24+00:00","description":"Container-Trockenmittel \u25b6 Zum Aufh\u00e4ngen in den Zurr\u00f6sen \u2714 Zertifizierte Qualit\u00e4t aus Deutschland \u25b6 Jetzt bei Rothschenk bestellen!","breadcrumb":{"@id":"https:\/\/rothschenk.de\/produkt\/container-trockenmittel-beutel-mit-haken-800g-12er-set\/#breadcrumb"},"inLanguage":"pl-PL","potentialAction":[{"@type":"ReadAction","target":["https:\/\/rothschenk.de\/produkt\/container-trockenmittel-beutel-mit-haken-800g-12er-set\/"]}]},{"@type":"ImageObject","inLanguage":"pl-PL","@id":"https:\/\/rothschenk.de\/produkt\/container-trockenmittel-beutel-mit-haken-800g-12er-set\/#primaryimage","url":"https:\/\/rothschenk.de\/wp-content\/uploads\/2023\/06\/25566_Trockenmittel_Beutel_800g_neu.jpg","contentUrl":"https:\/\/rothschenk.de\/wp-content\/uploads\/2023\/06\/25566_Trockenmittel_Beutel_800g_neu.jpg","width":1024,"height":1024,"caption":"Trockenmittelbeutel f\u00fcr Container"},{"@type":"BreadcrumbList","@id":"https:\/\/rothschenk.de\/produkt\/container-trockenmittel-beutel-mit-haken-800g-12er-set\/#breadcrumb","itemListElement":[{"@type":"ListItem","position":1,"name":"Strona g\u0142\u00f3wna","item":"https:\/\/rothschenk.de\/pl\/strona-glowna\/"},{"@type":"ListItem","position":2,"name":"Shop","item":"https:\/\/rothschenk.de\/shop\/"},{"@type":"ListItem","position":3,"name":"Container-Trockenmittel | Beutel mit Haken 800g | 12er Set"}]},{"@type":"WebSite","@id":"https:\/\/rothschenk.de\/#website","url":"https:\/\/rothschenk.de\/","name":"Rothschenk - Der Online Shop f\u00fcr Ladungssicherung","description":"Der Online Shop f\u00fcr Ladungssicherung","potentialAction":[{"@type":"SearchAction","target":{"@type":"EntryPoint","urlTemplate":"https:\/\/rothschenk.de\/?s={search_term_string}"},"query-input":{"@type":"PropertyValueSpecification","valueRequired":true,"valueName":"search_term_string"}}],"inLanguage":"pl-PL"}]},"product_price_amount":"105.48","product_price_currency":"EUR","og_availability":"backorder","product_availability":"available for order","product_retailer_item_id":"25566-PAK","product_condition":"new"},"_links":{"self":[{"href":"https:\/\/rothschenk.de\/pl\/wp-json\/wp\/v2\/product\/7882","targetHints":{"allow":["GET"]}}],"collection":[{"href":"https:\/\/rothschenk.de\/pl\/wp-json\/wp\/v2\/product"}],"about":[{"href":"https:\/\/rothschenk.de\/pl\/wp-json\/wp\/v2\/types\/product"}],"replies":[{"embeddable":true,"href":"https:\/\/rothschenk.de\/pl\/wp-json\/wp\/v2\/comments?post=7882"}],"wp:featuredmedia":[{"embeddable":true,"href":"https:\/\/rothschenk.de\/pl\/wp-json\/wp\/v2\/media\/14801"}],"wp:attachment":[{"href":"https:\/\/rothschenk.de\/pl\/wp-json\/wp\/v2\/media?parent=7882"}],"wp:term":[{"taxonomy":"product_brand","embeddable":true,"href":"https:\/\/rothschenk.de\/pl\/wp-json\/wp\/v2\/product_brand?post=7882"},{"taxonomy":"product_cat","embeddable":true,"href":"https:\/\/rothschenk.de\/pl\/wp-json\/wp\/v2\/product_cat?post=7882"},{"taxonomy":"product_tag","embeddable":true,"href":"https:\/\/rothschenk.de\/pl\/wp-json\/wp\/v2\/product_tag?post=7882"}],"curies":[{"name":"wp","href":"https:\/\/api.w.org\/{rel}","templated":true}]}}