{"id":79044,"date":"2023-06-23T10:30:54","date_gmt":"2023-06-23T08:30:54","guid":{"rendered":"https:\/\/rothschenk.de\/rothschenk-shop\/?post_type=product&#038;p=79044"},"modified":"2026-04-07T10:39:42","modified_gmt":"2026-04-07T08:39:42","slug":"dynello-clip-spanngurt-klammer-25-mm","status":"publish","type":"product","link":"https:\/\/rothschenk.de\/pl\/produkt\/dynello-clip-spanngurt-klammer-25-mm\/","title":{"rendered":"Dynello\u00ae Clip | Spanngurt Klammer | 25 mm | SET 4 Stk."},"content":{"rendered":"<h3>Dynello Clip | Spanngurt Klammer | 25 mm | SET 4 Stk.<\/h3>\n<p>Die Dynello Clips sind die Antwort auf Ihre Aufbewahrungsprobleme. Dieses innovative Produkt wurde entwickelt, um Ihre Spanngurte immer griffbereit und einsatzbereit zu halten, ohne l\u00e4stiges entwirren und verheddern. Der Dynello Clip ist aus robustem und korrosionsbest\u00e4ndigem Edelstahl gefertigt, was eine lange Lebensdauer garantiert. So k\u00f6nnen Sie sicher sein, dass Ihre Spanngurte unabh\u00e4ngig von den Umgebungsbedingungen in einwandfreiem Zustand bleiben.<br \/>\nDie Clips sind ideal f\u00fcr unsere Ergolash Zurrgurte geeignet, k\u00f6nnen aber auch f\u00fcr passende Gurtbandbreiten anderer Spanngurte verwendet werden. Achten Sie auf die Bestellung der richtigen Klammer f\u00fcr Ihre eingesetzte Gurtbandbreite.<\/p>\n<p>\u2714 Passend f\u00fcr Gurtb\u00e4nder mit 25 mm Breite<br \/>\n\u2714 Robuste Edelstahlkonstruktion<br \/>\n\u2714 Set bestehend aus 4 Klammern und 1 Gurtwickler<\/p>\n<p><strong>Neue, verbesserte Version des DYNELLO\u00ae Clip 25 mm \u2013 Jetzt mit integriertem Gurtwickler!<\/strong><\/p>\n<p>Rollen Sie Ihre 25 mm breiten Gurtb\u00e4nder mit dem integrierten Gurtwickler direkt im DYNELLO\u00ae Clip auf. Der neue DYNELLO\u00ae Clip 25 mm ist ein innovativer Gurtaufroller und eine Gurtklemme in einem Produkt.<\/p>\n<p>Der Gurtwickler kann sowohl manuell per Hand als auch mit einer kleinen Akkubohrmaschine, die mit einem Standard-Sechskant-Bit kompatibel ist, gedreht werden. Die kleinen Gurtb\u00e4nder k\u00f6nnen so in nur wenigen Sekunden aufgewickelt werden. Um die Aufbewahrung des Gurtwicklers zu erleichtern, lassen Sie ihn in einem der DYNELLO\u00ae-Clips, damit er nicht verloren geht.<\/p>\n","protected":false},"excerpt":{"rendered":"<p>Dynello Clip | Spanngurt Klammer | 25 mm | SET 4 Stk. Die Dynello Clips sind die Antwort auf Ihre Aufbewahrungsprobleme. Dieses innovative Produkt wurde entwickelt, um Ihre Spanngurte immer griffbereit und einsatzbereit zu halten, ohne l\u00e4stiges entwirren und verheddern. Der Dynello Clip ist aus robustem und korrosionsbest\u00e4ndigem Edelstahl gefertigt, was eine lange Lebensdauer garantiert. [&hellip;]<\/p>\n","protected":false},"featured_media":479188,"comment_status":"open","ping_status":"closed","template":"","meta":{"_acf_changed":false},"product_brand":[],"product_cat":[79,168],"product_tag":[],"class_list":{"0":"post-79044","1":"product","2":"type-product","3":"status-publish","4":"has-post-thumbnail","6":"product_cat-zubehoer","7":"product_cat-zurrgurt-zubehoer","9":"first","10":"instock","11":"taxable","12":"shipping-taxable","13":"purchasable","14":"product-type-simple"},"acf":[],"yoast_head":"<!-- This site is optimized with the Yoast SEO plugin v27.4 - https:\/\/yoast.com\/product\/yoast-seo-wordpress\/ -->\n<title>Dynello\u00ae Clip | Spanngurt Klammer | 25 mm | SET 4 Stk. - Rothschenk<\/title>\n<meta name=\"description\" content=\"Dynello Clip f\u00fcr Spanngurte - F\u00fcr 25 mm, 35 mm und 50 mm Gurtbandbreite erh\u00e4ltlich \u2713 Ordnung f\u00fcr Zurrgurte \u25ba Jetzt bei Rothschenk bestellen!\" \/>\n<meta name=\"robots\" content=\"index, follow, max-snippet:-1, max-image-preview:large, max-video-preview:-1\" \/>\n<link rel=\"canonical\" href=\"https:\/\/rothschenk.de\/pl\/produkt\/dynello-clip-spanngurt-klammer-25-mm\/\" \/>\n<meta property=\"og:locale\" content=\"pl_PL\" \/>\n<meta property=\"og:type\" content=\"article\" \/>\n<meta property=\"og:title\" content=\"Dynello\u00ae Clip | Spanngurt Klammer | 25 mm | SET 4 Stk. - Rothschenk\" \/>\n<meta property=\"og:description\" content=\"Dynello Clip f\u00fcr Spanngurte - F\u00fcr 25 mm, 35 mm und 50 mm Gurtbandbreite erh\u00e4ltlich \u2713 Ordnung f\u00fcr Zurrgurte \u25ba Jetzt bei Rothschenk bestellen!\" \/>\n<meta property=\"og:url\" content=\"https:\/\/rothschenk.de\/pl\/produkt\/dynello-clip-spanngurt-klammer-25-mm\/\" \/>\n<meta property=\"og:site_name\" content=\"Rothschenk\" \/>\n<meta property=\"article:publisher\" content=\"https:\/\/de-de.facebook.com\/FirmaRothschenk\/\" \/>\n<meta property=\"article:modified_time\" content=\"2026-04-07T08:39:42+00:00\" \/>\n<meta property=\"og:image\" content=\"https:\/\/rothschenk.de\/wp-content\/uploads\/2023\/06\/dynello-clip-25mm-and-winder_17.webp\" \/>\n\t<meta property=\"og:image:width\" content=\"600\" \/>\n\t<meta property=\"og:image:height\" content=\"600\" \/>\n\t<meta property=\"og:image:type\" content=\"image\/webp\" \/>\n<meta name=\"twitter:card\" content=\"summary_large_image\" \/>\n<meta name=\"twitter:label1\" content=\"Cena\" \/>\n\t<meta name=\"twitter:data1\" content=\"14,90&nbsp;&euro;\" \/>\n\t<meta name=\"twitter:label2\" content=\"Dost\u0119pno\u015b\u0107\" \/>\n\t<meta name=\"twitter:data2\" content=\"Dost\u0119pny\" \/>\n<script type=\"application\/ld+json\" class=\"yoast-schema-graph\">{\"@context\":\"https:\\\/\\\/schema.org\",\"@graph\":[{\"@type\":\"WebPage\",\"@id\":\"https:\\\/\\\/rothschenk.de\\\/pl\\\/produkt\\\/dynello-clip-spanngurt-klammer-25-mm\\\/\",\"url\":\"https:\\\/\\\/rothschenk.de\\\/pl\\\/produkt\\\/dynello-clip-spanngurt-klammer-25-mm\\\/\",\"name\":\"Dynello\u00ae Clip | Spanngurt Klammer | 25 mm | SET 4 Stk. - Rothschenk\",\"isPartOf\":{\"@id\":\"https:\\\/\\\/rothschenk.de\\\/pl\\\/#website\"},\"primaryImageOfPage\":{\"@id\":\"https:\\\/\\\/rothschenk.de\\\/pl\\\/produkt\\\/dynello-clip-spanngurt-klammer-25-mm\\\/#primaryimage\"},\"image\":{\"@id\":\"https:\\\/\\\/rothschenk.de\\\/pl\\\/produkt\\\/dynello-clip-spanngurt-klammer-25-mm\\\/#primaryimage\"},\"thumbnailUrl\":\"https:\\\/\\\/rothschenk.de\\\/wp-content\\\/uploads\\\/2023\\\/06\\\/dynello-clip-25mm-and-winder_17.webp\",\"datePublished\":\"2023-06-23T08:30:54+00:00\",\"dateModified\":\"2026-04-07T08:39:42+00:00\",\"description\":\"Dynello Clip f\u00fcr Spanngurte - F\u00fcr 25 mm, 35 mm und 50 mm Gurtbandbreite erh\u00e4ltlich \u2713 Ordnung f\u00fcr Zurrgurte \u25ba Jetzt bei Rothschenk bestellen!\",\"breadcrumb\":{\"@id\":\"https:\\\/\\\/rothschenk.de\\\/pl\\\/produkt\\\/dynello-clip-spanngurt-klammer-25-mm\\\/#breadcrumb\"},\"inLanguage\":\"pl-PL\",\"potentialAction\":[{\"@type\":\"ReadAction\",\"target\":[\"https:\\\/\\\/rothschenk.de\\\/pl\\\/produkt\\\/dynello-clip-spanngurt-klammer-25-mm\\\/\"]}]},{\"@type\":\"ImageObject\",\"inLanguage\":\"pl-PL\",\"@id\":\"https:\\\/\\\/rothschenk.de\\\/pl\\\/produkt\\\/dynello-clip-spanngurt-klammer-25-mm\\\/#primaryimage\",\"url\":\"https:\\\/\\\/rothschenk.de\\\/wp-content\\\/uploads\\\/2023\\\/06\\\/dynello-clip-25mm-and-winder_17.webp\",\"contentUrl\":\"https:\\\/\\\/rothschenk.de\\\/wp-content\\\/uploads\\\/2023\\\/06\\\/dynello-clip-25mm-and-winder_17.webp\",\"width\":600,\"height\":600,\"caption\":\"Dynello Klammern f\u00fcr Spanngurte\"},{\"@type\":\"BreadcrumbList\",\"@id\":\"https:\\\/\\\/rothschenk.de\\\/pl\\\/produkt\\\/dynello-clip-spanngurt-klammer-25-mm\\\/#breadcrumb\",\"itemListElement\":[{\"@type\":\"ListItem\",\"position\":1,\"name\":\"Strona g\u0142\u00f3wna\",\"item\":\"https:\\\/\\\/rothschenk.de\\\/pl\\\/strona-glowna\\\/\"},{\"@type\":\"ListItem\",\"position\":2,\"name\":\"Shop\",\"item\":\"https:\\\/\\\/rothschenk.de\\\/shop\\\/\"},{\"@type\":\"ListItem\",\"position\":3,\"name\":\"Dynello\u00ae Clip | Spanngurt Klammer | 25 mm | SET 4 Stk.\"}]},{\"@type\":\"WebSite\",\"@id\":\"https:\\\/\\\/rothschenk.de\\\/pl\\\/#website\",\"url\":\"https:\\\/\\\/rothschenk.de\\\/pl\\\/\",\"name\":\"Rothschenk - Der Online Shop f\u00fcr Ladungssicherung\",\"description\":\"Der Online Shop f\u00fcr Ladungssicherung\",\"potentialAction\":[{\"@type\":\"SearchAction\",\"target\":{\"@type\":\"EntryPoint\",\"urlTemplate\":\"https:\\\/\\\/rothschenk.de\\\/pl\\\/?s={search_term_string}\"},\"query-input\":{\"@type\":\"PropertyValueSpecification\",\"valueRequired\":true,\"valueName\":\"search_term_string\"}}],\"inLanguage\":\"pl-PL\"}]}<\/script>\n<meta property=\"product:price:amount\" content=\"14.90\" \/>\n<meta property=\"product:price:currency\" content=\"EUR\" \/>\n<meta property=\"og:availability\" content=\"instock\" \/>\n<meta property=\"product:availability\" content=\"instock\" \/>\n<meta property=\"product:retailer_item_id\" content=\"26090\" \/>\n<meta property=\"product:condition\" content=\"new\" \/>\n<!-- \/ Yoast SEO plugin. -->","yoast_head_json":{"title":"Dynello\u00ae Clip | Spanngurt Klammer | 25 mm | SET 4 Stk. - Rothschenk","description":"Dynello Clip f\u00fcr Spanngurte - F\u00fcr 25 mm, 35 mm und 50 mm Gurtbandbreite erh\u00e4ltlich \u2713 Ordnung f\u00fcr Zurrgurte \u25ba Jetzt bei Rothschenk bestellen!","robots":{"index":"index","follow":"follow","max-snippet":"max-snippet:-1","max-image-preview":"max-image-preview:large","max-video-preview":"max-video-preview:-1"},"canonical":"https:\/\/rothschenk.de\/pl\/produkt\/dynello-clip-spanngurt-klammer-25-mm\/","og_locale":"pl_PL","og_type":"article","og_title":"Dynello\u00ae Clip | Spanngurt Klammer | 25 mm | SET 4 Stk. - Rothschenk","og_description":"Dynello Clip f\u00fcr Spanngurte - F\u00fcr 25 mm, 35 mm und 50 mm Gurtbandbreite erh\u00e4ltlich \u2713 Ordnung f\u00fcr Zurrgurte \u25ba Jetzt bei Rothschenk bestellen!","og_url":"https:\/\/rothschenk.de\/pl\/produkt\/dynello-clip-spanngurt-klammer-25-mm\/","og_site_name":"Rothschenk","article_publisher":"https:\/\/de-de.facebook.com\/FirmaRothschenk\/","article_modified_time":"2026-04-07T08:39:42+00:00","og_image":[{"width":600,"height":600,"url":"https:\/\/rothschenk.de\/wp-content\/uploads\/2023\/06\/dynello-clip-25mm-and-winder_17.webp","type":"image\/webp"}],"twitter_card":"summary_large_image","twitter_misc":{"Cena":"14,90&nbsp;&euro;","Dost\u0119pno\u015b\u0107":"Dost\u0119pny"},"schema":{"@context":"https:\/\/schema.org","@graph":[{"@type":"WebPage","@id":"https:\/\/rothschenk.de\/pl\/produkt\/dynello-clip-spanngurt-klammer-25-mm\/","url":"https:\/\/rothschenk.de\/pl\/produkt\/dynello-clip-spanngurt-klammer-25-mm\/","name":"Dynello\u00ae Clip | Spanngurt Klammer | 25 mm | SET 4 Stk. - Rothschenk","isPartOf":{"@id":"https:\/\/rothschenk.de\/pl\/#website"},"primaryImageOfPage":{"@id":"https:\/\/rothschenk.de\/pl\/produkt\/dynello-clip-spanngurt-klammer-25-mm\/#primaryimage"},"image":{"@id":"https:\/\/rothschenk.de\/pl\/produkt\/dynello-clip-spanngurt-klammer-25-mm\/#primaryimage"},"thumbnailUrl":"https:\/\/rothschenk.de\/wp-content\/uploads\/2023\/06\/dynello-clip-25mm-and-winder_17.webp","datePublished":"2023-06-23T08:30:54+00:00","dateModified":"2026-04-07T08:39:42+00:00","description":"Dynello Clip f\u00fcr Spanngurte - F\u00fcr 25 mm, 35 mm und 50 mm Gurtbandbreite erh\u00e4ltlich \u2713 Ordnung f\u00fcr Zurrgurte \u25ba Jetzt bei Rothschenk bestellen!","breadcrumb":{"@id":"https:\/\/rothschenk.de\/pl\/produkt\/dynello-clip-spanngurt-klammer-25-mm\/#breadcrumb"},"inLanguage":"pl-PL","potentialAction":[{"@type":"ReadAction","target":["https:\/\/rothschenk.de\/pl\/produkt\/dynello-clip-spanngurt-klammer-25-mm\/"]}]},{"@type":"ImageObject","inLanguage":"pl-PL","@id":"https:\/\/rothschenk.de\/pl\/produkt\/dynello-clip-spanngurt-klammer-25-mm\/#primaryimage","url":"https:\/\/rothschenk.de\/wp-content\/uploads\/2023\/06\/dynello-clip-25mm-and-winder_17.webp","contentUrl":"https:\/\/rothschenk.de\/wp-content\/uploads\/2023\/06\/dynello-clip-25mm-and-winder_17.webp","width":600,"height":600,"caption":"Dynello Klammern f\u00fcr Spanngurte"},{"@type":"BreadcrumbList","@id":"https:\/\/rothschenk.de\/pl\/produkt\/dynello-clip-spanngurt-klammer-25-mm\/#breadcrumb","itemListElement":[{"@type":"ListItem","position":1,"name":"Strona g\u0142\u00f3wna","item":"https:\/\/rothschenk.de\/pl\/strona-glowna\/"},{"@type":"ListItem","position":2,"name":"Shop","item":"https:\/\/rothschenk.de\/shop\/"},{"@type":"ListItem","position":3,"name":"Dynello\u00ae Clip | Spanngurt Klammer | 25 mm | SET 4 Stk."}]},{"@type":"WebSite","@id":"https:\/\/rothschenk.de\/pl\/#website","url":"https:\/\/rothschenk.de\/pl\/","name":"Rothschenk - Der Online Shop f\u00fcr Ladungssicherung","description":"Der Online Shop f\u00fcr Ladungssicherung","potentialAction":[{"@type":"SearchAction","target":{"@type":"EntryPoint","urlTemplate":"https:\/\/rothschenk.de\/pl\/?s={search_term_string}"},"query-input":{"@type":"PropertyValueSpecification","valueRequired":true,"valueName":"search_term_string"}}],"inLanguage":"pl-PL"}]},"product_price_amount":"14.90","product_price_currency":"EUR","og_availability":"instock","product_availability":"instock","product_retailer_item_id":"26090","product_condition":"new"},"_links":{"self":[{"href":"https:\/\/rothschenk.de\/pl\/wp-json\/wp\/v2\/product\/79044","targetHints":{"allow":["GET"]}}],"collection":[{"href":"https:\/\/rothschenk.de\/pl\/wp-json\/wp\/v2\/product"}],"about":[{"href":"https:\/\/rothschenk.de\/pl\/wp-json\/wp\/v2\/types\/product"}],"replies":[{"embeddable":true,"href":"https:\/\/rothschenk.de\/pl\/wp-json\/wp\/v2\/comments?post=79044"}],"wp:featuredmedia":[{"embeddable":true,"href":"https:\/\/rothschenk.de\/pl\/wp-json\/wp\/v2\/media\/479188"}],"wp:attachment":[{"href":"https:\/\/rothschenk.de\/pl\/wp-json\/wp\/v2\/media?parent=79044"}],"wp:term":[{"taxonomy":"product_brand","embeddable":true,"href":"https:\/\/rothschenk.de\/pl\/wp-json\/wp\/v2\/product_brand?post=79044"},{"taxonomy":"product_cat","embeddable":true,"href":"https:\/\/rothschenk.de\/pl\/wp-json\/wp\/v2\/product_cat?post=79044"},{"taxonomy":"product_tag","embeddable":true,"href":"https:\/\/rothschenk.de\/pl\/wp-json\/wp\/v2\/product_tag?post=79044"}],"curies":[{"name":"wp","href":"https:\/\/api.w.org\/{rel}","templated":true}]}}