{"id":79241,"date":"2023-06-23T10:50:52","date_gmt":"2023-06-23T08:50:52","guid":{"rendered":"https:\/\/rothschenk.de\/rothschenk-shop\/?post_type=product&#038;p=79241"},"modified":"2026-03-24T07:01:50","modified_gmt":"2026-03-24T06:01:50","slug":"dynello-clip-spanngurt-klammer-50-mm","status":"publish","type":"product","link":"https:\/\/rothschenk.de\/pl\/produkt\/dynello-clip-spanngurt-klammer-50-mm\/","title":{"rendered":"Dynello\u00ae Clip | Spanngurt Klammer | 50 mm"},"content":{"rendered":"<h3>Dynello Clip | Spanngurt Klammer | 50 mm<\/h3>\n<p>Die Dynello Clips sind die Antwort auf Ihre Aufbewahrungsprobleme. Dieses innovative Produkt wurde entwickelt, um Ihre Spanngurte immer griffbereit und einsatzbereit zu halten, ohne l\u00e4stiges entwirren und verheddern. Der Dynello Clip ist aus robustem und korrosionsbest\u00e4ndigem Edelstahl gefertigt, was eine lange Lebensdauer garantiert. So k\u00f6nnen Sie sicher sein, dass Ihre Spanngurte unabh\u00e4ngig von den Umgebungsbedingungen in einwandfreiem Zustand bleiben.<br \/>\nDie Clips sind ideal f\u00fcr unsere Ergolash Zurrgurte geeignet, k\u00f6nnen aber auch f\u00fcr passende Gurtbandbreiten anderer Spanngurte verwendet werden. Achten Sie auf die Bestellung der richtigen Klammer f\u00fcr Ihre eingesetzte Gurtbandbreite.<\/p>\n","protected":false},"excerpt":{"rendered":"<p>Dynello Clip | Spanngurt Klammer | 50 mm Die Dynello Clips sind die Antwort auf Ihre Aufbewahrungsprobleme. Dieses innovative Produkt wurde entwickelt, um Ihre Spanngurte immer griffbereit und einsatzbereit zu halten, ohne l\u00e4stiges entwirren und verheddern. Der Dynello Clip ist aus robustem und korrosionsbest\u00e4ndigem Edelstahl gefertigt, was eine lange Lebensdauer garantiert. So k\u00f6nnen Sie sicher [&hellip;]<\/p>\n","protected":false},"featured_media":79113,"comment_status":"open","ping_status":"closed","template":"","meta":{"_acf_changed":false},"product_brand":[],"product_cat":[79,168],"product_tag":[],"class_list":{"0":"post-79241","1":"product","2":"type-product","3":"status-publish","4":"has-post-thumbnail","6":"product_cat-zubehoer","7":"product_cat-zurrgurt-zubehoer","9":"first","10":"instock","11":"taxable","12":"shipping-taxable","13":"purchasable","14":"product-type-simple"},"acf":[],"yoast_head":"<!-- This site is optimized with the Yoast SEO plugin v27.3 - https:\/\/yoast.com\/product\/yoast-seo-wordpress\/ -->\n<title>Dynello\u00ae Clip | Spanngurt Klammer | 50 mm - Rothschenk<\/title>\n<meta name=\"description\" content=\"Dynello Clip f\u00fcr Spanngurte - F\u00fcr 25 mm, 35 mm und 50 mm Gurtbandbreite erh\u00e4ltlich \u2713 Ordnung f\u00fcr Zurrgurte \u25ba Jetzt bei Rothschenk bestellen!\" \/>\n<meta name=\"robots\" content=\"index, follow, max-snippet:-1, max-image-preview:large, max-video-preview:-1\" \/>\n<link rel=\"canonical\" href=\"https:\/\/rothschenk.de\/produkt\/dynello-clip-spanngurt-klammer-50-mm\/\" \/>\n<meta property=\"og:locale\" content=\"pl_PL\" \/>\n<meta property=\"og:type\" content=\"article\" \/>\n<meta property=\"og:title\" content=\"Dynello\u00ae Clip | Spanngurt Klammer | 50 mm - Rothschenk\" \/>\n<meta property=\"og:description\" content=\"Dynello Clip f\u00fcr Spanngurte - F\u00fcr 25 mm, 35 mm und 50 mm Gurtbandbreite erh\u00e4ltlich \u2713 Ordnung f\u00fcr Zurrgurte \u25ba Jetzt bei Rothschenk bestellen!\" \/>\n<meta property=\"og:url\" content=\"https:\/\/rothschenk.de\/produkt\/dynello-clip-spanngurt-klammer-50-mm\/\" \/>\n<meta property=\"og:site_name\" content=\"Rothschenk\" \/>\n<meta property=\"article:publisher\" content=\"https:\/\/de-de.facebook.com\/FirmaRothschenk\/\" \/>\n<meta property=\"article:modified_time\" content=\"2026-03-24T06:01:50+00:00\" \/>\n<meta property=\"og:image\" content=\"https:\/\/rothschenk.de\/wp-content\/uploads\/2023\/11\/dynello-clip-35mm1.png\" \/>\n\t<meta property=\"og:image:width\" content=\"1280\" \/>\n\t<meta property=\"og:image:height\" content=\"1280\" \/>\n\t<meta property=\"og:image:type\" content=\"image\/png\" \/>\n<meta name=\"twitter:card\" content=\"summary_large_image\" \/>\n<meta name=\"twitter:label1\" content=\"Cena\" \/>\n\t<meta name=\"twitter:data1\" content=\"2,82&nbsp;&euro;\" \/>\n\t<meta name=\"twitter:label2\" content=\"Dost\u0119pno\u015b\u0107\" \/>\n\t<meta name=\"twitter:data2\" content=\"Dost\u0119pny\" \/>\n<script type=\"application\/ld+json\" class=\"yoast-schema-graph\">{\"@context\":\"https:\\\/\\\/schema.org\",\"@graph\":[{\"@type\":\"WebPage\",\"@id\":\"https:\\\/\\\/rothschenk.de\\\/produkt\\\/dynello-clip-spanngurt-klammer-50-mm\\\/\",\"url\":\"https:\\\/\\\/rothschenk.de\\\/produkt\\\/dynello-clip-spanngurt-klammer-50-mm\\\/\",\"name\":\"Dynello\u00ae Clip | Spanngurt Klammer | 50 mm - Rothschenk\",\"isPartOf\":{\"@id\":\"https:\\\/\\\/rothschenk.de\\\/#website\"},\"primaryImageOfPage\":{\"@id\":\"https:\\\/\\\/rothschenk.de\\\/produkt\\\/dynello-clip-spanngurt-klammer-50-mm\\\/#primaryimage\"},\"image\":{\"@id\":\"https:\\\/\\\/rothschenk.de\\\/produkt\\\/dynello-clip-spanngurt-klammer-50-mm\\\/#primaryimage\"},\"thumbnailUrl\":\"https:\\\/\\\/rothschenk.de\\\/wp-content\\\/uploads\\\/2023\\\/11\\\/dynello-clip-35mm1.png\",\"datePublished\":\"2023-06-23T08:50:52+00:00\",\"dateModified\":\"2026-03-24T06:01:50+00:00\",\"description\":\"Dynello Clip f\u00fcr Spanngurte - F\u00fcr 25 mm, 35 mm und 50 mm Gurtbandbreite erh\u00e4ltlich \u2713 Ordnung f\u00fcr Zurrgurte \u25ba Jetzt bei Rothschenk bestellen!\",\"breadcrumb\":{\"@id\":\"https:\\\/\\\/rothschenk.de\\\/produkt\\\/dynello-clip-spanngurt-klammer-50-mm\\\/#breadcrumb\"},\"inLanguage\":\"pl-PL\",\"potentialAction\":[{\"@type\":\"ReadAction\",\"target\":[\"https:\\\/\\\/rothschenk.de\\\/produkt\\\/dynello-clip-spanngurt-klammer-50-mm\\\/\"]}]},{\"@type\":\"ImageObject\",\"inLanguage\":\"pl-PL\",\"@id\":\"https:\\\/\\\/rothschenk.de\\\/produkt\\\/dynello-clip-spanngurt-klammer-50-mm\\\/#primaryimage\",\"url\":\"https:\\\/\\\/rothschenk.de\\\/wp-content\\\/uploads\\\/2023\\\/11\\\/dynello-clip-35mm1.png\",\"contentUrl\":\"https:\\\/\\\/rothschenk.de\\\/wp-content\\\/uploads\\\/2023\\\/11\\\/dynello-clip-35mm1.png\",\"width\":1280,\"height\":1280,\"caption\":\"Dynello Clip f\u00fcr Spanngurte\"},{\"@type\":\"BreadcrumbList\",\"@id\":\"https:\\\/\\\/rothschenk.de\\\/produkt\\\/dynello-clip-spanngurt-klammer-50-mm\\\/#breadcrumb\",\"itemListElement\":[{\"@type\":\"ListItem\",\"position\":1,\"name\":\"Strona g\u0142\u00f3wna\",\"item\":\"https:\\\/\\\/rothschenk.de\\\/pl\\\/strona-glowna\\\/\"},{\"@type\":\"ListItem\",\"position\":2,\"name\":\"Shop\",\"item\":\"https:\\\/\\\/rothschenk.de\\\/shop\\\/\"},{\"@type\":\"ListItem\",\"position\":3,\"name\":\"Dynello\u00ae Clip | Spanngurt Klammer | 50 mm\"}]},{\"@type\":\"WebSite\",\"@id\":\"https:\\\/\\\/rothschenk.de\\\/#website\",\"url\":\"https:\\\/\\\/rothschenk.de\\\/\",\"name\":\"Rothschenk - Der Online Shop f\u00fcr Ladungssicherung\",\"description\":\"Der Online Shop f\u00fcr Ladungssicherung\",\"potentialAction\":[{\"@type\":\"SearchAction\",\"target\":{\"@type\":\"EntryPoint\",\"urlTemplate\":\"https:\\\/\\\/rothschenk.de\\\/?s={search_term_string}\"},\"query-input\":{\"@type\":\"PropertyValueSpecification\",\"valueRequired\":true,\"valueName\":\"search_term_string\"}}],\"inLanguage\":\"pl-PL\"}]}<\/script>\n<meta property=\"product:price:amount\" content=\"2.82\" \/>\n<meta property=\"product:price:currency\" content=\"EUR\" \/>\n<meta property=\"og:availability\" content=\"instock\" \/>\n<meta property=\"product:availability\" content=\"instock\" \/>\n<meta property=\"product:retailer_item_id\" content=\"26088\" \/>\n<meta property=\"product:condition\" content=\"new\" \/>\n<!-- \/ Yoast SEO plugin. -->","yoast_head_json":{"title":"Dynello\u00ae Clip | Spanngurt Klammer | 50 mm - Rothschenk","description":"Dynello Clip f\u00fcr Spanngurte - F\u00fcr 25 mm, 35 mm und 50 mm Gurtbandbreite erh\u00e4ltlich \u2713 Ordnung f\u00fcr Zurrgurte \u25ba Jetzt bei Rothschenk bestellen!","robots":{"index":"index","follow":"follow","max-snippet":"max-snippet:-1","max-image-preview":"max-image-preview:large","max-video-preview":"max-video-preview:-1"},"canonical":"https:\/\/rothschenk.de\/produkt\/dynello-clip-spanngurt-klammer-50-mm\/","og_locale":"pl_PL","og_type":"article","og_title":"Dynello\u00ae Clip | Spanngurt Klammer | 50 mm - Rothschenk","og_description":"Dynello Clip f\u00fcr Spanngurte - F\u00fcr 25 mm, 35 mm und 50 mm Gurtbandbreite erh\u00e4ltlich \u2713 Ordnung f\u00fcr Zurrgurte \u25ba Jetzt bei Rothschenk bestellen!","og_url":"https:\/\/rothschenk.de\/produkt\/dynello-clip-spanngurt-klammer-50-mm\/","og_site_name":"Rothschenk","article_publisher":"https:\/\/de-de.facebook.com\/FirmaRothschenk\/","article_modified_time":"2026-03-24T06:01:50+00:00","og_image":[{"width":1280,"height":1280,"url":"https:\/\/rothschenk.de\/wp-content\/uploads\/2023\/11\/dynello-clip-35mm1.png","type":"image\/png"}],"twitter_card":"summary_large_image","twitter_misc":{"Cena":"2,82&nbsp;&euro;","Dost\u0119pno\u015b\u0107":"Dost\u0119pny"},"schema":{"@context":"https:\/\/schema.org","@graph":[{"@type":"WebPage","@id":"https:\/\/rothschenk.de\/produkt\/dynello-clip-spanngurt-klammer-50-mm\/","url":"https:\/\/rothschenk.de\/produkt\/dynello-clip-spanngurt-klammer-50-mm\/","name":"Dynello\u00ae Clip | Spanngurt Klammer | 50 mm - Rothschenk","isPartOf":{"@id":"https:\/\/rothschenk.de\/#website"},"primaryImageOfPage":{"@id":"https:\/\/rothschenk.de\/produkt\/dynello-clip-spanngurt-klammer-50-mm\/#primaryimage"},"image":{"@id":"https:\/\/rothschenk.de\/produkt\/dynello-clip-spanngurt-klammer-50-mm\/#primaryimage"},"thumbnailUrl":"https:\/\/rothschenk.de\/wp-content\/uploads\/2023\/11\/dynello-clip-35mm1.png","datePublished":"2023-06-23T08:50:52+00:00","dateModified":"2026-03-24T06:01:50+00:00","description":"Dynello Clip f\u00fcr Spanngurte - F\u00fcr 25 mm, 35 mm und 50 mm Gurtbandbreite erh\u00e4ltlich \u2713 Ordnung f\u00fcr Zurrgurte \u25ba Jetzt bei Rothschenk bestellen!","breadcrumb":{"@id":"https:\/\/rothschenk.de\/produkt\/dynello-clip-spanngurt-klammer-50-mm\/#breadcrumb"},"inLanguage":"pl-PL","potentialAction":[{"@type":"ReadAction","target":["https:\/\/rothschenk.de\/produkt\/dynello-clip-spanngurt-klammer-50-mm\/"]}]},{"@type":"ImageObject","inLanguage":"pl-PL","@id":"https:\/\/rothschenk.de\/produkt\/dynello-clip-spanngurt-klammer-50-mm\/#primaryimage","url":"https:\/\/rothschenk.de\/wp-content\/uploads\/2023\/11\/dynello-clip-35mm1.png","contentUrl":"https:\/\/rothschenk.de\/wp-content\/uploads\/2023\/11\/dynello-clip-35mm1.png","width":1280,"height":1280,"caption":"Dynello Clip f\u00fcr Spanngurte"},{"@type":"BreadcrumbList","@id":"https:\/\/rothschenk.de\/produkt\/dynello-clip-spanngurt-klammer-50-mm\/#breadcrumb","itemListElement":[{"@type":"ListItem","position":1,"name":"Strona g\u0142\u00f3wna","item":"https:\/\/rothschenk.de\/pl\/strona-glowna\/"},{"@type":"ListItem","position":2,"name":"Shop","item":"https:\/\/rothschenk.de\/shop\/"},{"@type":"ListItem","position":3,"name":"Dynello\u00ae Clip | Spanngurt Klammer | 50 mm"}]},{"@type":"WebSite","@id":"https:\/\/rothschenk.de\/#website","url":"https:\/\/rothschenk.de\/","name":"Rothschenk - Der Online Shop f\u00fcr Ladungssicherung","description":"Der Online Shop f\u00fcr Ladungssicherung","potentialAction":[{"@type":"SearchAction","target":{"@type":"EntryPoint","urlTemplate":"https:\/\/rothschenk.de\/?s={search_term_string}"},"query-input":{"@type":"PropertyValueSpecification","valueRequired":true,"valueName":"search_term_string"}}],"inLanguage":"pl-PL"}]},"product_price_amount":"2.82","product_price_currency":"EUR","og_availability":"instock","product_availability":"instock","product_retailer_item_id":"26088","product_condition":"new"},"_links":{"self":[{"href":"https:\/\/rothschenk.de\/pl\/wp-json\/wp\/v2\/product\/79241","targetHints":{"allow":["GET"]}}],"collection":[{"href":"https:\/\/rothschenk.de\/pl\/wp-json\/wp\/v2\/product"}],"about":[{"href":"https:\/\/rothschenk.de\/pl\/wp-json\/wp\/v2\/types\/product"}],"replies":[{"embeddable":true,"href":"https:\/\/rothschenk.de\/pl\/wp-json\/wp\/v2\/comments?post=79241"}],"wp:featuredmedia":[{"embeddable":true,"href":"https:\/\/rothschenk.de\/pl\/wp-json\/wp\/v2\/media\/79113"}],"wp:attachment":[{"href":"https:\/\/rothschenk.de\/pl\/wp-json\/wp\/v2\/media?parent=79241"}],"wp:term":[{"taxonomy":"product_brand","embeddable":true,"href":"https:\/\/rothschenk.de\/pl\/wp-json\/wp\/v2\/product_brand?post=79241"},{"taxonomy":"product_cat","embeddable":true,"href":"https:\/\/rothschenk.de\/pl\/wp-json\/wp\/v2\/product_cat?post=79241"},{"taxonomy":"product_tag","embeddable":true,"href":"https:\/\/rothschenk.de\/pl\/wp-json\/wp\/v2\/product_tag?post=79241"}],"curies":[{"name":"wp","href":"https:\/\/api.w.org\/{rel}","templated":true}]}}