{"id":8072,"date":"2022-12-29T19:00:37","date_gmt":"2022-12-29T18:00:37","guid":{"rendered":"https:\/\/rothschenk.de\/rothschenk-shop\/?post_type=product&#038;p=8072"},"modified":"2026-04-22T14:26:09","modified_gmt":"2026-04-22T12:26:09","slug":"pkw-kofferraumnetz-1-100x1-100-mm","status":"publish","type":"product","link":"https:\/\/rothschenk.de\/pl\/produkt\/pkw-kofferraumnetz-1-100x1-100-mm\/","title":{"rendered":"PKW Kofferraumnetz | 1.100 x 1.100 mm"},"content":{"rendered":"<h3>PKW Kofferraumnetz | 1.100 x 1.100 mm<\/h3>\n<p>Unser Kofferraumnetz in der Gr\u00f6\u00dfe 1.100 x 1.100 mm bietet Ihnen erstklassige Sicherheit beim Transport Ihrer G\u00fcter. Mit einer Maschenweite von 45 mm ist es f\u00fcr eine Vielzahl von Transportg\u00fctern bestens geeignet.<\/p>\n<p>Die Handhabung ist denkbar einfach und komfortabel. Dank der angen\u00e4hten Klemmschlossgurte in verschiedenen L\u00e4ngen l\u00e4sst sich das Netz m\u00fchelos an den vorhandenen Verzurrpunkten Ihres Fahrzeugs befestigen. So ist ein sicherer Halt gew\u00e4hrleistet und Sie m\u00fcssen sich keine Sorgen machen, dass Ihre Ladung verrutscht oder besch\u00e4digt wird.<\/p>\n<p>Egal, ob Sie sperrige Gegenst\u00e4nde, Eink\u00e4ufe oder andere G\u00fcter transportieren, unser DEKRA-zertifiziertes LaSi-Kofferraumnetz ist die ideale L\u00f6sung, um alles sicher und unkompliziert zu transportieren.<\/p>\n","protected":false},"excerpt":{"rendered":"<p>PKW Kofferraumnetz | 1.100 x 1.100 mm Unser Kofferraumnetz in der Gr\u00f6\u00dfe 1.100 x 1.100 mm bietet Ihnen erstklassige Sicherheit beim Transport Ihrer G\u00fcter. Mit einer Maschenweite von 45 mm ist es f\u00fcr eine Vielzahl von Transportg\u00fctern bestens geeignet. Die Handhabung ist denkbar einfach und komfortabel. Dank der angen\u00e4hten Klemmschlossgurte in verschiedenen L\u00e4ngen l\u00e4sst sich [&hellip;]<\/p>\n","protected":false},"featured_media":23653,"comment_status":"open","ping_status":"closed","template":"","meta":{"_acf_changed":false},"product_brand":[],"product_cat":[68,80,79],"product_tag":[],"class_list":{"0":"post-8072","1":"product","2":"type-product","3":"status-publish","4":"has-post-thumbnail","6":"product_cat-klemmschloss","7":"product_cat-ladungssicherungs-tools","8":"product_cat-zubehoer","10":"first","11":"instock","12":"sale","13":"taxable","14":"shipping-taxable","15":"purchasable","16":"product-type-variable"},"acf":[],"yoast_head":"<!-- This site is optimized with the Yoast SEO plugin v27.4 - https:\/\/yoast.com\/product\/yoast-seo-wordpress\/ -->\n<title>PKW Kofferraumnetz | 1.100 x 1.100 mm - Rothschenk<\/title>\n<meta name=\"description\" content=\"PKW Kofferraumnetz - Strapazierf\u00e4hig \u2713 Made in Germany \u2713 Schneller Versand \u2713 Kauf auf Rechnung \u25ba Jetzt bei Rothschenk bestellen!\" \/>\n<meta name=\"robots\" content=\"index, follow, max-snippet:-1, max-image-preview:large, max-video-preview:-1\" \/>\n<link rel=\"canonical\" href=\"https:\/\/rothschenk.de\/pl\/produkt\/pkw-kofferraumnetz-1-100x1-100-mm\/\" \/>\n<meta property=\"og:locale\" content=\"pl_PL\" \/>\n<meta property=\"og:type\" content=\"article\" \/>\n<meta property=\"og:title\" content=\"PKW Kofferraumnetz | 1.100 x 1.100 mm - Rothschenk\" \/>\n<meta property=\"og:description\" content=\"PKW Kofferraumnetz - Strapazierf\u00e4hig \u2713 Made in Germany \u2713 Schneller Versand \u2713 Kauf auf Rechnung \u25ba Jetzt bei Rothschenk bestellen!\" \/>\n<meta property=\"og:url\" content=\"https:\/\/rothschenk.de\/pl\/produkt\/pkw-kofferraumnetz-1-100x1-100-mm\/\" \/>\n<meta property=\"og:site_name\" content=\"Rothschenk\" \/>\n<meta property=\"article:publisher\" content=\"https:\/\/de-de.facebook.com\/FirmaRothschenk\/\" \/>\n<meta property=\"article:modified_time\" content=\"2026-04-22T12:26:09+00:00\" \/>\n<meta property=\"og:image\" content=\"https:\/\/rothschenk.de\/wp-content\/uploads\/2023\/06\/quadratisch-neu-13.jpg\" \/>\n\t<meta property=\"og:image:width\" content=\"1024\" \/>\n\t<meta property=\"og:image:height\" content=\"1024\" \/>\n\t<meta property=\"og:image:type\" content=\"image\/jpeg\" \/>\n<meta name=\"twitter:card\" content=\"summary_large_image\" \/>\n<meta name=\"twitter:label1\" content=\"Dost\u0119pno\u015b\u0107\" \/>\n\t<meta name=\"twitter:data1\" content=\"Dost\u0119pny\" \/>\n<script type=\"application\/ld+json\" class=\"yoast-schema-graph\">{\"@context\":\"https:\\\/\\\/schema.org\",\"@graph\":[{\"@type\":\"WebPage\",\"@id\":\"https:\\\/\\\/rothschenk.de\\\/pl\\\/produkt\\\/pkw-kofferraumnetz-1-100x1-100-mm\\\/\",\"url\":\"https:\\\/\\\/rothschenk.de\\\/pl\\\/produkt\\\/pkw-kofferraumnetz-1-100x1-100-mm\\\/\",\"name\":\"PKW Kofferraumnetz | 1.100 x 1.100 mm - Rothschenk\",\"isPartOf\":{\"@id\":\"https:\\\/\\\/rothschenk.de\\\/pl\\\/#website\"},\"primaryImageOfPage\":{\"@id\":\"https:\\\/\\\/rothschenk.de\\\/pl\\\/produkt\\\/pkw-kofferraumnetz-1-100x1-100-mm\\\/#primaryimage\"},\"image\":{\"@id\":\"https:\\\/\\\/rothschenk.de\\\/pl\\\/produkt\\\/pkw-kofferraumnetz-1-100x1-100-mm\\\/#primaryimage\"},\"thumbnailUrl\":\"https:\\\/\\\/rothschenk.de\\\/wp-content\\\/uploads\\\/2023\\\/06\\\/quadratisch-neu-13.jpg\",\"datePublished\":\"2022-12-29T18:00:37+00:00\",\"dateModified\":\"2026-04-22T12:26:09+00:00\",\"description\":\"PKW Kofferraumnetz - Strapazierf\u00e4hig \u2713 Made in Germany \u2713 Schneller Versand \u2713 Kauf auf Rechnung \u25ba Jetzt bei Rothschenk bestellen!\",\"breadcrumb\":{\"@id\":\"https:\\\/\\\/rothschenk.de\\\/pl\\\/produkt\\\/pkw-kofferraumnetz-1-100x1-100-mm\\\/#breadcrumb\"},\"inLanguage\":\"pl-PL\",\"potentialAction\":[{\"@type\":\"ReadAction\",\"target\":[\"https:\\\/\\\/rothschenk.de\\\/pl\\\/produkt\\\/pkw-kofferraumnetz-1-100x1-100-mm\\\/\"]}]},{\"@type\":\"ImageObject\",\"inLanguage\":\"pl-PL\",\"@id\":\"https:\\\/\\\/rothschenk.de\\\/pl\\\/produkt\\\/pkw-kofferraumnetz-1-100x1-100-mm\\\/#primaryimage\",\"url\":\"https:\\\/\\\/rothschenk.de\\\/wp-content\\\/uploads\\\/2023\\\/06\\\/quadratisch-neu-13.jpg\",\"contentUrl\":\"https:\\\/\\\/rothschenk.de\\\/wp-content\\\/uploads\\\/2023\\\/06\\\/quadratisch-neu-13.jpg\",\"width\":1024,\"height\":1024,\"caption\":\"Kofferraumnetz f\u00fcr PKW\"},{\"@type\":\"BreadcrumbList\",\"@id\":\"https:\\\/\\\/rothschenk.de\\\/pl\\\/produkt\\\/pkw-kofferraumnetz-1-100x1-100-mm\\\/#breadcrumb\",\"itemListElement\":[{\"@type\":\"ListItem\",\"position\":1,\"name\":\"Strona g\u0142\u00f3wna\",\"item\":\"https:\\\/\\\/rothschenk.de\\\/pl\\\/strona-glowna\\\/\"},{\"@type\":\"ListItem\",\"position\":2,\"name\":\"Shop\",\"item\":\"https:\\\/\\\/rothschenk.de\\\/shop\\\/\"},{\"@type\":\"ListItem\",\"position\":3,\"name\":\"PKW Kofferraumnetz | 1.100 x 1.100 mm\"}]},{\"@type\":\"WebSite\",\"@id\":\"https:\\\/\\\/rothschenk.de\\\/pl\\\/#website\",\"url\":\"https:\\\/\\\/rothschenk.de\\\/pl\\\/\",\"name\":\"Rothschenk - Der Online Shop f\u00fcr Ladungssicherung\",\"description\":\"Der Online Shop f\u00fcr Ladungssicherung\",\"potentialAction\":[{\"@type\":\"SearchAction\",\"target\":{\"@type\":\"EntryPoint\",\"urlTemplate\":\"https:\\\/\\\/rothschenk.de\\\/pl\\\/?s={search_term_string}\"},\"query-input\":{\"@type\":\"PropertyValueSpecification\",\"valueRequired\":true,\"valueName\":\"search_term_string\"}}],\"inLanguage\":\"pl-PL\"}]}<\/script>\n<meta property=\"og:availability\" content=\"instock\" \/>\n<meta property=\"product:availability\" content=\"instock\" \/>\n<meta property=\"product:condition\" content=\"new\" \/>\n<!-- \/ Yoast SEO plugin. -->","yoast_head_json":{"title":"PKW Kofferraumnetz | 1.100 x 1.100 mm - Rothschenk","description":"PKW Kofferraumnetz - Strapazierf\u00e4hig \u2713 Made in Germany \u2713 Schneller Versand \u2713 Kauf auf Rechnung \u25ba Jetzt bei Rothschenk bestellen!","robots":{"index":"index","follow":"follow","max-snippet":"max-snippet:-1","max-image-preview":"max-image-preview:large","max-video-preview":"max-video-preview:-1"},"canonical":"https:\/\/rothschenk.de\/pl\/produkt\/pkw-kofferraumnetz-1-100x1-100-mm\/","og_locale":"pl_PL","og_type":"article","og_title":"PKW Kofferraumnetz | 1.100 x 1.100 mm - Rothschenk","og_description":"PKW Kofferraumnetz - Strapazierf\u00e4hig \u2713 Made in Germany \u2713 Schneller Versand \u2713 Kauf auf Rechnung \u25ba Jetzt bei Rothschenk bestellen!","og_url":"https:\/\/rothschenk.de\/pl\/produkt\/pkw-kofferraumnetz-1-100x1-100-mm\/","og_site_name":"Rothschenk","article_publisher":"https:\/\/de-de.facebook.com\/FirmaRothschenk\/","article_modified_time":"2026-04-22T12:26:09+00:00","og_image":[{"width":1024,"height":1024,"url":"https:\/\/rothschenk.de\/wp-content\/uploads\/2023\/06\/quadratisch-neu-13.jpg","type":"image\/jpeg"}],"twitter_card":"summary_large_image","twitter_misc":{"Dost\u0119pno\u015b\u0107":"Dost\u0119pny"},"schema":{"@context":"https:\/\/schema.org","@graph":[{"@type":"WebPage","@id":"https:\/\/rothschenk.de\/pl\/produkt\/pkw-kofferraumnetz-1-100x1-100-mm\/","url":"https:\/\/rothschenk.de\/pl\/produkt\/pkw-kofferraumnetz-1-100x1-100-mm\/","name":"PKW Kofferraumnetz | 1.100 x 1.100 mm - Rothschenk","isPartOf":{"@id":"https:\/\/rothschenk.de\/pl\/#website"},"primaryImageOfPage":{"@id":"https:\/\/rothschenk.de\/pl\/produkt\/pkw-kofferraumnetz-1-100x1-100-mm\/#primaryimage"},"image":{"@id":"https:\/\/rothschenk.de\/pl\/produkt\/pkw-kofferraumnetz-1-100x1-100-mm\/#primaryimage"},"thumbnailUrl":"https:\/\/rothschenk.de\/wp-content\/uploads\/2023\/06\/quadratisch-neu-13.jpg","datePublished":"2022-12-29T18:00:37+00:00","dateModified":"2026-04-22T12:26:09+00:00","description":"PKW Kofferraumnetz - Strapazierf\u00e4hig \u2713 Made in Germany \u2713 Schneller Versand \u2713 Kauf auf Rechnung \u25ba Jetzt bei Rothschenk bestellen!","breadcrumb":{"@id":"https:\/\/rothschenk.de\/pl\/produkt\/pkw-kofferraumnetz-1-100x1-100-mm\/#breadcrumb"},"inLanguage":"pl-PL","potentialAction":[{"@type":"ReadAction","target":["https:\/\/rothschenk.de\/pl\/produkt\/pkw-kofferraumnetz-1-100x1-100-mm\/"]}]},{"@type":"ImageObject","inLanguage":"pl-PL","@id":"https:\/\/rothschenk.de\/pl\/produkt\/pkw-kofferraumnetz-1-100x1-100-mm\/#primaryimage","url":"https:\/\/rothschenk.de\/wp-content\/uploads\/2023\/06\/quadratisch-neu-13.jpg","contentUrl":"https:\/\/rothschenk.de\/wp-content\/uploads\/2023\/06\/quadratisch-neu-13.jpg","width":1024,"height":1024,"caption":"Kofferraumnetz f\u00fcr PKW"},{"@type":"BreadcrumbList","@id":"https:\/\/rothschenk.de\/pl\/produkt\/pkw-kofferraumnetz-1-100x1-100-mm\/#breadcrumb","itemListElement":[{"@type":"ListItem","position":1,"name":"Strona g\u0142\u00f3wna","item":"https:\/\/rothschenk.de\/pl\/strona-glowna\/"},{"@type":"ListItem","position":2,"name":"Shop","item":"https:\/\/rothschenk.de\/shop\/"},{"@type":"ListItem","position":3,"name":"PKW Kofferraumnetz | 1.100 x 1.100 mm"}]},{"@type":"WebSite","@id":"https:\/\/rothschenk.de\/pl\/#website","url":"https:\/\/rothschenk.de\/pl\/","name":"Rothschenk - Der Online Shop f\u00fcr Ladungssicherung","description":"Der Online Shop f\u00fcr Ladungssicherung","potentialAction":[{"@type":"SearchAction","target":{"@type":"EntryPoint","urlTemplate":"https:\/\/rothschenk.de\/pl\/?s={search_term_string}"},"query-input":{"@type":"PropertyValueSpecification","valueRequired":true,"valueName":"search_term_string"}}],"inLanguage":"pl-PL"}]},"og_availability":"instock","product_availability":"instock","product_condition":"new"},"_links":{"self":[{"href":"https:\/\/rothschenk.de\/pl\/wp-json\/wp\/v2\/product\/8072","targetHints":{"allow":["GET"]}}],"collection":[{"href":"https:\/\/rothschenk.de\/pl\/wp-json\/wp\/v2\/product"}],"about":[{"href":"https:\/\/rothschenk.de\/pl\/wp-json\/wp\/v2\/types\/product"}],"replies":[{"embeddable":true,"href":"https:\/\/rothschenk.de\/pl\/wp-json\/wp\/v2\/comments?post=8072"}],"wp:featuredmedia":[{"embeddable":true,"href":"https:\/\/rothschenk.de\/pl\/wp-json\/wp\/v2\/media\/23653"}],"wp:attachment":[{"href":"https:\/\/rothschenk.de\/pl\/wp-json\/wp\/v2\/media?parent=8072"}],"wp:term":[{"taxonomy":"product_brand","embeddable":true,"href":"https:\/\/rothschenk.de\/pl\/wp-json\/wp\/v2\/product_brand?post=8072"},{"taxonomy":"product_cat","embeddable":true,"href":"https:\/\/rothschenk.de\/pl\/wp-json\/wp\/v2\/product_cat?post=8072"},{"taxonomy":"product_tag","embeddable":true,"href":"https:\/\/rothschenk.de\/pl\/wp-json\/wp\/v2\/product_tag?post=8072"}],"curies":[{"name":"wp","href":"https:\/\/api.w.org\/{rel}","templated":true}]}}