{"id":858015,"date":"2025-10-14T14:10:22","date_gmt":"2025-10-14T12:10:22","guid":{"rendered":"https:\/\/rothschenk.de\/?post_type=product&#038;p=858015"},"modified":"2026-04-10T09:03:20","modified_gmt":"2026-04-10T07:03:20","slug":"kantenschutzhalterung-zweiteilig-fuer-bordwand","status":"publish","type":"product","link":"https:\/\/rothschenk.de\/pl\/produkt\/kantenschutzhalterung-zweiteilig-fuer-bordwand\/","title":{"rendered":"Kantenschutzhalterung | zweiteilig | f\u00fcr Bordwand"},"content":{"rendered":"<h3>Kantenschutzhalterung | zweiteilig | Montage an der Bordwand<\/h3>\n<p>Sorgen Sie f\u00fcr Ordnung und Sicherheit beim Transport und in der Lagerung Ihrer Kantenschutzwinkel mit unserer Kantenschutzhalterung.<br \/>\nGefertigt aus hochwertigem, verzinktem Stahl, \u00fcberzeugt sie durch Langlebigkeit, Stabilit\u00e4t und Witterungsbest\u00e4ndigkeit \u2013 ideal f\u00fcr den t\u00e4glichen Einsatz im Logistik- und Transportbereich.<br \/>\nDie Halterung ist passend f\u00fcr orange Kantenschutzwinkel mit einer L\u00e4nge von bis zu 2.000 mm. Dank der individuell einstellbaren L\u00e4nge l\u00e4sst sich die Transporthalterung flexibel an verschiedene Anforderungen anpassen.<\/p>\n","protected":false},"excerpt":{"rendered":"<p>Kantenschutzhalterung | zweiteilig | Montage an der Bordwand Sorgen Sie f\u00fcr Ordnung und Sicherheit beim Transport und in der Lagerung Ihrer Kantenschutzwinkel mit unserer Kantenschutzhalterung. Gefertigt aus hochwertigem, verzinktem Stahl, \u00fcberzeugt sie durch Langlebigkeit, Stabilit\u00e4t und Witterungsbest\u00e4ndigkeit \u2013 ideal f\u00fcr den t\u00e4glichen Einsatz im Logistik- und Transportbereich. Die Halterung ist passend f\u00fcr orange Kantenschutzwinkel mit [&hellip;]<\/p>\n","protected":false},"featured_media":858084,"comment_status":"open","ping_status":"closed","template":"","meta":{"_acf_changed":false},"product_brand":[],"product_cat":[73,74,80,79],"product_tag":[],"class_list":{"0":"post-858015","1":"product","2":"type-product","3":"status-publish","4":"has-post-thumbnail","6":"product_cat-kantenschutz","7":"product_cat-kunststoff-doppelkammer","8":"product_cat-ladungssicherungs-tools","9":"product_cat-zubehoer","11":"first","12":"outofstock","13":"taxable","14":"shipping-taxable","15":"purchasable","16":"product-type-simple"},"acf":[],"yoast_head":"<!-- This site is optimized with the Yoast SEO plugin v27.4 - https:\/\/yoast.com\/product\/yoast-seo-wordpress\/ -->\n<title>Kantenschutzhalterung | zweiteilig | f\u00fcr Bordwand - Rothschenk<\/title>\n<meta name=\"description\" content=\"Kantenschutzhalterung \u25b6 Material: Stahl verzinkt \u2713 Montage an der Bordwand \u2713 L\u00e4nge individuell montierbar \u25b6 Jetzt online bestellen!\" \/>\n<meta name=\"robots\" content=\"index, follow, max-snippet:-1, max-image-preview:large, max-video-preview:-1\" \/>\n<link rel=\"canonical\" href=\"https:\/\/rothschenk.de\/produkt\/kantenschutzhalterung-zweiteilig-fuer-bordwand\/\" \/>\n<meta property=\"og:locale\" content=\"pl_PL\" \/>\n<meta property=\"og:type\" content=\"article\" \/>\n<meta property=\"og:title\" content=\"Kantenschutzhalterung | zweiteilig | f\u00fcr Bordwand - Rothschenk\" \/>\n<meta property=\"og:description\" content=\"Kantenschutzhalterung \u25b6 Material: Stahl verzinkt \u2713 Montage an der Bordwand \u2713 L\u00e4nge individuell montierbar \u25b6 Jetzt online bestellen!\" \/>\n<meta property=\"og:url\" content=\"https:\/\/rothschenk.de\/produkt\/kantenschutzhalterung-zweiteilig-fuer-bordwand\/\" \/>\n<meta property=\"og:site_name\" content=\"Rothschenk\" \/>\n<meta property=\"article:publisher\" content=\"https:\/\/de-de.facebook.com\/FirmaRothschenk\/\" \/>\n<meta property=\"article:modified_time\" content=\"2026-04-10T07:03:20+00:00\" \/>\n<meta property=\"og:image\" content=\"https:\/\/rothschenk.de\/wp-content\/uploads\/2025\/10\/Kantenschutzhalterung-verzinkt-Stahl-Kantenschutzwinkel-1.webp\" \/>\n\t<meta property=\"og:image:width\" content=\"700\" \/>\n\t<meta property=\"og:image:height\" content=\"700\" \/>\n\t<meta property=\"og:image:type\" content=\"image\/webp\" \/>\n<meta name=\"twitter:card\" content=\"summary_large_image\" \/>\n<meta name=\"twitter:label1\" content=\"Cena\" \/>\n\t<meta name=\"twitter:data1\" content=\"52,32&nbsp;&euro;\" \/>\n\t<meta name=\"twitter:label2\" content=\"Dost\u0119pno\u015b\u0107\" \/>\n\t<meta name=\"twitter:data2\" content=\"Brak w magazynie\" \/>\n<script type=\"application\/ld+json\" class=\"yoast-schema-graph\">{\"@context\":\"https:\\\/\\\/schema.org\",\"@graph\":[{\"@type\":\"WebPage\",\"@id\":\"https:\\\/\\\/rothschenk.de\\\/produkt\\\/kantenschutzhalterung-zweiteilig-fuer-bordwand\\\/\",\"url\":\"https:\\\/\\\/rothschenk.de\\\/produkt\\\/kantenschutzhalterung-zweiteilig-fuer-bordwand\\\/\",\"name\":\"Kantenschutzhalterung | zweiteilig | f\u00fcr Bordwand - Rothschenk\",\"isPartOf\":{\"@id\":\"https:\\\/\\\/rothschenk.de\\\/#website\"},\"primaryImageOfPage\":{\"@id\":\"https:\\\/\\\/rothschenk.de\\\/produkt\\\/kantenschutzhalterung-zweiteilig-fuer-bordwand\\\/#primaryimage\"},\"image\":{\"@id\":\"https:\\\/\\\/rothschenk.de\\\/produkt\\\/kantenschutzhalterung-zweiteilig-fuer-bordwand\\\/#primaryimage\"},\"thumbnailUrl\":\"https:\\\/\\\/rothschenk.de\\\/wp-content\\\/uploads\\\/2025\\\/10\\\/Kantenschutzhalterung-verzinkt-Stahl-Kantenschutzwinkel-1.webp\",\"datePublished\":\"2025-10-14T12:10:22+00:00\",\"dateModified\":\"2026-04-10T07:03:20+00:00\",\"description\":\"Kantenschutzhalterung \u25b6 Material: Stahl verzinkt \u2713 Montage an der Bordwand \u2713 L\u00e4nge individuell montierbar \u25b6 Jetzt online bestellen!\",\"breadcrumb\":{\"@id\":\"https:\\\/\\\/rothschenk.de\\\/produkt\\\/kantenschutzhalterung-zweiteilig-fuer-bordwand\\\/#breadcrumb\"},\"inLanguage\":\"pl-PL\",\"potentialAction\":[{\"@type\":\"ReadAction\",\"target\":[\"https:\\\/\\\/rothschenk.de\\\/produkt\\\/kantenschutzhalterung-zweiteilig-fuer-bordwand\\\/\"]}]},{\"@type\":\"ImageObject\",\"inLanguage\":\"pl-PL\",\"@id\":\"https:\\\/\\\/rothschenk.de\\\/produkt\\\/kantenschutzhalterung-zweiteilig-fuer-bordwand\\\/#primaryimage\",\"url\":\"https:\\\/\\\/rothschenk.de\\\/wp-content\\\/uploads\\\/2025\\\/10\\\/Kantenschutzhalterung-verzinkt-Stahl-Kantenschutzwinkel-1.webp\",\"contentUrl\":\"https:\\\/\\\/rothschenk.de\\\/wp-content\\\/uploads\\\/2025\\\/10\\\/Kantenschutzhalterung-verzinkt-Stahl-Kantenschutzwinkel-1.webp\",\"width\":700,\"height\":700,\"caption\":\"Kantenschutzhalterung mit Kantenschutzwinkel\"},{\"@type\":\"BreadcrumbList\",\"@id\":\"https:\\\/\\\/rothschenk.de\\\/produkt\\\/kantenschutzhalterung-zweiteilig-fuer-bordwand\\\/#breadcrumb\",\"itemListElement\":[{\"@type\":\"ListItem\",\"position\":1,\"name\":\"Strona g\u0142\u00f3wna\",\"item\":\"https:\\\/\\\/rothschenk.de\\\/pl\\\/strona-glowna\\\/\"},{\"@type\":\"ListItem\",\"position\":2,\"name\":\"Shop\",\"item\":\"https:\\\/\\\/rothschenk.de\\\/shop\\\/\"},{\"@type\":\"ListItem\",\"position\":3,\"name\":\"Kantenschutzhalterung | zweiteilig | f\u00fcr Bordwand\"}]},{\"@type\":\"WebSite\",\"@id\":\"https:\\\/\\\/rothschenk.de\\\/#website\",\"url\":\"https:\\\/\\\/rothschenk.de\\\/\",\"name\":\"Rothschenk - Der Online Shop f\u00fcr Ladungssicherung\",\"description\":\"Der Online Shop f\u00fcr Ladungssicherung\",\"potentialAction\":[{\"@type\":\"SearchAction\",\"target\":{\"@type\":\"EntryPoint\",\"urlTemplate\":\"https:\\\/\\\/rothschenk.de\\\/?s={search_term_string}\"},\"query-input\":{\"@type\":\"PropertyValueSpecification\",\"valueRequired\":true,\"valueName\":\"search_term_string\"}}],\"inLanguage\":\"pl-PL\"}]}<\/script>\n<meta property=\"product:price:amount\" content=\"52.32\" \/>\n<meta property=\"product:price:currency\" content=\"EUR\" \/>\n<meta property=\"og:availability\" content=\"out of stock\" \/>\n<meta property=\"product:availability\" content=\"out of stock\" \/>\n<meta property=\"product:retailer_item_id\" content=\"26686\" \/>\n<meta property=\"product:condition\" content=\"new\" \/>\n<!-- \/ Yoast SEO plugin. -->","yoast_head_json":{"title":"Kantenschutzhalterung | zweiteilig | f\u00fcr Bordwand - Rothschenk","description":"Kantenschutzhalterung \u25b6 Material: Stahl verzinkt \u2713 Montage an der Bordwand \u2713 L\u00e4nge individuell montierbar \u25b6 Jetzt online bestellen!","robots":{"index":"index","follow":"follow","max-snippet":"max-snippet:-1","max-image-preview":"max-image-preview:large","max-video-preview":"max-video-preview:-1"},"canonical":"https:\/\/rothschenk.de\/produkt\/kantenschutzhalterung-zweiteilig-fuer-bordwand\/","og_locale":"pl_PL","og_type":"article","og_title":"Kantenschutzhalterung | zweiteilig | f\u00fcr Bordwand - Rothschenk","og_description":"Kantenschutzhalterung \u25b6 Material: Stahl verzinkt \u2713 Montage an der Bordwand \u2713 L\u00e4nge individuell montierbar \u25b6 Jetzt online bestellen!","og_url":"https:\/\/rothschenk.de\/produkt\/kantenschutzhalterung-zweiteilig-fuer-bordwand\/","og_site_name":"Rothschenk","article_publisher":"https:\/\/de-de.facebook.com\/FirmaRothschenk\/","article_modified_time":"2026-04-10T07:03:20+00:00","og_image":[{"width":700,"height":700,"url":"https:\/\/rothschenk.de\/wp-content\/uploads\/2025\/10\/Kantenschutzhalterung-verzinkt-Stahl-Kantenschutzwinkel-1.webp","type":"image\/webp"}],"twitter_card":"summary_large_image","twitter_misc":{"Cena":"52,32&nbsp;&euro;","Dost\u0119pno\u015b\u0107":"Brak w magazynie"},"schema":{"@context":"https:\/\/schema.org","@graph":[{"@type":"WebPage","@id":"https:\/\/rothschenk.de\/produkt\/kantenschutzhalterung-zweiteilig-fuer-bordwand\/","url":"https:\/\/rothschenk.de\/produkt\/kantenschutzhalterung-zweiteilig-fuer-bordwand\/","name":"Kantenschutzhalterung | zweiteilig | f\u00fcr Bordwand - Rothschenk","isPartOf":{"@id":"https:\/\/rothschenk.de\/#website"},"primaryImageOfPage":{"@id":"https:\/\/rothschenk.de\/produkt\/kantenschutzhalterung-zweiteilig-fuer-bordwand\/#primaryimage"},"image":{"@id":"https:\/\/rothschenk.de\/produkt\/kantenschutzhalterung-zweiteilig-fuer-bordwand\/#primaryimage"},"thumbnailUrl":"https:\/\/rothschenk.de\/wp-content\/uploads\/2025\/10\/Kantenschutzhalterung-verzinkt-Stahl-Kantenschutzwinkel-1.webp","datePublished":"2025-10-14T12:10:22+00:00","dateModified":"2026-04-10T07:03:20+00:00","description":"Kantenschutzhalterung \u25b6 Material: Stahl verzinkt \u2713 Montage an der Bordwand \u2713 L\u00e4nge individuell montierbar \u25b6 Jetzt online bestellen!","breadcrumb":{"@id":"https:\/\/rothschenk.de\/produkt\/kantenschutzhalterung-zweiteilig-fuer-bordwand\/#breadcrumb"},"inLanguage":"pl-PL","potentialAction":[{"@type":"ReadAction","target":["https:\/\/rothschenk.de\/produkt\/kantenschutzhalterung-zweiteilig-fuer-bordwand\/"]}]},{"@type":"ImageObject","inLanguage":"pl-PL","@id":"https:\/\/rothschenk.de\/produkt\/kantenschutzhalterung-zweiteilig-fuer-bordwand\/#primaryimage","url":"https:\/\/rothschenk.de\/wp-content\/uploads\/2025\/10\/Kantenschutzhalterung-verzinkt-Stahl-Kantenschutzwinkel-1.webp","contentUrl":"https:\/\/rothschenk.de\/wp-content\/uploads\/2025\/10\/Kantenschutzhalterung-verzinkt-Stahl-Kantenschutzwinkel-1.webp","width":700,"height":700,"caption":"Kantenschutzhalterung mit Kantenschutzwinkel"},{"@type":"BreadcrumbList","@id":"https:\/\/rothschenk.de\/produkt\/kantenschutzhalterung-zweiteilig-fuer-bordwand\/#breadcrumb","itemListElement":[{"@type":"ListItem","position":1,"name":"Strona g\u0142\u00f3wna","item":"https:\/\/rothschenk.de\/pl\/strona-glowna\/"},{"@type":"ListItem","position":2,"name":"Shop","item":"https:\/\/rothschenk.de\/shop\/"},{"@type":"ListItem","position":3,"name":"Kantenschutzhalterung | zweiteilig | f\u00fcr Bordwand"}]},{"@type":"WebSite","@id":"https:\/\/rothschenk.de\/#website","url":"https:\/\/rothschenk.de\/","name":"Rothschenk - Der Online Shop f\u00fcr Ladungssicherung","description":"Der Online Shop f\u00fcr Ladungssicherung","potentialAction":[{"@type":"SearchAction","target":{"@type":"EntryPoint","urlTemplate":"https:\/\/rothschenk.de\/?s={search_term_string}"},"query-input":{"@type":"PropertyValueSpecification","valueRequired":true,"valueName":"search_term_string"}}],"inLanguage":"pl-PL"}]},"product_price_amount":"52.32","product_price_currency":"EUR","og_availability":"out of stock","product_availability":"out of stock","product_retailer_item_id":"26686","product_condition":"new"},"_links":{"self":[{"href":"https:\/\/rothschenk.de\/pl\/wp-json\/wp\/v2\/product\/858015","targetHints":{"allow":["GET"]}}],"collection":[{"href":"https:\/\/rothschenk.de\/pl\/wp-json\/wp\/v2\/product"}],"about":[{"href":"https:\/\/rothschenk.de\/pl\/wp-json\/wp\/v2\/types\/product"}],"replies":[{"embeddable":true,"href":"https:\/\/rothschenk.de\/pl\/wp-json\/wp\/v2\/comments?post=858015"}],"wp:featuredmedia":[{"embeddable":true,"href":"https:\/\/rothschenk.de\/pl\/wp-json\/wp\/v2\/media\/858084"}],"wp:attachment":[{"href":"https:\/\/rothschenk.de\/pl\/wp-json\/wp\/v2\/media?parent=858015"}],"wp:term":[{"taxonomy":"product_brand","embeddable":true,"href":"https:\/\/rothschenk.de\/pl\/wp-json\/wp\/v2\/product_brand?post=858015"},{"taxonomy":"product_cat","embeddable":true,"href":"https:\/\/rothschenk.de\/pl\/wp-json\/wp\/v2\/product_cat?post=858015"},{"taxonomy":"product_tag","embeddable":true,"href":"https:\/\/rothschenk.de\/pl\/wp-json\/wp\/v2\/product_tag?post=858015"}],"curies":[{"name":"wp","href":"https:\/\/api.w.org\/{rel}","templated":true}]}}