{"id":89959,"date":"2023-05-18T19:00:57","date_gmt":"2023-05-18T17:00:57","guid":{"rendered":"https:\/\/rothschenk.de\/rothschenk-shop\/?post_type=product&#038;p=89959"},"modified":"2026-01-15T10:28:14","modified_gmt":"2026-01-15T09:28:14","slug":"drahtverschlussklemme-35-mm-set-mit-250-stueck","status":"publish","type":"product","link":"https:\/\/rothschenk.de\/pl\/produkt\/drahtverschlussklemme-35-mm-set-mit-250-stueck\/","title":{"rendered":"Drahtverschlussklemme 35 mm | SET mit 250 St\u00fcck"},"content":{"rendered":"<h3>Drahtverschlussklemme 35 mm | SET mit 250 St\u00fcck<\/h3>\n<p>Unsere Drahtverschlussklemmen dienen dem Verschlie\u00dfen von 32 mm Umreifungsband sowie Gewebeband. Der Draht selbst hat eine St\u00e4rke von 7 mm.<\/p>\n<p>Um das Umreifungsband mit der Drahtverschlussklemme zu verschlie\u00dfen, wird es durch die Klemme gef\u00e4delt und anschlie\u00dfend mit einem Haspelspanner auf die gew\u00fcnschte Spannung gebracht. Das System ist ideal f\u00fcr die Sicherung von Ladeeinheiten auf Paletten sowie f\u00fcr das B\u00fcndeln von Holz oder den Versand von St\u00fcckgut.<\/p>\n<p>In jeder Verpackungseinheit unserer Drahtverschlussklemmen befinden sich 250 St\u00fcck.<\/p>\n","protected":false},"excerpt":{"rendered":"<p>Drahtverschlussklemme 35 mm | SET mit 250 St\u00fcck Unsere Drahtverschlussklemmen dienen dem Verschlie\u00dfen von 32 mm Umreifungsband sowie Gewebeband. Der Draht selbst hat eine St\u00e4rke von 7 mm. Um das Umreifungsband mit der Drahtverschlussklemme zu verschlie\u00dfen, wird es durch die Klemme gef\u00e4delt und anschlie\u00dfend mit einem Haspelspanner auf die gew\u00fcnschte Spannung gebracht. Das System ist [&hellip;]<\/p>\n","protected":false},"featured_media":100259,"comment_status":"open","ping_status":"closed","template":"","meta":{"_acf_changed":false},"product_brand":[],"product_cat":[48,46,60],"product_tag":[],"class_list":{"0":"post-89959","1":"product","2":"type-product","3":"status-publish","4":"has-post-thumbnail","6":"product_cat-sale","7":"product_cat-umreifung","8":"product_cat-verschluesse","10":"first","11":"onbackorder","12":"taxable","13":"shipping-taxable","14":"purchasable","15":"product-type-simple"},"acf":[],"yoast_head":"<!-- This site is optimized with the Yoast SEO plugin v27.4 - https:\/\/yoast.com\/product\/yoast-seo-wordpress\/ -->\n<title>Drahtverschlussklemme 35 mm | SET mit 250 St\u00fcck - Rothschenk<\/title>\n<meta name=\"description\" content=\"Drahtverschlussklemme \u27a4 Top-Qualit\u00e4t \u2713 35 mm \u2713 250er-Set \u2713 f\u00fcr alle Bandtypen geeignet \u2713 Verzinkt \u27a4 Jetzt online bestellen!\" \/>\n<meta name=\"robots\" content=\"index, follow, max-snippet:-1, max-image-preview:large, max-video-preview:-1\" \/>\n<link rel=\"canonical\" href=\"https:\/\/rothschenk.de\/produkt\/drahtverschlussklemme-35-mm-set-mit-250-stueck\/\" \/>\n<meta property=\"og:locale\" content=\"pl_PL\" \/>\n<meta property=\"og:type\" content=\"article\" \/>\n<meta property=\"og:title\" content=\"Drahtverschlussklemme 35 mm | SET mit 250 St\u00fcck - Rothschenk\" \/>\n<meta property=\"og:description\" content=\"Drahtverschlussklemme \u27a4 Top-Qualit\u00e4t \u2713 35 mm \u2713 250er-Set \u2713 f\u00fcr alle Bandtypen geeignet \u2713 Verzinkt \u27a4 Jetzt online bestellen!\" \/>\n<meta property=\"og:url\" content=\"https:\/\/rothschenk.de\/produkt\/drahtverschlussklemme-35-mm-set-mit-250-stueck\/\" \/>\n<meta property=\"og:site_name\" content=\"Rothschenk\" \/>\n<meta property=\"article:publisher\" content=\"https:\/\/de-de.facebook.com\/FirmaRothschenk\/\" \/>\n<meta property=\"article:modified_time\" content=\"2026-01-15T09:28:14+00:00\" \/>\n<meta property=\"og:image\" content=\"https:\/\/rothschenk.de\/wp-content\/uploads\/2023\/12\/SALE-5.jpg\" \/>\n\t<meta property=\"og:image:width\" content=\"1024\" \/>\n\t<meta property=\"og:image:height\" content=\"1024\" \/>\n\t<meta property=\"og:image:type\" content=\"image\/jpeg\" \/>\n<meta name=\"twitter:card\" content=\"summary_large_image\" \/>\n<meta name=\"twitter:label1\" content=\"Cena\" \/>\n\t<meta name=\"twitter:data1\" content=\"53,14&nbsp;&euro;\" \/>\n\t<meta name=\"twitter:label2\" content=\"Dost\u0119pno\u015b\u0107\" \/>\n\t<meta name=\"twitter:data2\" content=\"Na zam\u00f3wienie\" \/>\n<script type=\"application\/ld+json\" class=\"yoast-schema-graph\">{\"@context\":\"https:\\\/\\\/schema.org\",\"@graph\":[{\"@type\":\"WebPage\",\"@id\":\"https:\\\/\\\/rothschenk.de\\\/produkt\\\/drahtverschlussklemme-35-mm-set-mit-250-stueck\\\/\",\"url\":\"https:\\\/\\\/rothschenk.de\\\/produkt\\\/drahtverschlussklemme-35-mm-set-mit-250-stueck\\\/\",\"name\":\"Drahtverschlussklemme 35 mm | SET mit 250 St\u00fcck - Rothschenk\",\"isPartOf\":{\"@id\":\"https:\\\/\\\/rothschenk.de\\\/#website\"},\"primaryImageOfPage\":{\"@id\":\"https:\\\/\\\/rothschenk.de\\\/produkt\\\/drahtverschlussklemme-35-mm-set-mit-250-stueck\\\/#primaryimage\"},\"image\":{\"@id\":\"https:\\\/\\\/rothschenk.de\\\/produkt\\\/drahtverschlussklemme-35-mm-set-mit-250-stueck\\\/#primaryimage\"},\"thumbnailUrl\":\"https:\\\/\\\/rothschenk.de\\\/wp-content\\\/uploads\\\/2023\\\/12\\\/SALE-5.jpg\",\"datePublished\":\"2023-05-18T17:00:57+00:00\",\"dateModified\":\"2026-01-15T09:28:14+00:00\",\"description\":\"Drahtverschlussklemme \u27a4 Top-Qualit\u00e4t \u2713 35 mm \u2713 250er-Set \u2713 f\u00fcr alle Bandtypen geeignet \u2713 Verzinkt \u27a4 Jetzt online bestellen!\",\"breadcrumb\":{\"@id\":\"https:\\\/\\\/rothschenk.de\\\/produkt\\\/drahtverschlussklemme-35-mm-set-mit-250-stueck\\\/#breadcrumb\"},\"inLanguage\":\"pl-PL\",\"potentialAction\":[{\"@type\":\"ReadAction\",\"target\":[\"https:\\\/\\\/rothschenk.de\\\/produkt\\\/drahtverschlussklemme-35-mm-set-mit-250-stueck\\\/\"]}]},{\"@type\":\"ImageObject\",\"inLanguage\":\"pl-PL\",\"@id\":\"https:\\\/\\\/rothschenk.de\\\/produkt\\\/drahtverschlussklemme-35-mm-set-mit-250-stueck\\\/#primaryimage\",\"url\":\"https:\\\/\\\/rothschenk.de\\\/wp-content\\\/uploads\\\/2023\\\/12\\\/SALE-5.jpg\",\"contentUrl\":\"https:\\\/\\\/rothschenk.de\\\/wp-content\\\/uploads\\\/2023\\\/12\\\/SALE-5.jpg\",\"width\":1024,\"height\":1024,\"caption\":\"Drahtverschlussklemme im Sale\"},{\"@type\":\"BreadcrumbList\",\"@id\":\"https:\\\/\\\/rothschenk.de\\\/produkt\\\/drahtverschlussklemme-35-mm-set-mit-250-stueck\\\/#breadcrumb\",\"itemListElement\":[{\"@type\":\"ListItem\",\"position\":1,\"name\":\"Strona g\u0142\u00f3wna\",\"item\":\"https:\\\/\\\/rothschenk.de\\\/pl\\\/strona-glowna\\\/\"},{\"@type\":\"ListItem\",\"position\":2,\"name\":\"Shop\",\"item\":\"https:\\\/\\\/rothschenk.de\\\/shop\\\/\"},{\"@type\":\"ListItem\",\"position\":3,\"name\":\"Drahtverschlussklemme 35 mm | SET mit 250 St\u00fcck\"}]},{\"@type\":\"WebSite\",\"@id\":\"https:\\\/\\\/rothschenk.de\\\/#website\",\"url\":\"https:\\\/\\\/rothschenk.de\\\/\",\"name\":\"Rothschenk - Der Online Shop f\u00fcr Ladungssicherung\",\"description\":\"Der Online Shop f\u00fcr Ladungssicherung\",\"potentialAction\":[{\"@type\":\"SearchAction\",\"target\":{\"@type\":\"EntryPoint\",\"urlTemplate\":\"https:\\\/\\\/rothschenk.de\\\/?s={search_term_string}\"},\"query-input\":{\"@type\":\"PropertyValueSpecification\",\"valueRequired\":true,\"valueName\":\"search_term_string\"}}],\"inLanguage\":\"pl-PL\"}]}<\/script>\n<meta property=\"product:price:amount\" content=\"53.14\" \/>\n<meta property=\"product:price:currency\" content=\"EUR\" \/>\n<meta property=\"og:availability\" content=\"backorder\" \/>\n<meta property=\"product:availability\" content=\"available for order\" \/>\n<meta property=\"product:retailer_item_id\" content=\"17506\" \/>\n<meta property=\"product:condition\" content=\"new\" \/>\n<!-- \/ Yoast SEO plugin. -->","yoast_head_json":{"title":"Drahtverschlussklemme 35 mm | SET mit 250 St\u00fcck - Rothschenk","description":"Drahtverschlussklemme \u27a4 Top-Qualit\u00e4t \u2713 35 mm \u2713 250er-Set \u2713 f\u00fcr alle Bandtypen geeignet \u2713 Verzinkt \u27a4 Jetzt online bestellen!","robots":{"index":"index","follow":"follow","max-snippet":"max-snippet:-1","max-image-preview":"max-image-preview:large","max-video-preview":"max-video-preview:-1"},"canonical":"https:\/\/rothschenk.de\/produkt\/drahtverschlussklemme-35-mm-set-mit-250-stueck\/","og_locale":"pl_PL","og_type":"article","og_title":"Drahtverschlussklemme 35 mm | SET mit 250 St\u00fcck - Rothschenk","og_description":"Drahtverschlussklemme \u27a4 Top-Qualit\u00e4t \u2713 35 mm \u2713 250er-Set \u2713 f\u00fcr alle Bandtypen geeignet \u2713 Verzinkt \u27a4 Jetzt online bestellen!","og_url":"https:\/\/rothschenk.de\/produkt\/drahtverschlussklemme-35-mm-set-mit-250-stueck\/","og_site_name":"Rothschenk","article_publisher":"https:\/\/de-de.facebook.com\/FirmaRothschenk\/","article_modified_time":"2026-01-15T09:28:14+00:00","og_image":[{"width":1024,"height":1024,"url":"https:\/\/rothschenk.de\/wp-content\/uploads\/2023\/12\/SALE-5.jpg","type":"image\/jpeg"}],"twitter_card":"summary_large_image","twitter_misc":{"Cena":"53,14&nbsp;&euro;","Dost\u0119pno\u015b\u0107":"Na zam\u00f3wienie"},"schema":{"@context":"https:\/\/schema.org","@graph":[{"@type":"WebPage","@id":"https:\/\/rothschenk.de\/produkt\/drahtverschlussklemme-35-mm-set-mit-250-stueck\/","url":"https:\/\/rothschenk.de\/produkt\/drahtverschlussklemme-35-mm-set-mit-250-stueck\/","name":"Drahtverschlussklemme 35 mm | SET mit 250 St\u00fcck - Rothschenk","isPartOf":{"@id":"https:\/\/rothschenk.de\/#website"},"primaryImageOfPage":{"@id":"https:\/\/rothschenk.de\/produkt\/drahtverschlussklemme-35-mm-set-mit-250-stueck\/#primaryimage"},"image":{"@id":"https:\/\/rothschenk.de\/produkt\/drahtverschlussklemme-35-mm-set-mit-250-stueck\/#primaryimage"},"thumbnailUrl":"https:\/\/rothschenk.de\/wp-content\/uploads\/2023\/12\/SALE-5.jpg","datePublished":"2023-05-18T17:00:57+00:00","dateModified":"2026-01-15T09:28:14+00:00","description":"Drahtverschlussklemme \u27a4 Top-Qualit\u00e4t \u2713 35 mm \u2713 250er-Set \u2713 f\u00fcr alle Bandtypen geeignet \u2713 Verzinkt \u27a4 Jetzt online bestellen!","breadcrumb":{"@id":"https:\/\/rothschenk.de\/produkt\/drahtverschlussklemme-35-mm-set-mit-250-stueck\/#breadcrumb"},"inLanguage":"pl-PL","potentialAction":[{"@type":"ReadAction","target":["https:\/\/rothschenk.de\/produkt\/drahtverschlussklemme-35-mm-set-mit-250-stueck\/"]}]},{"@type":"ImageObject","inLanguage":"pl-PL","@id":"https:\/\/rothschenk.de\/produkt\/drahtverschlussklemme-35-mm-set-mit-250-stueck\/#primaryimage","url":"https:\/\/rothschenk.de\/wp-content\/uploads\/2023\/12\/SALE-5.jpg","contentUrl":"https:\/\/rothschenk.de\/wp-content\/uploads\/2023\/12\/SALE-5.jpg","width":1024,"height":1024,"caption":"Drahtverschlussklemme im Sale"},{"@type":"BreadcrumbList","@id":"https:\/\/rothschenk.de\/produkt\/drahtverschlussklemme-35-mm-set-mit-250-stueck\/#breadcrumb","itemListElement":[{"@type":"ListItem","position":1,"name":"Strona g\u0142\u00f3wna","item":"https:\/\/rothschenk.de\/pl\/strona-glowna\/"},{"@type":"ListItem","position":2,"name":"Shop","item":"https:\/\/rothschenk.de\/shop\/"},{"@type":"ListItem","position":3,"name":"Drahtverschlussklemme 35 mm | SET mit 250 St\u00fcck"}]},{"@type":"WebSite","@id":"https:\/\/rothschenk.de\/#website","url":"https:\/\/rothschenk.de\/","name":"Rothschenk - Der Online Shop f\u00fcr Ladungssicherung","description":"Der Online Shop f\u00fcr Ladungssicherung","potentialAction":[{"@type":"SearchAction","target":{"@type":"EntryPoint","urlTemplate":"https:\/\/rothschenk.de\/?s={search_term_string}"},"query-input":{"@type":"PropertyValueSpecification","valueRequired":true,"valueName":"search_term_string"}}],"inLanguage":"pl-PL"}]},"product_price_amount":"53.14","product_price_currency":"EUR","og_availability":"backorder","product_availability":"available for order","product_retailer_item_id":"17506","product_condition":"new"},"_links":{"self":[{"href":"https:\/\/rothschenk.de\/pl\/wp-json\/wp\/v2\/product\/89959","targetHints":{"allow":["GET"]}}],"collection":[{"href":"https:\/\/rothschenk.de\/pl\/wp-json\/wp\/v2\/product"}],"about":[{"href":"https:\/\/rothschenk.de\/pl\/wp-json\/wp\/v2\/types\/product"}],"replies":[{"embeddable":true,"href":"https:\/\/rothschenk.de\/pl\/wp-json\/wp\/v2\/comments?post=89959"}],"wp:featuredmedia":[{"embeddable":true,"href":"https:\/\/rothschenk.de\/pl\/wp-json\/wp\/v2\/media\/100259"}],"wp:attachment":[{"href":"https:\/\/rothschenk.de\/pl\/wp-json\/wp\/v2\/media?parent=89959"}],"wp:term":[{"taxonomy":"product_brand","embeddable":true,"href":"https:\/\/rothschenk.de\/pl\/wp-json\/wp\/v2\/product_brand?post=89959"},{"taxonomy":"product_cat","embeddable":true,"href":"https:\/\/rothschenk.de\/pl\/wp-json\/wp\/v2\/product_cat?post=89959"},{"taxonomy":"product_tag","embeddable":true,"href":"https:\/\/rothschenk.de\/pl\/wp-json\/wp\/v2\/product_tag?post=89959"}],"curies":[{"name":"wp","href":"https:\/\/api.w.org\/{rel}","templated":true}]}}