{"id":676788,"date":"2025-06-20T16:39:49","date_gmt":"2025-06-20T14:39:49","guid":{"rendered":"https:\/\/rothschenk.de\/vyhlasenie-o-pristupnosti\/"},"modified":"2025-06-30T14:50:51","modified_gmt":"2025-06-30T12:50:51","slug":"vyhlasenie-o-pristupnosti","status":"publish","type":"page","link":"https:\/\/rothschenk.de\/sk\/vyhlasenie-o-pristupnosti\/","title":{"rendered":"Vyhl\u00e1senie o pr\u00edstupnosti"},"content":{"rendered":"\t\t<div data-elementor-type=\"wp-page\" data-elementor-id=\"676788\" class=\"elementor elementor-676788 elementor-663038\" data-elementor-post-type=\"page\">\n\t\t\t\t\t\t<section data-particle_enable=\"false\" data-particle-mobile-disabled=\"false\" class=\"elementor-section elementor-top-section elementor-element elementor-element-4a13d94 elementor-section-boxed elementor-section-height-default elementor-section-height-default\" data-id=\"4a13d94\" data-element_type=\"section\" data-e-type=\"section\" data-settings=\"{&quot;background_background&quot;:&quot;classic&quot;}\">\n\t\t\t\t\t\t<div class=\"elementor-container elementor-column-gap-default\">\n\t\t\t\t\t<div class=\"elementor-column elementor-col-100 elementor-top-column elementor-element elementor-element-845e63f\" data-id=\"845e63f\" data-element_type=\"column\" data-e-type=\"column\">\n\t\t\t<div class=\"elementor-widget-wrap elementor-element-populated\">\n\t\t\t\t\t\t<div class=\"elementor-element elementor-element-4a3e290 elementor-widget elementor-widget-heading\" data-id=\"4a3e290\" data-element_type=\"widget\" data-e-type=\"widget\" data-widget_type=\"heading.default\">\n\t\t\t\t<div class=\"elementor-widget-container\">\n\t\t\t\t\t<h1 class=\"elementor-heading-title elementor-size-default\">Vyhl\u00e1senie o pr\u00edstupnosti<\/h1>\t\t\t\t<\/div>\n\t\t\t\t<\/div>\n\t\t\t\t<div class=\"elementor-element elementor-element-d4c38c3 elementor-widget elementor-widget-text-editor\" data-id=\"d4c38c3\" data-element_type=\"widget\" data-e-type=\"widget\" data-widget_type=\"text-editor.default\">\n\t\t\t\t<div class=\"elementor-widget-container\">\n\t\t\t\t\t\t\t\t\t<p>Spolo\u010dnos\u0165 G&amp;H GmbH Rothschenk sa zaviazala zabezpe\u010di\u0165 digit\u00e1lnu dostupnos\u0165 pre osoby so zdravotn\u00fdm postihnut\u00edm. Neust\u00e1le zlep\u0161ujeme u\u017e\u00edvate\u013esk\u00fa pr\u00edvetivos\u0165 pre v\u0161etk\u00fdch a uplat\u0148ujeme pr\u00edslu\u0161n\u00e9 normy (WCAG 2.2, BITV a normu EN 301 549) pre pr\u00edstupnos\u0165. Toto vyhl\u00e1senie o digit\u00e1lnej pr\u00edstupnosti sa vz\u0165ahuje na webov\u00e9 str\u00e1nky spolo\u010dnosti G&amp;H GmbH Rothschenk uverejnen\u00e9 na adrese https:\/\/rothschenk.de\/.  <\/p><br><h2>Stav zlu\u010dite\u013enosti s po\u017eiadavkami<\/h2><br><p>Webov\u00e1 str\u00e1nka v s\u00fa\u010dasnosti nie je plne v s\u00falade s technick\u00fdmi po\u017eiadavkami Usmernen\u00ed o pr\u00edstupnosti webov\u00e9ho obsahu (WCAG) 2.2 a Barrierefreie-Informationstechnik-Verordnung (BITV 2.0).<\/p><br><h2>Nepr\u00edstupn\u00fd obsah<\/h2><br><p><b>Nasleduj\u00faci obsah nie je pr\u00edstupn\u00fd, preto\u017ee nie je kompatibiln\u00fd so z\u00e1kladnou harmonizovanou normou EN 301 549:<br><br><\/b><\/p>\n<ul>\n    <li style=\"list-style-position: outside; margin-left: 1em;\">Na v\u0161etk\u00fdch str\u00e1nkach s\u00fa odkazy bez textu odkazu. | WCAG: 4.1.2 <br><\/li>\n<\/ul>\n<ul>\n    <li style=\"list-style-position: outside; margin-left: 1em;\">Kontrast medzi textom a pozad\u00edm je takmer na v\u0161etk\u00fdch str\u00e1nkach pr\u00edli\u0161 n\u00edzky. | WCAG: 1.4.3 <br><\/li>\n<\/ul>\n<ul>\n    <li style=\"list-style-position: outside; margin-left: 1em;\">Na niektor\u00fdch str\u00e1nkach s\u00fa formul\u00e1rov\u00e9 polia bez ozna\u010denia. Pomocou \u010d\u00edta\u010diek obrazovky je \u0165a\u017ek\u00e9 navigova\u0165 k formul\u00e1rov\u00fdm poliam. | WCAG: 4.1.2  <br><\/li>\n<\/ul>\n<ul>\n    <li style=\"list-style-position: outside; margin-left: 1em;\">Na v\u0161etk\u00fdch str\u00e1nkach, ktor\u00e9 m\u00f4\u017eu by\u0165 s\u00fa\u010dasne zaostren\u00e9, sa nach\u00e1dzaj\u00fa prvky s atrib\u00fatom Aria-hidden. To znamen\u00e1, \u017ee tieto prvky s\u00fa pr\u00edstupn\u00e9 pre asisten\u010dn\u00e9 technol\u00f3gie, aj ke\u010f by mali by\u0165 skryt\u00e9. | WCAG: 4.1.2  <br><\/li>\n<\/ul>\n<ul>\n    <li style=\"list-style-position: outside; margin-left: 1em;\">Na jednotliv\u00fdch str\u00e1nkach sa odkazy nedaj\u00fa odl\u00ed\u0161i\u0165 od okolit\u00e9ho textu. | WCAG: 1.4.1 <br><\/li>\n<\/ul>\n<ul>\n    <li style=\"list-style-position: outside; margin-left: 1em;\">Na nieko\u013ek\u00fdch str\u00e1nkach sa nach\u00e1dzaj\u00fa prvky, ktor\u00fdch ID Aria sa objavuje nieko\u013ekokr\u00e1t. To s\u0165a\u017euje navig\u00e1ciu na webovej str\u00e1nke pomocou \u010d\u00edta\u010diek obrazovky. | WCAG: 4.1.2  <br><\/li>\n<\/ul><br><br><span>Toto vyhl\u00e1senie bolo vytvoren\u00e9 <b>20. j\u00fana 2025<\/b>. Toto vyhl\u00e1senie bolo vytvoren\u00e9 pomocou technol\u00f3gie Eye-Able\u00ae spolo\u010dnosti <b>Web Inclusion GmbH.<\/b> Viac inform\u00e1ci\u00ed o spolo\u010dnosti Web Inclusion GmbH n\u00e1jdete na adrese https:\/\/eye-able.com\/. Spolo\u010dnos\u0165 Web Inclusion GmbH pre\u0161la v\u0161etk\u00fdmi strojovo overite\u013en\u00fdmi testovac\u00edmi krokmi.     <\/span><br><br><h2>Sp\u00e4tn\u00e1 v\u00e4zba a kontaktn\u00e9 \u00fadaje<\/h2><br><p>M\u00e1te pripomienku alebo koment\u00e1r k prek\u00e1\u017ekam na tejto webovej str\u00e1nke? Kontaktujte n\u00e1s, pros\u00edm. Vysvetl\u00edme v\u00e1m, ktor\u00e9 prek\u00e1\u017eky existuj\u00fa. M\u00f4\u017eete sa dozvedie\u0165, ak\u00e9 v\u00fdnimky sme urobili. Na va\u0161e ot\u00e1zky odpovieme \u010do najr\u00fdchlej\u0161ie, najnesk\u00f4r v\u0161ak v z\u00e1konnej lehote \u0161iestich t\u00fd\u017ed\u0148ov. \u010eakujeme v\u00e1m za va\u0161u sp\u00e4tn\u00fa v\u00e4zbu. M\u00f4\u017eete n\u00e1s kontaktova\u0165 na tejto adrese:        <br><br>  Industriestrasse 5 a 7-10<br> 97239<br> Aub<br>info@rothschenk.de<br> +49 9335 97 15 0<\/p><br><h2>Arbitr\u00e1\u017ene centrum<\/h2><br><p>Pozn\u00e1mka k \u00a7 36 z\u00e1kona o spotrebite\u013esk\u00fdch pr\u00e1vach: Nez\u00fa\u010dast\u0148ujeme sa na konan\u00ed o rie\u0161en\u00ed sporov pred spotrebite\u013eskou rozhodcovskou komisiou a nie sme povinn\u00ed tak urobi\u0165.<\/p>\t\t\t\t\t\t\t\t<\/div>\n\t\t\t\t<\/div>\n\t\t\t\t\t<\/div>\n\t\t<\/div>\n\t\t\t\t\t<\/div>\n\t\t<\/section>\n\t\t\t\t<\/div>\n\t\t","protected":false},"excerpt":{"rendered":"<p>Vyhl\u00e1senie o pr\u00edstupnosti Spolo\u010dnos\u0165 G&amp;H GmbH Rothschenk sa zaviazala zabezpe\u010di\u0165 digit\u00e1lnu dostupnos\u0165 pre osoby so zdravotn\u00fdm postihnut\u00edm. Neust\u00e1le zlep\u0161ujeme u\u017e\u00edvate\u013esk\u00fa pr\u00edvetivos\u0165 pre v\u0161etk\u00fdch a uplat\u0148ujeme pr\u00edslu\u0161n\u00e9 normy (WCAG 2.2, BITV a normu EN 301 549) pre pr\u00edstupnos\u0165. Toto vyhl\u00e1senie o digit\u00e1lnej pr\u00edstupnosti sa vz\u0165ahuje na webov\u00e9 str\u00e1nky spolo\u010dnosti G&amp;H GmbH Rothschenk uverejnen\u00e9 na adrese https:\/\/rothschenk.de\/. [&hellip;]<\/p>\n","protected":false},"author":1,"featured_media":0,"parent":0,"menu_order":0,"comment_status":"closed","ping_status":"closed","template":"","meta":{"_acf_changed":false,"footnotes":""},"class_list":["post-676788","page","type-page","status-publish","hentry"],"acf":[],"yoast_head":"<!-- This site is optimized with the Yoast SEO plugin v27.4 - https:\/\/yoast.com\/product\/yoast-seo-wordpress\/ -->\n<title>Vyhl\u00e1senie o pr\u00edstupnosti - Rothschenk<\/title>\n<meta name=\"robots\" content=\"noindex, follow\" \/>\n<meta property=\"og:locale\" content=\"sk_SK\" \/>\n<meta property=\"og:type\" content=\"article\" \/>\n<meta property=\"og:title\" content=\"Vyhl\u00e1senie o pr\u00edstupnosti - Rothschenk\" \/>\n<meta property=\"og:description\" content=\"Vyhl\u00e1senie o pr\u00edstupnosti Spolo\u010dnos\u0165 G&amp;H GmbH Rothschenk sa zaviazala zabezpe\u010di\u0165 digit\u00e1lnu dostupnos\u0165 pre osoby so zdravotn\u00fdm postihnut\u00edm. Neust\u00e1le zlep\u0161ujeme u\u017e\u00edvate\u013esk\u00fa pr\u00edvetivos\u0165 pre v\u0161etk\u00fdch a uplat\u0148ujeme pr\u00edslu\u0161n\u00e9 normy (WCAG 2.2, BITV a normu EN 301 549) pre pr\u00edstupnos\u0165. Toto vyhl\u00e1senie o digit\u00e1lnej pr\u00edstupnosti sa vz\u0165ahuje na webov\u00e9 str\u00e1nky spolo\u010dnosti G&amp;H GmbH Rothschenk uverejnen\u00e9 na adrese https:\/\/rothschenk.de\/. [&hellip;]\" \/>\n<meta property=\"og:url\" content=\"https:\/\/rothschenk.de\/sk\/vyhlasenie-o-pristupnosti\/\" \/>\n<meta property=\"og:site_name\" content=\"Rothschenk\" \/>\n<meta property=\"article:publisher\" content=\"https:\/\/de-de.facebook.com\/FirmaRothschenk\/\" \/>\n<meta property=\"article:modified_time\" content=\"2025-06-30T12:50:51+00:00\" \/>\n<meta name=\"twitter:card\" content=\"summary_large_image\" \/>\n<meta name=\"twitter:label1\" content=\"Predpokladan\u00fd \u010das \u010d\u00edtania\" \/>\n\t<meta name=\"twitter:data1\" content=\"2 min\u00faty\" \/>\n<script type=\"application\/ld+json\" class=\"yoast-schema-graph\">{\"@context\":\"https:\\\/\\\/schema.org\",\"@graph\":[{\"@type\":\"WebPage\",\"@id\":\"https:\\\/\\\/rothschenk.de\\\/sk\\\/vyhlasenie-o-pristupnosti\\\/\",\"url\":\"https:\\\/\\\/rothschenk.de\\\/sk\\\/vyhlasenie-o-pristupnosti\\\/\",\"name\":\"Vyhl\u00e1senie o pr\u00edstupnosti - Rothschenk\",\"isPartOf\":{\"@id\":\"https:\\\/\\\/rothschenk.de\\\/sk\\\/#website\"},\"datePublished\":\"2025-06-20T14:39:49+00:00\",\"dateModified\":\"2025-06-30T12:50:51+00:00\",\"breadcrumb\":{\"@id\":\"https:\\\/\\\/rothschenk.de\\\/sk\\\/vyhlasenie-o-pristupnosti\\\/#breadcrumb\"},\"inLanguage\":\"sk-SK\",\"potentialAction\":[{\"@type\":\"ReadAction\",\"target\":[\"https:\\\/\\\/rothschenk.de\\\/sk\\\/vyhlasenie-o-pristupnosti\\\/\"]}]},{\"@type\":\"BreadcrumbList\",\"@id\":\"https:\\\/\\\/rothschenk.de\\\/sk\\\/vyhlasenie-o-pristupnosti\\\/#breadcrumb\",\"itemListElement\":[{\"@type\":\"ListItem\",\"position\":1,\"name\":\"Domovsk\u00e1 str\u00e1nka\",\"item\":\"https:\\\/\\\/rothschenk.de\\\/sk\\\/domovska-stranka\\\/\"},{\"@type\":\"ListItem\",\"position\":2,\"name\":\"Vyhl\u00e1senie o pr\u00edstupnosti\"}]},{\"@type\":\"WebSite\",\"@id\":\"https:\\\/\\\/rothschenk.de\\\/sk\\\/#website\",\"url\":\"https:\\\/\\\/rothschenk.de\\\/sk\\\/\",\"name\":\"Rothschenk - Der Online Shop f\u00fcr Ladungssicherung\",\"description\":\"Der Online Shop f\u00fcr Ladungssicherung\",\"potentialAction\":[{\"@type\":\"SearchAction\",\"target\":{\"@type\":\"EntryPoint\",\"urlTemplate\":\"https:\\\/\\\/rothschenk.de\\\/sk\\\/?s={search_term_string}\"},\"query-input\":{\"@type\":\"PropertyValueSpecification\",\"valueRequired\":true,\"valueName\":\"search_term_string\"}}],\"inLanguage\":\"sk-SK\"}]}<\/script>\n<!-- \/ Yoast SEO plugin. -->","yoast_head_json":{"title":"Vyhl\u00e1senie o pr\u00edstupnosti - Rothschenk","robots":{"index":"noindex","follow":"follow"},"og_locale":"sk_SK","og_type":"article","og_title":"Vyhl\u00e1senie o pr\u00edstupnosti - Rothschenk","og_description":"Vyhl\u00e1senie o pr\u00edstupnosti Spolo\u010dnos\u0165 G&amp;H GmbH Rothschenk sa zaviazala zabezpe\u010di\u0165 digit\u00e1lnu dostupnos\u0165 pre osoby so zdravotn\u00fdm postihnut\u00edm. Neust\u00e1le zlep\u0161ujeme u\u017e\u00edvate\u013esk\u00fa pr\u00edvetivos\u0165 pre v\u0161etk\u00fdch a uplat\u0148ujeme pr\u00edslu\u0161n\u00e9 normy (WCAG 2.2, BITV a normu EN 301 549) pre pr\u00edstupnos\u0165. Toto vyhl\u00e1senie o digit\u00e1lnej pr\u00edstupnosti sa vz\u0165ahuje na webov\u00e9 str\u00e1nky spolo\u010dnosti G&amp;H GmbH Rothschenk uverejnen\u00e9 na adrese https:\/\/rothschenk.de\/. [&hellip;]","og_url":"https:\/\/rothschenk.de\/sk\/vyhlasenie-o-pristupnosti\/","og_site_name":"Rothschenk","article_publisher":"https:\/\/de-de.facebook.com\/FirmaRothschenk\/","article_modified_time":"2025-06-30T12:50:51+00:00","twitter_card":"summary_large_image","twitter_misc":{"Predpokladan\u00fd \u010das \u010d\u00edtania":"2 min\u00faty"},"schema":{"@context":"https:\/\/schema.org","@graph":[{"@type":"WebPage","@id":"https:\/\/rothschenk.de\/sk\/vyhlasenie-o-pristupnosti\/","url":"https:\/\/rothschenk.de\/sk\/vyhlasenie-o-pristupnosti\/","name":"Vyhl\u00e1senie o pr\u00edstupnosti - Rothschenk","isPartOf":{"@id":"https:\/\/rothschenk.de\/sk\/#website"},"datePublished":"2025-06-20T14:39:49+00:00","dateModified":"2025-06-30T12:50:51+00:00","breadcrumb":{"@id":"https:\/\/rothschenk.de\/sk\/vyhlasenie-o-pristupnosti\/#breadcrumb"},"inLanguage":"sk-SK","potentialAction":[{"@type":"ReadAction","target":["https:\/\/rothschenk.de\/sk\/vyhlasenie-o-pristupnosti\/"]}]},{"@type":"BreadcrumbList","@id":"https:\/\/rothschenk.de\/sk\/vyhlasenie-o-pristupnosti\/#breadcrumb","itemListElement":[{"@type":"ListItem","position":1,"name":"Domovsk\u00e1 str\u00e1nka","item":"https:\/\/rothschenk.de\/sk\/domovska-stranka\/"},{"@type":"ListItem","position":2,"name":"Vyhl\u00e1senie o pr\u00edstupnosti"}]},{"@type":"WebSite","@id":"https:\/\/rothschenk.de\/sk\/#website","url":"https:\/\/rothschenk.de\/sk\/","name":"Rothschenk - Der Online Shop f\u00fcr Ladungssicherung","description":"Der Online Shop f\u00fcr Ladungssicherung","potentialAction":[{"@type":"SearchAction","target":{"@type":"EntryPoint","urlTemplate":"https:\/\/rothschenk.de\/sk\/?s={search_term_string}"},"query-input":{"@type":"PropertyValueSpecification","valueRequired":true,"valueName":"search_term_string"}}],"inLanguage":"sk-SK"}]}},"_links":{"self":[{"href":"https:\/\/rothschenk.de\/sk\/wp-json\/wp\/v2\/pages\/676788","targetHints":{"allow":["GET"]}}],"collection":[{"href":"https:\/\/rothschenk.de\/sk\/wp-json\/wp\/v2\/pages"}],"about":[{"href":"https:\/\/rothschenk.de\/sk\/wp-json\/wp\/v2\/types\/page"}],"author":[{"embeddable":true,"href":"https:\/\/rothschenk.de\/sk\/wp-json\/wp\/v2\/users\/1"}],"replies":[{"embeddable":true,"href":"https:\/\/rothschenk.de\/sk\/wp-json\/wp\/v2\/comments?post=676788"}],"version-history":[{"count":1,"href":"https:\/\/rothschenk.de\/sk\/wp-json\/wp\/v2\/pages\/676788\/revisions"}],"predecessor-version":[{"id":676791,"href":"https:\/\/rothschenk.de\/sk\/wp-json\/wp\/v2\/pages\/676788\/revisions\/676791"}],"wp:attachment":[{"href":"https:\/\/rothschenk.de\/sk\/wp-json\/wp\/v2\/media?parent=676788"}],"curies":[{"name":"wp","href":"https:\/\/api.w.org\/{rel}","templated":true}]}}