{"id":679273,"date":"2024-03-15T10:13:36","date_gmt":"2024-03-15T09:13:36","guid":{"rendered":"https:\/\/rothschenk.de\/novinky-spolocnosti\/"},"modified":"2025-07-01T09:53:17","modified_gmt":"2025-07-01T07:53:17","slug":"novinky-spolocnosti","status":"publish","type":"page","link":"https:\/\/rothschenk.de\/sk\/novinky-spolocnosti\/","title":{"rendered":"Novinky spolo\u010dnosti"},"content":{"rendered":"\t\t<div data-elementor-type=\"wp-page\" data-elementor-id=\"679273\" class=\"elementor elementor-679273 elementor-157377\" data-elementor-post-type=\"page\">\n\t\t\t\t\t\t<section data-particle_enable=\"false\" data-particle-mobile-disabled=\"false\" class=\"elementor-section elementor-top-section elementor-element elementor-element-7fc2703 elementor-section-height-min-height elementor-section-boxed elementor-section-height-default elementor-section-items-middle\" data-id=\"7fc2703\" data-element_type=\"section\" data-e-type=\"section\" data-settings=\"{&quot;background_background&quot;:&quot;classic&quot;}\">\n\t\t\t\t\t\t\t<div class=\"elementor-background-overlay\"><\/div>\n\t\t\t\t\t\t\t<div class=\"elementor-container elementor-column-gap-default\">\n\t\t\t\t\t<div class=\"elementor-column elementor-col-100 elementor-top-column elementor-element elementor-element-ef03c53\" data-id=\"ef03c53\" data-element_type=\"column\" data-e-type=\"column\">\n\t\t\t<div class=\"elementor-widget-wrap elementor-element-populated\">\n\t\t\t\t\t\t<div class=\"elementor-element elementor-element-8c92123 elementor-widget elementor-widget-heading\" data-id=\"8c92123\" data-element_type=\"widget\" data-e-type=\"widget\" data-widget_type=\"heading.default\">\n\t\t\t\t<div class=\"elementor-widget-container\">\n\t\t\t\t\t<h1 class=\"elementor-heading-title elementor-size-default\">Novinky spolo\u010dnosti<\/h1>\t\t\t\t<\/div>\n\t\t\t\t<\/div>\n\t\t\t\t<div class=\"elementor-element elementor-element-9cdb6ff elementor-widget elementor-widget-heading\" data-id=\"9cdb6ff\" data-element_type=\"widget\" data-e-type=\"widget\" data-widget_type=\"heading.default\">\n\t\t\t\t<div class=\"elementor-widget-container\">\n\t\t\t\t\t<h2 class=\"elementor-heading-title elementor-size-default\">Novinky z vesm\u00edru Rothschenk<\/h2>\t\t\t\t<\/div>\n\t\t\t\t<\/div>\n\t\t\t\t<div class=\"elementor-element elementor-element-86208f2 elementor-widget elementor-widget-text-editor\" data-id=\"86208f2\" data-element_type=\"widget\" data-e-type=\"widget\" data-widget_type=\"text-editor.default\">\n\t\t\t\t<div class=\"elementor-widget-container\">\n\t\t\t\t\t\t\t\t\t\u010co je nov\u00e9 v spolo\u010dnosti Rothschenk? \u010c\u00edm sa vyzna\u010dujeme a za \u010d\u00edm si stoj\u00edme? Ak\u00e9 s\u00fa na\u0161e ciele ako etal\u00f3n v odvetv\u00ed a \u010do rob\u00edme pre udr\u017eate\u013enos\u0165? M\u00e1me v\u00e1m toho ve\u013ea \u010do poveda\u0165. Pre\u010do si nen\u00e1jdete chv\u00ed\u013eu&#8230;    \t\t\t\t\t\t\t\t<\/div>\n\t\t\t\t<\/div>\n\t\t\t\t<div class=\"elementor-element elementor-element-105aec1 elementor-widget elementor-widget-eael-creative-button\" data-id=\"105aec1\" data-element_type=\"widget\" data-e-type=\"widget\" data-widget_type=\"eael-creative-button.default\">\n\t\t\t\t<div class=\"elementor-widget-container\">\n\t\t\t\t\t        <div class=\"eael-creative-button-wrapper\">\n\n            <a class=\"eael-creative-button eael-creative-button--aylen eael-cb-icon-position-left\" href=\"#firmen-news\" data-text=\"\">\n            \t    \n                <div class=\"creative-button-inner\">\n\n                                            <span class=\"eael-creative-button-icon-left\"><i aria-hidden=\"true\" class=\"fas fa-chevron-right\"><\/i><\/span>                    \n                    <span class=\"cretive-button-text\">Objavte novinky spolo\u010dnosti<\/span>\n\n                                    <\/div>\n\t                        <\/a>\n        <\/div>\n        \t\t\t\t<\/div>\n\t\t\t\t<\/div>\n\t\t\t\t\t<\/div>\n\t\t<\/div>\n\t\t\t\t\t<\/div>\n\t\t<\/section>\n\t\t\t\t<section data-particle_enable=\"false\" data-particle-mobile-disabled=\"false\" class=\"elementor-section elementor-top-section elementor-element elementor-element-59a5593 elementor-section-boxed elementor-section-height-default elementor-section-height-default\" data-id=\"59a5593\" data-element_type=\"section\" data-e-type=\"section\" id=\"firmen-news\" data-settings=\"{&quot;background_background&quot;:&quot;classic&quot;}\">\n\t\t\t\t\t\t<div class=\"elementor-container elementor-column-gap-default\">\n\t\t\t\t\t<div class=\"elementor-column elementor-col-100 elementor-top-column elementor-element elementor-element-7f3ff1f\" data-id=\"7f3ff1f\" data-element_type=\"column\" data-e-type=\"column\">\n\t\t\t<div class=\"elementor-widget-wrap elementor-element-populated\">\n\t\t\t\t\t\t\t<\/div>\n\t\t<\/div>\n\t\t\t\t\t<\/div>\n\t\t<\/section>\n\t\t\t\t<section data-particle_enable=\"false\" data-particle-mobile-disabled=\"false\" class=\"elementor-section elementor-top-section elementor-element elementor-element-69b4ef5 elementor-section-boxed elementor-section-height-default elementor-section-height-default\" data-id=\"69b4ef5\" data-element_type=\"section\" data-e-type=\"section\" data-settings=\"{&quot;background_background&quot;:&quot;classic&quot;}\">\n\t\t\t\t\t\t<div class=\"elementor-container elementor-column-gap-default\">\n\t\t\t\t\t<div class=\"elementor-column elementor-col-100 elementor-top-column elementor-element elementor-element-85af55f\" data-id=\"85af55f\" data-element_type=\"column\" data-e-type=\"column\">\n\t\t\t<div class=\"elementor-widget-wrap elementor-element-populated\">\n\t\t\t\t\t\t\t<\/div>\n\t\t<\/div>\n\t\t\t\t\t<\/div>\n\t\t<\/section>\n\t\t\t\t<\/div>\n\t\t","protected":false},"excerpt":{"rendered":"<p>Novinky spolo\u010dnosti Novinky z vesm\u00edru Rothschenk \u010co je nov\u00e9 v spolo\u010dnosti Rothschenk? \u010c\u00edm sa vyzna\u010dujeme a za \u010d\u00edm si stoj\u00edme? Ak\u00e9 s\u00fa na\u0161e ciele ako etal\u00f3n v odvetv\u00ed a \u010do rob\u00edme pre udr\u017eate\u013enos\u0165? M\u00e1me v\u00e1m toho ve\u013ea \u010do poveda\u0165. Pre\u010do si nen\u00e1jdete chv\u00ed\u013eu&#8230; Objavte novinky spolo\u010dnosti<\/p>\n","protected":false},"author":1,"featured_media":678415,"parent":0,"menu_order":0,"comment_status":"closed","ping_status":"closed","template":"","meta":{"_acf_changed":false,"footnotes":""},"class_list":["post-679273","page","type-page","status-publish","has-post-thumbnail","hentry"],"acf":[],"yoast_head":"<!-- This site is optimized with the Yoast SEO plugin v27.4 - https:\/\/yoast.com\/product\/yoast-seo-wordpress\/ -->\n<title>Novinky spolo\u010dnosti | Rothschenk<\/title>\n<meta name=\"description\" content=\"Sledujte najnov\u0161ie firemn\u00e9 novinky spolo\u010dnosti Rothschenk! Zistite v\u0161etko o najnov\u0161om v\u00fdvoji a inov\u00e1ci\u00e1ch \u2714\ufe0f\" \/>\n<meta name=\"robots\" content=\"index, follow, max-snippet:-1, max-image-preview:large, max-video-preview:-1\" \/>\n<link rel=\"canonical\" href=\"https:\/\/rothschenk.de\/sk\/novinky-spolocnosti\/\" \/>\n<meta property=\"og:locale\" content=\"sk_SK\" \/>\n<meta property=\"og:type\" content=\"article\" \/>\n<meta property=\"og:title\" content=\"Novinky spolo\u010dnosti | Rothschenk\" \/>\n<meta property=\"og:description\" content=\"Sledujte najnov\u0161ie firemn\u00e9 novinky spolo\u010dnosti Rothschenk! Zistite v\u0161etko o najnov\u0161om v\u00fdvoji a inov\u00e1ci\u00e1ch \u2714\ufe0f\" \/>\n<meta property=\"og:url\" content=\"https:\/\/rothschenk.de\/sk\/novinky-spolocnosti\/\" \/>\n<meta property=\"og:site_name\" content=\"Rothschenk\" \/>\n<meta property=\"article:publisher\" content=\"https:\/\/de-de.facebook.com\/FirmaRothschenk\/\" \/>\n<meta property=\"article:modified_time\" content=\"2025-07-01T07:53:17+00:00\" \/>\n<meta property=\"og:image\" content=\"https:\/\/rothschenk.de\/wp-content\/uploads\/2024\/06\/ihk-interview-rothschenk-ladungssicherung-nachhaltigkeit-pionier-nachhaltiges-wachstum-iwm-magazin.webp\" \/>\n\t<meta property=\"og:image:width\" content=\"1500\" \/>\n\t<meta property=\"og:image:height\" content=\"1498\" \/>\n\t<meta property=\"og:image:type\" content=\"image\/webp\" \/>\n<meta name=\"twitter:card\" content=\"summary_large_image\" \/>\n<meta name=\"twitter:label1\" content=\"Predpokladan\u00fd \u010das \u010d\u00edtania\" \/>\n\t<meta name=\"twitter:data1\" content=\"1 min\u00fata\" \/>\n<script type=\"application\/ld+json\" class=\"yoast-schema-graph\">{\"@context\":\"https:\\\/\\\/schema.org\",\"@graph\":[{\"@type\":\"WebPage\",\"@id\":\"https:\\\/\\\/rothschenk.de\\\/sk\\\/novinky-spolocnosti\\\/\",\"url\":\"https:\\\/\\\/rothschenk.de\\\/sk\\\/novinky-spolocnosti\\\/\",\"name\":\"Novinky spolo\u010dnosti | Rothschenk\",\"isPartOf\":{\"@id\":\"https:\\\/\\\/rothschenk.de\\\/#website\"},\"primaryImageOfPage\":{\"@id\":\"https:\\\/\\\/rothschenk.de\\\/sk\\\/novinky-spolocnosti\\\/#primaryimage\"},\"image\":{\"@id\":\"https:\\\/\\\/rothschenk.de\\\/sk\\\/novinky-spolocnosti\\\/#primaryimage\"},\"thumbnailUrl\":\"https:\\\/\\\/rothschenk.de\\\/wp-content\\\/uploads\\\/2024\\\/06\\\/ihk-interview-rothschenk-ladungssicherung-nachhaltigkeit-pionier-nachhaltiges-wachstum-iwm-magazin.webp\",\"datePublished\":\"2024-03-15T09:13:36+00:00\",\"dateModified\":\"2025-07-01T07:53:17+00:00\",\"description\":\"Sledujte najnov\u0161ie firemn\u00e9 novinky spolo\u010dnosti Rothschenk! Zistite v\u0161etko o najnov\u0161om v\u00fdvoji a inov\u00e1ci\u00e1ch \u2714\ufe0f\",\"breadcrumb\":{\"@id\":\"https:\\\/\\\/rothschenk.de\\\/sk\\\/novinky-spolocnosti\\\/#breadcrumb\"},\"inLanguage\":\"sk-SK\",\"potentialAction\":[{\"@type\":\"ReadAction\",\"target\":[\"https:\\\/\\\/rothschenk.de\\\/sk\\\/novinky-spolocnosti\\\/\"]}]},{\"@type\":\"ImageObject\",\"inLanguage\":\"sk-SK\",\"@id\":\"https:\\\/\\\/rothschenk.de\\\/sk\\\/novinky-spolocnosti\\\/#primaryimage\",\"url\":\"https:\\\/\\\/rothschenk.de\\\/wp-content\\\/uploads\\\/2024\\\/06\\\/ihk-interview-rothschenk-ladungssicherung-nachhaltigkeit-pionier-nachhaltiges-wachstum-iwm-magazin.webp\",\"contentUrl\":\"https:\\\/\\\/rothschenk.de\\\/wp-content\\\/uploads\\\/2024\\\/06\\\/ihk-interview-rothschenk-ladungssicherung-nachhaltigkeit-pionier-nachhaltiges-wachstum-iwm-magazin.webp\",\"width\":1500,\"height\":1498,\"caption\":\"ihk-interview-rothschenk-ladungssicherung-nachhaltigkeit-pionier-nachhaltiges-wachstum-iwm-magazin\"},{\"@type\":\"BreadcrumbList\",\"@id\":\"https:\\\/\\\/rothschenk.de\\\/sk\\\/novinky-spolocnosti\\\/#breadcrumb\",\"itemListElement\":[{\"@type\":\"ListItem\",\"position\":1,\"name\":\"Domovsk\u00e1 str\u00e1nka\",\"item\":\"https:\\\/\\\/rothschenk.de\\\/sk\\\/domovska-stranka\\\/\"},{\"@type\":\"ListItem\",\"position\":2,\"name\":\"Novinky spolo\u010dnosti\"}]},{\"@type\":\"WebSite\",\"@id\":\"https:\\\/\\\/rothschenk.de\\\/#website\",\"url\":\"https:\\\/\\\/rothschenk.de\\\/\",\"name\":\"Rothschenk - Der Online Shop f\u00fcr Ladungssicherung\",\"description\":\"Der Online Shop f\u00fcr Ladungssicherung\",\"potentialAction\":[{\"@type\":\"SearchAction\",\"target\":{\"@type\":\"EntryPoint\",\"urlTemplate\":\"https:\\\/\\\/rothschenk.de\\\/?s={search_term_string}\"},\"query-input\":{\"@type\":\"PropertyValueSpecification\",\"valueRequired\":true,\"valueName\":\"search_term_string\"}}],\"inLanguage\":\"sk-SK\"}]}<\/script>\n<!-- \/ Yoast SEO plugin. -->","yoast_head_json":{"title":"Novinky spolo\u010dnosti | Rothschenk","description":"Sledujte najnov\u0161ie firemn\u00e9 novinky spolo\u010dnosti Rothschenk! Zistite v\u0161etko o najnov\u0161om v\u00fdvoji a inov\u00e1ci\u00e1ch \u2714\ufe0f","robots":{"index":"index","follow":"follow","max-snippet":"max-snippet:-1","max-image-preview":"max-image-preview:large","max-video-preview":"max-video-preview:-1"},"canonical":"https:\/\/rothschenk.de\/sk\/novinky-spolocnosti\/","og_locale":"sk_SK","og_type":"article","og_title":"Novinky spolo\u010dnosti | Rothschenk","og_description":"Sledujte najnov\u0161ie firemn\u00e9 novinky spolo\u010dnosti Rothschenk! Zistite v\u0161etko o najnov\u0161om v\u00fdvoji a inov\u00e1ci\u00e1ch \u2714\ufe0f","og_url":"https:\/\/rothschenk.de\/sk\/novinky-spolocnosti\/","og_site_name":"Rothschenk","article_publisher":"https:\/\/de-de.facebook.com\/FirmaRothschenk\/","article_modified_time":"2025-07-01T07:53:17+00:00","og_image":[{"width":1500,"height":1498,"url":"https:\/\/rothschenk.de\/wp-content\/uploads\/2024\/06\/ihk-interview-rothschenk-ladungssicherung-nachhaltigkeit-pionier-nachhaltiges-wachstum-iwm-magazin.webp","type":"image\/webp"}],"twitter_card":"summary_large_image","twitter_misc":{"Predpokladan\u00fd \u010das \u010d\u00edtania":"1 min\u00fata"},"schema":{"@context":"https:\/\/schema.org","@graph":[{"@type":"WebPage","@id":"https:\/\/rothschenk.de\/sk\/novinky-spolocnosti\/","url":"https:\/\/rothschenk.de\/sk\/novinky-spolocnosti\/","name":"Novinky spolo\u010dnosti | Rothschenk","isPartOf":{"@id":"https:\/\/rothschenk.de\/#website"},"primaryImageOfPage":{"@id":"https:\/\/rothschenk.de\/sk\/novinky-spolocnosti\/#primaryimage"},"image":{"@id":"https:\/\/rothschenk.de\/sk\/novinky-spolocnosti\/#primaryimage"},"thumbnailUrl":"https:\/\/rothschenk.de\/wp-content\/uploads\/2024\/06\/ihk-interview-rothschenk-ladungssicherung-nachhaltigkeit-pionier-nachhaltiges-wachstum-iwm-magazin.webp","datePublished":"2024-03-15T09:13:36+00:00","dateModified":"2025-07-01T07:53:17+00:00","description":"Sledujte najnov\u0161ie firemn\u00e9 novinky spolo\u010dnosti Rothschenk! Zistite v\u0161etko o najnov\u0161om v\u00fdvoji a inov\u00e1ci\u00e1ch \u2714\ufe0f","breadcrumb":{"@id":"https:\/\/rothschenk.de\/sk\/novinky-spolocnosti\/#breadcrumb"},"inLanguage":"sk-SK","potentialAction":[{"@type":"ReadAction","target":["https:\/\/rothschenk.de\/sk\/novinky-spolocnosti\/"]}]},{"@type":"ImageObject","inLanguage":"sk-SK","@id":"https:\/\/rothschenk.de\/sk\/novinky-spolocnosti\/#primaryimage","url":"https:\/\/rothschenk.de\/wp-content\/uploads\/2024\/06\/ihk-interview-rothschenk-ladungssicherung-nachhaltigkeit-pionier-nachhaltiges-wachstum-iwm-magazin.webp","contentUrl":"https:\/\/rothschenk.de\/wp-content\/uploads\/2024\/06\/ihk-interview-rothschenk-ladungssicherung-nachhaltigkeit-pionier-nachhaltiges-wachstum-iwm-magazin.webp","width":1500,"height":1498,"caption":"ihk-interview-rothschenk-ladungssicherung-nachhaltigkeit-pionier-nachhaltiges-wachstum-iwm-magazin"},{"@type":"BreadcrumbList","@id":"https:\/\/rothschenk.de\/sk\/novinky-spolocnosti\/#breadcrumb","itemListElement":[{"@type":"ListItem","position":1,"name":"Domovsk\u00e1 str\u00e1nka","item":"https:\/\/rothschenk.de\/sk\/domovska-stranka\/"},{"@type":"ListItem","position":2,"name":"Novinky spolo\u010dnosti"}]},{"@type":"WebSite","@id":"https:\/\/rothschenk.de\/#website","url":"https:\/\/rothschenk.de\/","name":"Rothschenk - Der Online Shop f\u00fcr Ladungssicherung","description":"Der Online Shop f\u00fcr Ladungssicherung","potentialAction":[{"@type":"SearchAction","target":{"@type":"EntryPoint","urlTemplate":"https:\/\/rothschenk.de\/?s={search_term_string}"},"query-input":{"@type":"PropertyValueSpecification","valueRequired":true,"valueName":"search_term_string"}}],"inLanguage":"sk-SK"}]}},"_links":{"self":[{"href":"https:\/\/rothschenk.de\/sk\/wp-json\/wp\/v2\/pages\/679273","targetHints":{"allow":["GET"]}}],"collection":[{"href":"https:\/\/rothschenk.de\/sk\/wp-json\/wp\/v2\/pages"}],"about":[{"href":"https:\/\/rothschenk.de\/sk\/wp-json\/wp\/v2\/types\/page"}],"author":[{"embeddable":true,"href":"https:\/\/rothschenk.de\/sk\/wp-json\/wp\/v2\/users\/1"}],"replies":[{"embeddable":true,"href":"https:\/\/rothschenk.de\/sk\/wp-json\/wp\/v2\/comments?post=679273"}],"version-history":[{"count":1,"href":"https:\/\/rothschenk.de\/sk\/wp-json\/wp\/v2\/pages\/679273\/revisions"}],"predecessor-version":[{"id":679275,"href":"https:\/\/rothschenk.de\/sk\/wp-json\/wp\/v2\/pages\/679273\/revisions\/679275"}],"wp:featuredmedia":[{"embeddable":true,"href":"https:\/\/rothschenk.de\/sk\/wp-json\/wp\/v2\/media\/678415"}],"wp:attachment":[{"href":"https:\/\/rothschenk.de\/sk\/wp-json\/wp\/v2\/media?parent=679273"}],"curies":[{"name":"wp","href":"https:\/\/api.w.org\/{rel}","templated":true}]}}