{"id":682750,"date":"2021-05-26T11:10:10","date_gmt":"2021-05-26T09:10:10","guid":{"rendered":"https:\/\/rothschenk.de\/odtlacok\/"},"modified":"2025-07-01T07:30:29","modified_gmt":"2025-07-01T05:30:29","slug":"odtlacok","status":"publish","type":"page","link":"https:\/\/rothschenk.de\/sk\/odtlacok\/","title":{"rendered":"Odtla\u010dok"},"content":{"rendered":"\t\t<div data-elementor-type=\"wp-page\" data-elementor-id=\"682750\" class=\"elementor elementor-682750 elementor-12\" data-elementor-post-type=\"page\">\n\t\t\t\t\t\t<section data-particle_enable=\"false\" data-particle-mobile-disabled=\"false\" class=\"elementor-section elementor-top-section elementor-element elementor-element-4a13d94 elementor-section-boxed elementor-section-height-default elementor-section-height-default\" data-id=\"4a13d94\" data-element_type=\"section\" data-e-type=\"section\" data-settings=\"{&quot;background_background&quot;:&quot;classic&quot;}\">\n\t\t\t\t\t\t<div class=\"elementor-container elementor-column-gap-default\">\n\t\t\t\t\t<div class=\"elementor-column elementor-col-100 elementor-top-column elementor-element elementor-element-845e63f\" data-id=\"845e63f\" data-element_type=\"column\" data-e-type=\"column\">\n\t\t\t<div class=\"elementor-widget-wrap elementor-element-populated\">\n\t\t\t\t\t\t<div class=\"elementor-element elementor-element-4a3e290 elementor-widget elementor-widget-heading\" data-id=\"4a3e290\" data-element_type=\"widget\" data-e-type=\"widget\" data-widget_type=\"heading.default\">\n\t\t\t\t<div class=\"elementor-widget-container\">\n\t\t\t\t\t<h1 class=\"elementor-heading-title elementor-size-default\">Odtla\u010dok<\/h1>\t\t\t\t<\/div>\n\t\t\t\t<\/div>\n\t\t\t\t<div class=\"elementor-element elementor-element-d4c38c3 elementor-widget elementor-widget-text-editor\" data-id=\"d4c38c3\" data-element_type=\"widget\" data-e-type=\"widget\" data-widget_type=\"text-editor.default\">\n\t\t\t\t<div class=\"elementor-widget-container\">\n\t\t\t\t\t\t\t\t\t<h5>Inform\u00e1cie pod\u013ea \u00a7 5 DDG:<\/h5>\n<p>G&amp;H GmbH Rothschenk<br>Industriestrasse 5 &amp; 7-10<br>97239 Aub<\/p>\n<h5>Zast\u00fapen\u00e1:<\/h5>\n<p>Konatelia: Thomas Lorenz a Torsten Urban<\/p>\n<h5>Kontakt:<\/h5>\n<p>Telef\u00f3n: +49 9335 97 15 &#8211; 0<br>Fax: +49 9335 97 15 &#8211; 15<br>E-mail: info@rothschenk.de<\/p>\n<h5>Z\u00e1znam v registri:<\/h5>\n<p>Z\u00e1pis v obchodnom registri.<br>Registrov\u00fd s\u00fad: W\u00fcrzburg Local Court<br>Registrov\u00e9 \u010d\u00edslo: HRB 5676<\/p>\n<h5>Da\u0148 z pridanej hodnoty:<\/h5>\n<p>Identifika\u010dn\u00e9 \u010d\u00edslo pre da\u0148 z predaja pod\u013ea \u00a7 27a z\u00e1kona o dani z predaja:<br>DE812092732<\/p>\n<h5>Zodpoved\u00e1 za obsah pod\u013ea \u00a7 55 ods. 2 RStV: <\/h5>\n<p>G&amp;H GmbH Rothschenk<br>Torsten Urban<br>Industriestr. 5 &amp; 7-10<br>97239 Aub <\/p>\n<h5>Rie\u0161enie sporov<\/h5>\n<p>Eur\u00f3pska komisia poskytuje platformu na rie\u0161enie sporov online (OS): <u><a href=\"https:\/\/ec.europa.eu\/consumers\/odr\">https:\/\/ec.europa.eu\/consumers\/odr.<\/a><\/u>.<br>Na\u0161u e-mailov\u00fa adresu n\u00e1jdete vo vy\u0161\u0161ie uvedenom pr\u00e1vnom ozn\u00e1men\u00ed.<\/p>\n<p>Nie sme ochotn\u00ed ani povinn\u00ed z\u00fa\u010dastni\u0165 sa na konan\u00ed o rie\u0161en\u00ed sporu pred spotrebite\u013eskou arbitr\u00e1\u017enou komisiou.<\/p>\n<h5>Zodpovednos\u0165 za obsah<\/h5>\n<p>Ako poskytovate\u013e slu\u017eieb sme zodpovedn\u00ed za vlastn\u00fd obsah na t\u00fdchto str\u00e1nkach v s\u00falade s \u00a7 7 ods. 1 DDG a v\u0161eobecn\u00fdmi pr\u00e1vnymi predpismi. Pod\u013ea \u00a7\u00a7 8 a\u017e 10 DDG v\u0161ak ako poskytovate\u013e slu\u017eieb nie sme povinn\u00ed monitorova\u0165 pren\u00e1\u0161an\u00e9 alebo ulo\u017een\u00e9 inform\u00e1cie tret\u00edch str\u00e1n ani vy\u0161etrova\u0165 okolnosti, ktor\u00e9 nazna\u010duj\u00fa nez\u00e1konn\u00fa \u010dinnos\u0165.  <\/p>\n<p>Povinnosti odstr\u00e1ni\u0165 alebo zablokova\u0165 pou\u017e\u00edvanie inform\u00e1ci\u00ed v s\u00falade so v\u0161eobecn\u00fdmi pr\u00e1vnymi predpismi t\u00fdm nie s\u00fa dotknut\u00e9. Zodpovednos\u0165 v tomto oh\u013eade je v\u0161ak mo\u017en\u00e1 a\u017e od momentu, ke\u010f sa dozvieme o konkr\u00e9tnom poru\u0161en\u00ed. Hne\u010f ako sa o takomto poru\u0161en\u00ed dozvieme, tento obsah okam\u017eite odstr\u00e1nime.  <\/p>\n<h5>Zodpovednos\u0165 za odkazy<\/h5>\n<p>Na\u0161a webov\u00e1 str\u00e1nka obsahuje odkazy na extern\u00e9 webov\u00e9 str\u00e1nky tret\u00edch str\u00e1n, na ktor\u00fdch obsah nem\u00e1me \u017eiadny vplyv. Preto nem\u00f4\u017eeme prevzia\u0165 \u017eiadnu zodpovednos\u0165 za tento obsah tret\u00edch str\u00e1n. Za obsah odkazovan\u00fdch str\u00e1nok je v\u017edy zodpovedn\u00fd pr\u00edslu\u0161n\u00fd poskytovate\u013e alebo prev\u00e1dzkovate\u013e str\u00e1nok. Prepojen\u00e9 str\u00e1nky boli v \u010dase prepojenia skontrolovan\u00e9 z h\u013eadiska mo\u017en\u00e9ho poru\u0161enia pr\u00e1vnych predpisov. Nez\u00e1konn\u00fd obsah nebol v \u010dase prepojenia rozpoznan\u00fd.    <\/p>\n<p>Permanentn\u00e9 monitorovanie obsahu odkazovan\u00fdch str\u00e1nok v\u0161ak nie je rozumn\u00e9 bez konkr\u00e9tnych d\u00f4kazov o poru\u0161en\u00ed. Ak sa dozvieme o akomko\u013evek poru\u0161en\u00ed pr\u00e1vnych predpisov, tak\u00e9to odkazy okam\u017eite odstr\u00e1nime. <\/p>\n<h5>Autorsk\u00e9 pr\u00e1va<\/h5>\n<p>Obsah a diela vytvoren\u00e9 prev\u00e1dzkovate\u013emi str\u00e1nok na t\u00fdchto str\u00e1nkach podliehaj\u00fa nemeck\u00e9mu autorsk\u00e9mu pr\u00e1vu. Rozmno\u017eovanie, spracovanie, \u0161\u00edrenie a ak\u00fdko\u013evek druh vyu\u017eitia nad r\u00e1mec autorsk\u00e9ho z\u00e1kona si vy\u017eaduje p\u00edsomn\u00fd s\u00fahlas pr\u00edslu\u0161n\u00e9ho autora alebo tvorcu. S\u0165ahovanie a kop\u00edrovanie t\u00fdchto str\u00e1nok je povolen\u00e9 len na s\u00fakromn\u00e9, nekomer\u010dn\u00e9 pou\u017eitie.  <\/p>\n<p>Pokia\u013e obsah na tejto str\u00e1nke nevytvoril prev\u00e1dzkovate\u013e, re\u0161pektuj\u00fa sa autorsk\u00e9 pr\u00e1va tret\u00edch str\u00e1n. Najm\u00e4 obsah tret\u00edch str\u00e1n je takto ozna\u010den\u00fd. Ak sa napriek tomu dozviete o poru\u0161en\u00ed autorsk\u00fdch pr\u00e1v, informujte n\u00e1s o tom. Ak sa o poru\u0161en\u00ed dozvieme, tak\u00fdto obsah okam\u017eite odstr\u00e1nime.   &nbsp;<\/p>\t\t\t\t\t\t\t\t<\/div>\n\t\t\t\t<\/div>\n\t\t\t\t<div class=\"elementor-element elementor-element-8122df0 elementor-widget elementor-widget-text-editor\" data-id=\"8122df0\" data-element_type=\"widget\" data-e-type=\"widget\" data-widget_type=\"text-editor.default\">\n\t\t\t\t<div class=\"elementor-widget-container\">\n\t\t\t\t\t\t\t\t\t<p>Webov\u00e1 str\u00e1nka a technick\u00e1 podpora: <a href=\"https:\/\/www.user-mind.de\/\" target=\"_blank\" rel=\"noopener\">UserMind GmbH<\/a><\/p>\t\t\t\t\t\t\t\t<\/div>\n\t\t\t\t<\/div>\n\t\t\t\t\t<\/div>\n\t\t<\/div>\n\t\t\t\t\t<\/div>\n\t\t<\/section>\n\t\t\t\t<\/div>\n\t\t","protected":false},"excerpt":{"rendered":"<p>Odtla\u010dok Inform\u00e1cie pod\u013ea \u00a7 5 DDG: G&amp;H GmbH RothschenkIndustriestrasse 5 &amp; 7-1097239 Aub Zast\u00fapen\u00e1: Konatelia: Thomas Lorenz a Torsten Urban Kontakt: Telef\u00f3n: +49 9335 97 15 &#8211; 0Fax: +49 9335 97 15 &#8211; 15E-mail: info@rothschenk.de Z\u00e1znam v registri: Z\u00e1pis v obchodnom registri.Registrov\u00fd s\u00fad: W\u00fcrzburg Local CourtRegistrov\u00e9 \u010d\u00edslo: HRB 5676 Da\u0148 z pridanej hodnoty: Identifika\u010dn\u00e9 \u010d\u00edslo [&hellip;]<\/p>\n","protected":false},"author":1,"featured_media":0,"parent":0,"menu_order":0,"comment_status":"closed","ping_status":"closed","template":"","meta":{"_acf_changed":false,"footnotes":""},"class_list":["post-682750","page","type-page","status-publish","hentry"],"acf":[],"yoast_head":"<!-- This site is optimized with the Yoast SEO plugin v27.4 - https:\/\/yoast.com\/product\/yoast-seo-wordpress\/ -->\n<title>Odtla\u010dok - Rothschenk<\/title>\n<meta name=\"robots\" content=\"noindex, follow\" \/>\n<meta property=\"og:locale\" content=\"sk_SK\" \/>\n<meta property=\"og:type\" content=\"article\" \/>\n<meta property=\"og:title\" content=\"Odtla\u010dok - Rothschenk\" \/>\n<meta property=\"og:description\" content=\"Odtla\u010dok Inform\u00e1cie pod\u013ea \u00a7 5 DDG: G&amp;H GmbH RothschenkIndustriestrasse 5 &amp; 7-1097239 Aub Zast\u00fapen\u00e1: Konatelia: Thomas Lorenz a Torsten Urban Kontakt: Telef\u00f3n: +49 9335 97 15 &#8211; 0Fax: +49 9335 97 15 &#8211; 15E-mail: info@rothschenk.de Z\u00e1znam v registri: Z\u00e1pis v obchodnom registri.Registrov\u00fd s\u00fad: W\u00fcrzburg Local CourtRegistrov\u00e9 \u010d\u00edslo: HRB 5676 Da\u0148 z pridanej hodnoty: Identifika\u010dn\u00e9 \u010d\u00edslo [&hellip;]\" \/>\n<meta property=\"og:url\" content=\"https:\/\/rothschenk.de\/sk\/odtlacok\/\" \/>\n<meta property=\"og:site_name\" content=\"Rothschenk\" \/>\n<meta property=\"article:publisher\" content=\"https:\/\/de-de.facebook.com\/FirmaRothschenk\/\" \/>\n<meta property=\"article:modified_time\" content=\"2025-07-01T05:30:29+00:00\" \/>\n<meta name=\"twitter:card\" content=\"summary_large_image\" \/>\n<meta name=\"twitter:label1\" content=\"Predpokladan\u00fd \u010das \u010d\u00edtania\" \/>\n\t<meta name=\"twitter:data1\" content=\"3 min\u00faty\" \/>\n<script type=\"application\/ld+json\" class=\"yoast-schema-graph\">{\"@context\":\"https:\\\/\\\/schema.org\",\"@graph\":[{\"@type\":\"WebPage\",\"@id\":\"https:\\\/\\\/rothschenk.de\\\/sk\\\/odtlacok\\\/\",\"url\":\"https:\\\/\\\/rothschenk.de\\\/sk\\\/odtlacok\\\/\",\"name\":\"Odtla\u010dok - Rothschenk\",\"isPartOf\":{\"@id\":\"https:\\\/\\\/rothschenk.de\\\/#website\"},\"datePublished\":\"2021-05-26T09:10:10+00:00\",\"dateModified\":\"2025-07-01T05:30:29+00:00\",\"breadcrumb\":{\"@id\":\"https:\\\/\\\/rothschenk.de\\\/sk\\\/odtlacok\\\/#breadcrumb\"},\"inLanguage\":\"sk-SK\",\"potentialAction\":[{\"@type\":\"ReadAction\",\"target\":[\"https:\\\/\\\/rothschenk.de\\\/sk\\\/odtlacok\\\/\"]}]},{\"@type\":\"BreadcrumbList\",\"@id\":\"https:\\\/\\\/rothschenk.de\\\/sk\\\/odtlacok\\\/#breadcrumb\",\"itemListElement\":[{\"@type\":\"ListItem\",\"position\":1,\"name\":\"Domovsk\u00e1 str\u00e1nka\",\"item\":\"https:\\\/\\\/rothschenk.de\\\/sk\\\/domovska-stranka\\\/\"},{\"@type\":\"ListItem\",\"position\":2,\"name\":\"Odtla\u010dok\"}]},{\"@type\":\"WebSite\",\"@id\":\"https:\\\/\\\/rothschenk.de\\\/#website\",\"url\":\"https:\\\/\\\/rothschenk.de\\\/\",\"name\":\"Rothschenk - Der Online Shop f\u00fcr Ladungssicherung\",\"description\":\"Der Online Shop f\u00fcr Ladungssicherung\",\"potentialAction\":[{\"@type\":\"SearchAction\",\"target\":{\"@type\":\"EntryPoint\",\"urlTemplate\":\"https:\\\/\\\/rothschenk.de\\\/?s={search_term_string}\"},\"query-input\":{\"@type\":\"PropertyValueSpecification\",\"valueRequired\":true,\"valueName\":\"search_term_string\"}}],\"inLanguage\":\"sk-SK\"}]}<\/script>\n<!-- \/ Yoast SEO plugin. -->","yoast_head_json":{"title":"Odtla\u010dok - Rothschenk","robots":{"index":"noindex","follow":"follow"},"og_locale":"sk_SK","og_type":"article","og_title":"Odtla\u010dok - Rothschenk","og_description":"Odtla\u010dok Inform\u00e1cie pod\u013ea \u00a7 5 DDG: G&amp;H GmbH RothschenkIndustriestrasse 5 &amp; 7-1097239 Aub Zast\u00fapen\u00e1: Konatelia: Thomas Lorenz a Torsten Urban Kontakt: Telef\u00f3n: +49 9335 97 15 &#8211; 0Fax: +49 9335 97 15 &#8211; 15E-mail: info@rothschenk.de Z\u00e1znam v registri: Z\u00e1pis v obchodnom registri.Registrov\u00fd s\u00fad: W\u00fcrzburg Local CourtRegistrov\u00e9 \u010d\u00edslo: HRB 5676 Da\u0148 z pridanej hodnoty: Identifika\u010dn\u00e9 \u010d\u00edslo [&hellip;]","og_url":"https:\/\/rothschenk.de\/sk\/odtlacok\/","og_site_name":"Rothschenk","article_publisher":"https:\/\/de-de.facebook.com\/FirmaRothschenk\/","article_modified_time":"2025-07-01T05:30:29+00:00","twitter_card":"summary_large_image","twitter_misc":{"Predpokladan\u00fd \u010das \u010d\u00edtania":"3 min\u00faty"},"schema":{"@context":"https:\/\/schema.org","@graph":[{"@type":"WebPage","@id":"https:\/\/rothschenk.de\/sk\/odtlacok\/","url":"https:\/\/rothschenk.de\/sk\/odtlacok\/","name":"Odtla\u010dok - Rothschenk","isPartOf":{"@id":"https:\/\/rothschenk.de\/#website"},"datePublished":"2021-05-26T09:10:10+00:00","dateModified":"2025-07-01T05:30:29+00:00","breadcrumb":{"@id":"https:\/\/rothschenk.de\/sk\/odtlacok\/#breadcrumb"},"inLanguage":"sk-SK","potentialAction":[{"@type":"ReadAction","target":["https:\/\/rothschenk.de\/sk\/odtlacok\/"]}]},{"@type":"BreadcrumbList","@id":"https:\/\/rothschenk.de\/sk\/odtlacok\/#breadcrumb","itemListElement":[{"@type":"ListItem","position":1,"name":"Domovsk\u00e1 str\u00e1nka","item":"https:\/\/rothschenk.de\/sk\/domovska-stranka\/"},{"@type":"ListItem","position":2,"name":"Odtla\u010dok"}]},{"@type":"WebSite","@id":"https:\/\/rothschenk.de\/#website","url":"https:\/\/rothschenk.de\/","name":"Rothschenk - Der Online Shop f\u00fcr Ladungssicherung","description":"Der Online Shop f\u00fcr Ladungssicherung","potentialAction":[{"@type":"SearchAction","target":{"@type":"EntryPoint","urlTemplate":"https:\/\/rothschenk.de\/?s={search_term_string}"},"query-input":{"@type":"PropertyValueSpecification","valueRequired":true,"valueName":"search_term_string"}}],"inLanguage":"sk-SK"}]}},"_links":{"self":[{"href":"https:\/\/rothschenk.de\/sk\/wp-json\/wp\/v2\/pages\/682750","targetHints":{"allow":["GET"]}}],"collection":[{"href":"https:\/\/rothschenk.de\/sk\/wp-json\/wp\/v2\/pages"}],"about":[{"href":"https:\/\/rothschenk.de\/sk\/wp-json\/wp\/v2\/types\/page"}],"author":[{"embeddable":true,"href":"https:\/\/rothschenk.de\/sk\/wp-json\/wp\/v2\/users\/1"}],"replies":[{"embeddable":true,"href":"https:\/\/rothschenk.de\/sk\/wp-json\/wp\/v2\/comments?post=682750"}],"version-history":[{"count":1,"href":"https:\/\/rothschenk.de\/sk\/wp-json\/wp\/v2\/pages\/682750\/revisions"}],"predecessor-version":[{"id":682756,"href":"https:\/\/rothschenk.de\/sk\/wp-json\/wp\/v2\/pages\/682750\/revisions\/682756"}],"wp:attachment":[{"href":"https:\/\/rothschenk.de\/sk\/wp-json\/wp\/v2\/media?parent=682750"}],"curies":[{"name":"wp","href":"https:\/\/api.w.org\/{rel}","templated":true}]}}