{"id":1104,"date":"2023-07-20T10:00:58","date_gmt":"2023-07-20T08:00:58","guid":{"rendered":"https:\/\/rothschenk.de\/rothschenk-shop\/?post_type=product&#038;p=1104"},"modified":"2026-03-27T15:02:44","modified_gmt":"2026-03-27T14:02:44","slug":"red-line-1-500-x-2-250-mm","status":"publish","type":"product","link":"https:\/\/rothschenk.de\/sk\/produkt\/red-line-1-500-x-2-250-mm\/","title":{"rendered":"Red Line | 1.500 x 2.250 mm | Stausack"},"content":{"rendered":"<h3>Red Line | 1.500 x 2.250 mm | Stausack<\/h3>\n<p>Rothschenk Staus\u00e4cke bzw. Staupolster sch\u00fctzen Ihre Ladeg\u00fcter effektiv vor Transportsch\u00e4den auf dem Weg zum Zielort. Staus\u00e4cke der Red Line Serie werden in vorhandenen Staul\u00fccken eingesetzt um einen Form- und Kraftschluss zwischen Waren und auch zur Containerwand herzustellen.<\/p>\n<p>Die Bef\u00fcllung erfolgt \u00fcber Druckluft, entweder mit einem station\u00e4ren Anschluss, oder \u00fcber ein mobiles Akkugebl\u00e4se. Dank des verbauten SMART-Ventils besteht bei unseren Red Line Staupolstern die M\u00f6glichkeit, nachtr\u00e4glich noch einmal Luft abzulassen und das Staupolster in der Staul\u00fccke zu korrigieren. Das Ventil ist in der Falzkante zur Ecke hin positioniert und somit bei ge\u00f6ffneter Containert\u00fcr f\u00fcr den Anwender frei zug\u00e4nglich.<\/p>\n<p>F\u00fcr die meisten Anwendungen sind die Standardgr\u00f6\u00dfen der Red Line Staus\u00e4cke ausreichend. Diese sind f\u00fcr Staul\u00fccken bis ca. 500 mm einsetzbar.<br \/>\nF\u00fcr gr\u00f6\u00dfere Zwischenr\u00e4ume empfehlen wir Ihnen unsere Red Line 3D Staus\u00e4cke diese sind aufgrund ihrer Bauart bei L\u00fccken bis ca. 800 mm optimal.<\/p>\n<p>Weitere Infos zu Staus\u00e4cken finden Sie in unserer <a href=\"https:\/\/rothschenk.de\/folge-20-stausack-ladungssicherung-teil-1\/\">Blogfolge 20<\/a> und <a href=\"https:\/\/rothschenk.de\/folge-21-stausack-ladungssicherung-teil-2\/\">21.<\/a><\/p>\n","protected":false},"excerpt":{"rendered":"<p>Red Line | 1.500 x 2.250 mm | Stausack Rothschenk Staus\u00e4cke bzw. Staupolster sch\u00fctzen Ihre Ladeg\u00fcter effektiv vor Transportsch\u00e4den auf dem Weg zum Zielort. Staus\u00e4cke der Red Line Serie werden in vorhandenen Staul\u00fccken eingesetzt um einen Form- und Kraftschluss zwischen Waren und auch zur Containerwand herzustellen. Die Bef\u00fcllung erfolgt \u00fcber Druckluft, entweder mit einem station\u00e4ren [&hellip;]<\/p>\n","protected":false},"featured_media":85243,"comment_status":"open","ping_status":"closed","template":"","meta":{"_acf_changed":false},"product_brand":[],"product_cat":[51,20],"product_tag":[],"class_list":{"0":"post-1104","1":"product","2":"type-product","3":"status-publish","4":"has-post-thumbnail","6":"product_cat-red-line","7":"product_cat-stausack","9":"first","10":"instock","11":"sale","12":"taxable","13":"shipping-taxable","14":"purchasable","15":"product-type-variable"},"acf":[],"yoast_head":"<!-- This site is optimized with the Yoast SEO plugin v27.3 - https:\/\/yoast.com\/product\/yoast-seo-wordpress\/ -->\n<title>Red Line | 1.500 x 2.250 mm | Stausack - Rothschenk<\/title>\n<meta name=\"description\" content=\"Red Line Stausack f\u00fcr das Einsetzen in Staul\u00fccken - Made in Germany \u2713 SMART-Ventil \u2713 Ladungssicherung \u25ba Jetzt bei Rothschenk bestellen!\" \/>\n<meta name=\"robots\" content=\"index, follow, max-snippet:-1, max-image-preview:large, max-video-preview:-1\" \/>\n<link rel=\"canonical\" href=\"https:\/\/rothschenk.de\/produkt\/red-line-600-x-900-mm\/\" \/>\n<meta property=\"og:locale\" content=\"sk_SK\" \/>\n<meta property=\"og:type\" content=\"article\" \/>\n<meta property=\"og:title\" content=\"Red Line | 1.500 x 2.250 mm | Stausack - Rothschenk\" \/>\n<meta property=\"og:description\" content=\"Red Line Stausack f\u00fcr das Einsetzen in Staul\u00fccken - Made in Germany \u2713 SMART-Ventil \u2713 Ladungssicherung \u25ba Jetzt bei Rothschenk bestellen!\" \/>\n<meta property=\"og:url\" content=\"https:\/\/rothschenk.de\/produkt\/red-line-600-x-900-mm\/\" \/>\n<meta property=\"og:site_name\" content=\"Rothschenk\" \/>\n<meta property=\"article:publisher\" content=\"https:\/\/de-de.facebook.com\/FirmaRothschenk\/\" \/>\n<meta property=\"article:modified_time\" content=\"2026-03-27T14:02:44+00:00\" \/>\n<meta property=\"og:image\" content=\"https:\/\/rothschenk.de\/wp-content\/uploads\/2023\/07\/RedLine-4.jpg\" \/>\n\t<meta property=\"og:image:width\" content=\"1024\" \/>\n\t<meta property=\"og:image:height\" content=\"1024\" \/>\n\t<meta property=\"og:image:type\" content=\"image\/jpeg\" \/>\n<meta name=\"twitter:card\" content=\"summary_large_image\" \/>\n<meta name=\"twitter:label1\" content=\"Dostupnos\u0165\" \/>\n\t<meta name=\"twitter:data1\" content=\"Na sklade\" \/>\n<script type=\"application\/ld+json\" class=\"yoast-schema-graph\">{\"@context\":\"https:\\\/\\\/schema.org\",\"@graph\":[{\"@type\":\"WebPage\",\"@id\":\"https:\\\/\\\/rothschenk.de\\\/produkt\\\/red-line-1-500-x-2-250-mm\\\/\",\"url\":\"https:\\\/\\\/rothschenk.de\\\/produkt\\\/red-line-600-x-900-mm\\\/\",\"name\":\"Red Line | 1.500 x 2.250 mm | Stausack - Rothschenk\",\"isPartOf\":{\"@id\":\"https:\\\/\\\/rothschenk.de\\\/#website\"},\"primaryImageOfPage\":{\"@id\":\"https:\\\/\\\/rothschenk.de\\\/produkt\\\/red-line-600-x-900-mm\\\/#primaryimage\"},\"image\":{\"@id\":\"https:\\\/\\\/rothschenk.de\\\/produkt\\\/red-line-600-x-900-mm\\\/#primaryimage\"},\"thumbnailUrl\":\"https:\\\/\\\/rothschenk.de\\\/wp-content\\\/uploads\\\/2023\\\/07\\\/RedLine-4.jpg\",\"datePublished\":\"2023-07-20T08:00:58+00:00\",\"dateModified\":\"2026-03-27T14:02:44+00:00\",\"description\":\"Red Line Stausack f\u00fcr das Einsetzen in Staul\u00fccken - Made in Germany \u2713 SMART-Ventil \u2713 Ladungssicherung \u25ba Jetzt bei Rothschenk bestellen!\",\"breadcrumb\":{\"@id\":\"https:\\\/\\\/rothschenk.de\\\/produkt\\\/red-line-600-x-900-mm\\\/#breadcrumb\"},\"inLanguage\":\"sk-SK\",\"potentialAction\":[{\"@type\":\"ReadAction\",\"target\":[\"https:\\\/\\\/rothschenk.de\\\/produkt\\\/red-line-600-x-900-mm\\\/\"]}]},{\"@type\":\"ImageObject\",\"inLanguage\":\"sk-SK\",\"@id\":\"https:\\\/\\\/rothschenk.de\\\/produkt\\\/red-line-600-x-900-mm\\\/#primaryimage\",\"url\":\"https:\\\/\\\/rothschenk.de\\\/wp-content\\\/uploads\\\/2023\\\/07\\\/RedLine-4.jpg\",\"contentUrl\":\"https:\\\/\\\/rothschenk.de\\\/wp-content\\\/uploads\\\/2023\\\/07\\\/RedLine-4.jpg\",\"width\":1024,\"height\":1024,\"caption\":\"Red Line Stausack\"},{\"@type\":\"BreadcrumbList\",\"@id\":\"https:\\\/\\\/rothschenk.de\\\/produkt\\\/red-line-600-x-900-mm\\\/#breadcrumb\",\"itemListElement\":[{\"@type\":\"ListItem\",\"position\":1,\"name\":\"Domovsk\u00e1 str\u00e1nka\",\"item\":\"https:\\\/\\\/rothschenk.de\\\/sk\\\/domovska-stranka\\\/\"},{\"@type\":\"ListItem\",\"position\":2,\"name\":\"Shop\",\"item\":\"https:\\\/\\\/rothschenk.de\\\/shop\\\/\"},{\"@type\":\"ListItem\",\"position\":3,\"name\":\"Red Line | 1.500 x 2.250 mm | Stausack\"}]},{\"@type\":\"WebSite\",\"@id\":\"https:\\\/\\\/rothschenk.de\\\/#website\",\"url\":\"https:\\\/\\\/rothschenk.de\\\/\",\"name\":\"Rothschenk - Der Online Shop f\u00fcr Ladungssicherung\",\"description\":\"Der Online Shop f\u00fcr Ladungssicherung\",\"potentialAction\":[{\"@type\":\"SearchAction\",\"target\":{\"@type\":\"EntryPoint\",\"urlTemplate\":\"https:\\\/\\\/rothschenk.de\\\/?s={search_term_string}\"},\"query-input\":{\"@type\":\"PropertyValueSpecification\",\"valueRequired\":true,\"valueName\":\"search_term_string\"}}],\"inLanguage\":\"sk-SK\"}]}<\/script>\n<meta property=\"og:availability\" content=\"instock\" \/>\n<meta property=\"product:availability\" content=\"instock\" \/>\n<meta property=\"product:condition\" content=\"new\" \/>\n<!-- \/ Yoast SEO plugin. -->","yoast_head_json":{"title":"Red Line | 1.500 x 2.250 mm | Stausack - Rothschenk","description":"Red Line Stausack f\u00fcr das Einsetzen in Staul\u00fccken - Made in Germany \u2713 SMART-Ventil \u2713 Ladungssicherung \u25ba Jetzt bei Rothschenk bestellen!","robots":{"index":"index","follow":"follow","max-snippet":"max-snippet:-1","max-image-preview":"max-image-preview:large","max-video-preview":"max-video-preview:-1"},"canonical":"https:\/\/rothschenk.de\/produkt\/red-line-600-x-900-mm\/","og_locale":"sk_SK","og_type":"article","og_title":"Red Line | 1.500 x 2.250 mm | Stausack - Rothschenk","og_description":"Red Line Stausack f\u00fcr das Einsetzen in Staul\u00fccken - Made in Germany \u2713 SMART-Ventil \u2713 Ladungssicherung \u25ba Jetzt bei Rothschenk bestellen!","og_url":"https:\/\/rothschenk.de\/produkt\/red-line-600-x-900-mm\/","og_site_name":"Rothschenk","article_publisher":"https:\/\/de-de.facebook.com\/FirmaRothschenk\/","article_modified_time":"2026-03-27T14:02:44+00:00","og_image":[{"width":1024,"height":1024,"url":"https:\/\/rothschenk.de\/wp-content\/uploads\/2023\/07\/RedLine-4.jpg","type":"image\/jpeg"}],"twitter_card":"summary_large_image","twitter_misc":{"Dostupnos\u0165":"Na sklade"},"schema":{"@context":"https:\/\/schema.org","@graph":[{"@type":"WebPage","@id":"https:\/\/rothschenk.de\/produkt\/red-line-1-500-x-2-250-mm\/","url":"https:\/\/rothschenk.de\/produkt\/red-line-600-x-900-mm\/","name":"Red Line | 1.500 x 2.250 mm | Stausack - Rothschenk","isPartOf":{"@id":"https:\/\/rothschenk.de\/#website"},"primaryImageOfPage":{"@id":"https:\/\/rothschenk.de\/produkt\/red-line-600-x-900-mm\/#primaryimage"},"image":{"@id":"https:\/\/rothschenk.de\/produkt\/red-line-600-x-900-mm\/#primaryimage"},"thumbnailUrl":"https:\/\/rothschenk.de\/wp-content\/uploads\/2023\/07\/RedLine-4.jpg","datePublished":"2023-07-20T08:00:58+00:00","dateModified":"2026-03-27T14:02:44+00:00","description":"Red Line Stausack f\u00fcr das Einsetzen in Staul\u00fccken - Made in Germany \u2713 SMART-Ventil \u2713 Ladungssicherung \u25ba Jetzt bei Rothschenk bestellen!","breadcrumb":{"@id":"https:\/\/rothschenk.de\/produkt\/red-line-600-x-900-mm\/#breadcrumb"},"inLanguage":"sk-SK","potentialAction":[{"@type":"ReadAction","target":["https:\/\/rothschenk.de\/produkt\/red-line-600-x-900-mm\/"]}]},{"@type":"ImageObject","inLanguage":"sk-SK","@id":"https:\/\/rothschenk.de\/produkt\/red-line-600-x-900-mm\/#primaryimage","url":"https:\/\/rothschenk.de\/wp-content\/uploads\/2023\/07\/RedLine-4.jpg","contentUrl":"https:\/\/rothschenk.de\/wp-content\/uploads\/2023\/07\/RedLine-4.jpg","width":1024,"height":1024,"caption":"Red Line Stausack"},{"@type":"BreadcrumbList","@id":"https:\/\/rothschenk.de\/produkt\/red-line-600-x-900-mm\/#breadcrumb","itemListElement":[{"@type":"ListItem","position":1,"name":"Domovsk\u00e1 str\u00e1nka","item":"https:\/\/rothschenk.de\/sk\/domovska-stranka\/"},{"@type":"ListItem","position":2,"name":"Shop","item":"https:\/\/rothschenk.de\/shop\/"},{"@type":"ListItem","position":3,"name":"Red Line | 1.500 x 2.250 mm | Stausack"}]},{"@type":"WebSite","@id":"https:\/\/rothschenk.de\/#website","url":"https:\/\/rothschenk.de\/","name":"Rothschenk - Der Online Shop f\u00fcr Ladungssicherung","description":"Der Online Shop f\u00fcr Ladungssicherung","potentialAction":[{"@type":"SearchAction","target":{"@type":"EntryPoint","urlTemplate":"https:\/\/rothschenk.de\/?s={search_term_string}"},"query-input":{"@type":"PropertyValueSpecification","valueRequired":true,"valueName":"search_term_string"}}],"inLanguage":"sk-SK"}]},"og_availability":"instock","product_availability":"instock","product_condition":"new"},"_links":{"self":[{"href":"https:\/\/rothschenk.de\/sk\/wp-json\/wp\/v2\/product\/1104","targetHints":{"allow":["GET"]}}],"collection":[{"href":"https:\/\/rothschenk.de\/sk\/wp-json\/wp\/v2\/product"}],"about":[{"href":"https:\/\/rothschenk.de\/sk\/wp-json\/wp\/v2\/types\/product"}],"replies":[{"embeddable":true,"href":"https:\/\/rothschenk.de\/sk\/wp-json\/wp\/v2\/comments?post=1104"}],"wp:featuredmedia":[{"embeddable":true,"href":"https:\/\/rothschenk.de\/sk\/wp-json\/wp\/v2\/media\/85243"}],"wp:attachment":[{"href":"https:\/\/rothschenk.de\/sk\/wp-json\/wp\/v2\/media?parent=1104"}],"wp:term":[{"taxonomy":"product_brand","embeddable":true,"href":"https:\/\/rothschenk.de\/sk\/wp-json\/wp\/v2\/product_brand?post=1104"},{"taxonomy":"product_cat","embeddable":true,"href":"https:\/\/rothschenk.de\/sk\/wp-json\/wp\/v2\/product_cat?post=1104"},{"taxonomy":"product_tag","embeddable":true,"href":"https:\/\/rothschenk.de\/sk\/wp-json\/wp\/v2\/product_tag?post=1104"}],"curies":[{"name":"wp","href":"https:\/\/api.w.org\/{rel}","templated":true}]}}