{"id":116808,"date":"2024-01-10T15:30:49","date_gmt":"2024-01-10T14:30:49","guid":{"rendered":"https:\/\/rothschenk.de\/rothschenk-shop\/?post_type=product&#038;p=116808"},"modified":"2025-09-09T12:41:01","modified_gmt":"2025-09-09T10:41:01","slug":"zwischenwandverschluss-pat-1000-2-1-000-dan","status":"publish","type":"product","link":"https:\/\/rothschenk.de\/sk\/produkt\/zwischenwandverschluss-pat-1000-2-1-000-dan\/","title":{"rendered":"Zwischenwandverschluss PAT 1000-2 | 2.290 &#8211; 2.520 mm | 1.000 daN"},"content":{"rendered":"<h3>Zwischenwandverschluss PAT 1000-2\u00a0 | 2.290 &#8211; 2.520 mm | 1.000 daN<\/h3>\n<p>Der Zwischenwandverschluss ist die ideale r\u00fcckw\u00e4rtige Ladungssicherung f\u00fcr LKW mit Bordwandaufbau. Er ist f\u00fcr Bordw\u00e4nde von 18 &#8211; 35 mm geeignet und erf\u00fcllt eine Belastbarkeit von 1.000 daN. Das Spannelement wird beidseitig in die Bordwandbretter eingeh\u00e4ngt und jeweils mit einem Spannb\u00fcgel arretiert. Durch die 2-teilige Ausf\u00fchrung ist die Breite des Zwischenwandverschlusses stufenlos von 2.290 &#8211; 2.520 mm verstellbar. In der Praxis erm\u00f6glicht dies eine flexible Anpassung der Ladungssicherung, z.B. im regionalen Lieferverkehr und bei mehreren Entladestellen. So erreichen Sie ein H\u00f6chstma\u00df an Sicherheit und k\u00f6nnen dennoch jederzeit die Ladungssituation individuell sichern.<\/p>\n<ul>\n<li style=\"list-style-type: none;\"><\/li>\n<\/ul>\n","protected":false},"excerpt":{"rendered":"<p>Zwischenwandverschluss PAT 1000-2\u00a0 | 2.290 &#8211; 2.520 mm | 1.000 daN Der Zwischenwandverschluss ist die ideale r\u00fcckw\u00e4rtige Ladungssicherung f\u00fcr LKW mit Bordwandaufbau. Er ist f\u00fcr Bordw\u00e4nde von 18 &#8211; 35 mm geeignet und erf\u00fcllt eine Belastbarkeit von 1.000 daN. Das Spannelement wird beidseitig in die Bordwandbretter eingeh\u00e4ngt und jeweils mit einem Spannb\u00fcgel arretiert. Durch die [&hellip;]<\/p>\n","protected":false},"featured_media":116901,"comment_status":"open","ping_status":"closed","template":"","meta":{"_acf_changed":false},"product_brand":[],"product_cat":[48],"product_tag":[],"class_list":{"0":"post-116808","1":"product","2":"type-product","3":"status-publish","4":"has-post-thumbnail","6":"product_cat-sale","8":"first","9":"instock","10":"sale","11":"taxable","12":"shipping-taxable","13":"purchasable","14":"product-type-simple"},"acf":[],"yoast_head":"<!-- This site is optimized with the Yoast SEO plugin v27.4 - https:\/\/yoast.com\/product\/yoast-seo-wordpress\/ -->\n<title>Zwischenwandverschluss PAT 1000-2 | 1.000 daN Rothschenk<\/title>\n<meta name=\"description\" content=\"Zwischenwandverschluss \u2713verstellbar \u2713 1000 daN \u2713 Spannelement beidseitig | Verstellbereich: 2.290 - 2.520 mm \u27a4 Jetzt bei Rothschenk bestellen!\" \/>\n<meta name=\"robots\" content=\"index, follow, max-snippet:-1, max-image-preview:large, max-video-preview:-1\" \/>\n<link rel=\"canonical\" href=\"https:\/\/rothschenk.de\/produkt\/zwischenwandverschluss-pat-1000-2-1-000-dan\/\" \/>\n<meta property=\"og:locale\" content=\"sk_SK\" \/>\n<meta property=\"og:type\" content=\"article\" \/>\n<meta property=\"og:title\" content=\"Zwischenwandverschluss PAT 1000-2 | 1.000 daN Rothschenk\" \/>\n<meta property=\"og:description\" content=\"Zwischenwandverschluss \u2713verstellbar \u2713 1000 daN \u2713 Spannelement beidseitig | Verstellbereich: 2.290 - 2.520 mm \u27a4 Jetzt bei Rothschenk bestellen!\" \/>\n<meta property=\"og:url\" content=\"https:\/\/rothschenk.de\/produkt\/zwischenwandverschluss-pat-1000-2-1-000-dan\/\" \/>\n<meta property=\"og:site_name\" content=\"Rothschenk\" \/>\n<meta property=\"article:publisher\" content=\"https:\/\/de-de.facebook.com\/FirmaRothschenk\/\" \/>\n<meta property=\"article:modified_time\" content=\"2025-09-09T10:41:01+00:00\" \/>\n<meta property=\"og:image\" content=\"https:\/\/rothschenk.de\/wp-content\/uploads\/2024\/01\/Zwischenwandverschluss-15270-LKW-PAT-1000-2-4.jpg\" \/>\n\t<meta property=\"og:image:width\" content=\"1024\" \/>\n\t<meta property=\"og:image:height\" content=\"1024\" \/>\n\t<meta property=\"og:image:type\" content=\"image\/jpeg\" \/>\n<meta name=\"twitter:card\" content=\"summary_large_image\" \/>\n<meta name=\"twitter:label1\" content=\"Cena\" \/>\n\t<meta name=\"twitter:data1\" content=\"125,00&nbsp;&euro;\" \/>\n\t<meta name=\"twitter:label2\" content=\"Dostupnos\u0165\" \/>\n\t<meta name=\"twitter:data2\" content=\"Na sklade\" \/>\n<script type=\"application\/ld+json\" class=\"yoast-schema-graph\">{\"@context\":\"https:\\\/\\\/schema.org\",\"@graph\":[{\"@type\":\"WebPage\",\"@id\":\"https:\\\/\\\/rothschenk.de\\\/produkt\\\/zwischenwandverschluss-pat-1000-2-1-000-dan\\\/\",\"url\":\"https:\\\/\\\/rothschenk.de\\\/produkt\\\/zwischenwandverschluss-pat-1000-2-1-000-dan\\\/\",\"name\":\"Zwischenwandverschluss PAT 1000-2 | 1.000 daN Rothschenk\",\"isPartOf\":{\"@id\":\"https:\\\/\\\/rothschenk.de\\\/#website\"},\"primaryImageOfPage\":{\"@id\":\"https:\\\/\\\/rothschenk.de\\\/produkt\\\/zwischenwandverschluss-pat-1000-2-1-000-dan\\\/#primaryimage\"},\"image\":{\"@id\":\"https:\\\/\\\/rothschenk.de\\\/produkt\\\/zwischenwandverschluss-pat-1000-2-1-000-dan\\\/#primaryimage\"},\"thumbnailUrl\":\"https:\\\/\\\/rothschenk.de\\\/wp-content\\\/uploads\\\/2024\\\/01\\\/Zwischenwandverschluss-15270-LKW-PAT-1000-2-4.jpg\",\"datePublished\":\"2024-01-10T14:30:49+00:00\",\"dateModified\":\"2025-09-09T10:41:01+00:00\",\"description\":\"Zwischenwandverschluss \u2713verstellbar \u2713 1000 daN \u2713 Spannelement beidseitig | Verstellbereich: 2.290 - 2.520 mm \u27a4 Jetzt bei Rothschenk bestellen!\",\"breadcrumb\":{\"@id\":\"https:\\\/\\\/rothschenk.de\\\/produkt\\\/zwischenwandverschluss-pat-1000-2-1-000-dan\\\/#breadcrumb\"},\"inLanguage\":\"sk-SK\",\"potentialAction\":[{\"@type\":\"ReadAction\",\"target\":[\"https:\\\/\\\/rothschenk.de\\\/produkt\\\/zwischenwandverschluss-pat-1000-2-1-000-dan\\\/\"]}]},{\"@type\":\"ImageObject\",\"inLanguage\":\"sk-SK\",\"@id\":\"https:\\\/\\\/rothschenk.de\\\/produkt\\\/zwischenwandverschluss-pat-1000-2-1-000-dan\\\/#primaryimage\",\"url\":\"https:\\\/\\\/rothschenk.de\\\/wp-content\\\/uploads\\\/2024\\\/01\\\/Zwischenwandverschluss-15270-LKW-PAT-1000-2-4.jpg\",\"contentUrl\":\"https:\\\/\\\/rothschenk.de\\\/wp-content\\\/uploads\\\/2024\\\/01\\\/Zwischenwandverschluss-15270-LKW-PAT-1000-2-4.jpg\",\"width\":1024,\"height\":1024,\"caption\":\"Zwischenwandverschluss im Sale\"},{\"@type\":\"BreadcrumbList\",\"@id\":\"https:\\\/\\\/rothschenk.de\\\/produkt\\\/zwischenwandverschluss-pat-1000-2-1-000-dan\\\/#breadcrumb\",\"itemListElement\":[{\"@type\":\"ListItem\",\"position\":1,\"name\":\"Domovsk\u00e1 str\u00e1nka\",\"item\":\"https:\\\/\\\/rothschenk.de\\\/sk\\\/domovska-stranka\\\/\"},{\"@type\":\"ListItem\",\"position\":2,\"name\":\"Shop\",\"item\":\"https:\\\/\\\/rothschenk.de\\\/shop\\\/\"},{\"@type\":\"ListItem\",\"position\":3,\"name\":\"Zwischenwandverschluss PAT 1000-2 | 2.290 &#8211; 2.520 mm | 1.000 daN\"}]},{\"@type\":\"WebSite\",\"@id\":\"https:\\\/\\\/rothschenk.de\\\/#website\",\"url\":\"https:\\\/\\\/rothschenk.de\\\/\",\"name\":\"Rothschenk - Der Online Shop f\u00fcr Ladungssicherung\",\"description\":\"Der Online Shop f\u00fcr Ladungssicherung\",\"potentialAction\":[{\"@type\":\"SearchAction\",\"target\":{\"@type\":\"EntryPoint\",\"urlTemplate\":\"https:\\\/\\\/rothschenk.de\\\/?s={search_term_string}\"},\"query-input\":{\"@type\":\"PropertyValueSpecification\",\"valueRequired\":true,\"valueName\":\"search_term_string\"}}],\"inLanguage\":\"sk-SK\"}]}<\/script>\n<meta property=\"product:price:amount\" content=\"125.00\" \/>\n<meta property=\"product:price:currency\" content=\"EUR\" \/>\n<meta property=\"og:availability\" content=\"instock\" \/>\n<meta property=\"product:availability\" content=\"instock\" \/>\n<meta property=\"product:retailer_item_id\" content=\"15270\" \/>\n<meta property=\"product:condition\" content=\"new\" \/>\n<!-- \/ Yoast SEO plugin. -->","yoast_head_json":{"title":"Zwischenwandverschluss PAT 1000-2 | 1.000 daN Rothschenk","description":"Zwischenwandverschluss \u2713verstellbar \u2713 1000 daN \u2713 Spannelement beidseitig | Verstellbereich: 2.290 - 2.520 mm \u27a4 Jetzt bei Rothschenk bestellen!","robots":{"index":"index","follow":"follow","max-snippet":"max-snippet:-1","max-image-preview":"max-image-preview:large","max-video-preview":"max-video-preview:-1"},"canonical":"https:\/\/rothschenk.de\/produkt\/zwischenwandverschluss-pat-1000-2-1-000-dan\/","og_locale":"sk_SK","og_type":"article","og_title":"Zwischenwandverschluss PAT 1000-2 | 1.000 daN Rothschenk","og_description":"Zwischenwandverschluss \u2713verstellbar \u2713 1000 daN \u2713 Spannelement beidseitig | Verstellbereich: 2.290 - 2.520 mm \u27a4 Jetzt bei Rothschenk bestellen!","og_url":"https:\/\/rothschenk.de\/produkt\/zwischenwandverschluss-pat-1000-2-1-000-dan\/","og_site_name":"Rothschenk","article_publisher":"https:\/\/de-de.facebook.com\/FirmaRothschenk\/","article_modified_time":"2025-09-09T10:41:01+00:00","og_image":[{"width":1024,"height":1024,"url":"https:\/\/rothschenk.de\/wp-content\/uploads\/2024\/01\/Zwischenwandverschluss-15270-LKW-PAT-1000-2-4.jpg","type":"image\/jpeg"}],"twitter_card":"summary_large_image","twitter_misc":{"Cena":"125,00&nbsp;&euro;","Dostupnos\u0165":"Na sklade"},"schema":{"@context":"https:\/\/schema.org","@graph":[{"@type":"WebPage","@id":"https:\/\/rothschenk.de\/produkt\/zwischenwandverschluss-pat-1000-2-1-000-dan\/","url":"https:\/\/rothschenk.de\/produkt\/zwischenwandverschluss-pat-1000-2-1-000-dan\/","name":"Zwischenwandverschluss PAT 1000-2 | 1.000 daN Rothschenk","isPartOf":{"@id":"https:\/\/rothschenk.de\/#website"},"primaryImageOfPage":{"@id":"https:\/\/rothschenk.de\/produkt\/zwischenwandverschluss-pat-1000-2-1-000-dan\/#primaryimage"},"image":{"@id":"https:\/\/rothschenk.de\/produkt\/zwischenwandverschluss-pat-1000-2-1-000-dan\/#primaryimage"},"thumbnailUrl":"https:\/\/rothschenk.de\/wp-content\/uploads\/2024\/01\/Zwischenwandverschluss-15270-LKW-PAT-1000-2-4.jpg","datePublished":"2024-01-10T14:30:49+00:00","dateModified":"2025-09-09T10:41:01+00:00","description":"Zwischenwandverschluss \u2713verstellbar \u2713 1000 daN \u2713 Spannelement beidseitig | Verstellbereich: 2.290 - 2.520 mm \u27a4 Jetzt bei Rothschenk bestellen!","breadcrumb":{"@id":"https:\/\/rothschenk.de\/produkt\/zwischenwandverschluss-pat-1000-2-1-000-dan\/#breadcrumb"},"inLanguage":"sk-SK","potentialAction":[{"@type":"ReadAction","target":["https:\/\/rothschenk.de\/produkt\/zwischenwandverschluss-pat-1000-2-1-000-dan\/"]}]},{"@type":"ImageObject","inLanguage":"sk-SK","@id":"https:\/\/rothschenk.de\/produkt\/zwischenwandverschluss-pat-1000-2-1-000-dan\/#primaryimage","url":"https:\/\/rothschenk.de\/wp-content\/uploads\/2024\/01\/Zwischenwandverschluss-15270-LKW-PAT-1000-2-4.jpg","contentUrl":"https:\/\/rothschenk.de\/wp-content\/uploads\/2024\/01\/Zwischenwandverschluss-15270-LKW-PAT-1000-2-4.jpg","width":1024,"height":1024,"caption":"Zwischenwandverschluss im Sale"},{"@type":"BreadcrumbList","@id":"https:\/\/rothschenk.de\/produkt\/zwischenwandverschluss-pat-1000-2-1-000-dan\/#breadcrumb","itemListElement":[{"@type":"ListItem","position":1,"name":"Domovsk\u00e1 str\u00e1nka","item":"https:\/\/rothschenk.de\/sk\/domovska-stranka\/"},{"@type":"ListItem","position":2,"name":"Shop","item":"https:\/\/rothschenk.de\/shop\/"},{"@type":"ListItem","position":3,"name":"Zwischenwandverschluss PAT 1000-2 | 2.290 &#8211; 2.520 mm | 1.000 daN"}]},{"@type":"WebSite","@id":"https:\/\/rothschenk.de\/#website","url":"https:\/\/rothschenk.de\/","name":"Rothschenk - Der Online Shop f\u00fcr Ladungssicherung","description":"Der Online Shop f\u00fcr Ladungssicherung","potentialAction":[{"@type":"SearchAction","target":{"@type":"EntryPoint","urlTemplate":"https:\/\/rothschenk.de\/?s={search_term_string}"},"query-input":{"@type":"PropertyValueSpecification","valueRequired":true,"valueName":"search_term_string"}}],"inLanguage":"sk-SK"}]},"product_price_amount":"125.00","product_price_currency":"EUR","og_availability":"instock","product_availability":"instock","product_retailer_item_id":"15270","product_condition":"new"},"_links":{"self":[{"href":"https:\/\/rothschenk.de\/sk\/wp-json\/wp\/v2\/product\/116808","targetHints":{"allow":["GET"]}}],"collection":[{"href":"https:\/\/rothschenk.de\/sk\/wp-json\/wp\/v2\/product"}],"about":[{"href":"https:\/\/rothschenk.de\/sk\/wp-json\/wp\/v2\/types\/product"}],"replies":[{"embeddable":true,"href":"https:\/\/rothschenk.de\/sk\/wp-json\/wp\/v2\/comments?post=116808"}],"wp:featuredmedia":[{"embeddable":true,"href":"https:\/\/rothschenk.de\/sk\/wp-json\/wp\/v2\/media\/116901"}],"wp:attachment":[{"href":"https:\/\/rothschenk.de\/sk\/wp-json\/wp\/v2\/media?parent=116808"}],"wp:term":[{"taxonomy":"product_brand","embeddable":true,"href":"https:\/\/rothschenk.de\/sk\/wp-json\/wp\/v2\/product_brand?post=116808"},{"taxonomy":"product_cat","embeddable":true,"href":"https:\/\/rothschenk.de\/sk\/wp-json\/wp\/v2\/product_cat?post=116808"},{"taxonomy":"product_tag","embeddable":true,"href":"https:\/\/rothschenk.de\/sk\/wp-json\/wp\/v2\/product_tag?post=116808"}],"curies":[{"name":"wp","href":"https:\/\/api.w.org\/{rel}","templated":true}]}}