{"id":1255,"date":"2023-07-18T22:00:29","date_gmt":"2023-07-18T20:00:29","guid":{"rendered":"https:\/\/rothschenk.de\/rothschenk-shop\/?post_type=product&#038;p=1255"},"modified":"2026-04-07T10:43:01","modified_gmt":"2026-04-07T08:43:01","slug":"red-line-3d-2-400-x-900-x-560-mm","status":"publish","type":"product","link":"https:\/\/rothschenk.de\/sk\/produkt\/red-line-3d-2-400-x-900-x-560-mm\/","title":{"rendered":"Red Line 3D | 2.400 x 900 x 560 mm | Stausack"},"content":{"rendered":"<h3>Red Line 3D | 2.400 x 900 x 560 mm | Stausack<\/h3>\n<p>Um Ware von der Verladung bis zum Zielort maximal zuverl\u00e4ssig zu sichern, gilt es auch gr\u00f6\u00dfere Hohl- oder Zwischenr\u00e4ume auszuf\u00fcllen. F\u00fcr gro\u00dfe Staul\u00fccken sind unsere 3D Staupolster bzw. Staus\u00e4cke aufgrund ihrer Bauweise ideal. Sie liegen mit ihrer gesamten Fl\u00e4che an der Ware an und sorgen somit f\u00fcr einen stabilen Halt.<\/p>\n<p>Rothschenk Staupolster sind f\u00fcr alle Transportwege, ob im Container, per Schiff, LKW oder Eisenbahntransport geeignet. Die Red Line Serie bedient zwei wichtige Kundenanforderungen: Ein gutes Preis-\/Leistungsverh\u00e4ltnis, sowie verl\u00e4ssliche Sicherheit f\u00fcr den Versand von Ware. Die Idee hinter Staupolstern ist die kraftschl\u00fcssige und formschl\u00fcssige Verladung von G\u00fctern aller Art. Dabei sind relativ stabile Einheiten wie IBC oder Palettenware genauso relevant wie eher flexiblere G\u00fcter, wie z.B. Weichverpackungen. Es kommt hinzu, dass oftmals keine oder eine nicht ausreichende Anzahl an Zurr\u00f6sen im Container vorhanden sind. Mit Staupolstern von Rothschenk k\u00f6nnen Sie die Sicherheit mit wenigen Handgriffen deutlich erh\u00f6hen.<\/p>\n<p>Sprechen Sie uns bei Fragen zu Ihrer Verladung gerne an!<\/p>\n<p>Weitere Infos zu Staus\u00e4cken finden Sie in unserer <a href=\"https:\/\/rothschenk.de\/folge-20-stausack-ladungssicherung-teil-1\/\">Blogfolge 20<\/a> und <a href=\"https:\/\/rothschenk.de\/folge-21-stausack-ladungssicherung-teil-2\/\">21.<\/a><\/p>\n","protected":false},"excerpt":{"rendered":"<p>Red Line 3D | 2.400 x 900 x 560 mm | Stausack Um Ware von der Verladung bis zum Zielort maximal zuverl\u00e4ssig zu sichern, gilt es auch gr\u00f6\u00dfere Hohl- oder Zwischenr\u00e4ume auszuf\u00fcllen. F\u00fcr gro\u00dfe Staul\u00fccken sind unsere 3D Staupolster bzw. Staus\u00e4cke aufgrund ihrer Bauweise ideal. Sie liegen mit ihrer gesamten Fl\u00e4che an der Ware an [&hellip;]<\/p>\n","protected":false},"featured_media":85380,"comment_status":"open","ping_status":"closed","template":"","meta":{"_acf_changed":false},"product_brand":[],"product_cat":[52,20],"product_tag":[],"class_list":{"0":"post-1255","1":"product","2":"type-product","3":"status-publish","4":"has-post-thumbnail","6":"product_cat-red-line-3d","7":"product_cat-stausack","9":"first","10":"instock","11":"sale","12":"taxable","13":"shipping-taxable","14":"purchasable","15":"product-type-variable"},"acf":[],"yoast_head":"<!-- This site is optimized with the Yoast SEO plugin v27.3 - https:\/\/yoast.com\/product\/yoast-seo-wordpress\/ -->\n<title>Red Line 3D | 2.400 x 900 x 560 mm | Stausack - Rothschenk<\/title>\n<meta name=\"description\" content=\"Red Line 3D-Stausack f\u00fcr formschl\u00fcssiges Sichern von Ware - Made in Germany \u2713 T\u00dcV-zertifiziert \u25ba Jetzt bei Rothschenk bestellen!\" \/>\n<meta name=\"robots\" content=\"index, follow, max-snippet:-1, max-image-preview:large, max-video-preview:-1\" \/>\n<link rel=\"canonical\" href=\"https:\/\/rothschenk.de\/rothschenk-shop\/produkt\/red-line-3d-1-450-x-900-x-560-mm\/\" \/>\n<meta property=\"og:locale\" content=\"sk_SK\" \/>\n<meta property=\"og:type\" content=\"article\" \/>\n<meta property=\"og:title\" content=\"Red Line 3D | 2.400 x 900 x 560 mm | Stausack - Rothschenk\" \/>\n<meta property=\"og:description\" content=\"Red Line 3D-Stausack f\u00fcr formschl\u00fcssiges Sichern von Ware - Made in Germany \u2713 T\u00dcV-zertifiziert \u25ba Jetzt bei Rothschenk bestellen!\" \/>\n<meta property=\"og:url\" content=\"https:\/\/rothschenk.de\/rothschenk-shop\/produkt\/red-line-3d-1-450-x-900-x-560-mm\/\" \/>\n<meta property=\"og:site_name\" content=\"Rothschenk\" \/>\n<meta property=\"article:publisher\" content=\"https:\/\/de-de.facebook.com\/FirmaRothschenk\/\" \/>\n<meta property=\"article:modified_time\" content=\"2026-04-07T08:43:01+00:00\" \/>\n<meta property=\"og:image\" content=\"https:\/\/rothschenk.de\/wp-content\/uploads\/2023\/07\/Design-ohne-Titel-5.jpg\" \/>\n\t<meta property=\"og:image:width\" content=\"1024\" \/>\n\t<meta property=\"og:image:height\" content=\"1024\" \/>\n\t<meta property=\"og:image:type\" content=\"image\/jpeg\" \/>\n<meta name=\"twitter:card\" content=\"summary_large_image\" \/>\n<meta name=\"twitter:label1\" content=\"Dostupnos\u0165\" \/>\n\t<meta name=\"twitter:data1\" content=\"Na sklade\" \/>\n<script type=\"application\/ld+json\" class=\"yoast-schema-graph\">{\"@context\":\"https:\\\/\\\/schema.org\",\"@graph\":[{\"@type\":\"WebPage\",\"@id\":\"https:\\\/\\\/rothschenk.de\\\/produkt\\\/red-line-3d-2-400-x-900-x-560-mm\\\/\",\"url\":\"https:\\\/\\\/rothschenk.de\\\/rothschenk-shop\\\/produkt\\\/red-line-3d-1-450-x-900-x-560-mm\\\/\",\"name\":\"Red Line 3D | 2.400 x 900 x 560 mm | Stausack - Rothschenk\",\"isPartOf\":{\"@id\":\"https:\\\/\\\/rothschenk.de\\\/#website\"},\"primaryImageOfPage\":{\"@id\":\"https:\\\/\\\/rothschenk.de\\\/rothschenk-shop\\\/produkt\\\/red-line-3d-1-450-x-900-x-560-mm\\\/#primaryimage\"},\"image\":{\"@id\":\"https:\\\/\\\/rothschenk.de\\\/rothschenk-shop\\\/produkt\\\/red-line-3d-1-450-x-900-x-560-mm\\\/#primaryimage\"},\"thumbnailUrl\":\"https:\\\/\\\/rothschenk.de\\\/wp-content\\\/uploads\\\/2023\\\/07\\\/Design-ohne-Titel-5.jpg\",\"datePublished\":\"2023-07-18T20:00:29+00:00\",\"dateModified\":\"2026-04-07T08:43:01+00:00\",\"description\":\"Red Line 3D-Stausack f\u00fcr formschl\u00fcssiges Sichern von Ware - Made in Germany \u2713 T\u00dcV-zertifiziert \u25ba Jetzt bei Rothschenk bestellen!\",\"breadcrumb\":{\"@id\":\"https:\\\/\\\/rothschenk.de\\\/rothschenk-shop\\\/produkt\\\/red-line-3d-1-450-x-900-x-560-mm\\\/#breadcrumb\"},\"inLanguage\":\"sk-SK\",\"potentialAction\":[{\"@type\":\"ReadAction\",\"target\":[\"https:\\\/\\\/rothschenk.de\\\/rothschenk-shop\\\/produkt\\\/red-line-3d-1-450-x-900-x-560-mm\\\/\"]}]},{\"@type\":\"ImageObject\",\"inLanguage\":\"sk-SK\",\"@id\":\"https:\\\/\\\/rothschenk.de\\\/rothschenk-shop\\\/produkt\\\/red-line-3d-1-450-x-900-x-560-mm\\\/#primaryimage\",\"url\":\"https:\\\/\\\/rothschenk.de\\\/wp-content\\\/uploads\\\/2023\\\/07\\\/Design-ohne-Titel-5.jpg\",\"contentUrl\":\"https:\\\/\\\/rothschenk.de\\\/wp-content\\\/uploads\\\/2023\\\/07\\\/Design-ohne-Titel-5.jpg\",\"width\":1024,\"height\":1024,\"caption\":\"Red Line 3D Stausack\"},{\"@type\":\"BreadcrumbList\",\"@id\":\"https:\\\/\\\/rothschenk.de\\\/rothschenk-shop\\\/produkt\\\/red-line-3d-1-450-x-900-x-560-mm\\\/#breadcrumb\",\"itemListElement\":[{\"@type\":\"ListItem\",\"position\":1,\"name\":\"Domovsk\u00e1 str\u00e1nka\",\"item\":\"https:\\\/\\\/rothschenk.de\\\/sk\\\/domovska-stranka\\\/\"},{\"@type\":\"ListItem\",\"position\":2,\"name\":\"Shop\",\"item\":\"https:\\\/\\\/rothschenk.de\\\/shop\\\/\"},{\"@type\":\"ListItem\",\"position\":3,\"name\":\"Red Line 3D | 2.400 x 900 x 560 mm | Stausack\"}]},{\"@type\":\"WebSite\",\"@id\":\"https:\\\/\\\/rothschenk.de\\\/#website\",\"url\":\"https:\\\/\\\/rothschenk.de\\\/\",\"name\":\"Rothschenk - Der Online Shop f\u00fcr Ladungssicherung\",\"description\":\"Der Online Shop f\u00fcr Ladungssicherung\",\"potentialAction\":[{\"@type\":\"SearchAction\",\"target\":{\"@type\":\"EntryPoint\",\"urlTemplate\":\"https:\\\/\\\/rothschenk.de\\\/?s={search_term_string}\"},\"query-input\":{\"@type\":\"PropertyValueSpecification\",\"valueRequired\":true,\"valueName\":\"search_term_string\"}}],\"inLanguage\":\"sk-SK\"}]}<\/script>\n<meta property=\"og:availability\" content=\"instock\" \/>\n<meta property=\"product:availability\" content=\"instock\" \/>\n<meta property=\"product:condition\" content=\"new\" \/>\n<!-- \/ Yoast SEO plugin. -->","yoast_head_json":{"title":"Red Line 3D | 2.400 x 900 x 560 mm | Stausack - Rothschenk","description":"Red Line 3D-Stausack f\u00fcr formschl\u00fcssiges Sichern von Ware - Made in Germany \u2713 T\u00dcV-zertifiziert \u25ba Jetzt bei Rothschenk bestellen!","robots":{"index":"index","follow":"follow","max-snippet":"max-snippet:-1","max-image-preview":"max-image-preview:large","max-video-preview":"max-video-preview:-1"},"canonical":"https:\/\/rothschenk.de\/rothschenk-shop\/produkt\/red-line-3d-1-450-x-900-x-560-mm\/","og_locale":"sk_SK","og_type":"article","og_title":"Red Line 3D | 2.400 x 900 x 560 mm | Stausack - Rothschenk","og_description":"Red Line 3D-Stausack f\u00fcr formschl\u00fcssiges Sichern von Ware - Made in Germany \u2713 T\u00dcV-zertifiziert \u25ba Jetzt bei Rothschenk bestellen!","og_url":"https:\/\/rothschenk.de\/rothschenk-shop\/produkt\/red-line-3d-1-450-x-900-x-560-mm\/","og_site_name":"Rothschenk","article_publisher":"https:\/\/de-de.facebook.com\/FirmaRothschenk\/","article_modified_time":"2026-04-07T08:43:01+00:00","og_image":[{"width":1024,"height":1024,"url":"https:\/\/rothschenk.de\/wp-content\/uploads\/2023\/07\/Design-ohne-Titel-5.jpg","type":"image\/jpeg"}],"twitter_card":"summary_large_image","twitter_misc":{"Dostupnos\u0165":"Na sklade"},"schema":{"@context":"https:\/\/schema.org","@graph":[{"@type":"WebPage","@id":"https:\/\/rothschenk.de\/produkt\/red-line-3d-2-400-x-900-x-560-mm\/","url":"https:\/\/rothschenk.de\/rothschenk-shop\/produkt\/red-line-3d-1-450-x-900-x-560-mm\/","name":"Red Line 3D | 2.400 x 900 x 560 mm | Stausack - Rothschenk","isPartOf":{"@id":"https:\/\/rothschenk.de\/#website"},"primaryImageOfPage":{"@id":"https:\/\/rothschenk.de\/rothschenk-shop\/produkt\/red-line-3d-1-450-x-900-x-560-mm\/#primaryimage"},"image":{"@id":"https:\/\/rothschenk.de\/rothschenk-shop\/produkt\/red-line-3d-1-450-x-900-x-560-mm\/#primaryimage"},"thumbnailUrl":"https:\/\/rothschenk.de\/wp-content\/uploads\/2023\/07\/Design-ohne-Titel-5.jpg","datePublished":"2023-07-18T20:00:29+00:00","dateModified":"2026-04-07T08:43:01+00:00","description":"Red Line 3D-Stausack f\u00fcr formschl\u00fcssiges Sichern von Ware - Made in Germany \u2713 T\u00dcV-zertifiziert \u25ba Jetzt bei Rothschenk bestellen!","breadcrumb":{"@id":"https:\/\/rothschenk.de\/rothschenk-shop\/produkt\/red-line-3d-1-450-x-900-x-560-mm\/#breadcrumb"},"inLanguage":"sk-SK","potentialAction":[{"@type":"ReadAction","target":["https:\/\/rothschenk.de\/rothschenk-shop\/produkt\/red-line-3d-1-450-x-900-x-560-mm\/"]}]},{"@type":"ImageObject","inLanguage":"sk-SK","@id":"https:\/\/rothschenk.de\/rothschenk-shop\/produkt\/red-line-3d-1-450-x-900-x-560-mm\/#primaryimage","url":"https:\/\/rothschenk.de\/wp-content\/uploads\/2023\/07\/Design-ohne-Titel-5.jpg","contentUrl":"https:\/\/rothschenk.de\/wp-content\/uploads\/2023\/07\/Design-ohne-Titel-5.jpg","width":1024,"height":1024,"caption":"Red Line 3D Stausack"},{"@type":"BreadcrumbList","@id":"https:\/\/rothschenk.de\/rothschenk-shop\/produkt\/red-line-3d-1-450-x-900-x-560-mm\/#breadcrumb","itemListElement":[{"@type":"ListItem","position":1,"name":"Domovsk\u00e1 str\u00e1nka","item":"https:\/\/rothschenk.de\/sk\/domovska-stranka\/"},{"@type":"ListItem","position":2,"name":"Shop","item":"https:\/\/rothschenk.de\/shop\/"},{"@type":"ListItem","position":3,"name":"Red Line 3D | 2.400 x 900 x 560 mm | Stausack"}]},{"@type":"WebSite","@id":"https:\/\/rothschenk.de\/#website","url":"https:\/\/rothschenk.de\/","name":"Rothschenk - Der Online Shop f\u00fcr Ladungssicherung","description":"Der Online Shop f\u00fcr Ladungssicherung","potentialAction":[{"@type":"SearchAction","target":{"@type":"EntryPoint","urlTemplate":"https:\/\/rothschenk.de\/?s={search_term_string}"},"query-input":{"@type":"PropertyValueSpecification","valueRequired":true,"valueName":"search_term_string"}}],"inLanguage":"sk-SK"}]},"og_availability":"instock","product_availability":"instock","product_condition":"new"},"_links":{"self":[{"href":"https:\/\/rothschenk.de\/sk\/wp-json\/wp\/v2\/product\/1255","targetHints":{"allow":["GET"]}}],"collection":[{"href":"https:\/\/rothschenk.de\/sk\/wp-json\/wp\/v2\/product"}],"about":[{"href":"https:\/\/rothschenk.de\/sk\/wp-json\/wp\/v2\/types\/product"}],"replies":[{"embeddable":true,"href":"https:\/\/rothschenk.de\/sk\/wp-json\/wp\/v2\/comments?post=1255"}],"wp:featuredmedia":[{"embeddable":true,"href":"https:\/\/rothschenk.de\/sk\/wp-json\/wp\/v2\/media\/85380"}],"wp:attachment":[{"href":"https:\/\/rothschenk.de\/sk\/wp-json\/wp\/v2\/media?parent=1255"}],"wp:term":[{"taxonomy":"product_brand","embeddable":true,"href":"https:\/\/rothschenk.de\/sk\/wp-json\/wp\/v2\/product_brand?post=1255"},{"taxonomy":"product_cat","embeddable":true,"href":"https:\/\/rothschenk.de\/sk\/wp-json\/wp\/v2\/product_cat?post=1255"},{"taxonomy":"product_tag","embeddable":true,"href":"https:\/\/rothschenk.de\/sk\/wp-json\/wp\/v2\/product_tag?post=1255"}],"curies":[{"name":"wp","href":"https:\/\/api.w.org\/{rel}","templated":true}]}}