{"id":1278,"date":"2023-07-16T17:00:13","date_gmt":"2023-07-16T15:00:13","guid":{"rendered":"https:\/\/rothschenk.de\/rothschenk-shop\/?post_type=product&#038;p=1278"},"modified":"2025-12-22T12:04:28","modified_gmt":"2025-12-22T11:04:28","slug":"schnellfuellpistole-aluminiumadapter-fuer-turbo-ventil","status":"publish","type":"product","link":"https:\/\/rothschenk.de\/sk\/produkt\/schnellfuellpistole-aluminiumadapter-fuer-turbo-ventil\/","title":{"rendered":"Schnellf\u00fcllpistole | Aluminiumadapter f\u00fcr TURBO Ventil"},"content":{"rendered":"<h3>Schnellf\u00fcllpistole inkl. Aluminiumadapter f\u00fcr TURBO Ventil<\/h3>\n<p>Die (R) Schnellf\u00fcllpistole vereint schnelles Bef\u00fcllen von Staus\u00e4cken und h\u00f6chste Robustheit f\u00fcr den Alltag an der Verladerampe. Der Anschluss erfolgt an handels\u00fcblichen Druckluftsystemen mit einem 1\/4\u2033 Anschluss. Durch die hochwertige Aluminium Konstruktion bekommen Sie ein maximal langlebiges Produkt, auch bei t\u00e4glichem Einsatz. Der mitgelieferte Adapter ist passgenau f\u00fcr die Rothschenk TURBO Ventile.<\/p>\n<p>Wir bei Rotschenk verf\u00fcgen \u00fcber mobile Akkugebl\u00e4se, station\u00e4re Druckluftsysteme und zahlreiche Innovationen im Bereich der Adapter und Zubeh\u00f6rtechnik. Alle Pistolen haben gemein, dass sie \u00fcber ein integriertes <strong>Venturi-Prinzip<\/strong> verf\u00fcgen. Dabei wird zus\u00e4tzliche Luft angesaugt und der Bef\u00fcllvorgang wird wesentlich beschleunigt. Au\u00dferdem kann dank des Prinzips \u00fcbersch\u00fcssige Luft nach hinten entweichen und ein \u00dcberf\u00fcllen des Staupolsters verhindert werden.<\/p>\n<p>Vorteile des Venturi-Prinzips im \u00dcberblick:<\/p>\n<ul>\n<li><strong>Schnellere Bef\u00fcllung:<\/strong> Bis zu 2\/3 Umgebungsluft wird zus\u00e4tzlich angesaugt (siehe Zeichnung)<\/li>\n<li><strong>Hoher Sicherheitsaspekt:<\/strong> Kein \u00dcberf\u00fcllen m\u00f6glich. Die Pistole bl\u00e4st bei drohender \u00dcberf\u00fcllung des Staupolsters nach hinten ab.<\/li>\n<li><strong>Spart Druckluft<\/strong> und somit bares Geld: Unterhalt von Druckluftsystemen ist ein gro\u00dfer Kostenfaktor<\/li>\n<\/ul>\n","protected":false},"excerpt":{"rendered":"<p>Schnellf\u00fcllpistole inkl. Aluminiumadapter f\u00fcr TURBO Ventil Die (R) Schnellf\u00fcllpistole vereint schnelles Bef\u00fcllen von Staus\u00e4cken und h\u00f6chste Robustheit f\u00fcr den Alltag an der Verladerampe. Der Anschluss erfolgt an handels\u00fcblichen Druckluftsystemen mit einem 1\/4\u2033 Anschluss. Durch die hochwertige Aluminium Konstruktion bekommen Sie ein maximal langlebiges Produkt, auch bei t\u00e4glichem Einsatz. Der mitgelieferte Adapter ist passgenau f\u00fcr die [&hellip;]<\/p>\n","protected":false},"featured_media":28417,"comment_status":"open","ping_status":"closed","template":"","meta":{"_acf_changed":false},"product_brand":[],"product_cat":[54,20],"product_tag":[],"class_list":{"0":"post-1278","1":"product","2":"type-product","3":"status-publish","4":"has-post-thumbnail","6":"product_cat-befuelltechnik","7":"product_cat-stausack","9":"first","10":"instock","11":"taxable","12":"shipping-taxable","13":"purchasable","14":"product-type-simple"},"acf":[],"yoast_head":"<!-- This site is optimized with the Yoast SEO plugin v27.3 - https:\/\/yoast.com\/product\/yoast-seo-wordpress\/ -->\n<title>Schnellf\u00fcllpistole | Aluminiumadapter f\u00fcr TURBO Ventil<\/title>\n<meta name=\"description\" content=\"Schnellf\u00fcllpistole - inkl. Aluminiumadapter f\u00fcr TURBO Ventil \u2713 Saug- und Blasfunktion \u2713 Farbe: Schwarz \u27a4 Jetzt online bestellen!\" \/>\n<meta name=\"robots\" content=\"index, follow, max-snippet:-1, max-image-preview:large, max-video-preview:-1\" \/>\n<link rel=\"canonical\" href=\"https:\/\/rothschenk.de\/produkt\/schnellfuellpistole-aluminiumadapter-fuer-turbo-ventil\/\" \/>\n<meta property=\"og:locale\" content=\"sk_SK\" \/>\n<meta property=\"og:type\" content=\"article\" \/>\n<meta property=\"og:title\" content=\"Schnellf\u00fcllpistole | Aluminiumadapter f\u00fcr TURBO Ventil\" \/>\n<meta property=\"og:description\" content=\"Schnellf\u00fcllpistole - inkl. Aluminiumadapter f\u00fcr TURBO Ventil \u2713 Saug- und Blasfunktion \u2713 Farbe: Schwarz \u27a4 Jetzt online bestellen!\" \/>\n<meta property=\"og:url\" content=\"https:\/\/rothschenk.de\/produkt\/schnellfuellpistole-aluminiumadapter-fuer-turbo-ventil\/\" \/>\n<meta property=\"og:site_name\" content=\"Rothschenk\" \/>\n<meta property=\"article:publisher\" content=\"https:\/\/de-de.facebook.com\/FirmaRothschenk\/\" \/>\n<meta property=\"article:modified_time\" content=\"2025-12-22T11:04:28+00:00\" \/>\n<meta property=\"og:image\" content=\"https:\/\/rothschenk.de\/wp-content\/uploads\/2023\/02\/21036_Schnellfuellpistole-Turbo.jpg\" \/>\n\t<meta property=\"og:image:width\" content=\"1024\" \/>\n\t<meta property=\"og:image:height\" content=\"1024\" \/>\n\t<meta property=\"og:image:type\" content=\"image\/jpeg\" \/>\n<meta name=\"twitter:card\" content=\"summary_large_image\" \/>\n<meta name=\"twitter:label1\" content=\"Cena\" \/>\n\t<meta name=\"twitter:data1\" content=\"119,00&nbsp;&euro;\" \/>\n\t<meta name=\"twitter:label2\" content=\"Dostupnos\u0165\" \/>\n\t<meta name=\"twitter:data2\" content=\"Na sklade\" \/>\n<script type=\"application\/ld+json\" class=\"yoast-schema-graph\">{\"@context\":\"https:\\\/\\\/schema.org\",\"@graph\":[{\"@type\":\"WebPage\",\"@id\":\"https:\\\/\\\/rothschenk.de\\\/produkt\\\/schnellfuellpistole-aluminiumadapter-fuer-turbo-ventil\\\/\",\"url\":\"https:\\\/\\\/rothschenk.de\\\/produkt\\\/schnellfuellpistole-aluminiumadapter-fuer-turbo-ventil\\\/\",\"name\":\"Schnellf\u00fcllpistole | Aluminiumadapter f\u00fcr TURBO Ventil\",\"isPartOf\":{\"@id\":\"https:\\\/\\\/rothschenk.de\\\/#website\"},\"primaryImageOfPage\":{\"@id\":\"https:\\\/\\\/rothschenk.de\\\/produkt\\\/schnellfuellpistole-aluminiumadapter-fuer-turbo-ventil\\\/#primaryimage\"},\"image\":{\"@id\":\"https:\\\/\\\/rothschenk.de\\\/produkt\\\/schnellfuellpistole-aluminiumadapter-fuer-turbo-ventil\\\/#primaryimage\"},\"thumbnailUrl\":\"https:\\\/\\\/rothschenk.de\\\/wp-content\\\/uploads\\\/2023\\\/02\\\/21036_Schnellfuellpistole-Turbo.jpg\",\"datePublished\":\"2023-07-16T15:00:13+00:00\",\"dateModified\":\"2025-12-22T11:04:28+00:00\",\"description\":\"Schnellf\u00fcllpistole - inkl. Aluminiumadapter f\u00fcr TURBO Ventil \u2713 Saug- und Blasfunktion \u2713 Farbe: Schwarz \u27a4 Jetzt online bestellen!\",\"breadcrumb\":{\"@id\":\"https:\\\/\\\/rothschenk.de\\\/produkt\\\/schnellfuellpistole-aluminiumadapter-fuer-turbo-ventil\\\/#breadcrumb\"},\"inLanguage\":\"sk-SK\",\"potentialAction\":[{\"@type\":\"ReadAction\",\"target\":[\"https:\\\/\\\/rothschenk.de\\\/produkt\\\/schnellfuellpistole-aluminiumadapter-fuer-turbo-ventil\\\/\"]}]},{\"@type\":\"ImageObject\",\"inLanguage\":\"sk-SK\",\"@id\":\"https:\\\/\\\/rothschenk.de\\\/produkt\\\/schnellfuellpistole-aluminiumadapter-fuer-turbo-ventil\\\/#primaryimage\",\"url\":\"https:\\\/\\\/rothschenk.de\\\/wp-content\\\/uploads\\\/2023\\\/02\\\/21036_Schnellfuellpistole-Turbo.jpg\",\"contentUrl\":\"https:\\\/\\\/rothschenk.de\\\/wp-content\\\/uploads\\\/2023\\\/02\\\/21036_Schnellfuellpistole-Turbo.jpg\",\"width\":1024,\"height\":1024,\"caption\":\"Schnellf\u00fcllpistole mit Aluminiumadapter f\u00fcr Turbo Ventil\"},{\"@type\":\"BreadcrumbList\",\"@id\":\"https:\\\/\\\/rothschenk.de\\\/produkt\\\/schnellfuellpistole-aluminiumadapter-fuer-turbo-ventil\\\/#breadcrumb\",\"itemListElement\":[{\"@type\":\"ListItem\",\"position\":1,\"name\":\"Domovsk\u00e1 str\u00e1nka\",\"item\":\"https:\\\/\\\/rothschenk.de\\\/sk\\\/domovska-stranka\\\/\"},{\"@type\":\"ListItem\",\"position\":2,\"name\":\"Shop\",\"item\":\"https:\\\/\\\/rothschenk.de\\\/shop\\\/\"},{\"@type\":\"ListItem\",\"position\":3,\"name\":\"Schnellf\u00fcllpistole | Aluminiumadapter f\u00fcr TURBO Ventil\"}]},{\"@type\":\"WebSite\",\"@id\":\"https:\\\/\\\/rothschenk.de\\\/#website\",\"url\":\"https:\\\/\\\/rothschenk.de\\\/\",\"name\":\"Rothschenk - Der Online Shop f\u00fcr Ladungssicherung\",\"description\":\"Der Online Shop f\u00fcr Ladungssicherung\",\"potentialAction\":[{\"@type\":\"SearchAction\",\"target\":{\"@type\":\"EntryPoint\",\"urlTemplate\":\"https:\\\/\\\/rothschenk.de\\\/?s={search_term_string}\"},\"query-input\":{\"@type\":\"PropertyValueSpecification\",\"valueRequired\":true,\"valueName\":\"search_term_string\"}}],\"inLanguage\":\"sk-SK\"}]}<\/script>\n<meta property=\"product:price:amount\" content=\"119.00\" \/>\n<meta property=\"product:price:currency\" content=\"EUR\" \/>\n<meta property=\"og:availability\" content=\"instock\" \/>\n<meta property=\"product:availability\" content=\"instock\" \/>\n<meta property=\"product:retailer_item_id\" content=\"21036\" \/>\n<meta property=\"product:condition\" content=\"new\" \/>\n<!-- \/ Yoast SEO plugin. -->","yoast_head_json":{"title":"Schnellf\u00fcllpistole | Aluminiumadapter f\u00fcr TURBO Ventil","description":"Schnellf\u00fcllpistole - inkl. Aluminiumadapter f\u00fcr TURBO Ventil \u2713 Saug- und Blasfunktion \u2713 Farbe: Schwarz \u27a4 Jetzt online bestellen!","robots":{"index":"index","follow":"follow","max-snippet":"max-snippet:-1","max-image-preview":"max-image-preview:large","max-video-preview":"max-video-preview:-1"},"canonical":"https:\/\/rothschenk.de\/produkt\/schnellfuellpistole-aluminiumadapter-fuer-turbo-ventil\/","og_locale":"sk_SK","og_type":"article","og_title":"Schnellf\u00fcllpistole | Aluminiumadapter f\u00fcr TURBO Ventil","og_description":"Schnellf\u00fcllpistole - inkl. Aluminiumadapter f\u00fcr TURBO Ventil \u2713 Saug- und Blasfunktion \u2713 Farbe: Schwarz \u27a4 Jetzt online bestellen!","og_url":"https:\/\/rothschenk.de\/produkt\/schnellfuellpistole-aluminiumadapter-fuer-turbo-ventil\/","og_site_name":"Rothschenk","article_publisher":"https:\/\/de-de.facebook.com\/FirmaRothschenk\/","article_modified_time":"2025-12-22T11:04:28+00:00","og_image":[{"width":1024,"height":1024,"url":"https:\/\/rothschenk.de\/wp-content\/uploads\/2023\/02\/21036_Schnellfuellpistole-Turbo.jpg","type":"image\/jpeg"}],"twitter_card":"summary_large_image","twitter_misc":{"Cena":"119,00&nbsp;&euro;","Dostupnos\u0165":"Na sklade"},"schema":{"@context":"https:\/\/schema.org","@graph":[{"@type":"WebPage","@id":"https:\/\/rothschenk.de\/produkt\/schnellfuellpistole-aluminiumadapter-fuer-turbo-ventil\/","url":"https:\/\/rothschenk.de\/produkt\/schnellfuellpistole-aluminiumadapter-fuer-turbo-ventil\/","name":"Schnellf\u00fcllpistole | Aluminiumadapter f\u00fcr TURBO Ventil","isPartOf":{"@id":"https:\/\/rothschenk.de\/#website"},"primaryImageOfPage":{"@id":"https:\/\/rothschenk.de\/produkt\/schnellfuellpistole-aluminiumadapter-fuer-turbo-ventil\/#primaryimage"},"image":{"@id":"https:\/\/rothschenk.de\/produkt\/schnellfuellpistole-aluminiumadapter-fuer-turbo-ventil\/#primaryimage"},"thumbnailUrl":"https:\/\/rothschenk.de\/wp-content\/uploads\/2023\/02\/21036_Schnellfuellpistole-Turbo.jpg","datePublished":"2023-07-16T15:00:13+00:00","dateModified":"2025-12-22T11:04:28+00:00","description":"Schnellf\u00fcllpistole - inkl. Aluminiumadapter f\u00fcr TURBO Ventil \u2713 Saug- und Blasfunktion \u2713 Farbe: Schwarz \u27a4 Jetzt online bestellen!","breadcrumb":{"@id":"https:\/\/rothschenk.de\/produkt\/schnellfuellpistole-aluminiumadapter-fuer-turbo-ventil\/#breadcrumb"},"inLanguage":"sk-SK","potentialAction":[{"@type":"ReadAction","target":["https:\/\/rothschenk.de\/produkt\/schnellfuellpistole-aluminiumadapter-fuer-turbo-ventil\/"]}]},{"@type":"ImageObject","inLanguage":"sk-SK","@id":"https:\/\/rothschenk.de\/produkt\/schnellfuellpistole-aluminiumadapter-fuer-turbo-ventil\/#primaryimage","url":"https:\/\/rothschenk.de\/wp-content\/uploads\/2023\/02\/21036_Schnellfuellpistole-Turbo.jpg","contentUrl":"https:\/\/rothschenk.de\/wp-content\/uploads\/2023\/02\/21036_Schnellfuellpistole-Turbo.jpg","width":1024,"height":1024,"caption":"Schnellf\u00fcllpistole mit Aluminiumadapter f\u00fcr Turbo Ventil"},{"@type":"BreadcrumbList","@id":"https:\/\/rothschenk.de\/produkt\/schnellfuellpistole-aluminiumadapter-fuer-turbo-ventil\/#breadcrumb","itemListElement":[{"@type":"ListItem","position":1,"name":"Domovsk\u00e1 str\u00e1nka","item":"https:\/\/rothschenk.de\/sk\/domovska-stranka\/"},{"@type":"ListItem","position":2,"name":"Shop","item":"https:\/\/rothschenk.de\/shop\/"},{"@type":"ListItem","position":3,"name":"Schnellf\u00fcllpistole | Aluminiumadapter f\u00fcr TURBO Ventil"}]},{"@type":"WebSite","@id":"https:\/\/rothschenk.de\/#website","url":"https:\/\/rothschenk.de\/","name":"Rothschenk - Der Online Shop f\u00fcr Ladungssicherung","description":"Der Online Shop f\u00fcr Ladungssicherung","potentialAction":[{"@type":"SearchAction","target":{"@type":"EntryPoint","urlTemplate":"https:\/\/rothschenk.de\/?s={search_term_string}"},"query-input":{"@type":"PropertyValueSpecification","valueRequired":true,"valueName":"search_term_string"}}],"inLanguage":"sk-SK"}]},"product_price_amount":"119.00","product_price_currency":"EUR","og_availability":"instock","product_availability":"instock","product_retailer_item_id":"21036","product_condition":"new"},"_links":{"self":[{"href":"https:\/\/rothschenk.de\/sk\/wp-json\/wp\/v2\/product\/1278","targetHints":{"allow":["GET"]}}],"collection":[{"href":"https:\/\/rothschenk.de\/sk\/wp-json\/wp\/v2\/product"}],"about":[{"href":"https:\/\/rothschenk.de\/sk\/wp-json\/wp\/v2\/types\/product"}],"replies":[{"embeddable":true,"href":"https:\/\/rothschenk.de\/sk\/wp-json\/wp\/v2\/comments?post=1278"}],"wp:featuredmedia":[{"embeddable":true,"href":"https:\/\/rothschenk.de\/sk\/wp-json\/wp\/v2\/media\/28417"}],"wp:attachment":[{"href":"https:\/\/rothschenk.de\/sk\/wp-json\/wp\/v2\/media?parent=1278"}],"wp:term":[{"taxonomy":"product_brand","embeddable":true,"href":"https:\/\/rothschenk.de\/sk\/wp-json\/wp\/v2\/product_brand?post=1278"},{"taxonomy":"product_cat","embeddable":true,"href":"https:\/\/rothschenk.de\/sk\/wp-json\/wp\/v2\/product_cat?post=1278"},{"taxonomy":"product_tag","embeddable":true,"href":"https:\/\/rothschenk.de\/sk\/wp-json\/wp\/v2\/product_tag?post=1278"}],"curies":[{"name":"wp","href":"https:\/\/api.w.org\/{rel}","templated":true}]}}