{"id":1307,"date":"2023-07-15T18:00:42","date_gmt":"2023-07-15T16:00:42","guid":{"rendered":"https:\/\/rothschenk.de\/rothschenk-shop\/?post_type=product&#038;p=1307"},"modified":"2026-04-08T07:02:07","modified_gmt":"2026-04-08T05:02:07","slug":"flexibler-schlauch-mit-adapter-fuer-smart-ventil-pam-zubehoer","status":"publish","type":"product","link":"https:\/\/rothschenk.de\/sk\/produkt\/flexibler-schlauch-mit-adapter-fuer-smart-ventil-pam-zubehoer\/","title":{"rendered":"Flexibler Schlauch mit Adapter f\u00fcr SMART Ventil | PAM Zubeh\u00f6r"},"content":{"rendered":"<h3>PAM Zubeh\u00f6r | Flexibler Schlauch mit Kunststoffadapter f\u00fcr SMART Ventil<\/h3>\n<p>Unsere Adapter aus schlagfestem Kunststoff sind in der Praxis tausendfach erprobt und bew\u00e4hrt. Der Quick Connect Bef\u00fclladapter f\u00fcr SMART Ventile erm\u00f6glicht Ihnen in Verbindung mit einem 400 mm langen flexiblen Schlauch ein komfortables Handling.<\/p>\n<p>Dieser Schlauch ist kompatibel mit unseren PAM Akku-Gebl\u00e4sen und kann als Ersatz- oder Zubeh\u00f6rteil fungieren.<\/p>\n<p>Sollten Sie ein anderes spezielles Ersatzteil suchen, so pr\u00fcfen wir gerne die Machbarkeit und sorgen kurzfristig f\u00fcr Ersatz. Oftmals k\u00f6nnen wir so den Austausch ganzer Einheiten vermeiden und eine kosteng\u00fcnstige L\u00f6sung anbieten.<\/p>\n","protected":false},"excerpt":{"rendered":"<p>PAM Zubeh\u00f6r | Flexibler Schlauch mit Kunststoffadapter f\u00fcr SMART Ventil Unsere Adapter aus schlagfestem Kunststoff sind in der Praxis tausendfach erprobt und bew\u00e4hrt. Der Quick Connect Bef\u00fclladapter f\u00fcr SMART Ventile erm\u00f6glicht Ihnen in Verbindung mit einem 400 mm langen flexiblen Schlauch ein komfortables Handling. Dieser Schlauch ist kompatibel mit unseren PAM Akku-Gebl\u00e4sen und kann als [&hellip;]<\/p>\n","protected":false},"featured_media":407859,"comment_status":"open","ping_status":"closed","template":"","meta":{"_acf_changed":false},"product_brand":[],"product_cat":[54,20],"product_tag":[],"class_list":{"0":"post-1307","1":"product","2":"type-product","3":"status-publish","4":"has-post-thumbnail","6":"product_cat-befuelltechnik","7":"product_cat-stausack","9":"first","10":"instock","11":"taxable","12":"shipping-taxable","13":"purchasable","14":"product-type-simple"},"acf":[],"yoast_head":"<!-- This site is optimized with the Yoast SEO plugin v27.4 - https:\/\/yoast.com\/product\/yoast-seo-wordpress\/ -->\n<title>Flexibler Schlauch mit Adapter f\u00fcr SMART Ventil | PAM Zubeh\u00f6r<\/title>\n<meta name=\"description\" content=\"Flexibler Schlauch mit Kunststoffadapter - f\u00fcr SMART Ventil \u2714 Kunststoff Quick Connect \u2714 Kompatibel PAM Akku-Gebl\u00e4sen \u27a4 jetzt bestellen!\" \/>\n<meta name=\"robots\" content=\"index, follow, max-snippet:-1, max-image-preview:large, max-video-preview:-1\" \/>\n<link rel=\"canonical\" href=\"https:\/\/rothschenk.de\/produkt\/flexibler-schlauch-mit-adapter-fuer-smart-ventil-pam-zubehoer\/\" \/>\n<meta property=\"og:locale\" content=\"sk_SK\" \/>\n<meta property=\"og:type\" content=\"article\" \/>\n<meta property=\"og:title\" content=\"Flexibler Schlauch mit Adapter f\u00fcr SMART Ventil | PAM Zubeh\u00f6r\" \/>\n<meta property=\"og:description\" content=\"Flexibler Schlauch mit Kunststoffadapter - f\u00fcr SMART Ventil \u2714 Kunststoff Quick Connect \u2714 Kompatibel PAM Akku-Gebl\u00e4sen \u27a4 jetzt bestellen!\" \/>\n<meta property=\"og:url\" content=\"https:\/\/rothschenk.de\/produkt\/flexibler-schlauch-mit-adapter-fuer-smart-ventil-pam-zubehoer\/\" \/>\n<meta property=\"og:site_name\" content=\"Rothschenk\" \/>\n<meta property=\"article:publisher\" content=\"https:\/\/de-de.facebook.com\/FirmaRothschenk\/\" \/>\n<meta property=\"article:modified_time\" content=\"2026-04-08T05:02:07+00:00\" \/>\n<meta property=\"og:image\" content=\"https:\/\/rothschenk.de\/wp-content\/uploads\/2023\/07\/24339-flexibler-Schlauch-PAM.jpg\" \/>\n\t<meta property=\"og:image:width\" content=\"1024\" \/>\n\t<meta property=\"og:image:height\" content=\"1024\" \/>\n\t<meta property=\"og:image:type\" content=\"image\/jpeg\" \/>\n<meta name=\"twitter:card\" content=\"summary_large_image\" \/>\n<meta name=\"twitter:label1\" content=\"Cena\" \/>\n\t<meta name=\"twitter:data1\" content=\"76,00&nbsp;&euro;\" \/>\n\t<meta name=\"twitter:label2\" content=\"Dostupnos\u0165\" \/>\n\t<meta name=\"twitter:data2\" content=\"Na sklade\" \/>\n<script type=\"application\/ld+json\" class=\"yoast-schema-graph\">{\"@context\":\"https:\\\/\\\/schema.org\",\"@graph\":[{\"@type\":\"WebPage\",\"@id\":\"https:\\\/\\\/rothschenk.de\\\/produkt\\\/flexibler-schlauch-mit-adapter-fuer-smart-ventil-pam-zubehoer\\\/\",\"url\":\"https:\\\/\\\/rothschenk.de\\\/produkt\\\/flexibler-schlauch-mit-adapter-fuer-smart-ventil-pam-zubehoer\\\/\",\"name\":\"Flexibler Schlauch mit Adapter f\u00fcr SMART Ventil | PAM Zubeh\u00f6r\",\"isPartOf\":{\"@id\":\"https:\\\/\\\/rothschenk.de\\\/#website\"},\"primaryImageOfPage\":{\"@id\":\"https:\\\/\\\/rothschenk.de\\\/produkt\\\/flexibler-schlauch-mit-adapter-fuer-smart-ventil-pam-zubehoer\\\/#primaryimage\"},\"image\":{\"@id\":\"https:\\\/\\\/rothschenk.de\\\/produkt\\\/flexibler-schlauch-mit-adapter-fuer-smart-ventil-pam-zubehoer\\\/#primaryimage\"},\"thumbnailUrl\":\"https:\\\/\\\/rothschenk.de\\\/wp-content\\\/uploads\\\/2023\\\/07\\\/24339-flexibler-Schlauch-PAM.jpg\",\"datePublished\":\"2023-07-15T16:00:42+00:00\",\"dateModified\":\"2026-04-08T05:02:07+00:00\",\"description\":\"Flexibler Schlauch mit Kunststoffadapter - f\u00fcr SMART Ventil \u2714 Kunststoff Quick Connect \u2714 Kompatibel PAM Akku-Gebl\u00e4sen \u27a4 jetzt bestellen!\",\"breadcrumb\":{\"@id\":\"https:\\\/\\\/rothschenk.de\\\/produkt\\\/flexibler-schlauch-mit-adapter-fuer-smart-ventil-pam-zubehoer\\\/#breadcrumb\"},\"inLanguage\":\"sk-SK\",\"potentialAction\":[{\"@type\":\"ReadAction\",\"target\":[\"https:\\\/\\\/rothschenk.de\\\/produkt\\\/flexibler-schlauch-mit-adapter-fuer-smart-ventil-pam-zubehoer\\\/\"]}]},{\"@type\":\"ImageObject\",\"inLanguage\":\"sk-SK\",\"@id\":\"https:\\\/\\\/rothschenk.de\\\/produkt\\\/flexibler-schlauch-mit-adapter-fuer-smart-ventil-pam-zubehoer\\\/#primaryimage\",\"url\":\"https:\\\/\\\/rothschenk.de\\\/wp-content\\\/uploads\\\/2023\\\/07\\\/24339-flexibler-Schlauch-PAM.jpg\",\"contentUrl\":\"https:\\\/\\\/rothschenk.de\\\/wp-content\\\/uploads\\\/2023\\\/07\\\/24339-flexibler-Schlauch-PAM.jpg\",\"width\":1024,\"height\":1024,\"caption\":\"Felxibler Schlauch mit Kunststoffadapter f\u00fcr PAM Akkugebl\u00e4se mit Smart Ventil\"},{\"@type\":\"BreadcrumbList\",\"@id\":\"https:\\\/\\\/rothschenk.de\\\/produkt\\\/flexibler-schlauch-mit-adapter-fuer-smart-ventil-pam-zubehoer\\\/#breadcrumb\",\"itemListElement\":[{\"@type\":\"ListItem\",\"position\":1,\"name\":\"Domovsk\u00e1 str\u00e1nka\",\"item\":\"https:\\\/\\\/rothschenk.de\\\/sk\\\/domovska-stranka\\\/\"},{\"@type\":\"ListItem\",\"position\":2,\"name\":\"Shop\",\"item\":\"https:\\\/\\\/rothschenk.de\\\/shop\\\/\"},{\"@type\":\"ListItem\",\"position\":3,\"name\":\"Flexibler Schlauch mit Adapter f\u00fcr SMART Ventil | PAM Zubeh\u00f6r\"}]},{\"@type\":\"WebSite\",\"@id\":\"https:\\\/\\\/rothschenk.de\\\/#website\",\"url\":\"https:\\\/\\\/rothschenk.de\\\/\",\"name\":\"Rothschenk - Der Online Shop f\u00fcr Ladungssicherung\",\"description\":\"Der Online Shop f\u00fcr Ladungssicherung\",\"potentialAction\":[{\"@type\":\"SearchAction\",\"target\":{\"@type\":\"EntryPoint\",\"urlTemplate\":\"https:\\\/\\\/rothschenk.de\\\/?s={search_term_string}\"},\"query-input\":{\"@type\":\"PropertyValueSpecification\",\"valueRequired\":true,\"valueName\":\"search_term_string\"}}],\"inLanguage\":\"sk-SK\"}]}<\/script>\n<meta property=\"product:price:amount\" content=\"76.00\" \/>\n<meta property=\"product:price:currency\" content=\"EUR\" \/>\n<meta property=\"og:availability\" content=\"instock\" \/>\n<meta property=\"product:availability\" content=\"instock\" \/>\n<meta property=\"product:retailer_item_id\" content=\"24339\" \/>\n<meta property=\"product:condition\" content=\"new\" \/>\n<!-- \/ Yoast SEO plugin. -->","yoast_head_json":{"title":"Flexibler Schlauch mit Adapter f\u00fcr SMART Ventil | PAM Zubeh\u00f6r","description":"Flexibler Schlauch mit Kunststoffadapter - f\u00fcr SMART Ventil \u2714 Kunststoff Quick Connect \u2714 Kompatibel PAM Akku-Gebl\u00e4sen \u27a4 jetzt bestellen!","robots":{"index":"index","follow":"follow","max-snippet":"max-snippet:-1","max-image-preview":"max-image-preview:large","max-video-preview":"max-video-preview:-1"},"canonical":"https:\/\/rothschenk.de\/produkt\/flexibler-schlauch-mit-adapter-fuer-smart-ventil-pam-zubehoer\/","og_locale":"sk_SK","og_type":"article","og_title":"Flexibler Schlauch mit Adapter f\u00fcr SMART Ventil | PAM Zubeh\u00f6r","og_description":"Flexibler Schlauch mit Kunststoffadapter - f\u00fcr SMART Ventil \u2714 Kunststoff Quick Connect \u2714 Kompatibel PAM Akku-Gebl\u00e4sen \u27a4 jetzt bestellen!","og_url":"https:\/\/rothschenk.de\/produkt\/flexibler-schlauch-mit-adapter-fuer-smart-ventil-pam-zubehoer\/","og_site_name":"Rothschenk","article_publisher":"https:\/\/de-de.facebook.com\/FirmaRothschenk\/","article_modified_time":"2026-04-08T05:02:07+00:00","og_image":[{"width":1024,"height":1024,"url":"https:\/\/rothschenk.de\/wp-content\/uploads\/2023\/07\/24339-flexibler-Schlauch-PAM.jpg","type":"image\/jpeg"}],"twitter_card":"summary_large_image","twitter_misc":{"Cena":"76,00&nbsp;&euro;","Dostupnos\u0165":"Na sklade"},"schema":{"@context":"https:\/\/schema.org","@graph":[{"@type":"WebPage","@id":"https:\/\/rothschenk.de\/produkt\/flexibler-schlauch-mit-adapter-fuer-smart-ventil-pam-zubehoer\/","url":"https:\/\/rothschenk.de\/produkt\/flexibler-schlauch-mit-adapter-fuer-smart-ventil-pam-zubehoer\/","name":"Flexibler Schlauch mit Adapter f\u00fcr SMART Ventil | PAM Zubeh\u00f6r","isPartOf":{"@id":"https:\/\/rothschenk.de\/#website"},"primaryImageOfPage":{"@id":"https:\/\/rothschenk.de\/produkt\/flexibler-schlauch-mit-adapter-fuer-smart-ventil-pam-zubehoer\/#primaryimage"},"image":{"@id":"https:\/\/rothschenk.de\/produkt\/flexibler-schlauch-mit-adapter-fuer-smart-ventil-pam-zubehoer\/#primaryimage"},"thumbnailUrl":"https:\/\/rothschenk.de\/wp-content\/uploads\/2023\/07\/24339-flexibler-Schlauch-PAM.jpg","datePublished":"2023-07-15T16:00:42+00:00","dateModified":"2026-04-08T05:02:07+00:00","description":"Flexibler Schlauch mit Kunststoffadapter - f\u00fcr SMART Ventil \u2714 Kunststoff Quick Connect \u2714 Kompatibel PAM Akku-Gebl\u00e4sen \u27a4 jetzt bestellen!","breadcrumb":{"@id":"https:\/\/rothschenk.de\/produkt\/flexibler-schlauch-mit-adapter-fuer-smart-ventil-pam-zubehoer\/#breadcrumb"},"inLanguage":"sk-SK","potentialAction":[{"@type":"ReadAction","target":["https:\/\/rothschenk.de\/produkt\/flexibler-schlauch-mit-adapter-fuer-smart-ventil-pam-zubehoer\/"]}]},{"@type":"ImageObject","inLanguage":"sk-SK","@id":"https:\/\/rothschenk.de\/produkt\/flexibler-schlauch-mit-adapter-fuer-smart-ventil-pam-zubehoer\/#primaryimage","url":"https:\/\/rothschenk.de\/wp-content\/uploads\/2023\/07\/24339-flexibler-Schlauch-PAM.jpg","contentUrl":"https:\/\/rothschenk.de\/wp-content\/uploads\/2023\/07\/24339-flexibler-Schlauch-PAM.jpg","width":1024,"height":1024,"caption":"Felxibler Schlauch mit Kunststoffadapter f\u00fcr PAM Akkugebl\u00e4se mit Smart Ventil"},{"@type":"BreadcrumbList","@id":"https:\/\/rothschenk.de\/produkt\/flexibler-schlauch-mit-adapter-fuer-smart-ventil-pam-zubehoer\/#breadcrumb","itemListElement":[{"@type":"ListItem","position":1,"name":"Domovsk\u00e1 str\u00e1nka","item":"https:\/\/rothschenk.de\/sk\/domovska-stranka\/"},{"@type":"ListItem","position":2,"name":"Shop","item":"https:\/\/rothschenk.de\/shop\/"},{"@type":"ListItem","position":3,"name":"Flexibler Schlauch mit Adapter f\u00fcr SMART Ventil | PAM Zubeh\u00f6r"}]},{"@type":"WebSite","@id":"https:\/\/rothschenk.de\/#website","url":"https:\/\/rothschenk.de\/","name":"Rothschenk - Der Online Shop f\u00fcr Ladungssicherung","description":"Der Online Shop f\u00fcr Ladungssicherung","potentialAction":[{"@type":"SearchAction","target":{"@type":"EntryPoint","urlTemplate":"https:\/\/rothschenk.de\/?s={search_term_string}"},"query-input":{"@type":"PropertyValueSpecification","valueRequired":true,"valueName":"search_term_string"}}],"inLanguage":"sk-SK"}]},"product_price_amount":"76.00","product_price_currency":"EUR","og_availability":"instock","product_availability":"instock","product_retailer_item_id":"24339","product_condition":"new"},"_links":{"self":[{"href":"https:\/\/rothschenk.de\/sk\/wp-json\/wp\/v2\/product\/1307","targetHints":{"allow":["GET"]}}],"collection":[{"href":"https:\/\/rothschenk.de\/sk\/wp-json\/wp\/v2\/product"}],"about":[{"href":"https:\/\/rothschenk.de\/sk\/wp-json\/wp\/v2\/types\/product"}],"replies":[{"embeddable":true,"href":"https:\/\/rothschenk.de\/sk\/wp-json\/wp\/v2\/comments?post=1307"}],"wp:featuredmedia":[{"embeddable":true,"href":"https:\/\/rothschenk.de\/sk\/wp-json\/wp\/v2\/media\/407859"}],"wp:attachment":[{"href":"https:\/\/rothschenk.de\/sk\/wp-json\/wp\/v2\/media?parent=1307"}],"wp:term":[{"taxonomy":"product_brand","embeddable":true,"href":"https:\/\/rothschenk.de\/sk\/wp-json\/wp\/v2\/product_brand?post=1307"},{"taxonomy":"product_cat","embeddable":true,"href":"https:\/\/rothschenk.de\/sk\/wp-json\/wp\/v2\/product_cat?post=1307"},{"taxonomy":"product_tag","embeddable":true,"href":"https:\/\/rothschenk.de\/sk\/wp-json\/wp\/v2\/product_tag?post=1307"}],"curies":[{"name":"wp","href":"https:\/\/api.w.org\/{rel}","templated":true}]}}