{"id":256026,"date":"2023-06-19T14:00:50","date_gmt":"2023-06-19T12:00:50","guid":{"rendered":"https:\/\/rothschenk.de\/?post_type=product&#038;p=256026"},"modified":"2026-02-27T08:54:59","modified_gmt":"2026-02-27T07:54:59","slug":"rueckhaltesystem-full-safety-vorgefaedelt-2-250-x-2-250-mm","status":"publish","type":"product","link":"https:\/\/rothschenk.de\/sk\/produkt\/rueckhaltesystem-full-safety-vorgefaedelt-2-250-x-2-250-mm\/","title":{"rendered":"R\u00fcckhaltesystem | Full Safety | Vorgef\u00e4delt | 2.250 x 2.250 mm"},"content":{"rendered":"<h3>R\u00fcckhaltesystem | Full Safety | Vorgef\u00e4delt | 2.250 x 2.250 mm<\/h3>\n<p>Unser Lashing Full Safety ist ein komplettes R\u00fcckhaltesystem f\u00fcr den Einsatz im Container. Das System wurde von uns speziell f\u00fcr die Sicherung von G\u00fctern gegen Herausfallen entwickelt. Die Kombination aus flacher Plane und vern\u00e4htem Gurtband h\u00e4lt Ihre Ladung sicher und effektiv von der Containert\u00fcr fern.<\/p>\n<p>Dar\u00fcber hinaus werden auch die Mitarbeiter an der Entladestelle gesch\u00fctzt, denn beim \u00d6ffnen der Containert\u00fcren verhindert die Full Safety, dass Packst\u00fccke herausfallen.<\/p>\n","protected":false},"excerpt":{"rendered":"<p>R\u00fcckhaltesystem | Full Safety | Vorgef\u00e4delt | 2.250 x 2.250 mm Unser Lashing Full Safety ist ein komplettes R\u00fcckhaltesystem f\u00fcr den Einsatz im Container. Das System wurde von uns speziell f\u00fcr die Sicherung von G\u00fctern gegen Herausfallen entwickelt. Die Kombination aus flacher Plane und vern\u00e4htem Gurtband h\u00e4lt Ihre Ladung sicher und effektiv von der Containert\u00fcr [&hellip;]<\/p>\n","protected":false},"featured_media":255984,"comment_status":"open","ping_status":"closed","template":"","meta":{"_acf_changed":false},"product_brand":[],"product_cat":[104,775],"product_tag":[],"class_list":{"0":"post-256026","1":"product","2":"type-product","3":"status-publish","4":"has-post-thumbnail","6":"product_cat-lashing","7":"product_cat-rueckhalteplane","9":"first","10":"onbackorder","11":"sale","12":"taxable","13":"shipping-taxable","14":"purchasable","15":"product-type-variable"},"acf":[],"yoast_head":"<!-- This site is optimized with the Yoast SEO plugin v27.4 - https:\/\/yoast.com\/product\/yoast-seo-wordpress\/ -->\n<title>R\u00fcckhaltesystem | Full Safety | Vorgef\u00e4delt | 2.250 x 2.250 mm - Rothschenk<\/title>\n<meta name=\"description\" content=\"R\u00fcckhaltesystem - Container-Lashing \u2713 Full Safety \u2713 Gurtb\u00e4nder inkl. Haken und Verschl\u00fcsse \u2713 zertifiziert! \u27a4 Jetzt bestellen!\" \/>\n<meta name=\"robots\" content=\"index, follow, max-snippet:-1, max-image-preview:large, max-video-preview:-1\" \/>\n<link rel=\"canonical\" href=\"https:\/\/rothschenk.de\/produkt\/rueckhaltesystem-full-safety-vorgefaedelt-2-250-x-2-250-mm\/\" \/>\n<meta property=\"og:locale\" content=\"sk_SK\" \/>\n<meta property=\"og:type\" content=\"article\" \/>\n<meta property=\"og:title\" content=\"R\u00fcckhaltesystem | Full Safety | Vorgef\u00e4delt | 2.250 x 2.250 mm - Rothschenk\" \/>\n<meta property=\"og:description\" content=\"R\u00fcckhaltesystem - Container-Lashing \u2713 Full Safety \u2713 Gurtb\u00e4nder inkl. Haken und Verschl\u00fcsse \u2713 zertifiziert! \u27a4 Jetzt bestellen!\" \/>\n<meta property=\"og:url\" content=\"https:\/\/rothschenk.de\/produkt\/rueckhaltesystem-full-safety-vorgefaedelt-2-250-x-2-250-mm\/\" \/>\n<meta property=\"og:site_name\" content=\"Rothschenk\" \/>\n<meta property=\"article:publisher\" content=\"https:\/\/de-de.facebook.com\/FirmaRothschenk\/\" \/>\n<meta property=\"article:modified_time\" content=\"2026-02-27T07:54:59+00:00\" \/>\n<meta property=\"og:image\" content=\"https:\/\/rothschenk.de\/wp-content\/uploads\/2024\/08\/full-safety-plane-vorkonfektioniert-mit-haken-im-container-rothschenk.jpg\" \/>\n\t<meta property=\"og:image:width\" content=\"1024\" \/>\n\t<meta property=\"og:image:height\" content=\"1024\" \/>\n\t<meta property=\"og:image:type\" content=\"image\/jpeg\" \/>\n<meta name=\"twitter:card\" content=\"summary_large_image\" \/>\n<meta name=\"twitter:label1\" content=\"Dostupnos\u0165\" \/>\n\t<meta name=\"twitter:data1\" content=\"Na objedn\u00e1vku\" \/>\n<script type=\"application\/ld+json\" class=\"yoast-schema-graph\">{\"@context\":\"https:\\\/\\\/schema.org\",\"@graph\":[{\"@type\":\"WebPage\",\"@id\":\"https:\\\/\\\/rothschenk.de\\\/produkt\\\/rueckhaltesystem-full-safety-vorgefaedelt-2-250-x-2-250-mm\\\/\",\"url\":\"https:\\\/\\\/rothschenk.de\\\/produkt\\\/rueckhaltesystem-full-safety-vorgefaedelt-2-250-x-2-250-mm\\\/\",\"name\":\"R\u00fcckhaltesystem | Full Safety | Vorgef\u00e4delt | 2.250 x 2.250 mm - Rothschenk\",\"isPartOf\":{\"@id\":\"https:\\\/\\\/rothschenk.de\\\/#website\"},\"primaryImageOfPage\":{\"@id\":\"https:\\\/\\\/rothschenk.de\\\/produkt\\\/rueckhaltesystem-full-safety-vorgefaedelt-2-250-x-2-250-mm\\\/#primaryimage\"},\"image\":{\"@id\":\"https:\\\/\\\/rothschenk.de\\\/produkt\\\/rueckhaltesystem-full-safety-vorgefaedelt-2-250-x-2-250-mm\\\/#primaryimage\"},\"thumbnailUrl\":\"https:\\\/\\\/rothschenk.de\\\/wp-content\\\/uploads\\\/2024\\\/08\\\/full-safety-plane-vorkonfektioniert-mit-haken-im-container-rothschenk.jpg\",\"datePublished\":\"2023-06-19T12:00:50+00:00\",\"dateModified\":\"2026-02-27T07:54:59+00:00\",\"description\":\"R\u00fcckhaltesystem - Container-Lashing \u2713 Full Safety \u2713 Gurtb\u00e4nder inkl. Haken und Verschl\u00fcsse \u2713 zertifiziert! \u27a4 Jetzt bestellen!\",\"breadcrumb\":{\"@id\":\"https:\\\/\\\/rothschenk.de\\\/produkt\\\/rueckhaltesystem-full-safety-vorgefaedelt-2-250-x-2-250-mm\\\/#breadcrumb\"},\"inLanguage\":\"sk-SK\",\"potentialAction\":[{\"@type\":\"ReadAction\",\"target\":[\"https:\\\/\\\/rothschenk.de\\\/produkt\\\/rueckhaltesystem-full-safety-vorgefaedelt-2-250-x-2-250-mm\\\/\"]}]},{\"@type\":\"ImageObject\",\"inLanguage\":\"sk-SK\",\"@id\":\"https:\\\/\\\/rothschenk.de\\\/produkt\\\/rueckhaltesystem-full-safety-vorgefaedelt-2-250-x-2-250-mm\\\/#primaryimage\",\"url\":\"https:\\\/\\\/rothschenk.de\\\/wp-content\\\/uploads\\\/2024\\\/08\\\/full-safety-plane-vorkonfektioniert-mit-haken-im-container-rothschenk.jpg\",\"contentUrl\":\"https:\\\/\\\/rothschenk.de\\\/wp-content\\\/uploads\\\/2024\\\/08\\\/full-safety-plane-vorkonfektioniert-mit-haken-im-container-rothschenk.jpg\",\"width\":1024,\"height\":1024,\"caption\":\"Full Safety Plane R\u00fcckhaltesystem f\u00fcr Container mit Gurtband und Haken vorkonfektioniert\"},{\"@type\":\"BreadcrumbList\",\"@id\":\"https:\\\/\\\/rothschenk.de\\\/produkt\\\/rueckhaltesystem-full-safety-vorgefaedelt-2-250-x-2-250-mm\\\/#breadcrumb\",\"itemListElement\":[{\"@type\":\"ListItem\",\"position\":1,\"name\":\"Domovsk\u00e1 str\u00e1nka\",\"item\":\"https:\\\/\\\/rothschenk.de\\\/sk\\\/domovska-stranka\\\/\"},{\"@type\":\"ListItem\",\"position\":2,\"name\":\"Shop\",\"item\":\"https:\\\/\\\/rothschenk.de\\\/shop\\\/\"},{\"@type\":\"ListItem\",\"position\":3,\"name\":\"R\u00fcckhaltesystem | Full Safety | Vorgef\u00e4delt | 2.250 x 2.250 mm\"}]},{\"@type\":\"WebSite\",\"@id\":\"https:\\\/\\\/rothschenk.de\\\/#website\",\"url\":\"https:\\\/\\\/rothschenk.de\\\/\",\"name\":\"Rothschenk - Der Online Shop f\u00fcr Ladungssicherung\",\"description\":\"Der Online Shop f\u00fcr Ladungssicherung\",\"potentialAction\":[{\"@type\":\"SearchAction\",\"target\":{\"@type\":\"EntryPoint\",\"urlTemplate\":\"https:\\\/\\\/rothschenk.de\\\/?s={search_term_string}\"},\"query-input\":{\"@type\":\"PropertyValueSpecification\",\"valueRequired\":true,\"valueName\":\"search_term_string\"}}],\"inLanguage\":\"sk-SK\"}]}<\/script>\n<meta property=\"og:availability\" content=\"backorder\" \/>\n<meta property=\"product:availability\" content=\"available for order\" \/>\n<meta property=\"product:condition\" content=\"new\" \/>\n<!-- \/ Yoast SEO plugin. -->","yoast_head_json":{"title":"R\u00fcckhaltesystem | Full Safety | Vorgef\u00e4delt | 2.250 x 2.250 mm - Rothschenk","description":"R\u00fcckhaltesystem - Container-Lashing \u2713 Full Safety \u2713 Gurtb\u00e4nder inkl. Haken und Verschl\u00fcsse \u2713 zertifiziert! \u27a4 Jetzt bestellen!","robots":{"index":"index","follow":"follow","max-snippet":"max-snippet:-1","max-image-preview":"max-image-preview:large","max-video-preview":"max-video-preview:-1"},"canonical":"https:\/\/rothschenk.de\/produkt\/rueckhaltesystem-full-safety-vorgefaedelt-2-250-x-2-250-mm\/","og_locale":"sk_SK","og_type":"article","og_title":"R\u00fcckhaltesystem | Full Safety | Vorgef\u00e4delt | 2.250 x 2.250 mm - Rothschenk","og_description":"R\u00fcckhaltesystem - Container-Lashing \u2713 Full Safety \u2713 Gurtb\u00e4nder inkl. Haken und Verschl\u00fcsse \u2713 zertifiziert! \u27a4 Jetzt bestellen!","og_url":"https:\/\/rothschenk.de\/produkt\/rueckhaltesystem-full-safety-vorgefaedelt-2-250-x-2-250-mm\/","og_site_name":"Rothschenk","article_publisher":"https:\/\/de-de.facebook.com\/FirmaRothschenk\/","article_modified_time":"2026-02-27T07:54:59+00:00","og_image":[{"width":1024,"height":1024,"url":"https:\/\/rothschenk.de\/wp-content\/uploads\/2024\/08\/full-safety-plane-vorkonfektioniert-mit-haken-im-container-rothschenk.jpg","type":"image\/jpeg"}],"twitter_card":"summary_large_image","twitter_misc":{"Dostupnos\u0165":"Na objedn\u00e1vku"},"schema":{"@context":"https:\/\/schema.org","@graph":[{"@type":"WebPage","@id":"https:\/\/rothschenk.de\/produkt\/rueckhaltesystem-full-safety-vorgefaedelt-2-250-x-2-250-mm\/","url":"https:\/\/rothschenk.de\/produkt\/rueckhaltesystem-full-safety-vorgefaedelt-2-250-x-2-250-mm\/","name":"R\u00fcckhaltesystem | Full Safety | Vorgef\u00e4delt | 2.250 x 2.250 mm - Rothschenk","isPartOf":{"@id":"https:\/\/rothschenk.de\/#website"},"primaryImageOfPage":{"@id":"https:\/\/rothschenk.de\/produkt\/rueckhaltesystem-full-safety-vorgefaedelt-2-250-x-2-250-mm\/#primaryimage"},"image":{"@id":"https:\/\/rothschenk.de\/produkt\/rueckhaltesystem-full-safety-vorgefaedelt-2-250-x-2-250-mm\/#primaryimage"},"thumbnailUrl":"https:\/\/rothschenk.de\/wp-content\/uploads\/2024\/08\/full-safety-plane-vorkonfektioniert-mit-haken-im-container-rothschenk.jpg","datePublished":"2023-06-19T12:00:50+00:00","dateModified":"2026-02-27T07:54:59+00:00","description":"R\u00fcckhaltesystem - Container-Lashing \u2713 Full Safety \u2713 Gurtb\u00e4nder inkl. Haken und Verschl\u00fcsse \u2713 zertifiziert! \u27a4 Jetzt bestellen!","breadcrumb":{"@id":"https:\/\/rothschenk.de\/produkt\/rueckhaltesystem-full-safety-vorgefaedelt-2-250-x-2-250-mm\/#breadcrumb"},"inLanguage":"sk-SK","potentialAction":[{"@type":"ReadAction","target":["https:\/\/rothschenk.de\/produkt\/rueckhaltesystem-full-safety-vorgefaedelt-2-250-x-2-250-mm\/"]}]},{"@type":"ImageObject","inLanguage":"sk-SK","@id":"https:\/\/rothschenk.de\/produkt\/rueckhaltesystem-full-safety-vorgefaedelt-2-250-x-2-250-mm\/#primaryimage","url":"https:\/\/rothschenk.de\/wp-content\/uploads\/2024\/08\/full-safety-plane-vorkonfektioniert-mit-haken-im-container-rothschenk.jpg","contentUrl":"https:\/\/rothschenk.de\/wp-content\/uploads\/2024\/08\/full-safety-plane-vorkonfektioniert-mit-haken-im-container-rothschenk.jpg","width":1024,"height":1024,"caption":"Full Safety Plane R\u00fcckhaltesystem f\u00fcr Container mit Gurtband und Haken vorkonfektioniert"},{"@type":"BreadcrumbList","@id":"https:\/\/rothschenk.de\/produkt\/rueckhaltesystem-full-safety-vorgefaedelt-2-250-x-2-250-mm\/#breadcrumb","itemListElement":[{"@type":"ListItem","position":1,"name":"Domovsk\u00e1 str\u00e1nka","item":"https:\/\/rothschenk.de\/sk\/domovska-stranka\/"},{"@type":"ListItem","position":2,"name":"Shop","item":"https:\/\/rothschenk.de\/shop\/"},{"@type":"ListItem","position":3,"name":"R\u00fcckhaltesystem | Full Safety | Vorgef\u00e4delt | 2.250 x 2.250 mm"}]},{"@type":"WebSite","@id":"https:\/\/rothschenk.de\/#website","url":"https:\/\/rothschenk.de\/","name":"Rothschenk - Der Online Shop f\u00fcr Ladungssicherung","description":"Der Online Shop f\u00fcr Ladungssicherung","potentialAction":[{"@type":"SearchAction","target":{"@type":"EntryPoint","urlTemplate":"https:\/\/rothschenk.de\/?s={search_term_string}"},"query-input":{"@type":"PropertyValueSpecification","valueRequired":true,"valueName":"search_term_string"}}],"inLanguage":"sk-SK"}]},"og_availability":"backorder","product_availability":"available for order","product_condition":"new"},"_links":{"self":[{"href":"https:\/\/rothschenk.de\/sk\/wp-json\/wp\/v2\/product\/256026","targetHints":{"allow":["GET"]}}],"collection":[{"href":"https:\/\/rothschenk.de\/sk\/wp-json\/wp\/v2\/product"}],"about":[{"href":"https:\/\/rothschenk.de\/sk\/wp-json\/wp\/v2\/types\/product"}],"replies":[{"embeddable":true,"href":"https:\/\/rothschenk.de\/sk\/wp-json\/wp\/v2\/comments?post=256026"}],"wp:featuredmedia":[{"embeddable":true,"href":"https:\/\/rothschenk.de\/sk\/wp-json\/wp\/v2\/media\/255984"}],"wp:attachment":[{"href":"https:\/\/rothschenk.de\/sk\/wp-json\/wp\/v2\/media?parent=256026"}],"wp:term":[{"taxonomy":"product_brand","embeddable":true,"href":"https:\/\/rothschenk.de\/sk\/wp-json\/wp\/v2\/product_brand?post=256026"},{"taxonomy":"product_cat","embeddable":true,"href":"https:\/\/rothschenk.de\/sk\/wp-json\/wp\/v2\/product_cat?post=256026"},{"taxonomy":"product_tag","embeddable":true,"href":"https:\/\/rothschenk.de\/sk\/wp-json\/wp\/v2\/product_tag?post=256026"}],"curies":[{"name":"wp","href":"https:\/\/api.w.org\/{rel}","templated":true}]}}