{"id":32707,"date":"2023-03-01T08:30:38","date_gmt":"2023-03-01T07:30:38","guid":{"rendered":"https:\/\/rothschenk.de\/rothschenk-shop\/?post_type=product&#038;p=32707"},"modified":"2026-04-23T15:02:14","modified_gmt":"2026-04-23T13:02:14","slug":"zurrgurt-1-teilig-radsicherung-set-4-stk","status":"publish","type":"product","link":"https:\/\/rothschenk.de\/sk\/produkt\/zurrgurt-1-teilig-radsicherung-set-4-stk\/","title":{"rendered":"Zurrgurt | 1-teilig | Radsicherung | SET 4 Stk."},"content":{"rendered":"<h3>Zurrgurt | 1-teilig | Radsicherung | SET 4 Stk.<\/h3>\n<p>Mit diesem Radsicherungsgurt-Set k\u00f6nnen Sie jedes Fahrzeug sicher transportieren egal ob Quad, Auto oder Transporter. Sie ben\u00f6tigen daf\u00fcr nur je einen Zurrpunkt und sind dadurch extrem schnell bei der Verladung des Fahrzeugs. Das praktische Direktzurrverfahren f\u00fchrt au\u00dferdem dazu, dass der Autotransportgurt h\u00f6here Zugkr\u00e4fte aufnehmen kann.<\/p>\n<p>\u2714 DIN EN 12195-2 (erf\u00fcllt alle wichtigen Sicherheitskriterien f\u00fcr Deutschland, \u00d6sterreich, Schweiz und zahlreiche weitere europ\u00e4ische L\u00e4nder)<\/p>\n<p>Die aus hochwertigem Polyester gefertigten orangenen Autotransportgurte haben eine Gurtbandbreite von 35 mm. Sie k\u00f6nnen mit 1500 daN im geraden Zug und 3000 daN bei Umreifung mit einer Vorspannkraft von 180 daN belastet werden. Die maximale Dehnung betr\u00e4gt lediglich 4 %.<\/p>\n<p>Aufgrund ihrer Metallgriffe sind diese Radsicherungsgurte sehr langlebig. Sie sollten aber generell darauf achten, dass Sie benutzte Gurte entsorgen, sobald Risse, starke Abnutzungen oder andere Sch\u00e4den auftreten, da sie zu gef\u00e4hrlichen Sach- und Personensch\u00e4den f\u00fchren k\u00f6nnen.<\/p>\n","protected":false},"excerpt":{"rendered":"<p>Zurrgurt | 1-teilig | Radsicherung | SET 4 Stk. Mit diesem Radsicherungsgurt-Set k\u00f6nnen Sie jedes Fahrzeug sicher transportieren egal ob Quad, Auto oder Transporter. Sie ben\u00f6tigen daf\u00fcr nur je einen Zurrpunkt und sind dadurch extrem schnell bei der Verladung des Fahrzeugs. Das praktische Direktzurrverfahren f\u00fchrt au\u00dferdem dazu, dass der Autotransportgurt h\u00f6here Zugkr\u00e4fte aufnehmen kann. \u2714 [&hellip;]<\/p>\n","protected":false},"featured_media":788913,"comment_status":"open","ping_status":"closed","template":"","meta":{"_acf_changed":false},"product_brand":[],"product_cat":[71,67],"product_tag":[],"class_list":{"0":"post-32707","1":"product","2":"type-product","3":"status-publish","4":"has-post-thumbnail","6":"product_cat-zurrgurt-sets","7":"product_cat-zurrgurte","9":"first","10":"instock","11":"taxable","12":"shipping-taxable","13":"purchasable","14":"product-type-simple"},"acf":[],"yoast_head":"<!-- This site is optimized with the Yoast SEO plugin v27.4 - https:\/\/yoast.com\/product\/yoast-seo-wordpress\/ -->\n<title>Zurrgurt | 1-teilig | Radsicherung | SET 4 Stk. - Rothschenk<\/title>\n<meta name=\"description\" content=\"Zurrgurt \u25b6 Autotransport Reifengurt \u2713 Gesamtl\u00e4nge: 1,8 m \u2713 Bandbreite: 35 mm \u2713 Vorspannkraft: STF 180 daNc \u25b6 Jetzt online bei Rothschenk bestellen!\" \/>\n<meta name=\"robots\" content=\"index, follow, max-snippet:-1, max-image-preview:large, max-video-preview:-1\" \/>\n<link rel=\"canonical\" href=\"https:\/\/rothschenk.de\/sk\/produkt\/zurrgurt-1-teilig-radsicherung-set-4-stk\/\" \/>\n<meta property=\"og:locale\" content=\"sk_SK\" \/>\n<meta property=\"og:type\" content=\"article\" \/>\n<meta property=\"og:title\" content=\"Zurrgurt | 1-teilig | Radsicherung | SET 4 Stk. - Rothschenk\" \/>\n<meta property=\"og:description\" content=\"Zurrgurt \u25b6 Autotransport Reifengurt \u2713 Gesamtl\u00e4nge: 1,8 m \u2713 Bandbreite: 35 mm \u2713 Vorspannkraft: STF 180 daNc \u25b6 Jetzt online bei Rothschenk bestellen!\" \/>\n<meta property=\"og:url\" content=\"https:\/\/rothschenk.de\/sk\/produkt\/zurrgurt-1-teilig-radsicherung-set-4-stk\/\" \/>\n<meta property=\"og:site_name\" content=\"Rothschenk\" \/>\n<meta property=\"article:publisher\" content=\"https:\/\/de-de.facebook.com\/FirmaRothschenk\/\" \/>\n<meta property=\"article:modified_time\" content=\"2026-04-23T13:02:14+00:00\" \/>\n<meta property=\"og:image\" content=\"https:\/\/rothschenk.de\/wp-content\/uploads\/2023\/03\/radsicherung-auto-reifen-ladungssicherung-gurtband-haken.jpg\" \/>\n\t<meta property=\"og:image:width\" content=\"1024\" \/>\n\t<meta property=\"og:image:height\" content=\"1024\" \/>\n\t<meta property=\"og:image:type\" content=\"image\/jpeg\" \/>\n<meta name=\"twitter:card\" content=\"summary_large_image\" \/>\n<meta name=\"twitter:label1\" content=\"Cena\" \/>\n\t<meta name=\"twitter:data1\" content=\"26,88&nbsp;&euro;\" \/>\n\t<meta name=\"twitter:label2\" content=\"Dostupnos\u0165\" \/>\n\t<meta name=\"twitter:data2\" content=\"Na sklade\" \/>\n<script type=\"application\/ld+json\" class=\"yoast-schema-graph\">{\"@context\":\"https:\\\/\\\/schema.org\",\"@graph\":[{\"@type\":\"WebPage\",\"@id\":\"https:\\\/\\\/rothschenk.de\\\/sk\\\/produkt\\\/zurrgurt-1-teilig-radsicherung-set-4-stk\\\/\",\"url\":\"https:\\\/\\\/rothschenk.de\\\/sk\\\/produkt\\\/zurrgurt-1-teilig-radsicherung-set-4-stk\\\/\",\"name\":\"Zurrgurt | 1-teilig | Radsicherung | SET 4 Stk. - Rothschenk\",\"isPartOf\":{\"@id\":\"https:\\\/\\\/rothschenk.de\\\/sk\\\/#website\"},\"primaryImageOfPage\":{\"@id\":\"https:\\\/\\\/rothschenk.de\\\/sk\\\/produkt\\\/zurrgurt-1-teilig-radsicherung-set-4-stk\\\/#primaryimage\"},\"image\":{\"@id\":\"https:\\\/\\\/rothschenk.de\\\/sk\\\/produkt\\\/zurrgurt-1-teilig-radsicherung-set-4-stk\\\/#primaryimage\"},\"thumbnailUrl\":\"https:\\\/\\\/rothschenk.de\\\/wp-content\\\/uploads\\\/2023\\\/03\\\/radsicherung-auto-reifen-ladungssicherung-gurtband-haken.jpg\",\"datePublished\":\"2023-03-01T07:30:38+00:00\",\"dateModified\":\"2026-04-23T13:02:14+00:00\",\"description\":\"Zurrgurt \u25b6 Autotransport Reifengurt \u2713 Gesamtl\u00e4nge: 1,8 m \u2713 Bandbreite: 35 mm \u2713 Vorspannkraft: STF 180 daNc \u25b6 Jetzt online bei Rothschenk bestellen!\",\"breadcrumb\":{\"@id\":\"https:\\\/\\\/rothschenk.de\\\/sk\\\/produkt\\\/zurrgurt-1-teilig-radsicherung-set-4-stk\\\/#breadcrumb\"},\"inLanguage\":\"sk-SK\",\"potentialAction\":[{\"@type\":\"ReadAction\",\"target\":[\"https:\\\/\\\/rothschenk.de\\\/sk\\\/produkt\\\/zurrgurt-1-teilig-radsicherung-set-4-stk\\\/\"]}]},{\"@type\":\"ImageObject\",\"inLanguage\":\"sk-SK\",\"@id\":\"https:\\\/\\\/rothschenk.de\\\/sk\\\/produkt\\\/zurrgurt-1-teilig-radsicherung-set-4-stk\\\/#primaryimage\",\"url\":\"https:\\\/\\\/rothschenk.de\\\/wp-content\\\/uploads\\\/2023\\\/03\\\/radsicherung-auto-reifen-ladungssicherung-gurtband-haken.jpg\",\"contentUrl\":\"https:\\\/\\\/rothschenk.de\\\/wp-content\\\/uploads\\\/2023\\\/03\\\/radsicherung-auto-reifen-ladungssicherung-gurtband-haken.jpg\",\"width\":1024,\"height\":1024,\"caption\":\"Radsicherung zum Autotransport als 4er Set\"},{\"@type\":\"BreadcrumbList\",\"@id\":\"https:\\\/\\\/rothschenk.de\\\/sk\\\/produkt\\\/zurrgurt-1-teilig-radsicherung-set-4-stk\\\/#breadcrumb\",\"itemListElement\":[{\"@type\":\"ListItem\",\"position\":1,\"name\":\"Domovsk\u00e1 str\u00e1nka\",\"item\":\"https:\\\/\\\/rothschenk.de\\\/sk\\\/domovska-stranka\\\/\"},{\"@type\":\"ListItem\",\"position\":2,\"name\":\"Shop\",\"item\":\"https:\\\/\\\/rothschenk.de\\\/shop\\\/\"},{\"@type\":\"ListItem\",\"position\":3,\"name\":\"Zurrgurt | 1-teilig | Radsicherung | SET 4 Stk.\"}]},{\"@type\":\"WebSite\",\"@id\":\"https:\\\/\\\/rothschenk.de\\\/sk\\\/#website\",\"url\":\"https:\\\/\\\/rothschenk.de\\\/sk\\\/\",\"name\":\"Rothschenk - Der Online Shop f\u00fcr Ladungssicherung\",\"description\":\"Der Online Shop f\u00fcr Ladungssicherung\",\"potentialAction\":[{\"@type\":\"SearchAction\",\"target\":{\"@type\":\"EntryPoint\",\"urlTemplate\":\"https:\\\/\\\/rothschenk.de\\\/sk\\\/?s={search_term_string}\"},\"query-input\":{\"@type\":\"PropertyValueSpecification\",\"valueRequired\":true,\"valueName\":\"search_term_string\"}}],\"inLanguage\":\"sk-SK\"}]}<\/script>\n<meta property=\"product:price:amount\" content=\"26.88\" \/>\n<meta property=\"product:price:currency\" content=\"EUR\" \/>\n<meta property=\"og:availability\" content=\"instock\" \/>\n<meta property=\"product:availability\" content=\"instock\" \/>\n<meta property=\"product:retailer_item_id\" content=\"26030\" \/>\n<meta property=\"product:condition\" content=\"new\" \/>\n<!-- \/ Yoast SEO plugin. -->","yoast_head_json":{"title":"Zurrgurt | 1-teilig | Radsicherung | SET 4 Stk. - Rothschenk","description":"Zurrgurt \u25b6 Autotransport Reifengurt \u2713 Gesamtl\u00e4nge: 1,8 m \u2713 Bandbreite: 35 mm \u2713 Vorspannkraft: STF 180 daNc \u25b6 Jetzt online bei Rothschenk bestellen!","robots":{"index":"index","follow":"follow","max-snippet":"max-snippet:-1","max-image-preview":"max-image-preview:large","max-video-preview":"max-video-preview:-1"},"canonical":"https:\/\/rothschenk.de\/sk\/produkt\/zurrgurt-1-teilig-radsicherung-set-4-stk\/","og_locale":"sk_SK","og_type":"article","og_title":"Zurrgurt | 1-teilig | Radsicherung | SET 4 Stk. - Rothschenk","og_description":"Zurrgurt \u25b6 Autotransport Reifengurt \u2713 Gesamtl\u00e4nge: 1,8 m \u2713 Bandbreite: 35 mm \u2713 Vorspannkraft: STF 180 daNc \u25b6 Jetzt online bei Rothschenk bestellen!","og_url":"https:\/\/rothschenk.de\/sk\/produkt\/zurrgurt-1-teilig-radsicherung-set-4-stk\/","og_site_name":"Rothschenk","article_publisher":"https:\/\/de-de.facebook.com\/FirmaRothschenk\/","article_modified_time":"2026-04-23T13:02:14+00:00","og_image":[{"width":1024,"height":1024,"url":"https:\/\/rothschenk.de\/wp-content\/uploads\/2023\/03\/radsicherung-auto-reifen-ladungssicherung-gurtband-haken.jpg","type":"image\/jpeg"}],"twitter_card":"summary_large_image","twitter_misc":{"Cena":"26,88&nbsp;&euro;","Dostupnos\u0165":"Na sklade"},"schema":{"@context":"https:\/\/schema.org","@graph":[{"@type":"WebPage","@id":"https:\/\/rothschenk.de\/sk\/produkt\/zurrgurt-1-teilig-radsicherung-set-4-stk\/","url":"https:\/\/rothschenk.de\/sk\/produkt\/zurrgurt-1-teilig-radsicherung-set-4-stk\/","name":"Zurrgurt | 1-teilig | Radsicherung | SET 4 Stk. - Rothschenk","isPartOf":{"@id":"https:\/\/rothschenk.de\/sk\/#website"},"primaryImageOfPage":{"@id":"https:\/\/rothschenk.de\/sk\/produkt\/zurrgurt-1-teilig-radsicherung-set-4-stk\/#primaryimage"},"image":{"@id":"https:\/\/rothschenk.de\/sk\/produkt\/zurrgurt-1-teilig-radsicherung-set-4-stk\/#primaryimage"},"thumbnailUrl":"https:\/\/rothschenk.de\/wp-content\/uploads\/2023\/03\/radsicherung-auto-reifen-ladungssicherung-gurtband-haken.jpg","datePublished":"2023-03-01T07:30:38+00:00","dateModified":"2026-04-23T13:02:14+00:00","description":"Zurrgurt \u25b6 Autotransport Reifengurt \u2713 Gesamtl\u00e4nge: 1,8 m \u2713 Bandbreite: 35 mm \u2713 Vorspannkraft: STF 180 daNc \u25b6 Jetzt online bei Rothschenk bestellen!","breadcrumb":{"@id":"https:\/\/rothschenk.de\/sk\/produkt\/zurrgurt-1-teilig-radsicherung-set-4-stk\/#breadcrumb"},"inLanguage":"sk-SK","potentialAction":[{"@type":"ReadAction","target":["https:\/\/rothschenk.de\/sk\/produkt\/zurrgurt-1-teilig-radsicherung-set-4-stk\/"]}]},{"@type":"ImageObject","inLanguage":"sk-SK","@id":"https:\/\/rothschenk.de\/sk\/produkt\/zurrgurt-1-teilig-radsicherung-set-4-stk\/#primaryimage","url":"https:\/\/rothschenk.de\/wp-content\/uploads\/2023\/03\/radsicherung-auto-reifen-ladungssicherung-gurtband-haken.jpg","contentUrl":"https:\/\/rothschenk.de\/wp-content\/uploads\/2023\/03\/radsicherung-auto-reifen-ladungssicherung-gurtband-haken.jpg","width":1024,"height":1024,"caption":"Radsicherung zum Autotransport als 4er Set"},{"@type":"BreadcrumbList","@id":"https:\/\/rothschenk.de\/sk\/produkt\/zurrgurt-1-teilig-radsicherung-set-4-stk\/#breadcrumb","itemListElement":[{"@type":"ListItem","position":1,"name":"Domovsk\u00e1 str\u00e1nka","item":"https:\/\/rothschenk.de\/sk\/domovska-stranka\/"},{"@type":"ListItem","position":2,"name":"Shop","item":"https:\/\/rothschenk.de\/shop\/"},{"@type":"ListItem","position":3,"name":"Zurrgurt | 1-teilig | Radsicherung | SET 4 Stk."}]},{"@type":"WebSite","@id":"https:\/\/rothschenk.de\/sk\/#website","url":"https:\/\/rothschenk.de\/sk\/","name":"Rothschenk - Der Online Shop f\u00fcr Ladungssicherung","description":"Der Online Shop f\u00fcr Ladungssicherung","potentialAction":[{"@type":"SearchAction","target":{"@type":"EntryPoint","urlTemplate":"https:\/\/rothschenk.de\/sk\/?s={search_term_string}"},"query-input":{"@type":"PropertyValueSpecification","valueRequired":true,"valueName":"search_term_string"}}],"inLanguage":"sk-SK"}]},"product_price_amount":"26.88","product_price_currency":"EUR","og_availability":"instock","product_availability":"instock","product_retailer_item_id":"26030","product_condition":"new"},"_links":{"self":[{"href":"https:\/\/rothschenk.de\/sk\/wp-json\/wp\/v2\/product\/32707","targetHints":{"allow":["GET"]}}],"collection":[{"href":"https:\/\/rothschenk.de\/sk\/wp-json\/wp\/v2\/product"}],"about":[{"href":"https:\/\/rothschenk.de\/sk\/wp-json\/wp\/v2\/types\/product"}],"replies":[{"embeddable":true,"href":"https:\/\/rothschenk.de\/sk\/wp-json\/wp\/v2\/comments?post=32707"}],"wp:featuredmedia":[{"embeddable":true,"href":"https:\/\/rothschenk.de\/sk\/wp-json\/wp\/v2\/media\/788913"}],"wp:attachment":[{"href":"https:\/\/rothschenk.de\/sk\/wp-json\/wp\/v2\/media?parent=32707"}],"wp:term":[{"taxonomy":"product_brand","embeddable":true,"href":"https:\/\/rothschenk.de\/sk\/wp-json\/wp\/v2\/product_brand?post=32707"},{"taxonomy":"product_cat","embeddable":true,"href":"https:\/\/rothschenk.de\/sk\/wp-json\/wp\/v2\/product_cat?post=32707"},{"taxonomy":"product_tag","embeddable":true,"href":"https:\/\/rothschenk.de\/sk\/wp-json\/wp\/v2\/product_tag?post=32707"}],"curies":[{"name":"wp","href":"https:\/\/api.w.org\/{rel}","templated":true}]}}