{"id":32743,"date":"2023-03-01T09:10:40","date_gmt":"2023-03-01T08:10:40","guid":{"rendered":"https:\/\/rothschenk.de\/rothschenk-shop\/?post_type=product&#038;p=32743"},"modified":"2026-04-23T07:03:47","modified_gmt":"2026-04-23T05:03:47","slug":"zurrgurt-2-teilig-6-m-set-10-stk","status":"publish","type":"product","link":"https:\/\/rothschenk.de\/sk\/produkt\/zurrgurt-2-teilig-6-m-set-10-stk\/","title":{"rendered":"Zurrgurt | 2-teilig | 6 m x 25 mm | SET 10 Stk."},"content":{"rendered":"<h3>Zurrgurt | 2-teilig | 6 m x 25 mm | STF 72 | SET 10 Stk.<\/h3>\n<p>Mit diesem 10er Spanngurt-Set treffen Sie immer die richtige Wahl. Egal, ob Sie die Zurrgurte f\u00fcr die Ladungssicherung auf Anh\u00e4ngern, Transportern, Kastenw\u00e4gen, kleinen bis mittleren LKW oder zum Campen nutzen. Der Ratschengurt wird am Fest- und Losende einfach in eine Zurr\u00f6se oder \u00e4hnlichem eingehakt, das Band durch die Ratsche gef\u00fchrt und mit dem Hebel fest gezurrt.<\/p>\n<p>\u2714 DIN EN 12195-2 (erf\u00fcllt alle wichtigen Sicherheitskriterien f\u00fcr Deutschland, \u00d6sterreich, Schweiz und zahlreiche weitere europ\u00e4ische L\u00e4nder)<\/p>\n<p>Auf Grund ihrer Metallgriffe sind diese Zurrgurte sehr langlebig. Trotzdem sollten Sie auf die Ablegereife Ihrer benutzten Gurte achten, da Risse, starke Abnutzung und andere Sch\u00e4den gef\u00e4hrlich werden k\u00f6nnen.<\/p>\n","protected":false},"excerpt":{"rendered":"<p>Zurrgurt | 2-teilig | 6 m x 25 mm | STF 72 | SET 10 Stk. Mit diesem 10er Spanngurt-Set treffen Sie immer die richtige Wahl. Egal, ob Sie die Zurrgurte f\u00fcr die Ladungssicherung auf Anh\u00e4ngern, Transportern, Kastenw\u00e4gen, kleinen bis mittleren LKW oder zum Campen nutzen. Der Ratschengurt wird am Fest- und Losende einfach in [&hellip;]<\/p>\n","protected":false},"featured_media":789244,"comment_status":"open","ping_status":"closed","template":"","meta":{"_acf_changed":false},"product_brand":[],"product_cat":[69,71,67],"product_tag":[],"class_list":{"0":"post-32743","1":"product","2":"type-product","3":"status-publish","4":"has-post-thumbnail","6":"product_cat-standard-druckratsche","7":"product_cat-zurrgurt-sets","8":"product_cat-zurrgurte","10":"first","11":"instock","12":"taxable","13":"shipping-taxable","14":"purchasable","15":"product-type-simple"},"acf":[],"yoast_head":"<!-- This site is optimized with the Yoast SEO plugin v27.4 - https:\/\/yoast.com\/product\/yoast-seo-wordpress\/ -->\n<title>Zurrgurt | 2-teilig | 6 m x 25 mm | SET 10 Stk. - Rothschenk<\/title>\n<meta name=\"description\" content=\"Zurrgurt \u25b6 L\u00e4nge Festende: 0,30 m \u2713 L\u00e4nge Losende: 5,70 m \u2713 Spitzhaken \u2713 Belastbarkeit im geraden Zug: 400 daN \u25b6 Jetzt bestellen!\" \/>\n<meta name=\"robots\" content=\"index, follow, max-snippet:-1, max-image-preview:large, max-video-preview:-1\" \/>\n<link rel=\"canonical\" href=\"https:\/\/rothschenk.de\/produkt\/zurrgurt-2-teilig-6-m-set-10-stk\/\" \/>\n<meta property=\"og:locale\" content=\"sk_SK\" \/>\n<meta property=\"og:type\" content=\"article\" \/>\n<meta property=\"og:title\" content=\"Zurrgurt | 2-teilig | 6 m x 25 mm | SET 10 Stk. - Rothschenk\" \/>\n<meta property=\"og:description\" content=\"Zurrgurt \u25b6 L\u00e4nge Festende: 0,30 m \u2713 L\u00e4nge Losende: 5,70 m \u2713 Spitzhaken \u2713 Belastbarkeit im geraden Zug: 400 daN \u25b6 Jetzt bestellen!\" \/>\n<meta property=\"og:url\" content=\"https:\/\/rothschenk.de\/produkt\/zurrgurt-2-teilig-6-m-set-10-stk\/\" \/>\n<meta property=\"og:site_name\" content=\"Rothschenk\" \/>\n<meta property=\"article:publisher\" content=\"https:\/\/de-de.facebook.com\/FirmaRothschenk\/\" \/>\n<meta property=\"article:modified_time\" content=\"2026-04-23T05:03:47+00:00\" \/>\n<meta property=\"og:image\" content=\"https:\/\/rothschenk.de\/wp-content\/uploads\/2023\/03\/26033-zurrgurt-spanngurt-set-befestigung-ladungssicherung-rothschenk-7.jpg\" \/>\n\t<meta property=\"og:image:width\" content=\"1024\" \/>\n\t<meta property=\"og:image:height\" content=\"1024\" \/>\n\t<meta property=\"og:image:type\" content=\"image\/jpeg\" \/>\n<meta name=\"twitter:card\" content=\"summary_large_image\" \/>\n<meta name=\"twitter:label1\" content=\"Cena\" \/>\n\t<meta name=\"twitter:data1\" content=\"23,67&nbsp;&euro;\" \/>\n\t<meta name=\"twitter:label2\" content=\"Dostupnos\u0165\" \/>\n\t<meta name=\"twitter:data2\" content=\"Na sklade\" \/>\n<script type=\"application\/ld+json\" class=\"yoast-schema-graph\">{\"@context\":\"https:\\\/\\\/schema.org\",\"@graph\":[{\"@type\":\"WebPage\",\"@id\":\"https:\\\/\\\/rothschenk.de\\\/produkt\\\/zurrgurt-2-teilig-6-m-set-10-stk\\\/\",\"url\":\"https:\\\/\\\/rothschenk.de\\\/produkt\\\/zurrgurt-2-teilig-6-m-set-10-stk\\\/\",\"name\":\"Zurrgurt | 2-teilig | 6 m x 25 mm | SET 10 Stk. - Rothschenk\",\"isPartOf\":{\"@id\":\"https:\\\/\\\/rothschenk.de\\\/#website\"},\"primaryImageOfPage\":{\"@id\":\"https:\\\/\\\/rothschenk.de\\\/produkt\\\/zurrgurt-2-teilig-6-m-set-10-stk\\\/#primaryimage\"},\"image\":{\"@id\":\"https:\\\/\\\/rothschenk.de\\\/produkt\\\/zurrgurt-2-teilig-6-m-set-10-stk\\\/#primaryimage\"},\"thumbnailUrl\":\"https:\\\/\\\/rothschenk.de\\\/wp-content\\\/uploads\\\/2023\\\/03\\\/26033-zurrgurt-spanngurt-set-befestigung-ladungssicherung-rothschenk-7.jpg\",\"datePublished\":\"2023-03-01T08:10:40+00:00\",\"dateModified\":\"2026-04-23T05:03:47+00:00\",\"description\":\"Zurrgurt \u25b6 L\u00e4nge Festende: 0,30 m \u2713 L\u00e4nge Losende: 5,70 m \u2713 Spitzhaken \u2713 Belastbarkeit im geraden Zug: 400 daN \u25b6 Jetzt bestellen!\",\"breadcrumb\":{\"@id\":\"https:\\\/\\\/rothschenk.de\\\/produkt\\\/zurrgurt-2-teilig-6-m-set-10-stk\\\/#breadcrumb\"},\"inLanguage\":\"sk-SK\",\"potentialAction\":[{\"@type\":\"ReadAction\",\"target\":[\"https:\\\/\\\/rothschenk.de\\\/produkt\\\/zurrgurt-2-teilig-6-m-set-10-stk\\\/\"]}]},{\"@type\":\"ImageObject\",\"inLanguage\":\"sk-SK\",\"@id\":\"https:\\\/\\\/rothschenk.de\\\/produkt\\\/zurrgurt-2-teilig-6-m-set-10-stk\\\/#primaryimage\",\"url\":\"https:\\\/\\\/rothschenk.de\\\/wp-content\\\/uploads\\\/2023\\\/03\\\/26033-zurrgurt-spanngurt-set-befestigung-ladungssicherung-rothschenk-7.jpg\",\"contentUrl\":\"https:\\\/\\\/rothschenk.de\\\/wp-content\\\/uploads\\\/2023\\\/03\\\/26033-zurrgurt-spanngurt-set-befestigung-ladungssicherung-rothschenk-7.jpg\",\"width\":1024,\"height\":1024,\"caption\":\"blauer Zurrgurt zweiteilig\"},{\"@type\":\"BreadcrumbList\",\"@id\":\"https:\\\/\\\/rothschenk.de\\\/produkt\\\/zurrgurt-2-teilig-6-m-set-10-stk\\\/#breadcrumb\",\"itemListElement\":[{\"@type\":\"ListItem\",\"position\":1,\"name\":\"Domovsk\u00e1 str\u00e1nka\",\"item\":\"https:\\\/\\\/rothschenk.de\\\/sk\\\/domovska-stranka\\\/\"},{\"@type\":\"ListItem\",\"position\":2,\"name\":\"Shop\",\"item\":\"https:\\\/\\\/rothschenk.de\\\/shop\\\/\"},{\"@type\":\"ListItem\",\"position\":3,\"name\":\"Zurrgurt | 2-teilig | 6 m x 25 mm | SET 10 Stk.\"}]},{\"@type\":\"WebSite\",\"@id\":\"https:\\\/\\\/rothschenk.de\\\/#website\",\"url\":\"https:\\\/\\\/rothschenk.de\\\/\",\"name\":\"Rothschenk - Der Online Shop f\u00fcr Ladungssicherung\",\"description\":\"Der Online Shop f\u00fcr Ladungssicherung\",\"potentialAction\":[{\"@type\":\"SearchAction\",\"target\":{\"@type\":\"EntryPoint\",\"urlTemplate\":\"https:\\\/\\\/rothschenk.de\\\/?s={search_term_string}\"},\"query-input\":{\"@type\":\"PropertyValueSpecification\",\"valueRequired\":true,\"valueName\":\"search_term_string\"}}],\"inLanguage\":\"sk-SK\"}]}<\/script>\n<meta property=\"product:price:amount\" content=\"23.67\" \/>\n<meta property=\"product:price:currency\" content=\"EUR\" \/>\n<meta property=\"og:availability\" content=\"instock\" \/>\n<meta property=\"product:availability\" content=\"instock\" \/>\n<meta property=\"product:retailer_item_id\" content=\"26033\" \/>\n<meta property=\"product:condition\" content=\"new\" \/>\n<!-- \/ Yoast SEO plugin. -->","yoast_head_json":{"title":"Zurrgurt | 2-teilig | 6 m x 25 mm | SET 10 Stk. - Rothschenk","description":"Zurrgurt \u25b6 L\u00e4nge Festende: 0,30 m \u2713 L\u00e4nge Losende: 5,70 m \u2713 Spitzhaken \u2713 Belastbarkeit im geraden Zug: 400 daN \u25b6 Jetzt bestellen!","robots":{"index":"index","follow":"follow","max-snippet":"max-snippet:-1","max-image-preview":"max-image-preview:large","max-video-preview":"max-video-preview:-1"},"canonical":"https:\/\/rothschenk.de\/produkt\/zurrgurt-2-teilig-6-m-set-10-stk\/","og_locale":"sk_SK","og_type":"article","og_title":"Zurrgurt | 2-teilig | 6 m x 25 mm | SET 10 Stk. - Rothschenk","og_description":"Zurrgurt \u25b6 L\u00e4nge Festende: 0,30 m \u2713 L\u00e4nge Losende: 5,70 m \u2713 Spitzhaken \u2713 Belastbarkeit im geraden Zug: 400 daN \u25b6 Jetzt bestellen!","og_url":"https:\/\/rothschenk.de\/produkt\/zurrgurt-2-teilig-6-m-set-10-stk\/","og_site_name":"Rothschenk","article_publisher":"https:\/\/de-de.facebook.com\/FirmaRothschenk\/","article_modified_time":"2026-04-23T05:03:47+00:00","og_image":[{"width":1024,"height":1024,"url":"https:\/\/rothschenk.de\/wp-content\/uploads\/2023\/03\/26033-zurrgurt-spanngurt-set-befestigung-ladungssicherung-rothschenk-7.jpg","type":"image\/jpeg"}],"twitter_card":"summary_large_image","twitter_misc":{"Cena":"23,67&nbsp;&euro;","Dostupnos\u0165":"Na sklade"},"schema":{"@context":"https:\/\/schema.org","@graph":[{"@type":"WebPage","@id":"https:\/\/rothschenk.de\/produkt\/zurrgurt-2-teilig-6-m-set-10-stk\/","url":"https:\/\/rothschenk.de\/produkt\/zurrgurt-2-teilig-6-m-set-10-stk\/","name":"Zurrgurt | 2-teilig | 6 m x 25 mm | SET 10 Stk. - Rothschenk","isPartOf":{"@id":"https:\/\/rothschenk.de\/#website"},"primaryImageOfPage":{"@id":"https:\/\/rothschenk.de\/produkt\/zurrgurt-2-teilig-6-m-set-10-stk\/#primaryimage"},"image":{"@id":"https:\/\/rothschenk.de\/produkt\/zurrgurt-2-teilig-6-m-set-10-stk\/#primaryimage"},"thumbnailUrl":"https:\/\/rothschenk.de\/wp-content\/uploads\/2023\/03\/26033-zurrgurt-spanngurt-set-befestigung-ladungssicherung-rothschenk-7.jpg","datePublished":"2023-03-01T08:10:40+00:00","dateModified":"2026-04-23T05:03:47+00:00","description":"Zurrgurt \u25b6 L\u00e4nge Festende: 0,30 m \u2713 L\u00e4nge Losende: 5,70 m \u2713 Spitzhaken \u2713 Belastbarkeit im geraden Zug: 400 daN \u25b6 Jetzt bestellen!","breadcrumb":{"@id":"https:\/\/rothschenk.de\/produkt\/zurrgurt-2-teilig-6-m-set-10-stk\/#breadcrumb"},"inLanguage":"sk-SK","potentialAction":[{"@type":"ReadAction","target":["https:\/\/rothschenk.de\/produkt\/zurrgurt-2-teilig-6-m-set-10-stk\/"]}]},{"@type":"ImageObject","inLanguage":"sk-SK","@id":"https:\/\/rothschenk.de\/produkt\/zurrgurt-2-teilig-6-m-set-10-stk\/#primaryimage","url":"https:\/\/rothschenk.de\/wp-content\/uploads\/2023\/03\/26033-zurrgurt-spanngurt-set-befestigung-ladungssicherung-rothschenk-7.jpg","contentUrl":"https:\/\/rothschenk.de\/wp-content\/uploads\/2023\/03\/26033-zurrgurt-spanngurt-set-befestigung-ladungssicherung-rothschenk-7.jpg","width":1024,"height":1024,"caption":"blauer Zurrgurt zweiteilig"},{"@type":"BreadcrumbList","@id":"https:\/\/rothschenk.de\/produkt\/zurrgurt-2-teilig-6-m-set-10-stk\/#breadcrumb","itemListElement":[{"@type":"ListItem","position":1,"name":"Domovsk\u00e1 str\u00e1nka","item":"https:\/\/rothschenk.de\/sk\/domovska-stranka\/"},{"@type":"ListItem","position":2,"name":"Shop","item":"https:\/\/rothschenk.de\/shop\/"},{"@type":"ListItem","position":3,"name":"Zurrgurt | 2-teilig | 6 m x 25 mm | SET 10 Stk."}]},{"@type":"WebSite","@id":"https:\/\/rothschenk.de\/#website","url":"https:\/\/rothschenk.de\/","name":"Rothschenk - Der Online Shop f\u00fcr Ladungssicherung","description":"Der Online Shop f\u00fcr Ladungssicherung","potentialAction":[{"@type":"SearchAction","target":{"@type":"EntryPoint","urlTemplate":"https:\/\/rothschenk.de\/?s={search_term_string}"},"query-input":{"@type":"PropertyValueSpecification","valueRequired":true,"valueName":"search_term_string"}}],"inLanguage":"sk-SK"}]},"product_price_amount":"23.67","product_price_currency":"EUR","og_availability":"instock","product_availability":"instock","product_retailer_item_id":"26033","product_condition":"new"},"_links":{"self":[{"href":"https:\/\/rothschenk.de\/sk\/wp-json\/wp\/v2\/product\/32743","targetHints":{"allow":["GET"]}}],"collection":[{"href":"https:\/\/rothschenk.de\/sk\/wp-json\/wp\/v2\/product"}],"about":[{"href":"https:\/\/rothschenk.de\/sk\/wp-json\/wp\/v2\/types\/product"}],"replies":[{"embeddable":true,"href":"https:\/\/rothschenk.de\/sk\/wp-json\/wp\/v2\/comments?post=32743"}],"wp:featuredmedia":[{"embeddable":true,"href":"https:\/\/rothschenk.de\/sk\/wp-json\/wp\/v2\/media\/789244"}],"wp:attachment":[{"href":"https:\/\/rothschenk.de\/sk\/wp-json\/wp\/v2\/media?parent=32743"}],"wp:term":[{"taxonomy":"product_brand","embeddable":true,"href":"https:\/\/rothschenk.de\/sk\/wp-json\/wp\/v2\/product_brand?post=32743"},{"taxonomy":"product_cat","embeddable":true,"href":"https:\/\/rothschenk.de\/sk\/wp-json\/wp\/v2\/product_cat?post=32743"},{"taxonomy":"product_tag","embeddable":true,"href":"https:\/\/rothschenk.de\/sk\/wp-json\/wp\/v2\/product_tag?post=32743"}],"curies":[{"name":"wp","href":"https:\/\/api.w.org\/{rel}","templated":true}]}}