{"id":4188,"date":"2023-03-01T07:50:48","date_gmt":"2023-03-01T06:50:48","guid":{"rendered":"https:\/\/rothschenk.de\/rothschenk-shop\/?post_type=product&#038;p=4188"},"modified":"2026-03-30T07:01:47","modified_gmt":"2026-03-30T05:01:47","slug":"zurrgurt-mit-klemmschloss","status":"publish","type":"product","link":"https:\/\/rothschenk.de\/sk\/produkt\/zurrgurt-mit-klemmschloss\/","title":{"rendered":"Zurrgurt | 1-teilig | Klemmschloss | 5 m x 25 mm"},"content":{"rendered":"<h3>Zurrgurt | 1-teilig | Klemmschloss | 5 m x 25 mm<\/h3>\n<p>Der Allrounder in der Ladungssicherung und ideal f\u00fcr kleine Anwendungen. Mit einer Sicherungskraft von 125 \/ 250 daN und einer L\u00e4nge von 5 m k\u00f6nnen damit leichte Waren auf einem PKW Anh\u00e4nger oder in einem Transporter festgezurrt werden. Eine Gurtbandbreite von 25 mm in Kombination mit dem hochwertigen Metallklemmschloss h\u00e4lt alles sicher am Platz.<\/p>\n","protected":false},"excerpt":{"rendered":"<p>Zurrgurt | 1-teilig | Klemmschloss | 5 m x 25 mm Der Allrounder in der Ladungssicherung und ideal f\u00fcr kleine Anwendungen. Mit einer Sicherungskraft von 125 \/ 250 daN und einer L\u00e4nge von 5 m k\u00f6nnen damit leichte Waren auf einem PKW Anh\u00e4nger oder in einem Transporter festgezurrt werden. Eine Gurtbandbreite von 25 mm in [&hellip;]<\/p>\n","protected":false},"featured_media":100255,"comment_status":"open","ping_status":"closed","template":"","meta":{"_acf_changed":false},"product_brand":[],"product_cat":[68,48,67],"product_tag":[],"class_list":{"0":"post-4188","1":"product","2":"type-product","3":"status-publish","4":"has-post-thumbnail","6":"product_cat-klemmschloss","7":"product_cat-sale","8":"product_cat-zurrgurte","10":"first","11":"instock","12":"taxable","13":"shipping-taxable","14":"purchasable","15":"product-type-simple"},"acf":[],"yoast_head":"<!-- This site is optimized with the Yoast SEO plugin v27.4 - https:\/\/yoast.com\/product\/yoast-seo-wordpress\/ -->\n<title>Zurrgurt | 1-teilig | Klemmschloss | 5 m x 25 mm - Rothschenk<\/title>\n<meta name=\"description\" content=\"Zurrgurt \u25b6 Klemmschlossgurt 1-teilig \u2713 Gesamtl\u00e4nge: 5 m \u2713 Bandbreite: 25 mm \u2713 Belastbarkeit im geraden Zug: 125 daN \u25b6 Jetzt bestellen!\" \/>\n<meta name=\"robots\" content=\"index, follow, max-snippet:-1, max-image-preview:large, max-video-preview:-1\" \/>\n<link rel=\"canonical\" href=\"https:\/\/rothschenk.de\/produkt\/zurrgurt-mit-klemmschloss\/\" \/>\n<meta property=\"og:locale\" content=\"sk_SK\" \/>\n<meta property=\"og:type\" content=\"article\" \/>\n<meta property=\"og:title\" content=\"Zurrgurt | 1-teilig | Klemmschloss | 5 m x 25 mm - Rothschenk\" \/>\n<meta property=\"og:description\" content=\"Zurrgurt \u25b6 Klemmschlossgurt 1-teilig \u2713 Gesamtl\u00e4nge: 5 m \u2713 Bandbreite: 25 mm \u2713 Belastbarkeit im geraden Zug: 125 daN \u25b6 Jetzt bestellen!\" \/>\n<meta property=\"og:url\" content=\"https:\/\/rothschenk.de\/produkt\/zurrgurt-mit-klemmschloss\/\" \/>\n<meta property=\"og:site_name\" content=\"Rothschenk\" \/>\n<meta property=\"article:publisher\" content=\"https:\/\/de-de.facebook.com\/FirmaRothschenk\/\" \/>\n<meta property=\"article:modified_time\" content=\"2026-03-30T05:01:47+00:00\" \/>\n<meta property=\"og:image\" content=\"https:\/\/rothschenk.de\/wp-content\/uploads\/2023\/12\/SALE-3.jpg\" \/>\n\t<meta property=\"og:image:width\" content=\"1024\" \/>\n\t<meta property=\"og:image:height\" content=\"1024\" \/>\n\t<meta property=\"og:image:type\" content=\"image\/jpeg\" \/>\n<meta name=\"twitter:card\" content=\"summary_large_image\" \/>\n<meta name=\"twitter:label1\" content=\"Cena\" \/>\n\t<meta name=\"twitter:data1\" content=\"2,70&nbsp;&euro;\" \/>\n\t<meta name=\"twitter:label2\" content=\"Dostupnos\u0165\" \/>\n\t<meta name=\"twitter:data2\" content=\"Na sklade\" \/>\n<script type=\"application\/ld+json\" class=\"yoast-schema-graph\">{\"@context\":\"https:\\\/\\\/schema.org\",\"@graph\":[{\"@type\":\"WebPage\",\"@id\":\"https:\\\/\\\/rothschenk.de\\\/produkt\\\/zurrgurt-mit-klemmschloss\\\/\",\"url\":\"https:\\\/\\\/rothschenk.de\\\/produkt\\\/zurrgurt-mit-klemmschloss\\\/\",\"name\":\"Zurrgurt | 1-teilig | Klemmschloss | 5 m x 25 mm - Rothschenk\",\"isPartOf\":{\"@id\":\"https:\\\/\\\/rothschenk.de\\\/#website\"},\"primaryImageOfPage\":{\"@id\":\"https:\\\/\\\/rothschenk.de\\\/produkt\\\/zurrgurt-mit-klemmschloss\\\/#primaryimage\"},\"image\":{\"@id\":\"https:\\\/\\\/rothschenk.de\\\/produkt\\\/zurrgurt-mit-klemmschloss\\\/#primaryimage\"},\"thumbnailUrl\":\"https:\\\/\\\/rothschenk.de\\\/wp-content\\\/uploads\\\/2023\\\/12\\\/SALE-3.jpg\",\"datePublished\":\"2023-03-01T06:50:48+00:00\",\"dateModified\":\"2026-03-30T05:01:47+00:00\",\"description\":\"Zurrgurt \u25b6 Klemmschlossgurt 1-teilig \u2713 Gesamtl\u00e4nge: 5 m \u2713 Bandbreite: 25 mm \u2713 Belastbarkeit im geraden Zug: 125 daN \u25b6 Jetzt bestellen!\",\"breadcrumb\":{\"@id\":\"https:\\\/\\\/rothschenk.de\\\/produkt\\\/zurrgurt-mit-klemmschloss\\\/#breadcrumb\"},\"inLanguage\":\"sk-SK\",\"potentialAction\":[{\"@type\":\"ReadAction\",\"target\":[\"https:\\\/\\\/rothschenk.de\\\/produkt\\\/zurrgurt-mit-klemmschloss\\\/\"]}]},{\"@type\":\"ImageObject\",\"inLanguage\":\"sk-SK\",\"@id\":\"https:\\\/\\\/rothschenk.de\\\/produkt\\\/zurrgurt-mit-klemmschloss\\\/#primaryimage\",\"url\":\"https:\\\/\\\/rothschenk.de\\\/wp-content\\\/uploads\\\/2023\\\/12\\\/SALE-3.jpg\",\"contentUrl\":\"https:\\\/\\\/rothschenk.de\\\/wp-content\\\/uploads\\\/2023\\\/12\\\/SALE-3.jpg\",\"width\":1024,\"height\":1024,\"caption\":\"Zurrgurt im Sale\"},{\"@type\":\"BreadcrumbList\",\"@id\":\"https:\\\/\\\/rothschenk.de\\\/produkt\\\/zurrgurt-mit-klemmschloss\\\/#breadcrumb\",\"itemListElement\":[{\"@type\":\"ListItem\",\"position\":1,\"name\":\"Domovsk\u00e1 str\u00e1nka\",\"item\":\"https:\\\/\\\/rothschenk.de\\\/sk\\\/domovska-stranka\\\/\"},{\"@type\":\"ListItem\",\"position\":2,\"name\":\"Shop\",\"item\":\"https:\\\/\\\/rothschenk.de\\\/shop\\\/\"},{\"@type\":\"ListItem\",\"position\":3,\"name\":\"Zurrgurt | 1-teilig | Klemmschloss | 5 m x 25 mm\"}]},{\"@type\":\"WebSite\",\"@id\":\"https:\\\/\\\/rothschenk.de\\\/#website\",\"url\":\"https:\\\/\\\/rothschenk.de\\\/\",\"name\":\"Rothschenk - Der Online Shop f\u00fcr Ladungssicherung\",\"description\":\"Der Online Shop f\u00fcr Ladungssicherung\",\"potentialAction\":[{\"@type\":\"SearchAction\",\"target\":{\"@type\":\"EntryPoint\",\"urlTemplate\":\"https:\\\/\\\/rothschenk.de\\\/?s={search_term_string}\"},\"query-input\":{\"@type\":\"PropertyValueSpecification\",\"valueRequired\":true,\"valueName\":\"search_term_string\"}}],\"inLanguage\":\"sk-SK\"}]}<\/script>\n<meta property=\"product:price:amount\" content=\"2.70\" \/>\n<meta property=\"product:price:currency\" content=\"EUR\" \/>\n<meta property=\"og:availability\" content=\"instock\" \/>\n<meta property=\"product:availability\" content=\"instock\" \/>\n<meta property=\"product:retailer_item_id\" content=\"11309\" \/>\n<meta property=\"product:condition\" content=\"new\" \/>\n<!-- \/ Yoast SEO plugin. -->","yoast_head_json":{"title":"Zurrgurt | 1-teilig | Klemmschloss | 5 m x 25 mm - Rothschenk","description":"Zurrgurt \u25b6 Klemmschlossgurt 1-teilig \u2713 Gesamtl\u00e4nge: 5 m \u2713 Bandbreite: 25 mm \u2713 Belastbarkeit im geraden Zug: 125 daN \u25b6 Jetzt bestellen!","robots":{"index":"index","follow":"follow","max-snippet":"max-snippet:-1","max-image-preview":"max-image-preview:large","max-video-preview":"max-video-preview:-1"},"canonical":"https:\/\/rothschenk.de\/produkt\/zurrgurt-mit-klemmschloss\/","og_locale":"sk_SK","og_type":"article","og_title":"Zurrgurt | 1-teilig | Klemmschloss | 5 m x 25 mm - Rothschenk","og_description":"Zurrgurt \u25b6 Klemmschlossgurt 1-teilig \u2713 Gesamtl\u00e4nge: 5 m \u2713 Bandbreite: 25 mm \u2713 Belastbarkeit im geraden Zug: 125 daN \u25b6 Jetzt bestellen!","og_url":"https:\/\/rothschenk.de\/produkt\/zurrgurt-mit-klemmschloss\/","og_site_name":"Rothschenk","article_publisher":"https:\/\/de-de.facebook.com\/FirmaRothschenk\/","article_modified_time":"2026-03-30T05:01:47+00:00","og_image":[{"width":1024,"height":1024,"url":"https:\/\/rothschenk.de\/wp-content\/uploads\/2023\/12\/SALE-3.jpg","type":"image\/jpeg"}],"twitter_card":"summary_large_image","twitter_misc":{"Cena":"2,70&nbsp;&euro;","Dostupnos\u0165":"Na sklade"},"schema":{"@context":"https:\/\/schema.org","@graph":[{"@type":"WebPage","@id":"https:\/\/rothschenk.de\/produkt\/zurrgurt-mit-klemmschloss\/","url":"https:\/\/rothschenk.de\/produkt\/zurrgurt-mit-klemmschloss\/","name":"Zurrgurt | 1-teilig | Klemmschloss | 5 m x 25 mm - Rothschenk","isPartOf":{"@id":"https:\/\/rothschenk.de\/#website"},"primaryImageOfPage":{"@id":"https:\/\/rothschenk.de\/produkt\/zurrgurt-mit-klemmschloss\/#primaryimage"},"image":{"@id":"https:\/\/rothschenk.de\/produkt\/zurrgurt-mit-klemmschloss\/#primaryimage"},"thumbnailUrl":"https:\/\/rothschenk.de\/wp-content\/uploads\/2023\/12\/SALE-3.jpg","datePublished":"2023-03-01T06:50:48+00:00","dateModified":"2026-03-30T05:01:47+00:00","description":"Zurrgurt \u25b6 Klemmschlossgurt 1-teilig \u2713 Gesamtl\u00e4nge: 5 m \u2713 Bandbreite: 25 mm \u2713 Belastbarkeit im geraden Zug: 125 daN \u25b6 Jetzt bestellen!","breadcrumb":{"@id":"https:\/\/rothschenk.de\/produkt\/zurrgurt-mit-klemmschloss\/#breadcrumb"},"inLanguage":"sk-SK","potentialAction":[{"@type":"ReadAction","target":["https:\/\/rothschenk.de\/produkt\/zurrgurt-mit-klemmschloss\/"]}]},{"@type":"ImageObject","inLanguage":"sk-SK","@id":"https:\/\/rothschenk.de\/produkt\/zurrgurt-mit-klemmschloss\/#primaryimage","url":"https:\/\/rothschenk.de\/wp-content\/uploads\/2023\/12\/SALE-3.jpg","contentUrl":"https:\/\/rothschenk.de\/wp-content\/uploads\/2023\/12\/SALE-3.jpg","width":1024,"height":1024,"caption":"Zurrgurt im Sale"},{"@type":"BreadcrumbList","@id":"https:\/\/rothschenk.de\/produkt\/zurrgurt-mit-klemmschloss\/#breadcrumb","itemListElement":[{"@type":"ListItem","position":1,"name":"Domovsk\u00e1 str\u00e1nka","item":"https:\/\/rothschenk.de\/sk\/domovska-stranka\/"},{"@type":"ListItem","position":2,"name":"Shop","item":"https:\/\/rothschenk.de\/shop\/"},{"@type":"ListItem","position":3,"name":"Zurrgurt | 1-teilig | Klemmschloss | 5 m x 25 mm"}]},{"@type":"WebSite","@id":"https:\/\/rothschenk.de\/#website","url":"https:\/\/rothschenk.de\/","name":"Rothschenk - Der Online Shop f\u00fcr Ladungssicherung","description":"Der Online Shop f\u00fcr Ladungssicherung","potentialAction":[{"@type":"SearchAction","target":{"@type":"EntryPoint","urlTemplate":"https:\/\/rothschenk.de\/?s={search_term_string}"},"query-input":{"@type":"PropertyValueSpecification","valueRequired":true,"valueName":"search_term_string"}}],"inLanguage":"sk-SK"}]},"product_price_amount":"2.70","product_price_currency":"EUR","og_availability":"instock","product_availability":"instock","product_retailer_item_id":"11309","product_condition":"new"},"_links":{"self":[{"href":"https:\/\/rothschenk.de\/sk\/wp-json\/wp\/v2\/product\/4188","targetHints":{"allow":["GET"]}}],"collection":[{"href":"https:\/\/rothschenk.de\/sk\/wp-json\/wp\/v2\/product"}],"about":[{"href":"https:\/\/rothschenk.de\/sk\/wp-json\/wp\/v2\/types\/product"}],"replies":[{"embeddable":true,"href":"https:\/\/rothschenk.de\/sk\/wp-json\/wp\/v2\/comments?post=4188"}],"wp:featuredmedia":[{"embeddable":true,"href":"https:\/\/rothschenk.de\/sk\/wp-json\/wp\/v2\/media\/100255"}],"wp:attachment":[{"href":"https:\/\/rothschenk.de\/sk\/wp-json\/wp\/v2\/media?parent=4188"}],"wp:term":[{"taxonomy":"product_brand","embeddable":true,"href":"https:\/\/rothschenk.de\/sk\/wp-json\/wp\/v2\/product_brand?post=4188"},{"taxonomy":"product_cat","embeddable":true,"href":"https:\/\/rothschenk.de\/sk\/wp-json\/wp\/v2\/product_cat?post=4188"},{"taxonomy":"product_tag","embeddable":true,"href":"https:\/\/rothschenk.de\/sk\/wp-json\/wp\/v2\/product_tag?post=4188"}],"curies":[{"name":"wp","href":"https:\/\/api.w.org\/{rel}","templated":true}]}}