{"id":5119,"date":"2023-04-01T10:00:38","date_gmt":"2023-04-01T08:00:38","guid":{"rendered":"https:\/\/rothschenk.de\/rothschenk-shop\/?post_type=product&#038;p=5119"},"modified":"2026-04-01T15:03:54","modified_gmt":"2026-04-01T13:03:54","slug":"fasssicherung-o-600-mehrwegsystem","status":"publish","type":"product","link":"https:\/\/rothschenk.de\/sk\/produkt\/fasssicherung-o-600-mehrwegsystem\/","title":{"rendered":"Fasssicherung \u00d8 600 | Mehrwegsystem"},"content":{"rendered":"<h3>Fasssicherung \/ Fassverzurrung \u00d8 600 | Mehrwegsystem | Komplettset<\/h3>\n<p>Mit der Rothschenk Fasssicherung (auch Fassverzurrung genannt) sichern Sie schnell und zuverl\u00e4ssig F\u00e4sser auf einer Europalette.<br \/>\nF\u00fcr den Anwender ist die Fasssicherung denkbar einfach konzipiert:<\/p>\n<p>Das vorgefertigte Gurtband legen Sie \u00fcber das Fass und die Klemmschlossgurte werden durch die Palette gezogen sowie gespannt. Auf diese Art sichern Sie im internen Werksverkehr bis zu zwei 200 Liter F\u00e4sser auf einer Europalette.<br \/>\nGerade im Werksverkehr, f\u00fcr innerbetrieblichen Transport und Unternehmen mit dem Fokus auf ein nachhaltiges Transportwesen ist eine Mehrwegl\u00f6sung ein gro\u00dfer Pluspunkt.<\/p>\n<p>Als Alternative bieten wir Ihnen auch nur das <a href=\"https:\/\/rothschenk.de\/produkt\/fasssicherung-o-600-oberteil-zertifiziert\/\">Oberteil<\/a> ohne angen\u00e4hte Klemmschlossgurte an. Diese Version ist entsprechend f\u00fcr eine Befestigung mit Kompositband oder Zurrgurten geeignet. Au\u00dferdem fertigen wir auch <a href=\"https:\/\/rothschenk.de\/produkt\/fasssicherung-oe-600-komplettset-mit-palettenhaken\/\">Fasssicherungen mit Palettenhaken<\/a> als vorkonfektioniertes Komplettsystem.<\/p>\n","protected":false},"excerpt":{"rendered":"<p>Fasssicherung \/ Fassverzurrung \u00d8 600 | Mehrwegsystem | Komplettset Mit der Rothschenk Fasssicherung (auch Fassverzurrung genannt) sichern Sie schnell und zuverl\u00e4ssig F\u00e4sser auf einer Europalette. F\u00fcr den Anwender ist die Fasssicherung denkbar einfach konzipiert: Das vorgefertigte Gurtband legen Sie \u00fcber das Fass und die Klemmschlossgurte werden durch die Palette gezogen sowie gespannt. Auf diese Art [&hellip;]<\/p>\n","protected":false},"featured_media":20948,"comment_status":"open","ping_status":"closed","template":"","meta":{"_acf_changed":false},"product_brand":[],"product_cat":[45,64],"product_tag":[],"class_list":{"0":"post-5119","1":"product","2":"type-product","3":"status-publish","4":"has-post-thumbnail","6":"product_cat-fass-sicherung","7":"product_cat-fasssicherung","9":"first","10":"instock","11":"sale","12":"taxable","13":"shipping-taxable","14":"purchasable","15":"product-type-variable"},"acf":[],"yoast_head":"<!-- This site is optimized with the Yoast SEO plugin v27.4 - https:\/\/yoast.com\/product\/yoast-seo-wordpress\/ -->\n<title>Fasssicherung \u00d8 600 | Mehrwegsystem - Rothschenk<\/title>\n<meta name=\"description\" content=\"Fasssicherung \u25b6 Gurtband 50 mm Polyester (PES) \u2713 2x Klemmschloss 35 mm \u2713 F\u00fcr 200 Liter Stahlfass oder Kunststofffass \u2713 Jetzt bestellen!\" \/>\n<meta name=\"robots\" content=\"index, follow, max-snippet:-1, max-image-preview:large, max-video-preview:-1\" \/>\n<link rel=\"canonical\" href=\"https:\/\/rothschenk.de\/produkt\/fasssicherung-o-600-mehrwegsystem\/\" \/>\n<meta property=\"og:locale\" content=\"sk_SK\" \/>\n<meta property=\"og:type\" content=\"article\" \/>\n<meta property=\"og:title\" content=\"Fasssicherung \u00d8 600 | Mehrwegsystem - Rothschenk\" \/>\n<meta property=\"og:description\" content=\"Fasssicherung \u25b6 Gurtband 50 mm Polyester (PES) \u2713 2x Klemmschloss 35 mm \u2713 F\u00fcr 200 Liter Stahlfass oder Kunststofffass \u2713 Jetzt bestellen!\" \/>\n<meta property=\"og:url\" content=\"https:\/\/rothschenk.de\/produkt\/fasssicherung-o-600-mehrwegsystem\/\" \/>\n<meta property=\"og:site_name\" content=\"Rothschenk\" \/>\n<meta property=\"article:publisher\" content=\"https:\/\/de-de.facebook.com\/FirmaRothschenk\/\" \/>\n<meta property=\"article:modified_time\" content=\"2026-04-01T13:03:54+00:00\" \/>\n<meta property=\"og:image\" content=\"https:\/\/rothschenk.de\/wp-content\/uploads\/2023\/03\/22876_Fasssicherung-Komplettset-1.jpg\" \/>\n\t<meta property=\"og:image:width\" content=\"1024\" \/>\n\t<meta property=\"og:image:height\" content=\"1024\" \/>\n\t<meta property=\"og:image:type\" content=\"image\/jpeg\" \/>\n<meta name=\"twitter:card\" content=\"summary_large_image\" \/>\n<meta name=\"twitter:label1\" content=\"Dostupnos\u0165\" \/>\n\t<meta name=\"twitter:data1\" content=\"Na sklade\" \/>\n<script type=\"application\/ld+json\" class=\"yoast-schema-graph\">{\"@context\":\"https:\\\/\\\/schema.org\",\"@graph\":[{\"@type\":\"WebPage\",\"@id\":\"https:\\\/\\\/rothschenk.de\\\/produkt\\\/fasssicherung-o-600-mehrwegsystem\\\/\",\"url\":\"https:\\\/\\\/rothschenk.de\\\/produkt\\\/fasssicherung-o-600-mehrwegsystem\\\/\",\"name\":\"Fasssicherung \u00d8 600 | Mehrwegsystem - Rothschenk\",\"isPartOf\":{\"@id\":\"https:\\\/\\\/rothschenk.de\\\/#website\"},\"primaryImageOfPage\":{\"@id\":\"https:\\\/\\\/rothschenk.de\\\/produkt\\\/fasssicherung-o-600-mehrwegsystem\\\/#primaryimage\"},\"image\":{\"@id\":\"https:\\\/\\\/rothschenk.de\\\/produkt\\\/fasssicherung-o-600-mehrwegsystem\\\/#primaryimage\"},\"thumbnailUrl\":\"https:\\\/\\\/rothschenk.de\\\/wp-content\\\/uploads\\\/2023\\\/03\\\/22876_Fasssicherung-Komplettset-1.jpg\",\"datePublished\":\"2023-04-01T08:00:38+00:00\",\"dateModified\":\"2026-04-01T13:03:54+00:00\",\"description\":\"Fasssicherung \u25b6 Gurtband 50 mm Polyester (PES) \u2713 2x Klemmschloss 35 mm \u2713 F\u00fcr 200 Liter Stahlfass oder Kunststofffass \u2713 Jetzt bestellen!\",\"breadcrumb\":{\"@id\":\"https:\\\/\\\/rothschenk.de\\\/produkt\\\/fasssicherung-o-600-mehrwegsystem\\\/#breadcrumb\"},\"inLanguage\":\"sk-SK\",\"potentialAction\":[{\"@type\":\"ReadAction\",\"target\":[\"https:\\\/\\\/rothschenk.de\\\/produkt\\\/fasssicherung-o-600-mehrwegsystem\\\/\"]}]},{\"@type\":\"ImageObject\",\"inLanguage\":\"sk-SK\",\"@id\":\"https:\\\/\\\/rothschenk.de\\\/produkt\\\/fasssicherung-o-600-mehrwegsystem\\\/#primaryimage\",\"url\":\"https:\\\/\\\/rothschenk.de\\\/wp-content\\\/uploads\\\/2023\\\/03\\\/22876_Fasssicherung-Komplettset-1.jpg\",\"contentUrl\":\"https:\\\/\\\/rothschenk.de\\\/wp-content\\\/uploads\\\/2023\\\/03\\\/22876_Fasssicherung-Komplettset-1.jpg\",\"width\":1024,\"height\":1024,\"caption\":\"Fassverzurrung Komplettset\"},{\"@type\":\"BreadcrumbList\",\"@id\":\"https:\\\/\\\/rothschenk.de\\\/produkt\\\/fasssicherung-o-600-mehrwegsystem\\\/#breadcrumb\",\"itemListElement\":[{\"@type\":\"ListItem\",\"position\":1,\"name\":\"Domovsk\u00e1 str\u00e1nka\",\"item\":\"https:\\\/\\\/rothschenk.de\\\/sk\\\/domovska-stranka\\\/\"},{\"@type\":\"ListItem\",\"position\":2,\"name\":\"Shop\",\"item\":\"https:\\\/\\\/rothschenk.de\\\/shop\\\/\"},{\"@type\":\"ListItem\",\"position\":3,\"name\":\"Fasssicherung \u00d8 600 | Mehrwegsystem\"}]},{\"@type\":\"WebSite\",\"@id\":\"https:\\\/\\\/rothschenk.de\\\/#website\",\"url\":\"https:\\\/\\\/rothschenk.de\\\/\",\"name\":\"Rothschenk - Der Online Shop f\u00fcr Ladungssicherung\",\"description\":\"Der Online Shop f\u00fcr Ladungssicherung\",\"potentialAction\":[{\"@type\":\"SearchAction\",\"target\":{\"@type\":\"EntryPoint\",\"urlTemplate\":\"https:\\\/\\\/rothschenk.de\\\/?s={search_term_string}\"},\"query-input\":{\"@type\":\"PropertyValueSpecification\",\"valueRequired\":true,\"valueName\":\"search_term_string\"}}],\"inLanguage\":\"sk-SK\"}]}<\/script>\n<meta property=\"og:availability\" content=\"instock\" \/>\n<meta property=\"product:availability\" content=\"instock\" \/>\n<meta property=\"product:condition\" content=\"new\" \/>\n<!-- \/ Yoast SEO plugin. -->","yoast_head_json":{"title":"Fasssicherung \u00d8 600 | Mehrwegsystem - Rothschenk","description":"Fasssicherung \u25b6 Gurtband 50 mm Polyester (PES) \u2713 2x Klemmschloss 35 mm \u2713 F\u00fcr 200 Liter Stahlfass oder Kunststofffass \u2713 Jetzt bestellen!","robots":{"index":"index","follow":"follow","max-snippet":"max-snippet:-1","max-image-preview":"max-image-preview:large","max-video-preview":"max-video-preview:-1"},"canonical":"https:\/\/rothschenk.de\/produkt\/fasssicherung-o-600-mehrwegsystem\/","og_locale":"sk_SK","og_type":"article","og_title":"Fasssicherung \u00d8 600 | Mehrwegsystem - Rothschenk","og_description":"Fasssicherung \u25b6 Gurtband 50 mm Polyester (PES) \u2713 2x Klemmschloss 35 mm \u2713 F\u00fcr 200 Liter Stahlfass oder Kunststofffass \u2713 Jetzt bestellen!","og_url":"https:\/\/rothschenk.de\/produkt\/fasssicherung-o-600-mehrwegsystem\/","og_site_name":"Rothschenk","article_publisher":"https:\/\/de-de.facebook.com\/FirmaRothschenk\/","article_modified_time":"2026-04-01T13:03:54+00:00","og_image":[{"width":1024,"height":1024,"url":"https:\/\/rothschenk.de\/wp-content\/uploads\/2023\/03\/22876_Fasssicherung-Komplettset-1.jpg","type":"image\/jpeg"}],"twitter_card":"summary_large_image","twitter_misc":{"Dostupnos\u0165":"Na sklade"},"schema":{"@context":"https:\/\/schema.org","@graph":[{"@type":"WebPage","@id":"https:\/\/rothschenk.de\/produkt\/fasssicherung-o-600-mehrwegsystem\/","url":"https:\/\/rothschenk.de\/produkt\/fasssicherung-o-600-mehrwegsystem\/","name":"Fasssicherung \u00d8 600 | Mehrwegsystem - Rothschenk","isPartOf":{"@id":"https:\/\/rothschenk.de\/#website"},"primaryImageOfPage":{"@id":"https:\/\/rothschenk.de\/produkt\/fasssicherung-o-600-mehrwegsystem\/#primaryimage"},"image":{"@id":"https:\/\/rothschenk.de\/produkt\/fasssicherung-o-600-mehrwegsystem\/#primaryimage"},"thumbnailUrl":"https:\/\/rothschenk.de\/wp-content\/uploads\/2023\/03\/22876_Fasssicherung-Komplettset-1.jpg","datePublished":"2023-04-01T08:00:38+00:00","dateModified":"2026-04-01T13:03:54+00:00","description":"Fasssicherung \u25b6 Gurtband 50 mm Polyester (PES) \u2713 2x Klemmschloss 35 mm \u2713 F\u00fcr 200 Liter Stahlfass oder Kunststofffass \u2713 Jetzt bestellen!","breadcrumb":{"@id":"https:\/\/rothschenk.de\/produkt\/fasssicherung-o-600-mehrwegsystem\/#breadcrumb"},"inLanguage":"sk-SK","potentialAction":[{"@type":"ReadAction","target":["https:\/\/rothschenk.de\/produkt\/fasssicherung-o-600-mehrwegsystem\/"]}]},{"@type":"ImageObject","inLanguage":"sk-SK","@id":"https:\/\/rothschenk.de\/produkt\/fasssicherung-o-600-mehrwegsystem\/#primaryimage","url":"https:\/\/rothschenk.de\/wp-content\/uploads\/2023\/03\/22876_Fasssicherung-Komplettset-1.jpg","contentUrl":"https:\/\/rothschenk.de\/wp-content\/uploads\/2023\/03\/22876_Fasssicherung-Komplettset-1.jpg","width":1024,"height":1024,"caption":"Fassverzurrung Komplettset"},{"@type":"BreadcrumbList","@id":"https:\/\/rothschenk.de\/produkt\/fasssicherung-o-600-mehrwegsystem\/#breadcrumb","itemListElement":[{"@type":"ListItem","position":1,"name":"Domovsk\u00e1 str\u00e1nka","item":"https:\/\/rothschenk.de\/sk\/domovska-stranka\/"},{"@type":"ListItem","position":2,"name":"Shop","item":"https:\/\/rothschenk.de\/shop\/"},{"@type":"ListItem","position":3,"name":"Fasssicherung \u00d8 600 | Mehrwegsystem"}]},{"@type":"WebSite","@id":"https:\/\/rothschenk.de\/#website","url":"https:\/\/rothschenk.de\/","name":"Rothschenk - Der Online Shop f\u00fcr Ladungssicherung","description":"Der Online Shop f\u00fcr Ladungssicherung","potentialAction":[{"@type":"SearchAction","target":{"@type":"EntryPoint","urlTemplate":"https:\/\/rothschenk.de\/?s={search_term_string}"},"query-input":{"@type":"PropertyValueSpecification","valueRequired":true,"valueName":"search_term_string"}}],"inLanguage":"sk-SK"}]},"og_availability":"instock","product_availability":"instock","product_condition":"new"},"_links":{"self":[{"href":"https:\/\/rothschenk.de\/sk\/wp-json\/wp\/v2\/product\/5119","targetHints":{"allow":["GET"]}}],"collection":[{"href":"https:\/\/rothschenk.de\/sk\/wp-json\/wp\/v2\/product"}],"about":[{"href":"https:\/\/rothschenk.de\/sk\/wp-json\/wp\/v2\/types\/product"}],"replies":[{"embeddable":true,"href":"https:\/\/rothschenk.de\/sk\/wp-json\/wp\/v2\/comments?post=5119"}],"wp:featuredmedia":[{"embeddable":true,"href":"https:\/\/rothschenk.de\/sk\/wp-json\/wp\/v2\/media\/20948"}],"wp:attachment":[{"href":"https:\/\/rothschenk.de\/sk\/wp-json\/wp\/v2\/media?parent=5119"}],"wp:term":[{"taxonomy":"product_brand","embeddable":true,"href":"https:\/\/rothschenk.de\/sk\/wp-json\/wp\/v2\/product_brand?post=5119"},{"taxonomy":"product_cat","embeddable":true,"href":"https:\/\/rothschenk.de\/sk\/wp-json\/wp\/v2\/product_cat?post=5119"},{"taxonomy":"product_tag","embeddable":true,"href":"https:\/\/rothschenk.de\/sk\/wp-json\/wp\/v2\/product_tag?post=5119"}],"curies":[{"name":"wp","href":"https:\/\/api.w.org\/{rel}","templated":true}]}}