{"id":5143,"date":"2023-04-01T09:00:27","date_gmt":"2023-04-01T07:00:27","guid":{"rendered":"https:\/\/rothschenk.de\/rothschenk-shop\/?post_type=product&#038;p=5143"},"modified":"2026-04-20T11:04:24","modified_gmt":"2026-04-20T09:04:24","slug":"fasssicherung-o-600-oberteil-zertifiziert","status":"publish","type":"product","link":"https:\/\/rothschenk.de\/sk\/produkt\/fasssicherung-o-600-oberteil-zertifiziert\/","title":{"rendered":"Fasssicherung \u00d8 600 | Oberteil | Zertifiziert"},"content":{"rendered":"<h3>Fasssicherung \/ Fassverzurrung \u00d8 600 | Oberteil | Zertifiziert<\/h3>\n<p>Mit der Rothschenk Fasssicherung (auch Fassverzurrung genannt) sichern Sie schnell und zuverl\u00e4ssig F\u00e4sser auf einer Europalette.<br \/>\nF\u00fcr den Anwender ist die Fasssicherung denkbar einfach konzipiert:<br \/>\nDas vorkonfektionierte Gurtband wird \u00fcber das Fass gelegt und mit Kompositband, Polyester Umreifungsband oder Zurrgurten mit der Palette verbunden. Auf diese Art sichern Sie im Handumdrehen bis zu zwei 200 Liter F\u00e4sser auf einer Europalette.<\/p>\n<p>Unsere Fassverzurrung ist CTU-konform und auch f\u00fcr den Bereich der Gefahrgutverladung freigegeben.<\/p>\n<p>Mit unserem einteiligen Zurrgurt k\u00f6nnen Sie Ihre Fassverzurrung zu einem nachhaltigen Mehrwegsystem erweitern. Als Einwegl\u00f6sung k\u00f6nnen Sie Kompositband oder Umreifungsband einsetzen um eine verl\u00e4ssliche Ladeeinheit zu bilden.<\/p>\n<p>Als Alternative bieten wir Ihnen ein vorkonfektioniertes <a href=\"https:\/\/rothschenk.de\/produkt\/fasssicherung-o-600-mehrwegsystem\/\">Komplettsystem mit angen\u00e4hten Klemmschlossgurten<\/a> oder <a href=\"https:\/\/rothschenk.de\/produkt\/fasssicherung-oe-600-komplettset-mit-palettenhaken\/\">Ratschengurten und Palettenhaken<\/a> an. Gerade im Werksverkehr, f\u00fcr innerbetrieblichen Transport und Unternehmen mit dem Fokus auf ein nachhaltiges Transportwesen ist eine Mehrwegl\u00f6sung ein gro\u00dfer Pluspunkt.<\/p>\n","protected":false},"excerpt":{"rendered":"<p>Fasssicherung \/ Fassverzurrung \u00d8 600 | Oberteil | Zertifiziert Mit der Rothschenk Fasssicherung (auch Fassverzurrung genannt) sichern Sie schnell und zuverl\u00e4ssig F\u00e4sser auf einer Europalette. F\u00fcr den Anwender ist die Fasssicherung denkbar einfach konzipiert: Das vorkonfektionierte Gurtband wird \u00fcber das Fass gelegt und mit Kompositband, Polyester Umreifungsband oder Zurrgurten mit der Palette verbunden. Auf diese [&hellip;]<\/p>\n","protected":false},"featured_media":20973,"comment_status":"open","ping_status":"closed","template":"","meta":{"_acf_changed":false},"product_brand":[],"product_cat":[45,64],"product_tag":[],"class_list":{"0":"post-5143","1":"product","2":"type-product","3":"status-publish","4":"has-post-thumbnail","6":"product_cat-fass-sicherung","7":"product_cat-fasssicherung","9":"first","10":"instock","11":"sale","12":"taxable","13":"shipping-taxable","14":"purchasable","15":"product-type-variable"},"acf":[],"yoast_head":"<!-- This site is optimized with the Yoast SEO plugin v27.4 - https:\/\/yoast.com\/product\/yoast-seo-wordpress\/ -->\n<title>Fasssicherung \u00d8 600 | Oberteil | Zertifiziert - Rothschenk<\/title>\n<meta name=\"description\" content=\"Fasssicherung \u25b6 Beliebig erweiterbar \u2713 Lieferumfang: Oberteil der Fasssicherung \u2713 F\u00fcr 200 Liter Stahlfass oder Kunststofffass \u25b6 Jetzt bestellen!\" \/>\n<meta name=\"robots\" content=\"index, follow, max-snippet:-1, max-image-preview:large, max-video-preview:-1\" \/>\n<link rel=\"canonical\" href=\"https:\/\/rothschenk.de\/produkt\/fasssicherung-o-600-oberteil-zertifiziert\/\" \/>\n<meta property=\"og:locale\" content=\"sk_SK\" \/>\n<meta property=\"og:type\" content=\"article\" \/>\n<meta property=\"og:title\" content=\"Fasssicherung \u00d8 600 | Oberteil | Zertifiziert - Rothschenk\" \/>\n<meta property=\"og:description\" content=\"Fasssicherung \u25b6 Beliebig erweiterbar \u2713 Lieferumfang: Oberteil der Fasssicherung \u2713 F\u00fcr 200 Liter Stahlfass oder Kunststofffass \u25b6 Jetzt bestellen!\" \/>\n<meta property=\"og:url\" content=\"https:\/\/rothschenk.de\/produkt\/fasssicherung-o-600-oberteil-zertifiziert\/\" \/>\n<meta property=\"og:site_name\" content=\"Rothschenk\" \/>\n<meta property=\"article:publisher\" content=\"https:\/\/de-de.facebook.com\/FirmaRothschenk\/\" \/>\n<meta property=\"article:modified_time\" content=\"2026-04-20T09:04:24+00:00\" \/>\n<meta property=\"og:image\" content=\"https:\/\/rothschenk.de\/wp-content\/uploads\/2023\/03\/20569_Fassverzurrung-Oberteil-31.jpg\" \/>\n\t<meta property=\"og:image:width\" content=\"1024\" \/>\n\t<meta property=\"og:image:height\" content=\"1024\" \/>\n\t<meta property=\"og:image:type\" content=\"image\/jpeg\" \/>\n<meta name=\"twitter:card\" content=\"summary_large_image\" \/>\n<meta name=\"twitter:label1\" content=\"Dostupnos\u0165\" \/>\n\t<meta name=\"twitter:data1\" content=\"Na sklade\" \/>\n<script type=\"application\/ld+json\" class=\"yoast-schema-graph\">{\"@context\":\"https:\\\/\\\/schema.org\",\"@graph\":[{\"@type\":\"WebPage\",\"@id\":\"https:\\\/\\\/rothschenk.de\\\/produkt\\\/fasssicherung-o-600-oberteil-zertifiziert\\\/\",\"url\":\"https:\\\/\\\/rothschenk.de\\\/produkt\\\/fasssicherung-o-600-oberteil-zertifiziert\\\/\",\"name\":\"Fasssicherung \u00d8 600 | Oberteil | Zertifiziert - Rothschenk\",\"isPartOf\":{\"@id\":\"https:\\\/\\\/rothschenk.de\\\/#website\"},\"primaryImageOfPage\":{\"@id\":\"https:\\\/\\\/rothschenk.de\\\/produkt\\\/fasssicherung-o-600-oberteil-zertifiziert\\\/#primaryimage\"},\"image\":{\"@id\":\"https:\\\/\\\/rothschenk.de\\\/produkt\\\/fasssicherung-o-600-oberteil-zertifiziert\\\/#primaryimage\"},\"thumbnailUrl\":\"https:\\\/\\\/rothschenk.de\\\/wp-content\\\/uploads\\\/2023\\\/03\\\/20569_Fassverzurrung-Oberteil-31.jpg\",\"datePublished\":\"2023-04-01T07:00:27+00:00\",\"dateModified\":\"2026-04-20T09:04:24+00:00\",\"description\":\"Fasssicherung \u25b6 Beliebig erweiterbar \u2713 Lieferumfang: Oberteil der Fasssicherung \u2713 F\u00fcr 200 Liter Stahlfass oder Kunststofffass \u25b6 Jetzt bestellen!\",\"breadcrumb\":{\"@id\":\"https:\\\/\\\/rothschenk.de\\\/produkt\\\/fasssicherung-o-600-oberteil-zertifiziert\\\/#breadcrumb\"},\"inLanguage\":\"sk-SK\",\"potentialAction\":[{\"@type\":\"ReadAction\",\"target\":[\"https:\\\/\\\/rothschenk.de\\\/produkt\\\/fasssicherung-o-600-oberteil-zertifiziert\\\/\"]}]},{\"@type\":\"ImageObject\",\"inLanguage\":\"sk-SK\",\"@id\":\"https:\\\/\\\/rothschenk.de\\\/produkt\\\/fasssicherung-o-600-oberteil-zertifiziert\\\/#primaryimage\",\"url\":\"https:\\\/\\\/rothschenk.de\\\/wp-content\\\/uploads\\\/2023\\\/03\\\/20569_Fassverzurrung-Oberteil-31.jpg\",\"contentUrl\":\"https:\\\/\\\/rothschenk.de\\\/wp-content\\\/uploads\\\/2023\\\/03\\\/20569_Fassverzurrung-Oberteil-31.jpg\",\"width\":1024,\"height\":1024,\"caption\":\"Fassverzurrung Oberteil\"},{\"@type\":\"BreadcrumbList\",\"@id\":\"https:\\\/\\\/rothschenk.de\\\/produkt\\\/fasssicherung-o-600-oberteil-zertifiziert\\\/#breadcrumb\",\"itemListElement\":[{\"@type\":\"ListItem\",\"position\":1,\"name\":\"Domovsk\u00e1 str\u00e1nka\",\"item\":\"https:\\\/\\\/rothschenk.de\\\/sk\\\/domovska-stranka\\\/\"},{\"@type\":\"ListItem\",\"position\":2,\"name\":\"Shop\",\"item\":\"https:\\\/\\\/rothschenk.de\\\/shop\\\/\"},{\"@type\":\"ListItem\",\"position\":3,\"name\":\"Fasssicherung \u00d8 600 | Oberteil | Zertifiziert\"}]},{\"@type\":\"WebSite\",\"@id\":\"https:\\\/\\\/rothschenk.de\\\/#website\",\"url\":\"https:\\\/\\\/rothschenk.de\\\/\",\"name\":\"Rothschenk - Der Online Shop f\u00fcr Ladungssicherung\",\"description\":\"Der Online Shop f\u00fcr Ladungssicherung\",\"potentialAction\":[{\"@type\":\"SearchAction\",\"target\":{\"@type\":\"EntryPoint\",\"urlTemplate\":\"https:\\\/\\\/rothschenk.de\\\/?s={search_term_string}\"},\"query-input\":{\"@type\":\"PropertyValueSpecification\",\"valueRequired\":true,\"valueName\":\"search_term_string\"}}],\"inLanguage\":\"sk-SK\"}]}<\/script>\n<meta property=\"og:availability\" content=\"instock\" \/>\n<meta property=\"product:availability\" content=\"instock\" \/>\n<meta property=\"product:condition\" content=\"new\" \/>\n<!-- \/ Yoast SEO plugin. -->","yoast_head_json":{"title":"Fasssicherung \u00d8 600 | Oberteil | Zertifiziert - Rothschenk","description":"Fasssicherung \u25b6 Beliebig erweiterbar \u2713 Lieferumfang: Oberteil der Fasssicherung \u2713 F\u00fcr 200 Liter Stahlfass oder Kunststofffass \u25b6 Jetzt bestellen!","robots":{"index":"index","follow":"follow","max-snippet":"max-snippet:-1","max-image-preview":"max-image-preview:large","max-video-preview":"max-video-preview:-1"},"canonical":"https:\/\/rothschenk.de\/produkt\/fasssicherung-o-600-oberteil-zertifiziert\/","og_locale":"sk_SK","og_type":"article","og_title":"Fasssicherung \u00d8 600 | Oberteil | Zertifiziert - Rothschenk","og_description":"Fasssicherung \u25b6 Beliebig erweiterbar \u2713 Lieferumfang: Oberteil der Fasssicherung \u2713 F\u00fcr 200 Liter Stahlfass oder Kunststofffass \u25b6 Jetzt bestellen!","og_url":"https:\/\/rothschenk.de\/produkt\/fasssicherung-o-600-oberteil-zertifiziert\/","og_site_name":"Rothschenk","article_publisher":"https:\/\/de-de.facebook.com\/FirmaRothschenk\/","article_modified_time":"2026-04-20T09:04:24+00:00","og_image":[{"width":1024,"height":1024,"url":"https:\/\/rothschenk.de\/wp-content\/uploads\/2023\/03\/20569_Fassverzurrung-Oberteil-31.jpg","type":"image\/jpeg"}],"twitter_card":"summary_large_image","twitter_misc":{"Dostupnos\u0165":"Na sklade"},"schema":{"@context":"https:\/\/schema.org","@graph":[{"@type":"WebPage","@id":"https:\/\/rothschenk.de\/produkt\/fasssicherung-o-600-oberteil-zertifiziert\/","url":"https:\/\/rothschenk.de\/produkt\/fasssicherung-o-600-oberteil-zertifiziert\/","name":"Fasssicherung \u00d8 600 | Oberteil | Zertifiziert - Rothschenk","isPartOf":{"@id":"https:\/\/rothschenk.de\/#website"},"primaryImageOfPage":{"@id":"https:\/\/rothschenk.de\/produkt\/fasssicherung-o-600-oberteil-zertifiziert\/#primaryimage"},"image":{"@id":"https:\/\/rothschenk.de\/produkt\/fasssicherung-o-600-oberteil-zertifiziert\/#primaryimage"},"thumbnailUrl":"https:\/\/rothschenk.de\/wp-content\/uploads\/2023\/03\/20569_Fassverzurrung-Oberteil-31.jpg","datePublished":"2023-04-01T07:00:27+00:00","dateModified":"2026-04-20T09:04:24+00:00","description":"Fasssicherung \u25b6 Beliebig erweiterbar \u2713 Lieferumfang: Oberteil der Fasssicherung \u2713 F\u00fcr 200 Liter Stahlfass oder Kunststofffass \u25b6 Jetzt bestellen!","breadcrumb":{"@id":"https:\/\/rothschenk.de\/produkt\/fasssicherung-o-600-oberteil-zertifiziert\/#breadcrumb"},"inLanguage":"sk-SK","potentialAction":[{"@type":"ReadAction","target":["https:\/\/rothschenk.de\/produkt\/fasssicherung-o-600-oberteil-zertifiziert\/"]}]},{"@type":"ImageObject","inLanguage":"sk-SK","@id":"https:\/\/rothschenk.de\/produkt\/fasssicherung-o-600-oberteil-zertifiziert\/#primaryimage","url":"https:\/\/rothschenk.de\/wp-content\/uploads\/2023\/03\/20569_Fassverzurrung-Oberteil-31.jpg","contentUrl":"https:\/\/rothschenk.de\/wp-content\/uploads\/2023\/03\/20569_Fassverzurrung-Oberteil-31.jpg","width":1024,"height":1024,"caption":"Fassverzurrung Oberteil"},{"@type":"BreadcrumbList","@id":"https:\/\/rothschenk.de\/produkt\/fasssicherung-o-600-oberteil-zertifiziert\/#breadcrumb","itemListElement":[{"@type":"ListItem","position":1,"name":"Domovsk\u00e1 str\u00e1nka","item":"https:\/\/rothschenk.de\/sk\/domovska-stranka\/"},{"@type":"ListItem","position":2,"name":"Shop","item":"https:\/\/rothschenk.de\/shop\/"},{"@type":"ListItem","position":3,"name":"Fasssicherung \u00d8 600 | Oberteil | Zertifiziert"}]},{"@type":"WebSite","@id":"https:\/\/rothschenk.de\/#website","url":"https:\/\/rothschenk.de\/","name":"Rothschenk - Der Online Shop f\u00fcr Ladungssicherung","description":"Der Online Shop f\u00fcr Ladungssicherung","potentialAction":[{"@type":"SearchAction","target":{"@type":"EntryPoint","urlTemplate":"https:\/\/rothschenk.de\/?s={search_term_string}"},"query-input":{"@type":"PropertyValueSpecification","valueRequired":true,"valueName":"search_term_string"}}],"inLanguage":"sk-SK"}]},"og_availability":"instock","product_availability":"instock","product_condition":"new"},"_links":{"self":[{"href":"https:\/\/rothschenk.de\/sk\/wp-json\/wp\/v2\/product\/5143","targetHints":{"allow":["GET"]}}],"collection":[{"href":"https:\/\/rothschenk.de\/sk\/wp-json\/wp\/v2\/product"}],"about":[{"href":"https:\/\/rothschenk.de\/sk\/wp-json\/wp\/v2\/types\/product"}],"replies":[{"embeddable":true,"href":"https:\/\/rothschenk.de\/sk\/wp-json\/wp\/v2\/comments?post=5143"}],"wp:featuredmedia":[{"embeddable":true,"href":"https:\/\/rothschenk.de\/sk\/wp-json\/wp\/v2\/media\/20973"}],"wp:attachment":[{"href":"https:\/\/rothschenk.de\/sk\/wp-json\/wp\/v2\/media?parent=5143"}],"wp:term":[{"taxonomy":"product_brand","embeddable":true,"href":"https:\/\/rothschenk.de\/sk\/wp-json\/wp\/v2\/product_brand?post=5143"},{"taxonomy":"product_cat","embeddable":true,"href":"https:\/\/rothschenk.de\/sk\/wp-json\/wp\/v2\/product_cat?post=5143"},{"taxonomy":"product_tag","embeddable":true,"href":"https:\/\/rothschenk.de\/sk\/wp-json\/wp\/v2\/product_tag?post=5143"}],"curies":[{"name":"wp","href":"https:\/\/api.w.org\/{rel}","templated":true}]}}