{"id":5219,"date":"2023-02-13T18:00:03","date_gmt":"2023-02-13T17:00:03","guid":{"rendered":"https:\/\/rothschenk.de\/rothschenk-shop\/?post_type=product&#038;p=5219"},"modified":"2026-04-10T09:04:26","modified_gmt":"2026-04-10T07:04:26","slug":"kantenschutz-1-000-mm-blau","status":"publish","type":"product","link":"https:\/\/rothschenk.de\/sk\/produkt\/kantenschutz-1-000-mm-blau\/","title":{"rendered":"Kantenschutz | 1.000 mm | blau"},"content":{"rendered":"<h3>Kantenschutz | 1.000 mm | blau<\/h3>\n<p>Rothschenk Kantenschutzwinkel zeichnen sich durch die robuste Doppelstegkammer &#8211; Konstruktion aus. Sie dienen dem Schutz von palettierten Waren bei der Ladungssicherung mittels Zurrgurten. Die Hohlkammer-Bauweise macht ihn zugleich stabil und besonders leicht. So sch\u00fctzt der robuste Kunststoffwinkel (PE) sowohl die Ware als auch die Zurrgurte vor Besch\u00e4digungen.<\/p>\n<p>Der Kantenschutz ist universell einsetzbar, extrem formstabil, bruchfest und k\u00e4ltebest\u00e4ndig. Er eignet sich besonders f\u00fcr schwere Baustoffe, wie z.B. Dachziegel, Mauersteine, Betonfertigteile oder Weichverpackungen wie z.B. Sackware, Oktabins, Big Bags uvm. Kantenschutzwinkel werden ebenso bei der Verschiffung von gro\u00dfen, schweren Packst\u00fccken oder auch der Luftfracht eingesetzt.<\/p>\n","protected":false},"excerpt":{"rendered":"<p>Kantenschutz | 1.000 mm | blau Rothschenk Kantenschutzwinkel zeichnen sich durch die robuste Doppelstegkammer &#8211; Konstruktion aus. Sie dienen dem Schutz von palettierten Waren bei der Ladungssicherung mittels Zurrgurten. Die Hohlkammer-Bauweise macht ihn zugleich stabil und besonders leicht. So sch\u00fctzt der robuste Kunststoffwinkel (PE) sowohl die Ware als auch die Zurrgurte vor Besch\u00e4digungen. Der Kantenschutz [&hellip;]<\/p>\n","protected":false},"featured_media":84307,"comment_status":"open","ping_status":"closed","template":"","meta":{"_acf_changed":false},"product_brand":[],"product_cat":[73,74],"product_tag":[],"class_list":{"0":"post-5219","1":"product","2":"type-product","3":"status-publish","4":"has-post-thumbnail","6":"product_cat-kantenschutz","7":"product_cat-kunststoff-doppelkammer","9":"first","10":"instock","11":"sale","12":"taxable","13":"shipping-taxable","14":"purchasable","15":"product-type-variable"},"acf":[],"yoast_head":"<!-- This site is optimized with the Yoast SEO plugin v27.4 - https:\/\/yoast.com\/product\/yoast-seo-wordpress\/ -->\n<title>Kantenschutz | 1.000 mm | blau - Rothschenk<\/title>\n<meta name=\"description\" content=\"Kantenschutz 1000 mm blau \u25b6 Doppelstegplatte\/ Hohlkammerplatte 12 mm \u2713 Material: Kunststoff (PE) \u2713 Schenkell\u00e4ngen: 120 x 120 x 12 mm \u25b6 Jetzt bestellen!\" \/>\n<meta name=\"robots\" content=\"index, follow, max-snippet:-1, max-image-preview:large, max-video-preview:-1\" \/>\n<link rel=\"canonical\" href=\"https:\/\/rothschenk.de\/produkt\/kantenschutz-1-000-mm-blau\/\" \/>\n<meta property=\"og:locale\" content=\"sk_SK\" \/>\n<meta property=\"og:type\" content=\"article\" \/>\n<meta property=\"og:title\" content=\"Kantenschutz | 1.000 mm | blau - Rothschenk\" \/>\n<meta property=\"og:description\" content=\"Kantenschutz 1000 mm blau \u25b6 Doppelstegplatte\/ Hohlkammerplatte 12 mm \u2713 Material: Kunststoff (PE) \u2713 Schenkell\u00e4ngen: 120 x 120 x 12 mm \u25b6 Jetzt bestellen!\" \/>\n<meta property=\"og:url\" content=\"https:\/\/rothschenk.de\/produkt\/kantenschutz-1-000-mm-blau\/\" \/>\n<meta property=\"og:site_name\" content=\"Rothschenk\" \/>\n<meta property=\"article:publisher\" content=\"https:\/\/de-de.facebook.com\/FirmaRothschenk\/\" \/>\n<meta property=\"article:modified_time\" content=\"2026-04-10T07:04:26+00:00\" \/>\n<meta property=\"og:image\" content=\"https:\/\/rothschenk.de\/wp-content\/uploads\/2023\/11\/Kantenschutz-blau-1.jpg\" \/>\n\t<meta property=\"og:image:width\" content=\"1024\" \/>\n\t<meta property=\"og:image:height\" content=\"1024\" \/>\n\t<meta property=\"og:image:type\" content=\"image\/jpeg\" \/>\n<meta name=\"twitter:card\" content=\"summary_large_image\" \/>\n<meta name=\"twitter:label1\" content=\"Dostupnos\u0165\" \/>\n\t<meta name=\"twitter:data1\" content=\"Na sklade\" \/>\n<script type=\"application\/ld+json\" class=\"yoast-schema-graph\">{\"@context\":\"https:\\\/\\\/schema.org\",\"@graph\":[{\"@type\":\"WebPage\",\"@id\":\"https:\\\/\\\/rothschenk.de\\\/produkt\\\/kantenschutz-1-000-mm-blau\\\/\",\"url\":\"https:\\\/\\\/rothschenk.de\\\/produkt\\\/kantenschutz-1-000-mm-blau\\\/\",\"name\":\"Kantenschutz | 1.000 mm | blau - Rothschenk\",\"isPartOf\":{\"@id\":\"https:\\\/\\\/rothschenk.de\\\/#website\"},\"primaryImageOfPage\":{\"@id\":\"https:\\\/\\\/rothschenk.de\\\/produkt\\\/kantenschutz-1-000-mm-blau\\\/#primaryimage\"},\"image\":{\"@id\":\"https:\\\/\\\/rothschenk.de\\\/produkt\\\/kantenschutz-1-000-mm-blau\\\/#primaryimage\"},\"thumbnailUrl\":\"https:\\\/\\\/rothschenk.de\\\/wp-content\\\/uploads\\\/2023\\\/11\\\/Kantenschutz-blau-1.jpg\",\"datePublished\":\"2023-02-13T17:00:03+00:00\",\"dateModified\":\"2026-04-10T07:04:26+00:00\",\"description\":\"Kantenschutz 1000 mm blau \u25b6 Doppelstegplatte\\\/ Hohlkammerplatte 12 mm \u2713 Material: Kunststoff (PE) \u2713 Schenkell\u00e4ngen: 120 x 120 x 12 mm \u25b6 Jetzt bestellen!\",\"breadcrumb\":{\"@id\":\"https:\\\/\\\/rothschenk.de\\\/produkt\\\/kantenschutz-1-000-mm-blau\\\/#breadcrumb\"},\"inLanguage\":\"sk-SK\",\"potentialAction\":[{\"@type\":\"ReadAction\",\"target\":[\"https:\\\/\\\/rothschenk.de\\\/produkt\\\/kantenschutz-1-000-mm-blau\\\/\"]}]},{\"@type\":\"ImageObject\",\"inLanguage\":\"sk-SK\",\"@id\":\"https:\\\/\\\/rothschenk.de\\\/produkt\\\/kantenschutz-1-000-mm-blau\\\/#primaryimage\",\"url\":\"https:\\\/\\\/rothschenk.de\\\/wp-content\\\/uploads\\\/2023\\\/11\\\/Kantenschutz-blau-1.jpg\",\"contentUrl\":\"https:\\\/\\\/rothschenk.de\\\/wp-content\\\/uploads\\\/2023\\\/11\\\/Kantenschutz-blau-1.jpg\",\"width\":1024,\"height\":1024,\"caption\":\"blauer Kantenschutzwinkel aus Kunststoff\"},{\"@type\":\"BreadcrumbList\",\"@id\":\"https:\\\/\\\/rothschenk.de\\\/produkt\\\/kantenschutz-1-000-mm-blau\\\/#breadcrumb\",\"itemListElement\":[{\"@type\":\"ListItem\",\"position\":1,\"name\":\"Domovsk\u00e1 str\u00e1nka\",\"item\":\"https:\\\/\\\/rothschenk.de\\\/sk\\\/domovska-stranka\\\/\"},{\"@type\":\"ListItem\",\"position\":2,\"name\":\"Shop\",\"item\":\"https:\\\/\\\/rothschenk.de\\\/shop\\\/\"},{\"@type\":\"ListItem\",\"position\":3,\"name\":\"Kantenschutz | 1.000 mm | blau\"}]},{\"@type\":\"WebSite\",\"@id\":\"https:\\\/\\\/rothschenk.de\\\/#website\",\"url\":\"https:\\\/\\\/rothschenk.de\\\/\",\"name\":\"Rothschenk - Der Online Shop f\u00fcr Ladungssicherung\",\"description\":\"Der Online Shop f\u00fcr Ladungssicherung\",\"potentialAction\":[{\"@type\":\"SearchAction\",\"target\":{\"@type\":\"EntryPoint\",\"urlTemplate\":\"https:\\\/\\\/rothschenk.de\\\/?s={search_term_string}\"},\"query-input\":{\"@type\":\"PropertyValueSpecification\",\"valueRequired\":true,\"valueName\":\"search_term_string\"}}],\"inLanguage\":\"sk-SK\"}]}<\/script>\n<meta property=\"og:availability\" content=\"instock\" \/>\n<meta property=\"product:availability\" content=\"instock\" \/>\n<meta property=\"product:condition\" content=\"new\" \/>\n<!-- \/ Yoast SEO plugin. -->","yoast_head_json":{"title":"Kantenschutz | 1.000 mm | blau - Rothschenk","description":"Kantenschutz 1000 mm blau \u25b6 Doppelstegplatte\/ Hohlkammerplatte 12 mm \u2713 Material: Kunststoff (PE) \u2713 Schenkell\u00e4ngen: 120 x 120 x 12 mm \u25b6 Jetzt bestellen!","robots":{"index":"index","follow":"follow","max-snippet":"max-snippet:-1","max-image-preview":"max-image-preview:large","max-video-preview":"max-video-preview:-1"},"canonical":"https:\/\/rothschenk.de\/produkt\/kantenschutz-1-000-mm-blau\/","og_locale":"sk_SK","og_type":"article","og_title":"Kantenschutz | 1.000 mm | blau - Rothschenk","og_description":"Kantenschutz 1000 mm blau \u25b6 Doppelstegplatte\/ Hohlkammerplatte 12 mm \u2713 Material: Kunststoff (PE) \u2713 Schenkell\u00e4ngen: 120 x 120 x 12 mm \u25b6 Jetzt bestellen!","og_url":"https:\/\/rothschenk.de\/produkt\/kantenschutz-1-000-mm-blau\/","og_site_name":"Rothschenk","article_publisher":"https:\/\/de-de.facebook.com\/FirmaRothschenk\/","article_modified_time":"2026-04-10T07:04:26+00:00","og_image":[{"width":1024,"height":1024,"url":"https:\/\/rothschenk.de\/wp-content\/uploads\/2023\/11\/Kantenschutz-blau-1.jpg","type":"image\/jpeg"}],"twitter_card":"summary_large_image","twitter_misc":{"Dostupnos\u0165":"Na sklade"},"schema":{"@context":"https:\/\/schema.org","@graph":[{"@type":"WebPage","@id":"https:\/\/rothschenk.de\/produkt\/kantenschutz-1-000-mm-blau\/","url":"https:\/\/rothschenk.de\/produkt\/kantenschutz-1-000-mm-blau\/","name":"Kantenschutz | 1.000 mm | blau - Rothschenk","isPartOf":{"@id":"https:\/\/rothschenk.de\/#website"},"primaryImageOfPage":{"@id":"https:\/\/rothschenk.de\/produkt\/kantenschutz-1-000-mm-blau\/#primaryimage"},"image":{"@id":"https:\/\/rothschenk.de\/produkt\/kantenschutz-1-000-mm-blau\/#primaryimage"},"thumbnailUrl":"https:\/\/rothschenk.de\/wp-content\/uploads\/2023\/11\/Kantenschutz-blau-1.jpg","datePublished":"2023-02-13T17:00:03+00:00","dateModified":"2026-04-10T07:04:26+00:00","description":"Kantenschutz 1000 mm blau \u25b6 Doppelstegplatte\/ Hohlkammerplatte 12 mm \u2713 Material: Kunststoff (PE) \u2713 Schenkell\u00e4ngen: 120 x 120 x 12 mm \u25b6 Jetzt bestellen!","breadcrumb":{"@id":"https:\/\/rothschenk.de\/produkt\/kantenschutz-1-000-mm-blau\/#breadcrumb"},"inLanguage":"sk-SK","potentialAction":[{"@type":"ReadAction","target":["https:\/\/rothschenk.de\/produkt\/kantenschutz-1-000-mm-blau\/"]}]},{"@type":"ImageObject","inLanguage":"sk-SK","@id":"https:\/\/rothschenk.de\/produkt\/kantenschutz-1-000-mm-blau\/#primaryimage","url":"https:\/\/rothschenk.de\/wp-content\/uploads\/2023\/11\/Kantenschutz-blau-1.jpg","contentUrl":"https:\/\/rothschenk.de\/wp-content\/uploads\/2023\/11\/Kantenschutz-blau-1.jpg","width":1024,"height":1024,"caption":"blauer Kantenschutzwinkel aus Kunststoff"},{"@type":"BreadcrumbList","@id":"https:\/\/rothschenk.de\/produkt\/kantenschutz-1-000-mm-blau\/#breadcrumb","itemListElement":[{"@type":"ListItem","position":1,"name":"Domovsk\u00e1 str\u00e1nka","item":"https:\/\/rothschenk.de\/sk\/domovska-stranka\/"},{"@type":"ListItem","position":2,"name":"Shop","item":"https:\/\/rothschenk.de\/shop\/"},{"@type":"ListItem","position":3,"name":"Kantenschutz | 1.000 mm | blau"}]},{"@type":"WebSite","@id":"https:\/\/rothschenk.de\/#website","url":"https:\/\/rothschenk.de\/","name":"Rothschenk - Der Online Shop f\u00fcr Ladungssicherung","description":"Der Online Shop f\u00fcr Ladungssicherung","potentialAction":[{"@type":"SearchAction","target":{"@type":"EntryPoint","urlTemplate":"https:\/\/rothschenk.de\/?s={search_term_string}"},"query-input":{"@type":"PropertyValueSpecification","valueRequired":true,"valueName":"search_term_string"}}],"inLanguage":"sk-SK"}]},"og_availability":"instock","product_availability":"instock","product_condition":"new"},"_links":{"self":[{"href":"https:\/\/rothschenk.de\/sk\/wp-json\/wp\/v2\/product\/5219","targetHints":{"allow":["GET"]}}],"collection":[{"href":"https:\/\/rothschenk.de\/sk\/wp-json\/wp\/v2\/product"}],"about":[{"href":"https:\/\/rothschenk.de\/sk\/wp-json\/wp\/v2\/types\/product"}],"replies":[{"embeddable":true,"href":"https:\/\/rothschenk.de\/sk\/wp-json\/wp\/v2\/comments?post=5219"}],"wp:featuredmedia":[{"embeddable":true,"href":"https:\/\/rothschenk.de\/sk\/wp-json\/wp\/v2\/media\/84307"}],"wp:attachment":[{"href":"https:\/\/rothschenk.de\/sk\/wp-json\/wp\/v2\/media?parent=5219"}],"wp:term":[{"taxonomy":"product_brand","embeddable":true,"href":"https:\/\/rothschenk.de\/sk\/wp-json\/wp\/v2\/product_brand?post=5219"},{"taxonomy":"product_cat","embeddable":true,"href":"https:\/\/rothschenk.de\/sk\/wp-json\/wp\/v2\/product_cat?post=5219"},{"taxonomy":"product_tag","embeddable":true,"href":"https:\/\/rothschenk.de\/sk\/wp-json\/wp\/v2\/product_tag?post=5219"}],"curies":[{"name":"wp","href":"https:\/\/api.w.org\/{rel}","templated":true}]}}