{"id":5825,"date":"2023-02-12T17:00:48","date_gmt":"2023-02-12T16:00:48","guid":{"rendered":"https:\/\/rothschenk.de\/rothschenk-shop\/?post_type=product&#038;p=5825"},"modified":"2026-02-06T11:48:23","modified_gmt":"2026-02-06T10:48:23","slug":"kantenschutz-1-800-mm-pappe-gefraest","status":"publish","type":"product","link":"https:\/\/rothschenk.de\/sk\/produkt\/kantenschutz-1-800-mm-pappe-gefraest\/","title":{"rendered":"Kantenschutz | 1.800 mm | Pappe gefr\u00e4st"},"content":{"rendered":"<h3>Kantenschutz | 1.800 mm | Pappe gefr\u00e4st | &#8222;Mushroom&#8220;<\/h3>\n<p>Unser Kantenschutzwinkel &#8222;Mushroom&#8220; unterscheidet sich durch seine besonderen Ausfr\u00e4sungen von herk\u00f6mmlichen Kantenschutzwinkeln. Die Ausfr\u00e4sungen in Pilzform (daher der Name Mushroom) sind besonders praktisch in Verbindung mit unseren Lashingsystemen.<\/p>\n<p>Die quer liegenden Gurtb\u00e4nder eines Lashings werden durch die Fr\u00e4sungen gef\u00fchrt und auf diese Weise in der H\u00f6he fixiert. Die Querb\u00e4nder k\u00f6nnen dadurch auch bei Be- und Entlastung w\u00e4hrend des Transportes nicht verrutschen. Gleichzeitig sch\u00fctzt der robuste Kantenschutzwinkel die Ware f\u00fcr Besch\u00e4digung.<\/p>\n<p>Ideal kann der Mushroom mit unserem White Lash Set besonders f\u00fcr Einwegverzurrungen im Container, Eisenbahnwaggons oder auf Flat Racks kombiniert werden.<\/p>\n<p>Der Kantenschutzwinkel ist CTU Code konform sowie vom T\u00dcV Rheinland zertifiziert. Viele Unternehmen setzen zunehmend auf Nachhaltigkeit im Versandprozess. Kantenschutzwinkel aus Pappe werden aus recycelter Kartonage hergestellt, sind umweltfreundlich und zu 100% recycelbar.<\/p>\n","protected":false},"excerpt":{"rendered":"<p><button class=\"product_button\"><a href=\"https:\/\/rothschenk.de\/rothschenk-shop\/kontakt\/\">Jetzt unverbindlich anfragen!<\/a><\/button><\/p>\n","protected":false},"featured_media":21488,"comment_status":"open","ping_status":"closed","template":"","meta":{"_acf_changed":false},"product_brand":[],"product_cat":[73,75],"product_tag":[],"class_list":{"0":"post-5825","1":"product","2":"type-product","3":"status-publish","4":"has-post-thumbnail","6":"product_cat-kantenschutz","7":"product_cat-pappe","9":"first","10":"instock","11":"taxable","12":"shipping-taxable","13":"product-type-simple"},"acf":[],"yoast_head":"<!-- This site is optimized with the Yoast SEO plugin v27.3 - https:\/\/yoast.com\/product\/yoast-seo-wordpress\/ -->\n<title>Kantenschutz | 1.800 mm | Pappe gefr\u00e4st - Rothschenk<\/title>\n<meta name=\"description\" content=\"Kantenschutz \u25b6 Pappe \u2713 Schenkell\u00e4ngen: 150 x 150 x 9 mm \u2713 Gesamtl\u00e4nge: 1.800 mm \u2713 4 Ausfr\u00e4sungen in Pilzform\/ oval \u25b6 Jetzt Bestellen!\" \/>\n<meta name=\"robots\" content=\"index, follow, max-snippet:-1, max-image-preview:large, max-video-preview:-1\" \/>\n<link rel=\"canonical\" href=\"https:\/\/rothschenk.de\/produkt\/kantenschutz-1-800-mm-pappe-gefraest\/\" \/>\n<meta property=\"og:locale\" content=\"sk_SK\" \/>\n<meta property=\"og:type\" content=\"article\" \/>\n<meta property=\"og:title\" content=\"Kantenschutz | 1.800 mm | Pappe gefr\u00e4st - Rothschenk\" \/>\n<meta property=\"og:description\" content=\"Kantenschutz \u25b6 Pappe \u2713 Schenkell\u00e4ngen: 150 x 150 x 9 mm \u2713 Gesamtl\u00e4nge: 1.800 mm \u2713 4 Ausfr\u00e4sungen in Pilzform\/ oval \u25b6 Jetzt Bestellen!\" \/>\n<meta property=\"og:url\" content=\"https:\/\/rothschenk.de\/produkt\/kantenschutz-1-800-mm-pappe-gefraest\/\" \/>\n<meta property=\"og:site_name\" content=\"Rothschenk\" \/>\n<meta property=\"article:publisher\" content=\"https:\/\/de-de.facebook.com\/FirmaRothschenk\/\" \/>\n<meta property=\"article:modified_time\" content=\"2026-02-06T10:48:23+00:00\" \/>\n<meta property=\"og:image\" content=\"https:\/\/rothschenk.de\/wp-content\/uploads\/2023\/03\/24492_24354_Mushroom-2.jpg\" \/>\n\t<meta property=\"og:image:width\" content=\"1024\" \/>\n\t<meta property=\"og:image:height\" content=\"1024\" \/>\n\t<meta property=\"og:image:type\" content=\"image\/jpeg\" \/>\n<meta name=\"twitter:card\" content=\"summary_large_image\" \/>\n<meta name=\"twitter:label1\" content=\"Cena\" \/>\n\t<meta name=\"twitter:data1\" content=\"\" \/>\n\t<meta name=\"twitter:label2\" content=\"Dostupnos\u0165\" \/>\n\t<meta name=\"twitter:data2\" content=\"Na sklade\" \/>\n<script type=\"application\/ld+json\" class=\"yoast-schema-graph\">{\"@context\":\"https:\\\/\\\/schema.org\",\"@graph\":[{\"@type\":\"WebPage\",\"@id\":\"https:\\\/\\\/rothschenk.de\\\/produkt\\\/kantenschutz-1-800-mm-pappe-gefraest\\\/\",\"url\":\"https:\\\/\\\/rothschenk.de\\\/produkt\\\/kantenschutz-1-800-mm-pappe-gefraest\\\/\",\"name\":\"Kantenschutz | 1.800 mm | Pappe gefr\u00e4st - Rothschenk\",\"isPartOf\":{\"@id\":\"https:\\\/\\\/rothschenk.de\\\/#website\"},\"primaryImageOfPage\":{\"@id\":\"https:\\\/\\\/rothschenk.de\\\/produkt\\\/kantenschutz-1-800-mm-pappe-gefraest\\\/#primaryimage\"},\"image\":{\"@id\":\"https:\\\/\\\/rothschenk.de\\\/produkt\\\/kantenschutz-1-800-mm-pappe-gefraest\\\/#primaryimage\"},\"thumbnailUrl\":\"https:\\\/\\\/rothschenk.de\\\/wp-content\\\/uploads\\\/2023\\\/03\\\/24492_24354_Mushroom-2.jpg\",\"datePublished\":\"2023-02-12T16:00:48+00:00\",\"dateModified\":\"2026-02-06T10:48:23+00:00\",\"description\":\"Kantenschutz \u25b6 Pappe \u2713 Schenkell\u00e4ngen: 150 x 150 x 9 mm \u2713 Gesamtl\u00e4nge: 1.800 mm \u2713 4 Ausfr\u00e4sungen in Pilzform\\\/ oval \u25b6 Jetzt Bestellen!\",\"breadcrumb\":{\"@id\":\"https:\\\/\\\/rothschenk.de\\\/produkt\\\/kantenschutz-1-800-mm-pappe-gefraest\\\/#breadcrumb\"},\"inLanguage\":\"sk-SK\",\"potentialAction\":[{\"@type\":\"ReadAction\",\"target\":[\"https:\\\/\\\/rothschenk.de\\\/produkt\\\/kantenschutz-1-800-mm-pappe-gefraest\\\/\"]}]},{\"@type\":\"ImageObject\",\"inLanguage\":\"sk-SK\",\"@id\":\"https:\\\/\\\/rothschenk.de\\\/produkt\\\/kantenschutz-1-800-mm-pappe-gefraest\\\/#primaryimage\",\"url\":\"https:\\\/\\\/rothschenk.de\\\/wp-content\\\/uploads\\\/2023\\\/03\\\/24492_24354_Mushroom-2.jpg\",\"contentUrl\":\"https:\\\/\\\/rothschenk.de\\\/wp-content\\\/uploads\\\/2023\\\/03\\\/24492_24354_Mushroom-2.jpg\",\"width\":1024,\"height\":1024,\"caption\":\"Kantenschutzwinkel Mushroom gefr\u00e4st\"},{\"@type\":\"BreadcrumbList\",\"@id\":\"https:\\\/\\\/rothschenk.de\\\/produkt\\\/kantenschutz-1-800-mm-pappe-gefraest\\\/#breadcrumb\",\"itemListElement\":[{\"@type\":\"ListItem\",\"position\":1,\"name\":\"Domovsk\u00e1 str\u00e1nka\",\"item\":\"https:\\\/\\\/rothschenk.de\\\/sk\\\/domovska-stranka\\\/\"},{\"@type\":\"ListItem\",\"position\":2,\"name\":\"Shop\",\"item\":\"https:\\\/\\\/rothschenk.de\\\/shop\\\/\"},{\"@type\":\"ListItem\",\"position\":3,\"name\":\"Kantenschutz | 1.800 mm | Pappe gefr\u00e4st\"}]},{\"@type\":\"WebSite\",\"@id\":\"https:\\\/\\\/rothschenk.de\\\/#website\",\"url\":\"https:\\\/\\\/rothschenk.de\\\/\",\"name\":\"Rothschenk - Der Online Shop f\u00fcr Ladungssicherung\",\"description\":\"Der Online Shop f\u00fcr Ladungssicherung\",\"potentialAction\":[{\"@type\":\"SearchAction\",\"target\":{\"@type\":\"EntryPoint\",\"urlTemplate\":\"https:\\\/\\\/rothschenk.de\\\/?s={search_term_string}\"},\"query-input\":{\"@type\":\"PropertyValueSpecification\",\"valueRequired\":true,\"valueName\":\"search_term_string\"}}],\"inLanguage\":\"sk-SK\"}]}<\/script>\n<meta property=\"product:price:currency\" content=\"EUR\" \/>\n<meta property=\"og:availability\" content=\"instock\" \/>\n<meta property=\"product:availability\" content=\"instock\" \/>\n<meta property=\"product:retailer_item_id\" content=\"24354\" \/>\n<meta property=\"product:condition\" content=\"new\" \/>\n<!-- \/ Yoast SEO plugin. -->","yoast_head_json":{"title":"Kantenschutz | 1.800 mm | Pappe gefr\u00e4st - Rothschenk","description":"Kantenschutz \u25b6 Pappe \u2713 Schenkell\u00e4ngen: 150 x 150 x 9 mm \u2713 Gesamtl\u00e4nge: 1.800 mm \u2713 4 Ausfr\u00e4sungen in Pilzform\/ oval \u25b6 Jetzt Bestellen!","robots":{"index":"index","follow":"follow","max-snippet":"max-snippet:-1","max-image-preview":"max-image-preview:large","max-video-preview":"max-video-preview:-1"},"canonical":"https:\/\/rothschenk.de\/produkt\/kantenschutz-1-800-mm-pappe-gefraest\/","og_locale":"sk_SK","og_type":"article","og_title":"Kantenschutz | 1.800 mm | Pappe gefr\u00e4st - Rothschenk","og_description":"Kantenschutz \u25b6 Pappe \u2713 Schenkell\u00e4ngen: 150 x 150 x 9 mm \u2713 Gesamtl\u00e4nge: 1.800 mm \u2713 4 Ausfr\u00e4sungen in Pilzform\/ oval \u25b6 Jetzt Bestellen!","og_url":"https:\/\/rothschenk.de\/produkt\/kantenschutz-1-800-mm-pappe-gefraest\/","og_site_name":"Rothschenk","article_publisher":"https:\/\/de-de.facebook.com\/FirmaRothschenk\/","article_modified_time":"2026-02-06T10:48:23+00:00","og_image":[{"width":1024,"height":1024,"url":"https:\/\/rothschenk.de\/wp-content\/uploads\/2023\/03\/24492_24354_Mushroom-2.jpg","type":"image\/jpeg"}],"twitter_card":"summary_large_image","twitter_misc":{"Cena":"","Dostupnos\u0165":"Na sklade"},"schema":{"@context":"https:\/\/schema.org","@graph":[{"@type":"WebPage","@id":"https:\/\/rothschenk.de\/produkt\/kantenschutz-1-800-mm-pappe-gefraest\/","url":"https:\/\/rothschenk.de\/produkt\/kantenschutz-1-800-mm-pappe-gefraest\/","name":"Kantenschutz | 1.800 mm | Pappe gefr\u00e4st - Rothschenk","isPartOf":{"@id":"https:\/\/rothschenk.de\/#website"},"primaryImageOfPage":{"@id":"https:\/\/rothschenk.de\/produkt\/kantenschutz-1-800-mm-pappe-gefraest\/#primaryimage"},"image":{"@id":"https:\/\/rothschenk.de\/produkt\/kantenschutz-1-800-mm-pappe-gefraest\/#primaryimage"},"thumbnailUrl":"https:\/\/rothschenk.de\/wp-content\/uploads\/2023\/03\/24492_24354_Mushroom-2.jpg","datePublished":"2023-02-12T16:00:48+00:00","dateModified":"2026-02-06T10:48:23+00:00","description":"Kantenschutz \u25b6 Pappe \u2713 Schenkell\u00e4ngen: 150 x 150 x 9 mm \u2713 Gesamtl\u00e4nge: 1.800 mm \u2713 4 Ausfr\u00e4sungen in Pilzform\/ oval \u25b6 Jetzt Bestellen!","breadcrumb":{"@id":"https:\/\/rothschenk.de\/produkt\/kantenschutz-1-800-mm-pappe-gefraest\/#breadcrumb"},"inLanguage":"sk-SK","potentialAction":[{"@type":"ReadAction","target":["https:\/\/rothschenk.de\/produkt\/kantenschutz-1-800-mm-pappe-gefraest\/"]}]},{"@type":"ImageObject","inLanguage":"sk-SK","@id":"https:\/\/rothschenk.de\/produkt\/kantenschutz-1-800-mm-pappe-gefraest\/#primaryimage","url":"https:\/\/rothschenk.de\/wp-content\/uploads\/2023\/03\/24492_24354_Mushroom-2.jpg","contentUrl":"https:\/\/rothschenk.de\/wp-content\/uploads\/2023\/03\/24492_24354_Mushroom-2.jpg","width":1024,"height":1024,"caption":"Kantenschutzwinkel Mushroom gefr\u00e4st"},{"@type":"BreadcrumbList","@id":"https:\/\/rothschenk.de\/produkt\/kantenschutz-1-800-mm-pappe-gefraest\/#breadcrumb","itemListElement":[{"@type":"ListItem","position":1,"name":"Domovsk\u00e1 str\u00e1nka","item":"https:\/\/rothschenk.de\/sk\/domovska-stranka\/"},{"@type":"ListItem","position":2,"name":"Shop","item":"https:\/\/rothschenk.de\/shop\/"},{"@type":"ListItem","position":3,"name":"Kantenschutz | 1.800 mm | Pappe gefr\u00e4st"}]},{"@type":"WebSite","@id":"https:\/\/rothschenk.de\/#website","url":"https:\/\/rothschenk.de\/","name":"Rothschenk - Der Online Shop f\u00fcr Ladungssicherung","description":"Der Online Shop f\u00fcr Ladungssicherung","potentialAction":[{"@type":"SearchAction","target":{"@type":"EntryPoint","urlTemplate":"https:\/\/rothschenk.de\/?s={search_term_string}"},"query-input":{"@type":"PropertyValueSpecification","valueRequired":true,"valueName":"search_term_string"}}],"inLanguage":"sk-SK"}]},"product_price_currency":"EUR","og_availability":"instock","product_availability":"instock","product_retailer_item_id":"24354","product_condition":"new"},"_links":{"self":[{"href":"https:\/\/rothschenk.de\/sk\/wp-json\/wp\/v2\/product\/5825","targetHints":{"allow":["GET"]}}],"collection":[{"href":"https:\/\/rothschenk.de\/sk\/wp-json\/wp\/v2\/product"}],"about":[{"href":"https:\/\/rothschenk.de\/sk\/wp-json\/wp\/v2\/types\/product"}],"replies":[{"embeddable":true,"href":"https:\/\/rothschenk.de\/sk\/wp-json\/wp\/v2\/comments?post=5825"}],"wp:featuredmedia":[{"embeddable":true,"href":"https:\/\/rothschenk.de\/sk\/wp-json\/wp\/v2\/media\/21488"}],"wp:attachment":[{"href":"https:\/\/rothschenk.de\/sk\/wp-json\/wp\/v2\/media?parent=5825"}],"wp:term":[{"taxonomy":"product_brand","embeddable":true,"href":"https:\/\/rothschenk.de\/sk\/wp-json\/wp\/v2\/product_brand?post=5825"},{"taxonomy":"product_cat","embeddable":true,"href":"https:\/\/rothschenk.de\/sk\/wp-json\/wp\/v2\/product_cat?post=5825"},{"taxonomy":"product_tag","embeddable":true,"href":"https:\/\/rothschenk.de\/sk\/wp-json\/wp\/v2\/product_tag?post=5825"}],"curies":[{"name":"wp","href":"https:\/\/api.w.org\/{rel}","templated":true}]}}