{"id":5956,"date":"2023-02-11T18:00:29","date_gmt":"2023-02-11T17:00:29","guid":{"rendered":"https:\/\/rothschenk.de\/rothschenk-shop\/?post_type=product&#038;p=5956"},"modified":"2025-12-22T12:16:54","modified_gmt":"2025-12-22T11:16:54","slug":"kantenschutz-190x110-mm-kunststoff","status":"publish","type":"product","link":"https:\/\/rothschenk.de\/sk\/produkt\/kantenschutz-190x110-mm-kunststoff\/","title":{"rendered":"Kantenschutz | 190&#215;110 mm | Kunststoff"},"content":{"rendered":"<h3>Kantenschutz | 190 x 110 mm | Kunststoff<\/h3>\n<p>Durch das Spannen von Gurtb\u00e4ndern \u00fcber eine Ladeeinheit werden die Kanten besonders hohen Kr\u00e4ften ausgesetzt. Unsere Kantenschutzwinkel leiten diese Kr\u00e4fte von der Kante weg in die Fl\u00e4che.\u00a0Durch den Hohlraum in der Innenkante wird die Kante bspw. von der Papierrolle beim Niederzurren nicht besch\u00e4digt. Die speziellen Erh\u00f6hungen garantieren zudem eine optimale Druckverteilung der Zurrkr\u00e4fte. Durch die Verk\u00fcrzung des Schenkels an der gerundeten Seite kann Material und Gewicht gespart werden.<\/p>\n<p>Dieser Kantenschutzwinkel aus Kunststoff kann f\u00fcr viele Arten der Ladungssicherung verwendet werden. Geeignet ist der Kunststoffwinkel f\u00fcr Gurtb\u00e4nder bis zu einer Breite von 50 mm.<\/p>\n<p>&nbsp;<\/p>\n","protected":false},"excerpt":{"rendered":"<p>Kantenschutz | 190 x 110 mm | Kunststoff Durch das Spannen von Gurtb\u00e4ndern \u00fcber eine Ladeeinheit werden die Kanten besonders hohen Kr\u00e4ften ausgesetzt. Unsere Kantenschutzwinkel leiten diese Kr\u00e4fte von der Kante weg in die Fl\u00e4che.\u00a0Durch den Hohlraum in der Innenkante wird die Kante bspw. von der Papierrolle beim Niederzurren nicht besch\u00e4digt. Die speziellen Erh\u00f6hungen garantieren [&hellip;]<\/p>\n","protected":false},"featured_media":21944,"comment_status":"open","ping_status":"closed","template":"","meta":{"_acf_changed":false},"product_brand":[],"product_cat":[73,102],"product_tag":[],"class_list":{"0":"post-5956","1":"product","2":"type-product","3":"status-publish","4":"has-post-thumbnail","6":"product_cat-kantenschutz","7":"product_cat-kunststoff","9":"first","10":"instock","11":"sale","12":"taxable","13":"shipping-taxable","14":"purchasable","15":"product-type-variable"},"acf":[],"yoast_head":"<!-- This site is optimized with the Yoast SEO plugin v27.3 - https:\/\/yoast.com\/product\/yoast-seo-wordpress\/ -->\n<title>Kantenschutz | 190x110 mm | Kunststoff - Rothschenk<\/title>\n<meta name=\"description\" content=\"Kantenschutz \u25b6 Aus Kunstof \u2713 L\u00e4nge: 150 mm \u2713 max. Gurtbandbreite: 50 mm \u2713 Schenkell\u00e4ngen: 190 x 110 mm \u2713 Jetzt bei Rothschenk bestellen!\" \/>\n<meta name=\"robots\" content=\"index, follow, max-snippet:-1, max-image-preview:large, max-video-preview:-1\" \/>\n<link rel=\"canonical\" href=\"https:\/\/rothschenk.de\/produkt\/kantenschutz-190x110-mm-kunststoff\/\" \/>\n<meta property=\"og:locale\" content=\"sk_SK\" \/>\n<meta property=\"og:type\" content=\"article\" \/>\n<meta property=\"og:title\" content=\"Kantenschutz | 190x110 mm | Kunststoff - Rothschenk\" \/>\n<meta property=\"og:description\" content=\"Kantenschutz \u25b6 Aus Kunstof \u2713 L\u00e4nge: 150 mm \u2713 max. Gurtbandbreite: 50 mm \u2713 Schenkell\u00e4ngen: 190 x 110 mm \u2713 Jetzt bei Rothschenk bestellen!\" \/>\n<meta property=\"og:url\" content=\"https:\/\/rothschenk.de\/produkt\/kantenschutz-190x110-mm-kunststoff\/\" \/>\n<meta property=\"og:site_name\" content=\"Rothschenk\" \/>\n<meta property=\"article:publisher\" content=\"https:\/\/de-de.facebook.com\/FirmaRothschenk\/\" \/>\n<meta property=\"article:modified_time\" content=\"2025-12-22T11:16:54+00:00\" \/>\n<meta property=\"og:image\" content=\"https:\/\/rothschenk.de\/wp-content\/uploads\/2023\/03\/25569_Kantenschutz-150x190x110-1.jpg\" \/>\n\t<meta property=\"og:image:width\" content=\"1024\" \/>\n\t<meta property=\"og:image:height\" content=\"1024\" \/>\n\t<meta property=\"og:image:type\" content=\"image\/jpeg\" \/>\n<meta name=\"twitter:card\" content=\"summary_large_image\" \/>\n<meta name=\"twitter:label1\" content=\"Dostupnos\u0165\" \/>\n\t<meta name=\"twitter:data1\" content=\"Na sklade\" \/>\n<script type=\"application\/ld+json\" class=\"yoast-schema-graph\">{\"@context\":\"https:\\\/\\\/schema.org\",\"@graph\":[{\"@type\":\"WebPage\",\"@id\":\"https:\\\/\\\/rothschenk.de\\\/produkt\\\/kantenschutz-190x110-mm-kunststoff\\\/\",\"url\":\"https:\\\/\\\/rothschenk.de\\\/produkt\\\/kantenschutz-190x110-mm-kunststoff\\\/\",\"name\":\"Kantenschutz | 190x110 mm | Kunststoff - Rothschenk\",\"isPartOf\":{\"@id\":\"https:\\\/\\\/rothschenk.de\\\/#website\"},\"primaryImageOfPage\":{\"@id\":\"https:\\\/\\\/rothschenk.de\\\/produkt\\\/kantenschutz-190x110-mm-kunststoff\\\/#primaryimage\"},\"image\":{\"@id\":\"https:\\\/\\\/rothschenk.de\\\/produkt\\\/kantenschutz-190x110-mm-kunststoff\\\/#primaryimage\"},\"thumbnailUrl\":\"https:\\\/\\\/rothschenk.de\\\/wp-content\\\/uploads\\\/2023\\\/03\\\/25569_Kantenschutz-150x190x110-1.jpg\",\"datePublished\":\"2023-02-11T17:00:29+00:00\",\"dateModified\":\"2025-12-22T11:16:54+00:00\",\"description\":\"Kantenschutz \u25b6 Aus Kunstof \u2713 L\u00e4nge: 150 mm \u2713 max. Gurtbandbreite: 50 mm \u2713 Schenkell\u00e4ngen: 190 x 110 mm \u2713 Jetzt bei Rothschenk bestellen!\",\"breadcrumb\":{\"@id\":\"https:\\\/\\\/rothschenk.de\\\/produkt\\\/kantenschutz-190x110-mm-kunststoff\\\/#breadcrumb\"},\"inLanguage\":\"sk-SK\",\"potentialAction\":[{\"@type\":\"ReadAction\",\"target\":[\"https:\\\/\\\/rothschenk.de\\\/produkt\\\/kantenschutz-190x110-mm-kunststoff\\\/\"]}]},{\"@type\":\"ImageObject\",\"inLanguage\":\"sk-SK\",\"@id\":\"https:\\\/\\\/rothschenk.de\\\/produkt\\\/kantenschutz-190x110-mm-kunststoff\\\/#primaryimage\",\"url\":\"https:\\\/\\\/rothschenk.de\\\/wp-content\\\/uploads\\\/2023\\\/03\\\/25569_Kantenschutz-150x190x110-1.jpg\",\"contentUrl\":\"https:\\\/\\\/rothschenk.de\\\/wp-content\\\/uploads\\\/2023\\\/03\\\/25569_Kantenschutz-150x190x110-1.jpg\",\"width\":1024,\"height\":1024,\"caption\":\"schwarzer Kantenschutzwinkel aus Kunststoff\"},{\"@type\":\"BreadcrumbList\",\"@id\":\"https:\\\/\\\/rothschenk.de\\\/produkt\\\/kantenschutz-190x110-mm-kunststoff\\\/#breadcrumb\",\"itemListElement\":[{\"@type\":\"ListItem\",\"position\":1,\"name\":\"Domovsk\u00e1 str\u00e1nka\",\"item\":\"https:\\\/\\\/rothschenk.de\\\/sk\\\/domovska-stranka\\\/\"},{\"@type\":\"ListItem\",\"position\":2,\"name\":\"Shop\",\"item\":\"https:\\\/\\\/rothschenk.de\\\/shop\\\/\"},{\"@type\":\"ListItem\",\"position\":3,\"name\":\"Kantenschutz | 190&#215;110 mm | Kunststoff\"}]},{\"@type\":\"WebSite\",\"@id\":\"https:\\\/\\\/rothschenk.de\\\/#website\",\"url\":\"https:\\\/\\\/rothschenk.de\\\/\",\"name\":\"Rothschenk - Der Online Shop f\u00fcr Ladungssicherung\",\"description\":\"Der Online Shop f\u00fcr Ladungssicherung\",\"potentialAction\":[{\"@type\":\"SearchAction\",\"target\":{\"@type\":\"EntryPoint\",\"urlTemplate\":\"https:\\\/\\\/rothschenk.de\\\/?s={search_term_string}\"},\"query-input\":{\"@type\":\"PropertyValueSpecification\",\"valueRequired\":true,\"valueName\":\"search_term_string\"}}],\"inLanguage\":\"sk-SK\"}]}<\/script>\n<meta property=\"og:availability\" content=\"instock\" \/>\n<meta property=\"product:availability\" content=\"instock\" \/>\n<meta property=\"product:condition\" content=\"new\" \/>\n<!-- \/ Yoast SEO plugin. -->","yoast_head_json":{"title":"Kantenschutz | 190x110 mm | Kunststoff - Rothschenk","description":"Kantenschutz \u25b6 Aus Kunstof \u2713 L\u00e4nge: 150 mm \u2713 max. Gurtbandbreite: 50 mm \u2713 Schenkell\u00e4ngen: 190 x 110 mm \u2713 Jetzt bei Rothschenk bestellen!","robots":{"index":"index","follow":"follow","max-snippet":"max-snippet:-1","max-image-preview":"max-image-preview:large","max-video-preview":"max-video-preview:-1"},"canonical":"https:\/\/rothschenk.de\/produkt\/kantenschutz-190x110-mm-kunststoff\/","og_locale":"sk_SK","og_type":"article","og_title":"Kantenschutz | 190x110 mm | Kunststoff - Rothschenk","og_description":"Kantenschutz \u25b6 Aus Kunstof \u2713 L\u00e4nge: 150 mm \u2713 max. Gurtbandbreite: 50 mm \u2713 Schenkell\u00e4ngen: 190 x 110 mm \u2713 Jetzt bei Rothschenk bestellen!","og_url":"https:\/\/rothschenk.de\/produkt\/kantenschutz-190x110-mm-kunststoff\/","og_site_name":"Rothschenk","article_publisher":"https:\/\/de-de.facebook.com\/FirmaRothschenk\/","article_modified_time":"2025-12-22T11:16:54+00:00","og_image":[{"width":1024,"height":1024,"url":"https:\/\/rothschenk.de\/wp-content\/uploads\/2023\/03\/25569_Kantenschutz-150x190x110-1.jpg","type":"image\/jpeg"}],"twitter_card":"summary_large_image","twitter_misc":{"Dostupnos\u0165":"Na sklade"},"schema":{"@context":"https:\/\/schema.org","@graph":[{"@type":"WebPage","@id":"https:\/\/rothschenk.de\/produkt\/kantenschutz-190x110-mm-kunststoff\/","url":"https:\/\/rothschenk.de\/produkt\/kantenschutz-190x110-mm-kunststoff\/","name":"Kantenschutz | 190x110 mm | Kunststoff - Rothschenk","isPartOf":{"@id":"https:\/\/rothschenk.de\/#website"},"primaryImageOfPage":{"@id":"https:\/\/rothschenk.de\/produkt\/kantenschutz-190x110-mm-kunststoff\/#primaryimage"},"image":{"@id":"https:\/\/rothschenk.de\/produkt\/kantenschutz-190x110-mm-kunststoff\/#primaryimage"},"thumbnailUrl":"https:\/\/rothschenk.de\/wp-content\/uploads\/2023\/03\/25569_Kantenschutz-150x190x110-1.jpg","datePublished":"2023-02-11T17:00:29+00:00","dateModified":"2025-12-22T11:16:54+00:00","description":"Kantenschutz \u25b6 Aus Kunstof \u2713 L\u00e4nge: 150 mm \u2713 max. Gurtbandbreite: 50 mm \u2713 Schenkell\u00e4ngen: 190 x 110 mm \u2713 Jetzt bei Rothschenk bestellen!","breadcrumb":{"@id":"https:\/\/rothschenk.de\/produkt\/kantenschutz-190x110-mm-kunststoff\/#breadcrumb"},"inLanguage":"sk-SK","potentialAction":[{"@type":"ReadAction","target":["https:\/\/rothschenk.de\/produkt\/kantenschutz-190x110-mm-kunststoff\/"]}]},{"@type":"ImageObject","inLanguage":"sk-SK","@id":"https:\/\/rothschenk.de\/produkt\/kantenschutz-190x110-mm-kunststoff\/#primaryimage","url":"https:\/\/rothschenk.de\/wp-content\/uploads\/2023\/03\/25569_Kantenschutz-150x190x110-1.jpg","contentUrl":"https:\/\/rothschenk.de\/wp-content\/uploads\/2023\/03\/25569_Kantenschutz-150x190x110-1.jpg","width":1024,"height":1024,"caption":"schwarzer Kantenschutzwinkel aus Kunststoff"},{"@type":"BreadcrumbList","@id":"https:\/\/rothschenk.de\/produkt\/kantenschutz-190x110-mm-kunststoff\/#breadcrumb","itemListElement":[{"@type":"ListItem","position":1,"name":"Domovsk\u00e1 str\u00e1nka","item":"https:\/\/rothschenk.de\/sk\/domovska-stranka\/"},{"@type":"ListItem","position":2,"name":"Shop","item":"https:\/\/rothschenk.de\/shop\/"},{"@type":"ListItem","position":3,"name":"Kantenschutz | 190&#215;110 mm | Kunststoff"}]},{"@type":"WebSite","@id":"https:\/\/rothschenk.de\/#website","url":"https:\/\/rothschenk.de\/","name":"Rothschenk - Der Online Shop f\u00fcr Ladungssicherung","description":"Der Online Shop f\u00fcr Ladungssicherung","potentialAction":[{"@type":"SearchAction","target":{"@type":"EntryPoint","urlTemplate":"https:\/\/rothschenk.de\/?s={search_term_string}"},"query-input":{"@type":"PropertyValueSpecification","valueRequired":true,"valueName":"search_term_string"}}],"inLanguage":"sk-SK"}]},"og_availability":"instock","product_availability":"instock","product_condition":"new"},"_links":{"self":[{"href":"https:\/\/rothschenk.de\/sk\/wp-json\/wp\/v2\/product\/5956","targetHints":{"allow":["GET"]}}],"collection":[{"href":"https:\/\/rothschenk.de\/sk\/wp-json\/wp\/v2\/product"}],"about":[{"href":"https:\/\/rothschenk.de\/sk\/wp-json\/wp\/v2\/types\/product"}],"replies":[{"embeddable":true,"href":"https:\/\/rothschenk.de\/sk\/wp-json\/wp\/v2\/comments?post=5956"}],"wp:featuredmedia":[{"embeddable":true,"href":"https:\/\/rothschenk.de\/sk\/wp-json\/wp\/v2\/media\/21944"}],"wp:attachment":[{"href":"https:\/\/rothschenk.de\/sk\/wp-json\/wp\/v2\/media?parent=5956"}],"wp:term":[{"taxonomy":"product_brand","embeddable":true,"href":"https:\/\/rothschenk.de\/sk\/wp-json\/wp\/v2\/product_brand?post=5956"},{"taxonomy":"product_cat","embeddable":true,"href":"https:\/\/rothschenk.de\/sk\/wp-json\/wp\/v2\/product_cat?post=5956"},{"taxonomy":"product_tag","embeddable":true,"href":"https:\/\/rothschenk.de\/sk\/wp-json\/wp\/v2\/product_tag?post=5956"}],"curies":[{"name":"wp","href":"https:\/\/api.w.org\/{rel}","templated":true}]}}