{"id":6454,"date":"2023-06-18T19:00:23","date_gmt":"2023-06-18T17:00:23","guid":{"rendered":"https:\/\/rothschenk.de\/rothschenk-shop\/?post_type=product&#038;p=6454"},"modified":"2026-01-26T18:41:45","modified_gmt":"2026-01-26T17:41:45","slug":"gurtband-50-mm-sackware-mit-150-m","status":"publish","type":"product","link":"https:\/\/rothschenk.de\/sk\/produkt\/gurtband-50-mm-sackware-mit-150-m\/","title":{"rendered":"Gurtband 50 mm | Sackware mit 150 m"},"content":{"rendered":"<h3>White Lash Gurtband\/ Lashband 50 mm | Sackware mit 150 m<\/h3>\n<p>Mit unserem Gurtband als Meterware sind Sie maximal flexibel bei der Gestaltung Ihrer Ladungssicherung. Das Einweg-Gurtband ist eine g\u00fcnstige Alternative zu den klassischen Mehrwegsystemen und anpassbar f\u00fcr jedes Verladeschema. Schneiden Sie das Gurtband (auch Lashband genannt) am besten mit einer Gurtbandschere auf das richtige Ma\u00df zu und verschlie\u00dfen Sie es danach mit den passenden Gurtschnallen.<\/p>\n<p>Unser White Lash Gurtband ist zertifiziert von der T\u00dcV Rheinland Akademie, CTU Code konform und geeignet f\u00fcr Container, Eisenbahnwaggons oder z.B. Flat Racks.<\/p>\n<p>Das Gurtband ist in verschiedenen Breiten und L\u00e4ngen erh\u00e4ltlich. Kombinieren Sie es unbedingt mit den jeweils passenden Verschl\u00fcssen (siehe technische Daten).<\/p>\n<p>Die Kombination aus diesem Gurtband mit 50 mm und der <a href=\"https:\/\/rothschenk.de\/produkt\/gurtschnalle-owb-5050-df\/\">Gurtschnalle 5050<\/a> erreicht in der Umreifung eine Systemfestigkeit von 6.720 daN.<\/p>\n","protected":false},"excerpt":{"rendered":"<p>White Lash Gurtband\/ Lashband 50 mm | Sackware mit 150 m Mit unserem Gurtband als Meterware sind Sie maximal flexibel bei der Gestaltung Ihrer Ladungssicherung. Das Einweg-Gurtband ist eine g\u00fcnstige Alternative zu den klassischen Mehrwegsystemen und anpassbar f\u00fcr jedes Verladeschema. Schneiden Sie das Gurtband (auch Lashband genannt) am besten mit einer Gurtbandschere auf das richtige [&hellip;]<\/p>\n","protected":false},"featured_media":640902,"comment_status":"open","ping_status":"closed","template":"","meta":{"_acf_changed":false},"product_brand":[],"product_cat":[56,104,48],"product_tag":[],"class_list":{"0":"post-6454","1":"product","2":"type-product","3":"status-publish","4":"has-post-thumbnail","6":"product_cat-gurtband","7":"product_cat-lashing","8":"product_cat-sale","10":"first","11":"onbackorder","12":"sale","13":"taxable","14":"shipping-taxable","15":"purchasable","16":"product-type-variable"},"acf":[],"yoast_head":"<!-- This site is optimized with the Yoast SEO plugin v27.3 - https:\/\/yoast.com\/product\/yoast-seo-wordpress\/ -->\n<title>Gurtband 50 mm | Sackware mit 150 m - Rothschenk<\/title>\n<meta name=\"description\" content=\"White Lash Gurtband - Sackware f\u00fcr Ladungssicherung \u2713 Profi-Qualit\u00e4t \u2713 Farbe: Orange \u2713 T\u00dcV Rheinland zertifiziert \u27a4 Jetzt online bestellen!\" \/>\n<meta name=\"robots\" content=\"index, follow, max-snippet:-1, max-image-preview:large, max-video-preview:-1\" \/>\n<link rel=\"canonical\" href=\"https:\/\/rothschenk.de\/produkt\/gurtband-50-mm-sackware-mit-150-m\/\" \/>\n<meta property=\"og:locale\" content=\"sk_SK\" \/>\n<meta property=\"og:type\" content=\"article\" \/>\n<meta property=\"og:title\" content=\"Gurtband 50 mm | Sackware mit 150 m - Rothschenk\" \/>\n<meta property=\"og:description\" content=\"White Lash Gurtband - Sackware f\u00fcr Ladungssicherung \u2713 Profi-Qualit\u00e4t \u2713 Farbe: Orange \u2713 T\u00dcV Rheinland zertifiziert \u27a4 Jetzt online bestellen!\" \/>\n<meta property=\"og:url\" content=\"https:\/\/rothschenk.de\/produkt\/gurtband-50-mm-sackware-mit-150-m\/\" \/>\n<meta property=\"og:site_name\" content=\"Rothschenk\" \/>\n<meta property=\"article:publisher\" content=\"https:\/\/de-de.facebook.com\/FirmaRothschenk\/\" \/>\n<meta property=\"article:modified_time\" content=\"2026-01-26T17:41:45+00:00\" \/>\n<meta property=\"og:image\" content=\"https:\/\/rothschenk.de\/wp-content\/uploads\/2023\/06\/Sale-1024x1024-1.jpg\" \/>\n\t<meta property=\"og:image:width\" content=\"1024\" \/>\n\t<meta property=\"og:image:height\" content=\"1024\" \/>\n\t<meta property=\"og:image:type\" content=\"image\/jpeg\" \/>\n<meta name=\"twitter:card\" content=\"summary_large_image\" \/>\n<meta name=\"twitter:label1\" content=\"Dostupnos\u0165\" \/>\n\t<meta name=\"twitter:data1\" content=\"Na objedn\u00e1vku\" \/>\n<script type=\"application\/ld+json\" class=\"yoast-schema-graph\">{\"@context\":\"https:\\\/\\\/schema.org\",\"@graph\":[{\"@type\":\"WebPage\",\"@id\":\"https:\\\/\\\/rothschenk.de\\\/produkt\\\/gurtband-50-mm-sackware-mit-150-m\\\/\",\"url\":\"https:\\\/\\\/rothschenk.de\\\/produkt\\\/gurtband-50-mm-sackware-mit-150-m\\\/\",\"name\":\"Gurtband 50 mm | Sackware mit 150 m - Rothschenk\",\"isPartOf\":{\"@id\":\"https:\\\/\\\/rothschenk.de\\\/#website\"},\"primaryImageOfPage\":{\"@id\":\"https:\\\/\\\/rothschenk.de\\\/produkt\\\/gurtband-50-mm-sackware-mit-150-m\\\/#primaryimage\"},\"image\":{\"@id\":\"https:\\\/\\\/rothschenk.de\\\/produkt\\\/gurtband-50-mm-sackware-mit-150-m\\\/#primaryimage\"},\"thumbnailUrl\":\"https:\\\/\\\/rothschenk.de\\\/wp-content\\\/uploads\\\/2023\\\/06\\\/Sale-1024x1024-1.jpg\",\"datePublished\":\"2023-06-18T17:00:23+00:00\",\"dateModified\":\"2026-01-26T17:41:45+00:00\",\"description\":\"White Lash Gurtband - Sackware f\u00fcr Ladungssicherung \u2713 Profi-Qualit\u00e4t \u2713 Farbe: Orange \u2713 T\u00dcV Rheinland zertifiziert \u27a4 Jetzt online bestellen!\",\"breadcrumb\":{\"@id\":\"https:\\\/\\\/rothschenk.de\\\/produkt\\\/gurtband-50-mm-sackware-mit-150-m\\\/#breadcrumb\"},\"inLanguage\":\"sk-SK\",\"potentialAction\":[{\"@type\":\"ReadAction\",\"target\":[\"https:\\\/\\\/rothschenk.de\\\/produkt\\\/gurtband-50-mm-sackware-mit-150-m\\\/\"]}]},{\"@type\":\"ImageObject\",\"inLanguage\":\"sk-SK\",\"@id\":\"https:\\\/\\\/rothschenk.de\\\/produkt\\\/gurtband-50-mm-sackware-mit-150-m\\\/#primaryimage\",\"url\":\"https:\\\/\\\/rothschenk.de\\\/wp-content\\\/uploads\\\/2023\\\/06\\\/Sale-1024x1024-1.jpg\",\"contentUrl\":\"https:\\\/\\\/rothschenk.de\\\/wp-content\\\/uploads\\\/2023\\\/06\\\/Sale-1024x1024-1.jpg\",\"width\":1024,\"height\":1024,\"caption\":\"Gurtband Sackware\"},{\"@type\":\"BreadcrumbList\",\"@id\":\"https:\\\/\\\/rothschenk.de\\\/produkt\\\/gurtband-50-mm-sackware-mit-150-m\\\/#breadcrumb\",\"itemListElement\":[{\"@type\":\"ListItem\",\"position\":1,\"name\":\"Domovsk\u00e1 str\u00e1nka\",\"item\":\"https:\\\/\\\/rothschenk.de\\\/sk\\\/domovska-stranka\\\/\"},{\"@type\":\"ListItem\",\"position\":2,\"name\":\"Shop\",\"item\":\"https:\\\/\\\/rothschenk.de\\\/shop\\\/\"},{\"@type\":\"ListItem\",\"position\":3,\"name\":\"Gurtband 50 mm | Sackware mit 150 m\"}]},{\"@type\":\"WebSite\",\"@id\":\"https:\\\/\\\/rothschenk.de\\\/#website\",\"url\":\"https:\\\/\\\/rothschenk.de\\\/\",\"name\":\"Rothschenk - Der Online Shop f\u00fcr Ladungssicherung\",\"description\":\"Der Online Shop f\u00fcr Ladungssicherung\",\"potentialAction\":[{\"@type\":\"SearchAction\",\"target\":{\"@type\":\"EntryPoint\",\"urlTemplate\":\"https:\\\/\\\/rothschenk.de\\\/?s={search_term_string}\"},\"query-input\":{\"@type\":\"PropertyValueSpecification\",\"valueRequired\":true,\"valueName\":\"search_term_string\"}}],\"inLanguage\":\"sk-SK\"}]}<\/script>\n<meta property=\"og:availability\" content=\"backorder\" \/>\n<meta property=\"product:availability\" content=\"available for order\" \/>\n<meta property=\"product:condition\" content=\"new\" \/>\n<!-- \/ Yoast SEO plugin. -->","yoast_head_json":{"title":"Gurtband 50 mm | Sackware mit 150 m - Rothschenk","description":"White Lash Gurtband - Sackware f\u00fcr Ladungssicherung \u2713 Profi-Qualit\u00e4t \u2713 Farbe: Orange \u2713 T\u00dcV Rheinland zertifiziert \u27a4 Jetzt online bestellen!","robots":{"index":"index","follow":"follow","max-snippet":"max-snippet:-1","max-image-preview":"max-image-preview:large","max-video-preview":"max-video-preview:-1"},"canonical":"https:\/\/rothschenk.de\/produkt\/gurtband-50-mm-sackware-mit-150-m\/","og_locale":"sk_SK","og_type":"article","og_title":"Gurtband 50 mm | Sackware mit 150 m - Rothschenk","og_description":"White Lash Gurtband - Sackware f\u00fcr Ladungssicherung \u2713 Profi-Qualit\u00e4t \u2713 Farbe: Orange \u2713 T\u00dcV Rheinland zertifiziert \u27a4 Jetzt online bestellen!","og_url":"https:\/\/rothschenk.de\/produkt\/gurtband-50-mm-sackware-mit-150-m\/","og_site_name":"Rothschenk","article_publisher":"https:\/\/de-de.facebook.com\/FirmaRothschenk\/","article_modified_time":"2026-01-26T17:41:45+00:00","og_image":[{"width":1024,"height":1024,"url":"https:\/\/rothschenk.de\/wp-content\/uploads\/2023\/06\/Sale-1024x1024-1.jpg","type":"image\/jpeg"}],"twitter_card":"summary_large_image","twitter_misc":{"Dostupnos\u0165":"Na objedn\u00e1vku"},"schema":{"@context":"https:\/\/schema.org","@graph":[{"@type":"WebPage","@id":"https:\/\/rothschenk.de\/produkt\/gurtband-50-mm-sackware-mit-150-m\/","url":"https:\/\/rothschenk.de\/produkt\/gurtband-50-mm-sackware-mit-150-m\/","name":"Gurtband 50 mm | Sackware mit 150 m - Rothschenk","isPartOf":{"@id":"https:\/\/rothschenk.de\/#website"},"primaryImageOfPage":{"@id":"https:\/\/rothschenk.de\/produkt\/gurtband-50-mm-sackware-mit-150-m\/#primaryimage"},"image":{"@id":"https:\/\/rothschenk.de\/produkt\/gurtband-50-mm-sackware-mit-150-m\/#primaryimage"},"thumbnailUrl":"https:\/\/rothschenk.de\/wp-content\/uploads\/2023\/06\/Sale-1024x1024-1.jpg","datePublished":"2023-06-18T17:00:23+00:00","dateModified":"2026-01-26T17:41:45+00:00","description":"White Lash Gurtband - Sackware f\u00fcr Ladungssicherung \u2713 Profi-Qualit\u00e4t \u2713 Farbe: Orange \u2713 T\u00dcV Rheinland zertifiziert \u27a4 Jetzt online bestellen!","breadcrumb":{"@id":"https:\/\/rothschenk.de\/produkt\/gurtband-50-mm-sackware-mit-150-m\/#breadcrumb"},"inLanguage":"sk-SK","potentialAction":[{"@type":"ReadAction","target":["https:\/\/rothschenk.de\/produkt\/gurtband-50-mm-sackware-mit-150-m\/"]}]},{"@type":"ImageObject","inLanguage":"sk-SK","@id":"https:\/\/rothschenk.de\/produkt\/gurtband-50-mm-sackware-mit-150-m\/#primaryimage","url":"https:\/\/rothschenk.de\/wp-content\/uploads\/2023\/06\/Sale-1024x1024-1.jpg","contentUrl":"https:\/\/rothschenk.de\/wp-content\/uploads\/2023\/06\/Sale-1024x1024-1.jpg","width":1024,"height":1024,"caption":"Gurtband Sackware"},{"@type":"BreadcrumbList","@id":"https:\/\/rothschenk.de\/produkt\/gurtband-50-mm-sackware-mit-150-m\/#breadcrumb","itemListElement":[{"@type":"ListItem","position":1,"name":"Domovsk\u00e1 str\u00e1nka","item":"https:\/\/rothschenk.de\/sk\/domovska-stranka\/"},{"@type":"ListItem","position":2,"name":"Shop","item":"https:\/\/rothschenk.de\/shop\/"},{"@type":"ListItem","position":3,"name":"Gurtband 50 mm | Sackware mit 150 m"}]},{"@type":"WebSite","@id":"https:\/\/rothschenk.de\/#website","url":"https:\/\/rothschenk.de\/","name":"Rothschenk - Der Online Shop f\u00fcr Ladungssicherung","description":"Der Online Shop f\u00fcr Ladungssicherung","potentialAction":[{"@type":"SearchAction","target":{"@type":"EntryPoint","urlTemplate":"https:\/\/rothschenk.de\/?s={search_term_string}"},"query-input":{"@type":"PropertyValueSpecification","valueRequired":true,"valueName":"search_term_string"}}],"inLanguage":"sk-SK"}]},"og_availability":"backorder","product_availability":"available for order","product_condition":"new"},"_links":{"self":[{"href":"https:\/\/rothschenk.de\/sk\/wp-json\/wp\/v2\/product\/6454","targetHints":{"allow":["GET"]}}],"collection":[{"href":"https:\/\/rothschenk.de\/sk\/wp-json\/wp\/v2\/product"}],"about":[{"href":"https:\/\/rothschenk.de\/sk\/wp-json\/wp\/v2\/types\/product"}],"replies":[{"embeddable":true,"href":"https:\/\/rothschenk.de\/sk\/wp-json\/wp\/v2\/comments?post=6454"}],"wp:featuredmedia":[{"embeddable":true,"href":"https:\/\/rothschenk.de\/sk\/wp-json\/wp\/v2\/media\/640902"}],"wp:attachment":[{"href":"https:\/\/rothschenk.de\/sk\/wp-json\/wp\/v2\/media?parent=6454"}],"wp:term":[{"taxonomy":"product_brand","embeddable":true,"href":"https:\/\/rothschenk.de\/sk\/wp-json\/wp\/v2\/product_brand?post=6454"},{"taxonomy":"product_cat","embeddable":true,"href":"https:\/\/rothschenk.de\/sk\/wp-json\/wp\/v2\/product_cat?post=6454"},{"taxonomy":"product_tag","embeddable":true,"href":"https:\/\/rothschenk.de\/sk\/wp-json\/wp\/v2\/product_tag?post=6454"}],"curies":[{"name":"wp","href":"https:\/\/api.w.org\/{rel}","templated":true}]}}