{"id":7504,"date":"2022-12-28T19:00:38","date_gmt":"2022-12-28T18:00:38","guid":{"rendered":"https:\/\/rothschenk.de\/rothschenk-shop\/?post_type=product&#038;p=7504"},"modified":"2026-03-20T10:28:59","modified_gmt":"2026-03-20T09:28:59","slug":"positionierhilfe-mit-magnet-fuer-containerlashing","status":"publish","type":"product","link":"https:\/\/rothschenk.de\/sk\/produkt\/positionierhilfe-mit-magnet-fuer-containerlashing\/","title":{"rendered":"Positionierhilfe | mit Magnet | f\u00fcr Containerlashing"},"content":{"rendered":"<h3>Positionierhilfe | mit Magnet | f\u00fcr Containerlashing<\/h3>\n<p>Unsere Positionierhilfe stellt das ideale Werkzeug dar, um Lashings m\u00fchelos in den oberen \u00d6sen eines Containers anzubringen \u2013 insbesondere bei High Cube Containern, wo dies ohne Unterst\u00fctzung nahezu unm\u00f6glich ist.<\/p>\n<p>Die Positionierhilfe verf\u00fcgt \u00fcber einen Aluminium-Teleskopstiel, der stufenlos von 82 bis 130 cm ausgezogen werden kann. Auf diese Weise k\u00f6nnen Sie die perfekte L\u00e4nge f\u00fcr jede Situation einstellen und die Lashings bequem und sicher platzieren. Der Magnet an der Spitze des Teleskopstiels beeindruckt mit einer Haltekraft von 41 kg, was es Ihnen erm\u00f6glicht, den Spitzhaken m\u00fchelos aufzunehmen und pr\u00e4zise an der gew\u00fcnschten \u00d6se zu positionieren. Damit wird der Container-Lashing-Prozess erheblich erleichtert und Ihre Arbeitsabl\u00e4ufe optimiert.<\/p>\n","protected":false},"excerpt":{"rendered":"<p>Positionierhilfe | mit Magnet | f\u00fcr Containerlashing Unsere Positionierhilfe stellt das ideale Werkzeug dar, um Lashings m\u00fchelos in den oberen \u00d6sen eines Containers anzubringen \u2013 insbesondere bei High Cube Containern, wo dies ohne Unterst\u00fctzung nahezu unm\u00f6glich ist. Die Positionierhilfe verf\u00fcgt \u00fcber einen Aluminium-Teleskopstiel, der stufenlos von 82 bis 130 cm ausgezogen werden kann. Auf diese [&hellip;]<\/p>\n","protected":false},"featured_media":84301,"comment_status":"open","ping_status":"closed","template":"","meta":{"_acf_changed":false},"product_brand":[],"product_cat":[80,79],"product_tag":[],"class_list":{"0":"post-7504","1":"product","2":"type-product","3":"status-publish","4":"has-post-thumbnail","6":"product_cat-ladungssicherungs-tools","7":"product_cat-zubehoer","9":"first","10":"instock","11":"taxable","12":"shipping-taxable","13":"purchasable","14":"product-type-simple"},"acf":[],"yoast_head":"<!-- This site is optimized with the Yoast SEO plugin v27.4 - https:\/\/yoast.com\/product\/yoast-seo-wordpress\/ -->\n<title>Positionierhilfe | mit Magnet | f\u00fcr Containerlashing<\/title>\n<meta name=\"description\" content=\"Zubeh\u00f6r f\u00fcr die Ladungssicherung - Magnetisch \u2714 Container-Zubeh\u00f6r \u2714 Positionierhilfen \u2714 entdecken Sie jetzt unser Zubeh\u00f6r \u00bb Und bestellen Sie online!\" \/>\n<meta name=\"robots\" content=\"index, follow, max-snippet:-1, max-image-preview:large, max-video-preview:-1\" \/>\n<link rel=\"canonical\" href=\"https:\/\/rothschenk.de\/produkt\/positionierhilfe-mit-magnet-fuer-containerlashing\/\" \/>\n<meta property=\"og:locale\" content=\"sk_SK\" \/>\n<meta property=\"og:type\" content=\"article\" \/>\n<meta property=\"og:title\" content=\"Positionierhilfe | mit Magnet | f\u00fcr Containerlashing\" \/>\n<meta property=\"og:description\" content=\"Zubeh\u00f6r f\u00fcr die Ladungssicherung - Magnetisch \u2714 Container-Zubeh\u00f6r \u2714 Positionierhilfen \u2714 entdecken Sie jetzt unser Zubeh\u00f6r \u00bb Und bestellen Sie online!\" \/>\n<meta property=\"og:url\" content=\"https:\/\/rothschenk.de\/produkt\/positionierhilfe-mit-magnet-fuer-containerlashing\/\" \/>\n<meta property=\"og:site_name\" content=\"Rothschenk\" \/>\n<meta property=\"article:publisher\" content=\"https:\/\/de-de.facebook.com\/FirmaRothschenk\/\" \/>\n<meta property=\"article:modified_time\" content=\"2026-03-20T09:28:59+00:00\" \/>\n<meta property=\"og:image\" content=\"https:\/\/rothschenk.de\/wp-content\/uploads\/2023\/11\/25002_Positionierhilfe-Magnet-Containerlashing-10.jpg\" \/>\n\t<meta property=\"og:image:width\" content=\"1024\" \/>\n\t<meta property=\"og:image:height\" content=\"1024\" \/>\n\t<meta property=\"og:image:type\" content=\"image\/jpeg\" \/>\n<meta name=\"twitter:card\" content=\"summary_large_image\" \/>\n<meta name=\"twitter:label1\" content=\"Cena\" \/>\n\t<meta name=\"twitter:data1\" content=\"46,78&nbsp;&euro;\" \/>\n\t<meta name=\"twitter:label2\" content=\"Dostupnos\u0165\" \/>\n\t<meta name=\"twitter:data2\" content=\"Na sklade\" \/>\n<script type=\"application\/ld+json\" class=\"yoast-schema-graph\">{\"@context\":\"https:\\\/\\\/schema.org\",\"@graph\":[{\"@type\":\"WebPage\",\"@id\":\"https:\\\/\\\/rothschenk.de\\\/produkt\\\/positionierhilfe-mit-magnet-fuer-containerlashing\\\/\",\"url\":\"https:\\\/\\\/rothschenk.de\\\/produkt\\\/positionierhilfe-mit-magnet-fuer-containerlashing\\\/\",\"name\":\"Positionierhilfe | mit Magnet | f\u00fcr Containerlashing\",\"isPartOf\":{\"@id\":\"https:\\\/\\\/rothschenk.de\\\/#website\"},\"primaryImageOfPage\":{\"@id\":\"https:\\\/\\\/rothschenk.de\\\/produkt\\\/positionierhilfe-mit-magnet-fuer-containerlashing\\\/#primaryimage\"},\"image\":{\"@id\":\"https:\\\/\\\/rothschenk.de\\\/produkt\\\/positionierhilfe-mit-magnet-fuer-containerlashing\\\/#primaryimage\"},\"thumbnailUrl\":\"https:\\\/\\\/rothschenk.de\\\/wp-content\\\/uploads\\\/2023\\\/11\\\/25002_Positionierhilfe-Magnet-Containerlashing-10.jpg\",\"datePublished\":\"2022-12-28T18:00:38+00:00\",\"dateModified\":\"2026-03-20T09:28:59+00:00\",\"description\":\"Zubeh\u00f6r f\u00fcr die Ladungssicherung - Magnetisch \u2714 Container-Zubeh\u00f6r \u2714 Positionierhilfen \u2714 entdecken Sie jetzt unser Zubeh\u00f6r \u00bb Und bestellen Sie online!\",\"breadcrumb\":{\"@id\":\"https:\\\/\\\/rothschenk.de\\\/produkt\\\/positionierhilfe-mit-magnet-fuer-containerlashing\\\/#breadcrumb\"},\"inLanguage\":\"sk-SK\",\"potentialAction\":[{\"@type\":\"ReadAction\",\"target\":[\"https:\\\/\\\/rothschenk.de\\\/produkt\\\/positionierhilfe-mit-magnet-fuer-containerlashing\\\/\"]}]},{\"@type\":\"ImageObject\",\"inLanguage\":\"sk-SK\",\"@id\":\"https:\\\/\\\/rothschenk.de\\\/produkt\\\/positionierhilfe-mit-magnet-fuer-containerlashing\\\/#primaryimage\",\"url\":\"https:\\\/\\\/rothschenk.de\\\/wp-content\\\/uploads\\\/2023\\\/11\\\/25002_Positionierhilfe-Magnet-Containerlashing-10.jpg\",\"contentUrl\":\"https:\\\/\\\/rothschenk.de\\\/wp-content\\\/uploads\\\/2023\\\/11\\\/25002_Positionierhilfe-Magnet-Containerlashing-10.jpg\",\"width\":1024,\"height\":1024,\"caption\":\"Positionierhilfe mit Magnet f\u00fcr Containerlashing\"},{\"@type\":\"BreadcrumbList\",\"@id\":\"https:\\\/\\\/rothschenk.de\\\/produkt\\\/positionierhilfe-mit-magnet-fuer-containerlashing\\\/#breadcrumb\",\"itemListElement\":[{\"@type\":\"ListItem\",\"position\":1,\"name\":\"Domovsk\u00e1 str\u00e1nka\",\"item\":\"https:\\\/\\\/rothschenk.de\\\/sk\\\/domovska-stranka\\\/\"},{\"@type\":\"ListItem\",\"position\":2,\"name\":\"Shop\",\"item\":\"https:\\\/\\\/rothschenk.de\\\/shop\\\/\"},{\"@type\":\"ListItem\",\"position\":3,\"name\":\"Positionierhilfe | mit Magnet | f\u00fcr Containerlashing\"}]},{\"@type\":\"WebSite\",\"@id\":\"https:\\\/\\\/rothschenk.de\\\/#website\",\"url\":\"https:\\\/\\\/rothschenk.de\\\/\",\"name\":\"Rothschenk - Der Online Shop f\u00fcr Ladungssicherung\",\"description\":\"Der Online Shop f\u00fcr Ladungssicherung\",\"potentialAction\":[{\"@type\":\"SearchAction\",\"target\":{\"@type\":\"EntryPoint\",\"urlTemplate\":\"https:\\\/\\\/rothschenk.de\\\/?s={search_term_string}\"},\"query-input\":{\"@type\":\"PropertyValueSpecification\",\"valueRequired\":true,\"valueName\":\"search_term_string\"}}],\"inLanguage\":\"sk-SK\"}]}<\/script>\n<meta property=\"product:price:amount\" content=\"46.78\" \/>\n<meta property=\"product:price:currency\" content=\"EUR\" \/>\n<meta property=\"og:availability\" content=\"instock\" \/>\n<meta property=\"product:availability\" content=\"instock\" \/>\n<meta property=\"product:retailer_item_id\" content=\"25002\" \/>\n<meta property=\"product:condition\" content=\"new\" \/>\n<!-- \/ Yoast SEO plugin. -->","yoast_head_json":{"title":"Positionierhilfe | mit Magnet | f\u00fcr Containerlashing","description":"Zubeh\u00f6r f\u00fcr die Ladungssicherung - Magnetisch \u2714 Container-Zubeh\u00f6r \u2714 Positionierhilfen \u2714 entdecken Sie jetzt unser Zubeh\u00f6r \u00bb Und bestellen Sie online!","robots":{"index":"index","follow":"follow","max-snippet":"max-snippet:-1","max-image-preview":"max-image-preview:large","max-video-preview":"max-video-preview:-1"},"canonical":"https:\/\/rothschenk.de\/produkt\/positionierhilfe-mit-magnet-fuer-containerlashing\/","og_locale":"sk_SK","og_type":"article","og_title":"Positionierhilfe | mit Magnet | f\u00fcr Containerlashing","og_description":"Zubeh\u00f6r f\u00fcr die Ladungssicherung - Magnetisch \u2714 Container-Zubeh\u00f6r \u2714 Positionierhilfen \u2714 entdecken Sie jetzt unser Zubeh\u00f6r \u00bb Und bestellen Sie online!","og_url":"https:\/\/rothschenk.de\/produkt\/positionierhilfe-mit-magnet-fuer-containerlashing\/","og_site_name":"Rothschenk","article_publisher":"https:\/\/de-de.facebook.com\/FirmaRothschenk\/","article_modified_time":"2026-03-20T09:28:59+00:00","og_image":[{"width":1024,"height":1024,"url":"https:\/\/rothschenk.de\/wp-content\/uploads\/2023\/11\/25002_Positionierhilfe-Magnet-Containerlashing-10.jpg","type":"image\/jpeg"}],"twitter_card":"summary_large_image","twitter_misc":{"Cena":"46,78&nbsp;&euro;","Dostupnos\u0165":"Na sklade"},"schema":{"@context":"https:\/\/schema.org","@graph":[{"@type":"WebPage","@id":"https:\/\/rothschenk.de\/produkt\/positionierhilfe-mit-magnet-fuer-containerlashing\/","url":"https:\/\/rothschenk.de\/produkt\/positionierhilfe-mit-magnet-fuer-containerlashing\/","name":"Positionierhilfe | mit Magnet | f\u00fcr Containerlashing","isPartOf":{"@id":"https:\/\/rothschenk.de\/#website"},"primaryImageOfPage":{"@id":"https:\/\/rothschenk.de\/produkt\/positionierhilfe-mit-magnet-fuer-containerlashing\/#primaryimage"},"image":{"@id":"https:\/\/rothschenk.de\/produkt\/positionierhilfe-mit-magnet-fuer-containerlashing\/#primaryimage"},"thumbnailUrl":"https:\/\/rothschenk.de\/wp-content\/uploads\/2023\/11\/25002_Positionierhilfe-Magnet-Containerlashing-10.jpg","datePublished":"2022-12-28T18:00:38+00:00","dateModified":"2026-03-20T09:28:59+00:00","description":"Zubeh\u00f6r f\u00fcr die Ladungssicherung - Magnetisch \u2714 Container-Zubeh\u00f6r \u2714 Positionierhilfen \u2714 entdecken Sie jetzt unser Zubeh\u00f6r \u00bb Und bestellen Sie online!","breadcrumb":{"@id":"https:\/\/rothschenk.de\/produkt\/positionierhilfe-mit-magnet-fuer-containerlashing\/#breadcrumb"},"inLanguage":"sk-SK","potentialAction":[{"@type":"ReadAction","target":["https:\/\/rothschenk.de\/produkt\/positionierhilfe-mit-magnet-fuer-containerlashing\/"]}]},{"@type":"ImageObject","inLanguage":"sk-SK","@id":"https:\/\/rothschenk.de\/produkt\/positionierhilfe-mit-magnet-fuer-containerlashing\/#primaryimage","url":"https:\/\/rothschenk.de\/wp-content\/uploads\/2023\/11\/25002_Positionierhilfe-Magnet-Containerlashing-10.jpg","contentUrl":"https:\/\/rothschenk.de\/wp-content\/uploads\/2023\/11\/25002_Positionierhilfe-Magnet-Containerlashing-10.jpg","width":1024,"height":1024,"caption":"Positionierhilfe mit Magnet f\u00fcr Containerlashing"},{"@type":"BreadcrumbList","@id":"https:\/\/rothschenk.de\/produkt\/positionierhilfe-mit-magnet-fuer-containerlashing\/#breadcrumb","itemListElement":[{"@type":"ListItem","position":1,"name":"Domovsk\u00e1 str\u00e1nka","item":"https:\/\/rothschenk.de\/sk\/domovska-stranka\/"},{"@type":"ListItem","position":2,"name":"Shop","item":"https:\/\/rothschenk.de\/shop\/"},{"@type":"ListItem","position":3,"name":"Positionierhilfe | mit Magnet | f\u00fcr Containerlashing"}]},{"@type":"WebSite","@id":"https:\/\/rothschenk.de\/#website","url":"https:\/\/rothschenk.de\/","name":"Rothschenk - Der Online Shop f\u00fcr Ladungssicherung","description":"Der Online Shop f\u00fcr Ladungssicherung","potentialAction":[{"@type":"SearchAction","target":{"@type":"EntryPoint","urlTemplate":"https:\/\/rothschenk.de\/?s={search_term_string}"},"query-input":{"@type":"PropertyValueSpecification","valueRequired":true,"valueName":"search_term_string"}}],"inLanguage":"sk-SK"}]},"product_price_amount":"46.78","product_price_currency":"EUR","og_availability":"instock","product_availability":"instock","product_retailer_item_id":"25002","product_condition":"new"},"_links":{"self":[{"href":"https:\/\/rothschenk.de\/sk\/wp-json\/wp\/v2\/product\/7504","targetHints":{"allow":["GET"]}}],"collection":[{"href":"https:\/\/rothschenk.de\/sk\/wp-json\/wp\/v2\/product"}],"about":[{"href":"https:\/\/rothschenk.de\/sk\/wp-json\/wp\/v2\/types\/product"}],"replies":[{"embeddable":true,"href":"https:\/\/rothschenk.de\/sk\/wp-json\/wp\/v2\/comments?post=7504"}],"wp:featuredmedia":[{"embeddable":true,"href":"https:\/\/rothschenk.de\/sk\/wp-json\/wp\/v2\/media\/84301"}],"wp:attachment":[{"href":"https:\/\/rothschenk.de\/sk\/wp-json\/wp\/v2\/media?parent=7504"}],"wp:term":[{"taxonomy":"product_brand","embeddable":true,"href":"https:\/\/rothschenk.de\/sk\/wp-json\/wp\/v2\/product_brand?post=7504"},{"taxonomy":"product_cat","embeddable":true,"href":"https:\/\/rothschenk.de\/sk\/wp-json\/wp\/v2\/product_cat?post=7504"},{"taxonomy":"product_tag","embeddable":true,"href":"https:\/\/rothschenk.de\/sk\/wp-json\/wp\/v2\/product_tag?post=7504"}],"curies":[{"name":"wp","href":"https:\/\/api.w.org\/{rel}","templated":true}]}}