{"id":7596,"date":"2023-06-19T20:00:42","date_gmt":"2023-06-19T18:00:42","guid":{"rendered":"https:\/\/rothschenk.de\/rothschenk-shop\/?post_type=product&#038;p=7596"},"modified":"2026-04-20T09:05:20","modified_gmt":"2026-04-20T07:05:20","slug":"red-lash-set-2-600-2x-quer-3-100-38-mm","status":"publish","type":"product","link":"https:\/\/rothschenk.de\/sk\/produkt\/red-lash-set-2-600-2x-quer-3-100-38-mm\/","title":{"rendered":"Container-Lashing | Red Lash Set | 2x Quer | 2.600 mm | 38 mm"},"content":{"rendered":"<h3>Container-Lashing | Red Lash Set | 2x Quer | 2.600 mm | 38 mm<\/h3>\n<p>Rothschenk Lashingsysteme sind \u00e4u\u00dferst effektive L\u00f6sungen, um Ihre Ware w\u00e4hrend des Transports sicher im Container zu fixieren. Unsere vorkonfektionierten Lashing Sets \u00fcberzeugen durch ihre hohe Benutzerfreundlichkeit und zeichnen sich durch eine einfache und schnelle Handhabung aus. Sie werden im weltweiten Containerversand eingesetzt und sind sowohl CTU-Code konform als auch vom T\u00dcV Rheinland zertifiziert.<\/p>\n<p>\u2714 Unser 2er Red Lash Set 2.38 besteht pro Seite aus einem L\u00e4ngsband und zwei angen\u00e4hten Querb\u00e4ndern.<\/p>\n<p>\u2714 Der Abstand der fest angen\u00e4hten Querb\u00e4nder betr\u00e4gt 400 mm.<\/p>\n<p>\u2714 Das 2er System als Ganzes ist stufenlos h\u00f6henverstellbar.<\/p>\n<p>\u2714 Die Verbindung der Querb\u00e4nder erfolgt durch die im Set enthaltenen Gurtschnallen (auch Doppelstegverschluss genannt).<\/p>\n<p>Im Vergleich zu unseren White Lash Sets haben die Red Lash Sets eine h\u00f6here R\u00fcckhaltekraft. Dies ist auf das breitere Gurtband und die Konstruktion zur\u00fcckzuf\u00fchren. Weitere Infos zu Lashings finden Sie in unserem <a href=\"https:\/\/rothschenk.de\/folge-16-lashings-und-deren-anwendung\/\">Blog-Bereich.<\/a><\/p>\n","protected":false},"excerpt":{"rendered":"<p>Container-Lashing | Red Lash Set | 2x Quer | 2.600 mm | 38 mm Rothschenk Lashingsysteme sind \u00e4u\u00dferst effektive L\u00f6sungen, um Ihre Ware w\u00e4hrend des Transports sicher im Container zu fixieren. Unsere vorkonfektionierten Lashing Sets \u00fcberzeugen durch ihre hohe Benutzerfreundlichkeit und zeichnen sich durch eine einfache und schnelle Handhabung aus. Sie werden im weltweiten Containerversand [&hellip;]<\/p>\n","protected":false},"featured_media":84200,"comment_status":"open","ping_status":"closed","template":"","meta":{"_acf_changed":false},"product_brand":[],"product_cat":[104,55],"product_tag":[],"class_list":{"0":"post-7596","1":"product","2":"type-product","3":"status-publish","4":"has-post-thumbnail","6":"product_cat-lashing","7":"product_cat-lashing-container","9":"first","10":"onbackorder","11":"sale","12":"taxable","13":"shipping-taxable","14":"purchasable","15":"product-type-variable"},"acf":[],"yoast_head":"<!-- This site is optimized with the Yoast SEO plugin v27.4 - https:\/\/yoast.com\/product\/yoast-seo-wordpress\/ -->\n<title>Container-Lashing | Red Lash Set | 2x Quer | 2.600 mm | 38 mm - Rothschenk<\/title>\n<meta name=\"description\" content=\"Red Lash Set - Container-Lashing \u2713 2x Quer \u2713 L\u00e4ngsb\u00e4nder inkl. Spitzhaken mit Sicherung \u2713 T\u00dcV Rheinland zertifiziert \u27a4 Jetzt bestellen!\" \/>\n<meta name=\"robots\" content=\"index, follow, max-snippet:-1, max-image-preview:large, max-video-preview:-1\" \/>\n<link rel=\"canonical\" href=\"https:\/\/rothschenk.de\/produkt\/red-lash-set-2-600-2x-quer-3-100-38-mm\/\" \/>\n<meta property=\"og:locale\" content=\"sk_SK\" \/>\n<meta property=\"og:type\" content=\"article\" \/>\n<meta property=\"og:title\" content=\"Container-Lashing | Red Lash Set | 2x Quer | 2.600 mm | 38 mm - Rothschenk\" \/>\n<meta property=\"og:description\" content=\"Red Lash Set - Container-Lashing \u2713 2x Quer \u2713 L\u00e4ngsb\u00e4nder inkl. Spitzhaken mit Sicherung \u2713 T\u00dcV Rheinland zertifiziert \u27a4 Jetzt bestellen!\" \/>\n<meta property=\"og:url\" content=\"https:\/\/rothschenk.de\/produkt\/red-lash-set-2-600-2x-quer-3-100-38-mm\/\" \/>\n<meta property=\"og:site_name\" content=\"Rothschenk\" \/>\n<meta property=\"article:publisher\" content=\"https:\/\/de-de.facebook.com\/FirmaRothschenk\/\" \/>\n<meta property=\"article:modified_time\" content=\"2026-04-20T07:05:20+00:00\" \/>\n<meta property=\"og:image\" content=\"https:\/\/rothschenk.de\/wp-content\/uploads\/2023\/11\/RedLash-2er-_24653-4.jpg\" \/>\n\t<meta property=\"og:image:width\" content=\"1024\" \/>\n\t<meta property=\"og:image:height\" content=\"1024\" \/>\n\t<meta property=\"og:image:type\" content=\"image\/jpeg\" \/>\n<meta name=\"twitter:card\" content=\"summary_large_image\" \/>\n<meta name=\"twitter:label1\" content=\"Dostupnos\u0165\" \/>\n\t<meta name=\"twitter:data1\" content=\"Na objedn\u00e1vku\" \/>\n<script type=\"application\/ld+json\" class=\"yoast-schema-graph\">{\"@context\":\"https:\\\/\\\/schema.org\",\"@graph\":[{\"@type\":\"WebPage\",\"@id\":\"https:\\\/\\\/rothschenk.de\\\/produkt\\\/red-lash-set-2-600-2x-quer-3-100-38-mm\\\/\",\"url\":\"https:\\\/\\\/rothschenk.de\\\/produkt\\\/red-lash-set-2-600-2x-quer-3-100-38-mm\\\/\",\"name\":\"Container-Lashing | Red Lash Set | 2x Quer | 2.600 mm | 38 mm - Rothschenk\",\"isPartOf\":{\"@id\":\"https:\\\/\\\/rothschenk.de\\\/#website\"},\"primaryImageOfPage\":{\"@id\":\"https:\\\/\\\/rothschenk.de\\\/produkt\\\/red-lash-set-2-600-2x-quer-3-100-38-mm\\\/#primaryimage\"},\"image\":{\"@id\":\"https:\\\/\\\/rothschenk.de\\\/produkt\\\/red-lash-set-2-600-2x-quer-3-100-38-mm\\\/#primaryimage\"},\"thumbnailUrl\":\"https:\\\/\\\/rothschenk.de\\\/wp-content\\\/uploads\\\/2023\\\/11\\\/RedLash-2er-_24653-4.jpg\",\"datePublished\":\"2023-06-19T18:00:42+00:00\",\"dateModified\":\"2026-04-20T07:05:20+00:00\",\"description\":\"Red Lash Set - Container-Lashing \u2713 2x Quer \u2713 L\u00e4ngsb\u00e4nder inkl. Spitzhaken mit Sicherung \u2713 T\u00dcV Rheinland zertifiziert \u27a4 Jetzt bestellen!\",\"breadcrumb\":{\"@id\":\"https:\\\/\\\/rothschenk.de\\\/produkt\\\/red-lash-set-2-600-2x-quer-3-100-38-mm\\\/#breadcrumb\"},\"inLanguage\":\"sk-SK\",\"potentialAction\":[{\"@type\":\"ReadAction\",\"target\":[\"https:\\\/\\\/rothschenk.de\\\/produkt\\\/red-lash-set-2-600-2x-quer-3-100-38-mm\\\/\"]}]},{\"@type\":\"ImageObject\",\"inLanguage\":\"sk-SK\",\"@id\":\"https:\\\/\\\/rothschenk.de\\\/produkt\\\/red-lash-set-2-600-2x-quer-3-100-38-mm\\\/#primaryimage\",\"url\":\"https:\\\/\\\/rothschenk.de\\\/wp-content\\\/uploads\\\/2023\\\/11\\\/RedLash-2er-_24653-4.jpg\",\"contentUrl\":\"https:\\\/\\\/rothschenk.de\\\/wp-content\\\/uploads\\\/2023\\\/11\\\/RedLash-2er-_24653-4.jpg\",\"width\":1024,\"height\":1024,\"caption\":\"2er Lashing RedLash im Container Skizze\"},{\"@type\":\"BreadcrumbList\",\"@id\":\"https:\\\/\\\/rothschenk.de\\\/produkt\\\/red-lash-set-2-600-2x-quer-3-100-38-mm\\\/#breadcrumb\",\"itemListElement\":[{\"@type\":\"ListItem\",\"position\":1,\"name\":\"Domovsk\u00e1 str\u00e1nka\",\"item\":\"https:\\\/\\\/rothschenk.de\\\/sk\\\/domovska-stranka\\\/\"},{\"@type\":\"ListItem\",\"position\":2,\"name\":\"Shop\",\"item\":\"https:\\\/\\\/rothschenk.de\\\/shop\\\/\"},{\"@type\":\"ListItem\",\"position\":3,\"name\":\"Container-Lashing | Red Lash Set | 2x Quer | 2.600 mm | 38 mm\"}]},{\"@type\":\"WebSite\",\"@id\":\"https:\\\/\\\/rothschenk.de\\\/#website\",\"url\":\"https:\\\/\\\/rothschenk.de\\\/\",\"name\":\"Rothschenk - Der Online Shop f\u00fcr Ladungssicherung\",\"description\":\"Der Online Shop f\u00fcr Ladungssicherung\",\"potentialAction\":[{\"@type\":\"SearchAction\",\"target\":{\"@type\":\"EntryPoint\",\"urlTemplate\":\"https:\\\/\\\/rothschenk.de\\\/?s={search_term_string}\"},\"query-input\":{\"@type\":\"PropertyValueSpecification\",\"valueRequired\":true,\"valueName\":\"search_term_string\"}}],\"inLanguage\":\"sk-SK\"}]}<\/script>\n<meta property=\"og:availability\" content=\"backorder\" \/>\n<meta property=\"product:availability\" content=\"available for order\" \/>\n<meta property=\"product:condition\" content=\"new\" \/>\n<!-- \/ Yoast SEO plugin. -->","yoast_head_json":{"title":"Container-Lashing | Red Lash Set | 2x Quer | 2.600 mm | 38 mm - Rothschenk","description":"Red Lash Set - Container-Lashing \u2713 2x Quer \u2713 L\u00e4ngsb\u00e4nder inkl. Spitzhaken mit Sicherung \u2713 T\u00dcV Rheinland zertifiziert \u27a4 Jetzt bestellen!","robots":{"index":"index","follow":"follow","max-snippet":"max-snippet:-1","max-image-preview":"max-image-preview:large","max-video-preview":"max-video-preview:-1"},"canonical":"https:\/\/rothschenk.de\/produkt\/red-lash-set-2-600-2x-quer-3-100-38-mm\/","og_locale":"sk_SK","og_type":"article","og_title":"Container-Lashing | Red Lash Set | 2x Quer | 2.600 mm | 38 mm - Rothschenk","og_description":"Red Lash Set - Container-Lashing \u2713 2x Quer \u2713 L\u00e4ngsb\u00e4nder inkl. Spitzhaken mit Sicherung \u2713 T\u00dcV Rheinland zertifiziert \u27a4 Jetzt bestellen!","og_url":"https:\/\/rothschenk.de\/produkt\/red-lash-set-2-600-2x-quer-3-100-38-mm\/","og_site_name":"Rothschenk","article_publisher":"https:\/\/de-de.facebook.com\/FirmaRothschenk\/","article_modified_time":"2026-04-20T07:05:20+00:00","og_image":[{"width":1024,"height":1024,"url":"https:\/\/rothschenk.de\/wp-content\/uploads\/2023\/11\/RedLash-2er-_24653-4.jpg","type":"image\/jpeg"}],"twitter_card":"summary_large_image","twitter_misc":{"Dostupnos\u0165":"Na objedn\u00e1vku"},"schema":{"@context":"https:\/\/schema.org","@graph":[{"@type":"WebPage","@id":"https:\/\/rothschenk.de\/produkt\/red-lash-set-2-600-2x-quer-3-100-38-mm\/","url":"https:\/\/rothschenk.de\/produkt\/red-lash-set-2-600-2x-quer-3-100-38-mm\/","name":"Container-Lashing | Red Lash Set | 2x Quer | 2.600 mm | 38 mm - Rothschenk","isPartOf":{"@id":"https:\/\/rothschenk.de\/#website"},"primaryImageOfPage":{"@id":"https:\/\/rothschenk.de\/produkt\/red-lash-set-2-600-2x-quer-3-100-38-mm\/#primaryimage"},"image":{"@id":"https:\/\/rothschenk.de\/produkt\/red-lash-set-2-600-2x-quer-3-100-38-mm\/#primaryimage"},"thumbnailUrl":"https:\/\/rothschenk.de\/wp-content\/uploads\/2023\/11\/RedLash-2er-_24653-4.jpg","datePublished":"2023-06-19T18:00:42+00:00","dateModified":"2026-04-20T07:05:20+00:00","description":"Red Lash Set - Container-Lashing \u2713 2x Quer \u2713 L\u00e4ngsb\u00e4nder inkl. Spitzhaken mit Sicherung \u2713 T\u00dcV Rheinland zertifiziert \u27a4 Jetzt bestellen!","breadcrumb":{"@id":"https:\/\/rothschenk.de\/produkt\/red-lash-set-2-600-2x-quer-3-100-38-mm\/#breadcrumb"},"inLanguage":"sk-SK","potentialAction":[{"@type":"ReadAction","target":["https:\/\/rothschenk.de\/produkt\/red-lash-set-2-600-2x-quer-3-100-38-mm\/"]}]},{"@type":"ImageObject","inLanguage":"sk-SK","@id":"https:\/\/rothschenk.de\/produkt\/red-lash-set-2-600-2x-quer-3-100-38-mm\/#primaryimage","url":"https:\/\/rothschenk.de\/wp-content\/uploads\/2023\/11\/RedLash-2er-_24653-4.jpg","contentUrl":"https:\/\/rothschenk.de\/wp-content\/uploads\/2023\/11\/RedLash-2er-_24653-4.jpg","width":1024,"height":1024,"caption":"2er Lashing RedLash im Container Skizze"},{"@type":"BreadcrumbList","@id":"https:\/\/rothschenk.de\/produkt\/red-lash-set-2-600-2x-quer-3-100-38-mm\/#breadcrumb","itemListElement":[{"@type":"ListItem","position":1,"name":"Domovsk\u00e1 str\u00e1nka","item":"https:\/\/rothschenk.de\/sk\/domovska-stranka\/"},{"@type":"ListItem","position":2,"name":"Shop","item":"https:\/\/rothschenk.de\/shop\/"},{"@type":"ListItem","position":3,"name":"Container-Lashing | Red Lash Set | 2x Quer | 2.600 mm | 38 mm"}]},{"@type":"WebSite","@id":"https:\/\/rothschenk.de\/#website","url":"https:\/\/rothschenk.de\/","name":"Rothschenk - Der Online Shop f\u00fcr Ladungssicherung","description":"Der Online Shop f\u00fcr Ladungssicherung","potentialAction":[{"@type":"SearchAction","target":{"@type":"EntryPoint","urlTemplate":"https:\/\/rothschenk.de\/?s={search_term_string}"},"query-input":{"@type":"PropertyValueSpecification","valueRequired":true,"valueName":"search_term_string"}}],"inLanguage":"sk-SK"}]},"og_availability":"backorder","product_availability":"available for order","product_condition":"new"},"_links":{"self":[{"href":"https:\/\/rothschenk.de\/sk\/wp-json\/wp\/v2\/product\/7596","targetHints":{"allow":["GET"]}}],"collection":[{"href":"https:\/\/rothschenk.de\/sk\/wp-json\/wp\/v2\/product"}],"about":[{"href":"https:\/\/rothschenk.de\/sk\/wp-json\/wp\/v2\/types\/product"}],"replies":[{"embeddable":true,"href":"https:\/\/rothschenk.de\/sk\/wp-json\/wp\/v2\/comments?post=7596"}],"wp:featuredmedia":[{"embeddable":true,"href":"https:\/\/rothschenk.de\/sk\/wp-json\/wp\/v2\/media\/84200"}],"wp:attachment":[{"href":"https:\/\/rothschenk.de\/sk\/wp-json\/wp\/v2\/media?parent=7596"}],"wp:term":[{"taxonomy":"product_brand","embeddable":true,"href":"https:\/\/rothschenk.de\/sk\/wp-json\/wp\/v2\/product_brand?post=7596"},{"taxonomy":"product_cat","embeddable":true,"href":"https:\/\/rothschenk.de\/sk\/wp-json\/wp\/v2\/product_cat?post=7596"},{"taxonomy":"product_tag","embeddable":true,"href":"https:\/\/rothschenk.de\/sk\/wp-json\/wp\/v2\/product_tag?post=7596"}],"curies":[{"name":"wp","href":"https:\/\/api.w.org\/{rel}","templated":true}]}}