{"id":7712,"date":"2023-05-18T22:00:07","date_gmt":"2023-05-18T20:00:07","guid":{"rendered":"https:\/\/rothschenk.de\/rothschenk-shop\/?post_type=product&#038;p=7712"},"modified":"2026-03-24T07:52:05","modified_gmt":"2026-03-24T06:52:05","slug":"drahtverschlussklemme-19-mm-set-mit-1-000-stueck","status":"publish","type":"product","link":"https:\/\/rothschenk.de\/sk\/produkt\/drahtverschlussklemme-19-mm-set-mit-1-000-stueck\/","title":{"rendered":"Drahtverschlussklemme 19 mm | SET mit 1.000 St\u00fcck"},"content":{"rendered":"<h3>Drahtverschlussklemme 19 mm | SET mit 1.000 St\u00fcck<\/h3>\n<p>Unsere Drahtverschlussklemmen dienen dem Verschlie\u00dfen von 19 mm Umreifungsband sowie Gewebeband. Der Draht selbst hat eine St\u00e4rke von 4 mm. Ein besonderes Merkmal unserer Drahtverschlussklemme ist die spezielle Oberfl\u00e4chenstruktur mit einer innovativen Pr\u00e4gung, welche eine erh\u00f6hte Reibkraft mit sich bringt.<\/p>\n<p>Um das Umreifungsband mit der Drahtverschlussklemme zu verschlie\u00dfen, wird es durch die Klemme gef\u00e4delt und anschlie\u00dfend mit einem Haspelspanner auf die gew\u00fcnschte Spannung gebracht. Das System ist ideal f\u00fcr die Sicherung von Ladeeinheiten auf Paletten sowie f\u00fcr das B\u00fcndeln von Holz oder den Versand von St\u00fcckgut.<\/p>\n<p>In jeder Verpackungseinheit unserer Drahtverschlussklemmen befinden sich 1.000 St\u00fcck.<\/p>\n","protected":false},"excerpt":{"rendered":"<p>Drahtverschlussklemme 19 mm | SET mit 1.000 St\u00fcck Unsere Drahtverschlussklemmen dienen dem Verschlie\u00dfen von 19 mm Umreifungsband sowie Gewebeband. Der Draht selbst hat eine St\u00e4rke von 4 mm. Ein besonderes Merkmal unserer Drahtverschlussklemme ist die spezielle Oberfl\u00e4chenstruktur mit einer innovativen Pr\u00e4gung, welche eine erh\u00f6hte Reibkraft mit sich bringt. Um das Umreifungsband mit der Drahtverschlussklemme zu [&hellip;]<\/p>\n","protected":false},"featured_media":85493,"comment_status":"open","ping_status":"closed","template":"","meta":{"_acf_changed":false},"product_brand":[],"product_cat":[46,60],"product_tag":[],"class_list":{"0":"post-7712","1":"product","2":"type-product","3":"status-publish","4":"has-post-thumbnail","6":"product_cat-umreifung","7":"product_cat-verschluesse","9":"first","10":"instock","11":"taxable","12":"shipping-taxable","13":"purchasable","14":"product-type-simple"},"acf":[],"yoast_head":"<!-- This site is optimized with the Yoast SEO plugin v27.3 - https:\/\/yoast.com\/product\/yoast-seo-wordpress\/ -->\n<title>Drahtverschlussklemme 19 mm | SET mit 1.000 St\u00fcck<\/title>\n<meta name=\"description\" content=\"Drahtverschlussklemme \u27a4 Top-Qualit\u00e4t \u2713 19mm \u2713 1000er Set \u2713 f\u00fcr alle Bandtypen geeignet \u2713 Verzinkt und gepr\u00e4gt \u27a4 Jetzt online bestellen!\" \/>\n<meta name=\"robots\" content=\"index, follow, max-snippet:-1, max-image-preview:large, max-video-preview:-1\" \/>\n<link rel=\"canonical\" href=\"https:\/\/rothschenk.de\/produkt\/drahtverschlussklemme-19-mm-set-mit-1-000-stueck\/\" \/>\n<meta property=\"og:locale\" content=\"sk_SK\" \/>\n<meta property=\"og:type\" content=\"article\" \/>\n<meta property=\"og:title\" content=\"Drahtverschlussklemme 19 mm | SET mit 1.000 St\u00fcck\" \/>\n<meta property=\"og:description\" content=\"Drahtverschlussklemme \u27a4 Top-Qualit\u00e4t \u2713 19mm \u2713 1000er Set \u2713 f\u00fcr alle Bandtypen geeignet \u2713 Verzinkt und gepr\u00e4gt \u27a4 Jetzt online bestellen!\" \/>\n<meta property=\"og:url\" content=\"https:\/\/rothschenk.de\/produkt\/drahtverschlussklemme-19-mm-set-mit-1-000-stueck\/\" \/>\n<meta property=\"og:site_name\" content=\"Rothschenk\" \/>\n<meta property=\"article:publisher\" content=\"https:\/\/de-de.facebook.com\/FirmaRothschenk\/\" \/>\n<meta property=\"article:modified_time\" content=\"2026-03-24T06:52:05+00:00\" \/>\n<meta property=\"og:image\" content=\"https:\/\/rothschenk.de\/wp-content\/uploads\/2023\/05\/Design-ohne-Titel-7.jpg\" \/>\n\t<meta property=\"og:image:width\" content=\"1024\" \/>\n\t<meta property=\"og:image:height\" content=\"1024\" \/>\n\t<meta property=\"og:image:type\" content=\"image\/jpeg\" \/>\n<meta name=\"twitter:card\" content=\"summary_large_image\" \/>\n<meta name=\"twitter:label1\" content=\"Cena\" \/>\n\t<meta name=\"twitter:data1\" content=\"47,99&nbsp;&euro;\" \/>\n\t<meta name=\"twitter:label2\" content=\"Dostupnos\u0165\" \/>\n\t<meta name=\"twitter:data2\" content=\"Na sklade\" \/>\n<script type=\"application\/ld+json\" class=\"yoast-schema-graph\">{\"@context\":\"https:\\\/\\\/schema.org\",\"@graph\":[{\"@type\":\"WebPage\",\"@id\":\"https:\\\/\\\/rothschenk.de\\\/produkt\\\/drahtverschlussklemme-19-mm-set-mit-1-000-stueck\\\/\",\"url\":\"https:\\\/\\\/rothschenk.de\\\/produkt\\\/drahtverschlussklemme-19-mm-set-mit-1-000-stueck\\\/\",\"name\":\"Drahtverschlussklemme 19 mm | SET mit 1.000 St\u00fcck\",\"isPartOf\":{\"@id\":\"https:\\\/\\\/rothschenk.de\\\/#website\"},\"primaryImageOfPage\":{\"@id\":\"https:\\\/\\\/rothschenk.de\\\/produkt\\\/drahtverschlussklemme-19-mm-set-mit-1-000-stueck\\\/#primaryimage\"},\"image\":{\"@id\":\"https:\\\/\\\/rothschenk.de\\\/produkt\\\/drahtverschlussklemme-19-mm-set-mit-1-000-stueck\\\/#primaryimage\"},\"thumbnailUrl\":\"https:\\\/\\\/rothschenk.de\\\/wp-content\\\/uploads\\\/2023\\\/05\\\/Design-ohne-Titel-7.jpg\",\"datePublished\":\"2023-05-18T20:00:07+00:00\",\"dateModified\":\"2026-03-24T06:52:05+00:00\",\"description\":\"Drahtverschlussklemme \u27a4 Top-Qualit\u00e4t \u2713 19mm \u2713 1000er Set \u2713 f\u00fcr alle Bandtypen geeignet \u2713 Verzinkt und gepr\u00e4gt \u27a4 Jetzt online bestellen!\",\"breadcrumb\":{\"@id\":\"https:\\\/\\\/rothschenk.de\\\/produkt\\\/drahtverschlussklemme-19-mm-set-mit-1-000-stueck\\\/#breadcrumb\"},\"inLanguage\":\"sk-SK\",\"potentialAction\":[{\"@type\":\"ReadAction\",\"target\":[\"https:\\\/\\\/rothschenk.de\\\/produkt\\\/drahtverschlussklemme-19-mm-set-mit-1-000-stueck\\\/\"]}]},{\"@type\":\"ImageObject\",\"inLanguage\":\"sk-SK\",\"@id\":\"https:\\\/\\\/rothschenk.de\\\/produkt\\\/drahtverschlussklemme-19-mm-set-mit-1-000-stueck\\\/#primaryimage\",\"url\":\"https:\\\/\\\/rothschenk.de\\\/wp-content\\\/uploads\\\/2023\\\/05\\\/Design-ohne-Titel-7.jpg\",\"contentUrl\":\"https:\\\/\\\/rothschenk.de\\\/wp-content\\\/uploads\\\/2023\\\/05\\\/Design-ohne-Titel-7.jpg\",\"width\":1024,\"height\":1024,\"caption\":\"Drahtverschlussklemme\"},{\"@type\":\"BreadcrumbList\",\"@id\":\"https:\\\/\\\/rothschenk.de\\\/produkt\\\/drahtverschlussklemme-19-mm-set-mit-1-000-stueck\\\/#breadcrumb\",\"itemListElement\":[{\"@type\":\"ListItem\",\"position\":1,\"name\":\"Domovsk\u00e1 str\u00e1nka\",\"item\":\"https:\\\/\\\/rothschenk.de\\\/sk\\\/domovska-stranka\\\/\"},{\"@type\":\"ListItem\",\"position\":2,\"name\":\"Shop\",\"item\":\"https:\\\/\\\/rothschenk.de\\\/shop\\\/\"},{\"@type\":\"ListItem\",\"position\":3,\"name\":\"Drahtverschlussklemme 19 mm | SET mit 1.000 St\u00fcck\"}]},{\"@type\":\"WebSite\",\"@id\":\"https:\\\/\\\/rothschenk.de\\\/#website\",\"url\":\"https:\\\/\\\/rothschenk.de\\\/\",\"name\":\"Rothschenk - Der Online Shop f\u00fcr Ladungssicherung\",\"description\":\"Der Online Shop f\u00fcr Ladungssicherung\",\"potentialAction\":[{\"@type\":\"SearchAction\",\"target\":{\"@type\":\"EntryPoint\",\"urlTemplate\":\"https:\\\/\\\/rothschenk.de\\\/?s={search_term_string}\"},\"query-input\":{\"@type\":\"PropertyValueSpecification\",\"valueRequired\":true,\"valueName\":\"search_term_string\"}}],\"inLanguage\":\"sk-SK\"}]}<\/script>\n<meta property=\"product:price:amount\" content=\"47.99\" \/>\n<meta property=\"product:price:currency\" content=\"EUR\" \/>\n<meta property=\"og:availability\" content=\"instock\" \/>\n<meta property=\"product:availability\" content=\"instock\" \/>\n<meta property=\"product:retailer_item_id\" content=\"25393\" \/>\n<meta property=\"product:condition\" content=\"new\" \/>\n<!-- \/ Yoast SEO plugin. -->","yoast_head_json":{"title":"Drahtverschlussklemme 19 mm | SET mit 1.000 St\u00fcck","description":"Drahtverschlussklemme \u27a4 Top-Qualit\u00e4t \u2713 19mm \u2713 1000er Set \u2713 f\u00fcr alle Bandtypen geeignet \u2713 Verzinkt und gepr\u00e4gt \u27a4 Jetzt online bestellen!","robots":{"index":"index","follow":"follow","max-snippet":"max-snippet:-1","max-image-preview":"max-image-preview:large","max-video-preview":"max-video-preview:-1"},"canonical":"https:\/\/rothschenk.de\/produkt\/drahtverschlussklemme-19-mm-set-mit-1-000-stueck\/","og_locale":"sk_SK","og_type":"article","og_title":"Drahtverschlussklemme 19 mm | SET mit 1.000 St\u00fcck","og_description":"Drahtverschlussklemme \u27a4 Top-Qualit\u00e4t \u2713 19mm \u2713 1000er Set \u2713 f\u00fcr alle Bandtypen geeignet \u2713 Verzinkt und gepr\u00e4gt \u27a4 Jetzt online bestellen!","og_url":"https:\/\/rothschenk.de\/produkt\/drahtverschlussklemme-19-mm-set-mit-1-000-stueck\/","og_site_name":"Rothschenk","article_publisher":"https:\/\/de-de.facebook.com\/FirmaRothschenk\/","article_modified_time":"2026-03-24T06:52:05+00:00","og_image":[{"width":1024,"height":1024,"url":"https:\/\/rothschenk.de\/wp-content\/uploads\/2023\/05\/Design-ohne-Titel-7.jpg","type":"image\/jpeg"}],"twitter_card":"summary_large_image","twitter_misc":{"Cena":"47,99&nbsp;&euro;","Dostupnos\u0165":"Na sklade"},"schema":{"@context":"https:\/\/schema.org","@graph":[{"@type":"WebPage","@id":"https:\/\/rothschenk.de\/produkt\/drahtverschlussklemme-19-mm-set-mit-1-000-stueck\/","url":"https:\/\/rothschenk.de\/produkt\/drahtverschlussklemme-19-mm-set-mit-1-000-stueck\/","name":"Drahtverschlussklemme 19 mm | SET mit 1.000 St\u00fcck","isPartOf":{"@id":"https:\/\/rothschenk.de\/#website"},"primaryImageOfPage":{"@id":"https:\/\/rothschenk.de\/produkt\/drahtverschlussklemme-19-mm-set-mit-1-000-stueck\/#primaryimage"},"image":{"@id":"https:\/\/rothschenk.de\/produkt\/drahtverschlussklemme-19-mm-set-mit-1-000-stueck\/#primaryimage"},"thumbnailUrl":"https:\/\/rothschenk.de\/wp-content\/uploads\/2023\/05\/Design-ohne-Titel-7.jpg","datePublished":"2023-05-18T20:00:07+00:00","dateModified":"2026-03-24T06:52:05+00:00","description":"Drahtverschlussklemme \u27a4 Top-Qualit\u00e4t \u2713 19mm \u2713 1000er Set \u2713 f\u00fcr alle Bandtypen geeignet \u2713 Verzinkt und gepr\u00e4gt \u27a4 Jetzt online bestellen!","breadcrumb":{"@id":"https:\/\/rothschenk.de\/produkt\/drahtverschlussklemme-19-mm-set-mit-1-000-stueck\/#breadcrumb"},"inLanguage":"sk-SK","potentialAction":[{"@type":"ReadAction","target":["https:\/\/rothschenk.de\/produkt\/drahtverschlussklemme-19-mm-set-mit-1-000-stueck\/"]}]},{"@type":"ImageObject","inLanguage":"sk-SK","@id":"https:\/\/rothschenk.de\/produkt\/drahtverschlussklemme-19-mm-set-mit-1-000-stueck\/#primaryimage","url":"https:\/\/rothschenk.de\/wp-content\/uploads\/2023\/05\/Design-ohne-Titel-7.jpg","contentUrl":"https:\/\/rothschenk.de\/wp-content\/uploads\/2023\/05\/Design-ohne-Titel-7.jpg","width":1024,"height":1024,"caption":"Drahtverschlussklemme"},{"@type":"BreadcrumbList","@id":"https:\/\/rothschenk.de\/produkt\/drahtverschlussklemme-19-mm-set-mit-1-000-stueck\/#breadcrumb","itemListElement":[{"@type":"ListItem","position":1,"name":"Domovsk\u00e1 str\u00e1nka","item":"https:\/\/rothschenk.de\/sk\/domovska-stranka\/"},{"@type":"ListItem","position":2,"name":"Shop","item":"https:\/\/rothschenk.de\/shop\/"},{"@type":"ListItem","position":3,"name":"Drahtverschlussklemme 19 mm | SET mit 1.000 St\u00fcck"}]},{"@type":"WebSite","@id":"https:\/\/rothschenk.de\/#website","url":"https:\/\/rothschenk.de\/","name":"Rothschenk - Der Online Shop f\u00fcr Ladungssicherung","description":"Der Online Shop f\u00fcr Ladungssicherung","potentialAction":[{"@type":"SearchAction","target":{"@type":"EntryPoint","urlTemplate":"https:\/\/rothschenk.de\/?s={search_term_string}"},"query-input":{"@type":"PropertyValueSpecification","valueRequired":true,"valueName":"search_term_string"}}],"inLanguage":"sk-SK"}]},"product_price_amount":"47.99","product_price_currency":"EUR","og_availability":"instock","product_availability":"instock","product_retailer_item_id":"25393","product_condition":"new"},"_links":{"self":[{"href":"https:\/\/rothschenk.de\/sk\/wp-json\/wp\/v2\/product\/7712","targetHints":{"allow":["GET"]}}],"collection":[{"href":"https:\/\/rothschenk.de\/sk\/wp-json\/wp\/v2\/product"}],"about":[{"href":"https:\/\/rothschenk.de\/sk\/wp-json\/wp\/v2\/types\/product"}],"replies":[{"embeddable":true,"href":"https:\/\/rothschenk.de\/sk\/wp-json\/wp\/v2\/comments?post=7712"}],"wp:featuredmedia":[{"embeddable":true,"href":"https:\/\/rothschenk.de\/sk\/wp-json\/wp\/v2\/media\/85493"}],"wp:attachment":[{"href":"https:\/\/rothschenk.de\/sk\/wp-json\/wp\/v2\/media?parent=7712"}],"wp:term":[{"taxonomy":"product_brand","embeddable":true,"href":"https:\/\/rothschenk.de\/sk\/wp-json\/wp\/v2\/product_brand?post=7712"},{"taxonomy":"product_cat","embeddable":true,"href":"https:\/\/rothschenk.de\/sk\/wp-json\/wp\/v2\/product_cat?post=7712"},{"taxonomy":"product_tag","embeddable":true,"href":"https:\/\/rothschenk.de\/sk\/wp-json\/wp\/v2\/product_tag?post=7712"}],"curies":[{"name":"wp","href":"https:\/\/api.w.org\/{rel}","templated":true}]}}