{"id":7847,"date":"2023-05-17T22:00:55","date_gmt":"2023-05-17T20:00:55","guid":{"rendered":"https:\/\/rothschenk.de\/rothschenk-shop\/?post_type=product&#038;p=7847"},"modified":"2025-12-05T11:02:12","modified_gmt":"2025-12-05T10:02:12","slug":"abrollwagen-fuer-umreifungsband-kern-o-200-mm","status":"publish","type":"product","link":"https:\/\/rothschenk.de\/sk\/produkt\/abrollwagen-fuer-umreifungsband-kern-o-200-mm\/","title":{"rendered":"Abrollwagen f\u00fcr Umreifungsband | Kern- \u00d8 200 mm"},"content":{"rendered":"<h3>Abrollwagen f\u00fcr Umreifungsband | Kern- \u00d8 200 mm<\/h3>\n<p>Der Abrollwagen f\u00fcr Umreifungsb\u00e4nder ist die ideale L\u00f6sung f\u00fcr den m\u00fchelosen Transport und die praktische Handhabung von Umreifungsb\u00e4ndern. Dieser mobile Bandabroller ist speziell f\u00fcr Rollen mit einem Kern-Durchmesser von 200 mm ausgelegt und mit stabilen Rollen ausgestattet. Das bedeutet, dass Sie Ihre Umreifungsb\u00e4nder problemlos auf dem Wagen platzieren k\u00f6nnen, sodass das Band jederzeit griffbereit zum Abrollen ist.<\/p>\n<p>Mithilfe des fahrbaren Bandabrollwagens k\u00f6nnen Sie das Umreifungsband einfach und sicher abrollen. Der integrierte Ablagekasten bietet ausreichend Platz, um zus\u00e4tzliches Zubeh\u00f6r wie Verschlussklammern oder Werkzeuge zu verstauen. Dadurch haben Sie alles, was Sie f\u00fcr Ihre Umreifungsarbeiten ben\u00f6tigen, immer griffbereit und ordentlich organisiert.<\/p>\n","protected":false},"excerpt":{"rendered":"<p>Abrollwagen f\u00fcr Umreifungsband | Kern- \u00d8 200 mm Der Abrollwagen f\u00fcr Umreifungsb\u00e4nder ist die ideale L\u00f6sung f\u00fcr den m\u00fchelosen Transport und die praktische Handhabung von Umreifungsb\u00e4ndern. Dieser mobile Bandabroller ist speziell f\u00fcr Rollen mit einem Kern-Durchmesser von 200 mm ausgelegt und mit stabilen Rollen ausgestattet. Das bedeutet, dass Sie Ihre Umreifungsb\u00e4nder problemlos auf dem Wagen [&hellip;]<\/p>\n","protected":false},"featured_media":85445,"comment_status":"open","ping_status":"closed","template":"","meta":{"_acf_changed":false},"product_brand":[],"product_cat":[62,46],"product_tag":[],"class_list":{"0":"post-7847","1":"product","2":"type-product","3":"status-publish","4":"has-post-thumbnail","6":"product_cat-abroller","7":"product_cat-umreifung","9":"first","10":"onbackorder","11":"taxable","12":"shipping-taxable","13":"purchasable","14":"product-type-simple"},"acf":[],"yoast_head":"<!-- This site is optimized with the Yoast SEO plugin v27.4 - https:\/\/yoast.com\/product\/yoast-seo-wordpress\/ -->\n<title>Abrollwagen f\u00fcr Umreifungsband | Kern- \u00d8 200 mm - Rothschenk<\/title>\n<meta name=\"description\" content=\"Abrollwagen Umreifungsband - Geeignet f\u00fcr Rollen mit 200 mm Kerndurchmesser \u2714 Fahrbarer Wagen \u2714 Farbe: Blau \u25ba Jetzt online bestellen!\" \/>\n<meta name=\"robots\" content=\"index, follow, max-snippet:-1, max-image-preview:large, max-video-preview:-1\" \/>\n<link rel=\"canonical\" href=\"https:\/\/rothschenk.de\/produkt\/abrollwagen-fuer-umreifungsband-kern-o-200-mm\/\" \/>\n<meta property=\"og:locale\" content=\"sk_SK\" \/>\n<meta property=\"og:type\" content=\"article\" \/>\n<meta property=\"og:title\" content=\"Abrollwagen f\u00fcr Umreifungsband | Kern- \u00d8 200 mm - Rothschenk\" \/>\n<meta property=\"og:description\" content=\"Abrollwagen Umreifungsband - Geeignet f\u00fcr Rollen mit 200 mm Kerndurchmesser \u2714 Fahrbarer Wagen \u2714 Farbe: Blau \u25ba Jetzt online bestellen!\" \/>\n<meta property=\"og:url\" content=\"https:\/\/rothschenk.de\/produkt\/abrollwagen-fuer-umreifungsband-kern-o-200-mm\/\" \/>\n<meta property=\"og:site_name\" content=\"Rothschenk\" \/>\n<meta property=\"article:publisher\" content=\"https:\/\/de-de.facebook.com\/FirmaRothschenk\/\" \/>\n<meta property=\"article:modified_time\" content=\"2025-12-05T10:02:12+00:00\" \/>\n<meta property=\"og:image\" content=\"https:\/\/rothschenk.de\/wp-content\/uploads\/2023\/05\/19424_Abroller_fuer_Band_Kern_200__2_w.jpg\" \/>\n\t<meta property=\"og:image:width\" content=\"1024\" \/>\n\t<meta property=\"og:image:height\" content=\"1024\" \/>\n\t<meta property=\"og:image:type\" content=\"image\/jpeg\" \/>\n<meta name=\"twitter:card\" content=\"summary_large_image\" \/>\n<meta name=\"twitter:label1\" content=\"Cena\" \/>\n\t<meta name=\"twitter:data1\" content=\"227,00&nbsp;&euro;\" \/>\n\t<meta name=\"twitter:label2\" content=\"Dostupnos\u0165\" \/>\n\t<meta name=\"twitter:data2\" content=\"Na objedn\u00e1vku\" \/>\n<script type=\"application\/ld+json\" class=\"yoast-schema-graph\">{\"@context\":\"https:\\\/\\\/schema.org\",\"@graph\":[{\"@type\":\"WebPage\",\"@id\":\"https:\\\/\\\/rothschenk.de\\\/produkt\\\/abrollwagen-fuer-umreifungsband-kern-o-200-mm\\\/\",\"url\":\"https:\\\/\\\/rothschenk.de\\\/produkt\\\/abrollwagen-fuer-umreifungsband-kern-o-200-mm\\\/\",\"name\":\"Abrollwagen f\u00fcr Umreifungsband | Kern- \u00d8 200 mm - Rothschenk\",\"isPartOf\":{\"@id\":\"https:\\\/\\\/rothschenk.de\\\/#website\"},\"primaryImageOfPage\":{\"@id\":\"https:\\\/\\\/rothschenk.de\\\/produkt\\\/abrollwagen-fuer-umreifungsband-kern-o-200-mm\\\/#primaryimage\"},\"image\":{\"@id\":\"https:\\\/\\\/rothschenk.de\\\/produkt\\\/abrollwagen-fuer-umreifungsband-kern-o-200-mm\\\/#primaryimage\"},\"thumbnailUrl\":\"https:\\\/\\\/rothschenk.de\\\/wp-content\\\/uploads\\\/2023\\\/05\\\/19424_Abroller_fuer_Band_Kern_200__2_w.jpg\",\"datePublished\":\"2023-05-17T20:00:55+00:00\",\"dateModified\":\"2025-12-05T10:02:12+00:00\",\"description\":\"Abrollwagen Umreifungsband - Geeignet f\u00fcr Rollen mit 200 mm Kerndurchmesser \u2714 Fahrbarer Wagen \u2714 Farbe: Blau \u25ba Jetzt online bestellen!\",\"breadcrumb\":{\"@id\":\"https:\\\/\\\/rothschenk.de\\\/produkt\\\/abrollwagen-fuer-umreifungsband-kern-o-200-mm\\\/#breadcrumb\"},\"inLanguage\":\"sk-SK\",\"potentialAction\":[{\"@type\":\"ReadAction\",\"target\":[\"https:\\\/\\\/rothschenk.de\\\/produkt\\\/abrollwagen-fuer-umreifungsband-kern-o-200-mm\\\/\"]}]},{\"@type\":\"ImageObject\",\"inLanguage\":\"sk-SK\",\"@id\":\"https:\\\/\\\/rothschenk.de\\\/produkt\\\/abrollwagen-fuer-umreifungsband-kern-o-200-mm\\\/#primaryimage\",\"url\":\"https:\\\/\\\/rothschenk.de\\\/wp-content\\\/uploads\\\/2023\\\/05\\\/19424_Abroller_fuer_Band_Kern_200__2_w.jpg\",\"contentUrl\":\"https:\\\/\\\/rothschenk.de\\\/wp-content\\\/uploads\\\/2023\\\/05\\\/19424_Abroller_fuer_Band_Kern_200__2_w.jpg\",\"width\":1024,\"height\":1024,\"caption\":\"Abrollwagen f\u00fcr Umreifungsband mit Ablagekasten\"},{\"@type\":\"BreadcrumbList\",\"@id\":\"https:\\\/\\\/rothschenk.de\\\/produkt\\\/abrollwagen-fuer-umreifungsband-kern-o-200-mm\\\/#breadcrumb\",\"itemListElement\":[{\"@type\":\"ListItem\",\"position\":1,\"name\":\"Domovsk\u00e1 str\u00e1nka\",\"item\":\"https:\\\/\\\/rothschenk.de\\\/sk\\\/domovska-stranka\\\/\"},{\"@type\":\"ListItem\",\"position\":2,\"name\":\"Shop\",\"item\":\"https:\\\/\\\/rothschenk.de\\\/shop\\\/\"},{\"@type\":\"ListItem\",\"position\":3,\"name\":\"Abrollwagen f\u00fcr Umreifungsband | Kern- \u00d8 200 mm\"}]},{\"@type\":\"WebSite\",\"@id\":\"https:\\\/\\\/rothschenk.de\\\/#website\",\"url\":\"https:\\\/\\\/rothschenk.de\\\/\",\"name\":\"Rothschenk - Der Online Shop f\u00fcr Ladungssicherung\",\"description\":\"Der Online Shop f\u00fcr Ladungssicherung\",\"potentialAction\":[{\"@type\":\"SearchAction\",\"target\":{\"@type\":\"EntryPoint\",\"urlTemplate\":\"https:\\\/\\\/rothschenk.de\\\/?s={search_term_string}\"},\"query-input\":{\"@type\":\"PropertyValueSpecification\",\"valueRequired\":true,\"valueName\":\"search_term_string\"}}],\"inLanguage\":\"sk-SK\"}]}<\/script>\n<meta property=\"product:price:amount\" content=\"227.00\" \/>\n<meta property=\"product:price:currency\" content=\"EUR\" \/>\n<meta property=\"og:availability\" content=\"backorder\" \/>\n<meta property=\"product:availability\" content=\"available for order\" \/>\n<meta property=\"product:retailer_item_id\" content=\"19424\" \/>\n<meta property=\"product:condition\" content=\"new\" \/>\n<!-- \/ Yoast SEO plugin. -->","yoast_head_json":{"title":"Abrollwagen f\u00fcr Umreifungsband | Kern- \u00d8 200 mm - Rothschenk","description":"Abrollwagen Umreifungsband - Geeignet f\u00fcr Rollen mit 200 mm Kerndurchmesser \u2714 Fahrbarer Wagen \u2714 Farbe: Blau \u25ba Jetzt online bestellen!","robots":{"index":"index","follow":"follow","max-snippet":"max-snippet:-1","max-image-preview":"max-image-preview:large","max-video-preview":"max-video-preview:-1"},"canonical":"https:\/\/rothschenk.de\/produkt\/abrollwagen-fuer-umreifungsband-kern-o-200-mm\/","og_locale":"sk_SK","og_type":"article","og_title":"Abrollwagen f\u00fcr Umreifungsband | Kern- \u00d8 200 mm - Rothschenk","og_description":"Abrollwagen Umreifungsband - Geeignet f\u00fcr Rollen mit 200 mm Kerndurchmesser \u2714 Fahrbarer Wagen \u2714 Farbe: Blau \u25ba Jetzt online bestellen!","og_url":"https:\/\/rothschenk.de\/produkt\/abrollwagen-fuer-umreifungsband-kern-o-200-mm\/","og_site_name":"Rothschenk","article_publisher":"https:\/\/de-de.facebook.com\/FirmaRothschenk\/","article_modified_time":"2025-12-05T10:02:12+00:00","og_image":[{"width":1024,"height":1024,"url":"https:\/\/rothschenk.de\/wp-content\/uploads\/2023\/05\/19424_Abroller_fuer_Band_Kern_200__2_w.jpg","type":"image\/jpeg"}],"twitter_card":"summary_large_image","twitter_misc":{"Cena":"227,00&nbsp;&euro;","Dostupnos\u0165":"Na objedn\u00e1vku"},"schema":{"@context":"https:\/\/schema.org","@graph":[{"@type":"WebPage","@id":"https:\/\/rothschenk.de\/produkt\/abrollwagen-fuer-umreifungsband-kern-o-200-mm\/","url":"https:\/\/rothschenk.de\/produkt\/abrollwagen-fuer-umreifungsband-kern-o-200-mm\/","name":"Abrollwagen f\u00fcr Umreifungsband | Kern- \u00d8 200 mm - Rothschenk","isPartOf":{"@id":"https:\/\/rothschenk.de\/#website"},"primaryImageOfPage":{"@id":"https:\/\/rothschenk.de\/produkt\/abrollwagen-fuer-umreifungsband-kern-o-200-mm\/#primaryimage"},"image":{"@id":"https:\/\/rothschenk.de\/produkt\/abrollwagen-fuer-umreifungsband-kern-o-200-mm\/#primaryimage"},"thumbnailUrl":"https:\/\/rothschenk.de\/wp-content\/uploads\/2023\/05\/19424_Abroller_fuer_Band_Kern_200__2_w.jpg","datePublished":"2023-05-17T20:00:55+00:00","dateModified":"2025-12-05T10:02:12+00:00","description":"Abrollwagen Umreifungsband - Geeignet f\u00fcr Rollen mit 200 mm Kerndurchmesser \u2714 Fahrbarer Wagen \u2714 Farbe: Blau \u25ba Jetzt online bestellen!","breadcrumb":{"@id":"https:\/\/rothschenk.de\/produkt\/abrollwagen-fuer-umreifungsband-kern-o-200-mm\/#breadcrumb"},"inLanguage":"sk-SK","potentialAction":[{"@type":"ReadAction","target":["https:\/\/rothschenk.de\/produkt\/abrollwagen-fuer-umreifungsband-kern-o-200-mm\/"]}]},{"@type":"ImageObject","inLanguage":"sk-SK","@id":"https:\/\/rothschenk.de\/produkt\/abrollwagen-fuer-umreifungsband-kern-o-200-mm\/#primaryimage","url":"https:\/\/rothschenk.de\/wp-content\/uploads\/2023\/05\/19424_Abroller_fuer_Band_Kern_200__2_w.jpg","contentUrl":"https:\/\/rothschenk.de\/wp-content\/uploads\/2023\/05\/19424_Abroller_fuer_Band_Kern_200__2_w.jpg","width":1024,"height":1024,"caption":"Abrollwagen f\u00fcr Umreifungsband mit Ablagekasten"},{"@type":"BreadcrumbList","@id":"https:\/\/rothschenk.de\/produkt\/abrollwagen-fuer-umreifungsband-kern-o-200-mm\/#breadcrumb","itemListElement":[{"@type":"ListItem","position":1,"name":"Domovsk\u00e1 str\u00e1nka","item":"https:\/\/rothschenk.de\/sk\/domovska-stranka\/"},{"@type":"ListItem","position":2,"name":"Shop","item":"https:\/\/rothschenk.de\/shop\/"},{"@type":"ListItem","position":3,"name":"Abrollwagen f\u00fcr Umreifungsband | Kern- \u00d8 200 mm"}]},{"@type":"WebSite","@id":"https:\/\/rothschenk.de\/#website","url":"https:\/\/rothschenk.de\/","name":"Rothschenk - Der Online Shop f\u00fcr Ladungssicherung","description":"Der Online Shop f\u00fcr Ladungssicherung","potentialAction":[{"@type":"SearchAction","target":{"@type":"EntryPoint","urlTemplate":"https:\/\/rothschenk.de\/?s={search_term_string}"},"query-input":{"@type":"PropertyValueSpecification","valueRequired":true,"valueName":"search_term_string"}}],"inLanguage":"sk-SK"}]},"product_price_amount":"227.00","product_price_currency":"EUR","og_availability":"backorder","product_availability":"available for order","product_retailer_item_id":"19424","product_condition":"new"},"_links":{"self":[{"href":"https:\/\/rothschenk.de\/sk\/wp-json\/wp\/v2\/product\/7847","targetHints":{"allow":["GET"]}}],"collection":[{"href":"https:\/\/rothschenk.de\/sk\/wp-json\/wp\/v2\/product"}],"about":[{"href":"https:\/\/rothschenk.de\/sk\/wp-json\/wp\/v2\/types\/product"}],"replies":[{"embeddable":true,"href":"https:\/\/rothschenk.de\/sk\/wp-json\/wp\/v2\/comments?post=7847"}],"wp:featuredmedia":[{"embeddable":true,"href":"https:\/\/rothschenk.de\/sk\/wp-json\/wp\/v2\/media\/85445"}],"wp:attachment":[{"href":"https:\/\/rothschenk.de\/sk\/wp-json\/wp\/v2\/media?parent=7847"}],"wp:term":[{"taxonomy":"product_brand","embeddable":true,"href":"https:\/\/rothschenk.de\/sk\/wp-json\/wp\/v2\/product_brand?post=7847"},{"taxonomy":"product_cat","embeddable":true,"href":"https:\/\/rothschenk.de\/sk\/wp-json\/wp\/v2\/product_cat?post=7847"},{"taxonomy":"product_tag","embeddable":true,"href":"https:\/\/rothschenk.de\/sk\/wp-json\/wp\/v2\/product_tag?post=7847"}],"curies":[{"name":"wp","href":"https:\/\/api.w.org\/{rel}","templated":true}]}}