{"id":7951,"date":"2022-12-30T21:00:02","date_gmt":"2022-12-30T20:00:02","guid":{"rendered":"https:\/\/rothschenk.de\/rothschenk-shop\/?post_type=product&#038;p=7951"},"modified":"2025-12-02T09:18:07","modified_gmt":"2025-12-02T08:18:07","slug":"container-trockenmittel-kette-mit-haken-600g-20er-set","status":"publish","type":"product","link":"https:\/\/rothschenk.de\/sk\/produkt\/container-trockenmittel-kette-mit-haken-600g-20er-set\/","title":{"rendered":"Container-Trockenmittel | Kette mit Haken 600g | 20er Set"},"content":{"rendered":"<h3>Container-Trockenmittel | Kette mit Haken 600g | 20er Set<\/h3>\n<p>Unser Container-Trockenmittel ist die ideale L\u00f6sung, um Feuchtigkeit und Kondensation in Containern effektiv zu bek\u00e4mpfen. Mit einem praktischen Haken ausgestattet, l\u00e4sst es sich leicht im Container aufh\u00e4ngen.<\/p>\n<p>Feuchtigkeit ist nach wie vor eine der Hauptursachen f\u00fcr Sch\u00e4den an Waren, die in Containern transportiert werden. Dies wird durch steigende Temperaturen und extreme Klimaschwankungen noch verst\u00e4rkt. Trockenmittel sind eine wirksame L\u00f6sung, um Feuchtigkeit zu binden und Sch\u00e4den zu verhindern, sodass Ihre Ladung w\u00e4hrend des Transports in einem optimal trockenen Zustand bleibt. Die gesamte Kette enth\u00e4lt 600 g Trockenmittel.<\/p>\n<p>Die Anzahl der zu verwendenden Trockenmittel ist in erster Linie abh\u00e4ngig von der Art der Ladung, dem zur Verf\u00fcgung stehenden Raum (Luft), der Bef\u00f6rderungsdauer und den Bef\u00f6rderungsklimabedingungen.<\/p>\n","protected":false},"excerpt":{"rendered":"<p>Container-Trockenmittel | Kette mit Haken 600g | 20er Set Unser Container-Trockenmittel ist die ideale L\u00f6sung, um Feuchtigkeit und Kondensation in Containern effektiv zu bek\u00e4mpfen. Mit einem praktischen Haken ausgestattet, l\u00e4sst es sich leicht im Container aufh\u00e4ngen. Feuchtigkeit ist nach wie vor eine der Hauptursachen f\u00fcr Sch\u00e4den an Waren, die in Containern transportiert werden. Dies wird [&hellip;]<\/p>\n","protected":false},"featured_media":542650,"comment_status":"open","ping_status":"closed","template":"","meta":{"_acf_changed":false},"product_brand":[],"product_cat":[84,79],"product_tag":[],"class_list":{"0":"post-7951","1":"product","2":"type-product","3":"status-publish","4":"has-post-thumbnail","6":"product_cat-trockenmittel","7":"product_cat-zubehoer","9":"first","10":"onbackorder","11":"taxable","12":"shipping-taxable","13":"purchasable","14":"product-type-simple"},"acf":[],"yoast_head":"<!-- This site is optimized with the Yoast SEO plugin v27.4 - https:\/\/yoast.com\/product\/yoast-seo-wordpress\/ -->\n<title>Container-Trockenmittel | Kette mit Haken 600g | 20er Set<\/title>\n<meta name=\"description\" content=\"Container-Trockenmittel \u25b6 Zum Aufh\u00e4ngen \u2714 Aus Calciumchlorid und St\u00e4rke \u2714 Zertifizierte Qualit\u00e4t aus Deutschland \u25b6 Jetzt bei Rothschenk bestellen!\" \/>\n<meta name=\"robots\" content=\"index, follow, max-snippet:-1, max-image-preview:large, max-video-preview:-1\" \/>\n<link rel=\"canonical\" href=\"https:\/\/rothschenk.de\/produkt\/container-trockenmittel-kette-mit-haken-600g-20er-set\/\" \/>\n<meta property=\"og:locale\" content=\"sk_SK\" \/>\n<meta property=\"og:type\" content=\"article\" \/>\n<meta property=\"og:title\" content=\"Container-Trockenmittel | Kette mit Haken 600g | 20er Set\" \/>\n<meta property=\"og:description\" content=\"Container-Trockenmittel \u25b6 Zum Aufh\u00e4ngen \u2714 Aus Calciumchlorid und St\u00e4rke \u2714 Zertifizierte Qualit\u00e4t aus Deutschland \u25b6 Jetzt bei Rothschenk bestellen!\" \/>\n<meta property=\"og:url\" content=\"https:\/\/rothschenk.de\/produkt\/container-trockenmittel-kette-mit-haken-600g-20er-set\/\" \/>\n<meta property=\"og:site_name\" content=\"Rothschenk\" \/>\n<meta property=\"article:publisher\" content=\"https:\/\/de-de.facebook.com\/FirmaRothschenk\/\" \/>\n<meta property=\"article:modified_time\" content=\"2025-12-02T08:18:07+00:00\" \/>\n<meta property=\"og:image\" content=\"https:\/\/rothschenk.de\/wp-content\/uploads\/2022\/12\/Trockenmittel-container-kette-feuchtigkeit-3.jpg\" \/>\n\t<meta property=\"og:image:width\" content=\"1024\" \/>\n\t<meta property=\"og:image:height\" content=\"1024\" \/>\n\t<meta property=\"og:image:type\" content=\"image\/jpeg\" \/>\n<meta name=\"twitter:card\" content=\"summary_large_image\" \/>\n<meta name=\"twitter:label1\" content=\"Cena\" \/>\n\t<meta name=\"twitter:data1\" content=\"134,80&nbsp;&euro;\" \/>\n\t<meta name=\"twitter:label2\" content=\"Dostupnos\u0165\" \/>\n\t<meta name=\"twitter:data2\" content=\"Na objedn\u00e1vku\" \/>\n<script type=\"application\/ld+json\" class=\"yoast-schema-graph\">{\"@context\":\"https:\\\/\\\/schema.org\",\"@graph\":[{\"@type\":\"WebPage\",\"@id\":\"https:\\\/\\\/rothschenk.de\\\/produkt\\\/container-trockenmittel-kette-mit-haken-600g-20er-set\\\/\",\"url\":\"https:\\\/\\\/rothschenk.de\\\/produkt\\\/container-trockenmittel-kette-mit-haken-600g-20er-set\\\/\",\"name\":\"Container-Trockenmittel | Kette mit Haken 600g | 20er Set\",\"isPartOf\":{\"@id\":\"https:\\\/\\\/rothschenk.de\\\/#website\"},\"primaryImageOfPage\":{\"@id\":\"https:\\\/\\\/rothschenk.de\\\/produkt\\\/container-trockenmittel-kette-mit-haken-600g-20er-set\\\/#primaryimage\"},\"image\":{\"@id\":\"https:\\\/\\\/rothschenk.de\\\/produkt\\\/container-trockenmittel-kette-mit-haken-600g-20er-set\\\/#primaryimage\"},\"thumbnailUrl\":\"https:\\\/\\\/rothschenk.de\\\/wp-content\\\/uploads\\\/2022\\\/12\\\/Trockenmittel-container-kette-feuchtigkeit-3.jpg\",\"datePublished\":\"2022-12-30T20:00:02+00:00\",\"dateModified\":\"2025-12-02T08:18:07+00:00\",\"description\":\"Container-Trockenmittel \u25b6 Zum Aufh\u00e4ngen \u2714 Aus Calciumchlorid und St\u00e4rke \u2714 Zertifizierte Qualit\u00e4t aus Deutschland \u25b6 Jetzt bei Rothschenk bestellen!\",\"breadcrumb\":{\"@id\":\"https:\\\/\\\/rothschenk.de\\\/produkt\\\/container-trockenmittel-kette-mit-haken-600g-20er-set\\\/#breadcrumb\"},\"inLanguage\":\"sk-SK\",\"potentialAction\":[{\"@type\":\"ReadAction\",\"target\":[\"https:\\\/\\\/rothschenk.de\\\/produkt\\\/container-trockenmittel-kette-mit-haken-600g-20er-set\\\/\"]}]},{\"@type\":\"ImageObject\",\"inLanguage\":\"sk-SK\",\"@id\":\"https:\\\/\\\/rothschenk.de\\\/produkt\\\/container-trockenmittel-kette-mit-haken-600g-20er-set\\\/#primaryimage\",\"url\":\"https:\\\/\\\/rothschenk.de\\\/wp-content\\\/uploads\\\/2022\\\/12\\\/Trockenmittel-container-kette-feuchtigkeit-3.jpg\",\"contentUrl\":\"https:\\\/\\\/rothschenk.de\\\/wp-content\\\/uploads\\\/2022\\\/12\\\/Trockenmittel-container-kette-feuchtigkeit-3.jpg\",\"width\":1024,\"height\":1024,\"caption\":\"Trockenmittel Kette mit Haken f\u00fcr Container\u00f6se\"},{\"@type\":\"BreadcrumbList\",\"@id\":\"https:\\\/\\\/rothschenk.de\\\/produkt\\\/container-trockenmittel-kette-mit-haken-600g-20er-set\\\/#breadcrumb\",\"itemListElement\":[{\"@type\":\"ListItem\",\"position\":1,\"name\":\"Domovsk\u00e1 str\u00e1nka\",\"item\":\"https:\\\/\\\/rothschenk.de\\\/sk\\\/domovska-stranka\\\/\"},{\"@type\":\"ListItem\",\"position\":2,\"name\":\"Shop\",\"item\":\"https:\\\/\\\/rothschenk.de\\\/shop\\\/\"},{\"@type\":\"ListItem\",\"position\":3,\"name\":\"Container-Trockenmittel | Kette mit Haken 600g | 20er Set\"}]},{\"@type\":\"WebSite\",\"@id\":\"https:\\\/\\\/rothschenk.de\\\/#website\",\"url\":\"https:\\\/\\\/rothschenk.de\\\/\",\"name\":\"Rothschenk - Der Online Shop f\u00fcr Ladungssicherung\",\"description\":\"Der Online Shop f\u00fcr Ladungssicherung\",\"potentialAction\":[{\"@type\":\"SearchAction\",\"target\":{\"@type\":\"EntryPoint\",\"urlTemplate\":\"https:\\\/\\\/rothschenk.de\\\/?s={search_term_string}\"},\"query-input\":{\"@type\":\"PropertyValueSpecification\",\"valueRequired\":true,\"valueName\":\"search_term_string\"}}],\"inLanguage\":\"sk-SK\"}]}<\/script>\n<meta property=\"product:price:amount\" content=\"134.80\" \/>\n<meta property=\"product:price:currency\" content=\"EUR\" \/>\n<meta property=\"og:availability\" content=\"backorder\" \/>\n<meta property=\"product:availability\" content=\"available for order\" \/>\n<meta property=\"product:retailer_item_id\" content=\"22140-PAK\" \/>\n<meta property=\"product:condition\" content=\"new\" \/>\n<!-- \/ Yoast SEO plugin. -->","yoast_head_json":{"title":"Container-Trockenmittel | Kette mit Haken 600g | 20er Set","description":"Container-Trockenmittel \u25b6 Zum Aufh\u00e4ngen \u2714 Aus Calciumchlorid und St\u00e4rke \u2714 Zertifizierte Qualit\u00e4t aus Deutschland \u25b6 Jetzt bei Rothschenk bestellen!","robots":{"index":"index","follow":"follow","max-snippet":"max-snippet:-1","max-image-preview":"max-image-preview:large","max-video-preview":"max-video-preview:-1"},"canonical":"https:\/\/rothschenk.de\/produkt\/container-trockenmittel-kette-mit-haken-600g-20er-set\/","og_locale":"sk_SK","og_type":"article","og_title":"Container-Trockenmittel | Kette mit Haken 600g | 20er Set","og_description":"Container-Trockenmittel \u25b6 Zum Aufh\u00e4ngen \u2714 Aus Calciumchlorid und St\u00e4rke \u2714 Zertifizierte Qualit\u00e4t aus Deutschland \u25b6 Jetzt bei Rothschenk bestellen!","og_url":"https:\/\/rothschenk.de\/produkt\/container-trockenmittel-kette-mit-haken-600g-20er-set\/","og_site_name":"Rothschenk","article_publisher":"https:\/\/de-de.facebook.com\/FirmaRothschenk\/","article_modified_time":"2025-12-02T08:18:07+00:00","og_image":[{"width":1024,"height":1024,"url":"https:\/\/rothschenk.de\/wp-content\/uploads\/2022\/12\/Trockenmittel-container-kette-feuchtigkeit-3.jpg","type":"image\/jpeg"}],"twitter_card":"summary_large_image","twitter_misc":{"Cena":"134,80&nbsp;&euro;","Dostupnos\u0165":"Na objedn\u00e1vku"},"schema":{"@context":"https:\/\/schema.org","@graph":[{"@type":"WebPage","@id":"https:\/\/rothschenk.de\/produkt\/container-trockenmittel-kette-mit-haken-600g-20er-set\/","url":"https:\/\/rothschenk.de\/produkt\/container-trockenmittel-kette-mit-haken-600g-20er-set\/","name":"Container-Trockenmittel | Kette mit Haken 600g | 20er Set","isPartOf":{"@id":"https:\/\/rothschenk.de\/#website"},"primaryImageOfPage":{"@id":"https:\/\/rothschenk.de\/produkt\/container-trockenmittel-kette-mit-haken-600g-20er-set\/#primaryimage"},"image":{"@id":"https:\/\/rothschenk.de\/produkt\/container-trockenmittel-kette-mit-haken-600g-20er-set\/#primaryimage"},"thumbnailUrl":"https:\/\/rothschenk.de\/wp-content\/uploads\/2022\/12\/Trockenmittel-container-kette-feuchtigkeit-3.jpg","datePublished":"2022-12-30T20:00:02+00:00","dateModified":"2025-12-02T08:18:07+00:00","description":"Container-Trockenmittel \u25b6 Zum Aufh\u00e4ngen \u2714 Aus Calciumchlorid und St\u00e4rke \u2714 Zertifizierte Qualit\u00e4t aus Deutschland \u25b6 Jetzt bei Rothschenk bestellen!","breadcrumb":{"@id":"https:\/\/rothschenk.de\/produkt\/container-trockenmittel-kette-mit-haken-600g-20er-set\/#breadcrumb"},"inLanguage":"sk-SK","potentialAction":[{"@type":"ReadAction","target":["https:\/\/rothschenk.de\/produkt\/container-trockenmittel-kette-mit-haken-600g-20er-set\/"]}]},{"@type":"ImageObject","inLanguage":"sk-SK","@id":"https:\/\/rothschenk.de\/produkt\/container-trockenmittel-kette-mit-haken-600g-20er-set\/#primaryimage","url":"https:\/\/rothschenk.de\/wp-content\/uploads\/2022\/12\/Trockenmittel-container-kette-feuchtigkeit-3.jpg","contentUrl":"https:\/\/rothschenk.de\/wp-content\/uploads\/2022\/12\/Trockenmittel-container-kette-feuchtigkeit-3.jpg","width":1024,"height":1024,"caption":"Trockenmittel Kette mit Haken f\u00fcr Container\u00f6se"},{"@type":"BreadcrumbList","@id":"https:\/\/rothschenk.de\/produkt\/container-trockenmittel-kette-mit-haken-600g-20er-set\/#breadcrumb","itemListElement":[{"@type":"ListItem","position":1,"name":"Domovsk\u00e1 str\u00e1nka","item":"https:\/\/rothschenk.de\/sk\/domovska-stranka\/"},{"@type":"ListItem","position":2,"name":"Shop","item":"https:\/\/rothschenk.de\/shop\/"},{"@type":"ListItem","position":3,"name":"Container-Trockenmittel | Kette mit Haken 600g | 20er Set"}]},{"@type":"WebSite","@id":"https:\/\/rothschenk.de\/#website","url":"https:\/\/rothschenk.de\/","name":"Rothschenk - Der Online Shop f\u00fcr Ladungssicherung","description":"Der Online Shop f\u00fcr Ladungssicherung","potentialAction":[{"@type":"SearchAction","target":{"@type":"EntryPoint","urlTemplate":"https:\/\/rothschenk.de\/?s={search_term_string}"},"query-input":{"@type":"PropertyValueSpecification","valueRequired":true,"valueName":"search_term_string"}}],"inLanguage":"sk-SK"}]},"product_price_amount":"134.80","product_price_currency":"EUR","og_availability":"backorder","product_availability":"available for order","product_retailer_item_id":"22140-PAK","product_condition":"new"},"_links":{"self":[{"href":"https:\/\/rothschenk.de\/sk\/wp-json\/wp\/v2\/product\/7951","targetHints":{"allow":["GET"]}}],"collection":[{"href":"https:\/\/rothschenk.de\/sk\/wp-json\/wp\/v2\/product"}],"about":[{"href":"https:\/\/rothschenk.de\/sk\/wp-json\/wp\/v2\/types\/product"}],"replies":[{"embeddable":true,"href":"https:\/\/rothschenk.de\/sk\/wp-json\/wp\/v2\/comments?post=7951"}],"wp:featuredmedia":[{"embeddable":true,"href":"https:\/\/rothschenk.de\/sk\/wp-json\/wp\/v2\/media\/542650"}],"wp:attachment":[{"href":"https:\/\/rothschenk.de\/sk\/wp-json\/wp\/v2\/media?parent=7951"}],"wp:term":[{"taxonomy":"product_brand","embeddable":true,"href":"https:\/\/rothschenk.de\/sk\/wp-json\/wp\/v2\/product_brand?post=7951"},{"taxonomy":"product_cat","embeddable":true,"href":"https:\/\/rothschenk.de\/sk\/wp-json\/wp\/v2\/product_cat?post=7951"},{"taxonomy":"product_tag","embeddable":true,"href":"https:\/\/rothschenk.de\/sk\/wp-json\/wp\/v2\/product_tag?post=7951"}],"curies":[{"name":"wp","href":"https:\/\/api.w.org\/{rel}","templated":true}]}}