{"id":8016,"date":"2022-12-28T20:00:14","date_gmt":"2022-12-28T19:00:14","guid":{"rendered":"https:\/\/rothschenk.de\/rothschenk-shop\/?post_type=product&#038;p=8016"},"modified":"2025-04-10T14:13:24","modified_gmt":"2025-04-10T12:13:24","slug":"positionerhilfe-greifarm-easypick","status":"publish","type":"product","link":"https:\/\/rothschenk.de\/sk\/produkt\/positionerhilfe-greifarm-easypick\/","title":{"rendered":"Positionierhilfe | Greifarm &#8222;EasyPick&#8220;"},"content":{"rendered":"<h3>Positionierhilfe | Greifarm &#8222;EasyPick&#8220;<\/h3>\n<p>Die Positionierhilfe &#8222;EasyPick&#8220; ist ein praktisches Werkzeug f\u00fcr das einfache Platzieren und Bewegen von Staupolstern oder Lashings. Mit gummierten Greifern und einem Teleskopstiel von ca. 2 Metern L\u00e4nge erm\u00f6glicht er eine schonende Handhabung und sicheres Arbeiten.<\/p>\n<p>Im Transport- und Logistikbereich ist der Greifarm ein unverzichtbarer Helfer f\u00fcr effizientes Handling.<\/p>\n<p>Auch im Lager oder im privaten Bereich gibt es zahlreiche Einsatzm\u00f6glichkeiten. Der Greifarm kann in verschiedenen Heimwerkerprojekten eingesetzt werden, um Gegenst\u00e4nde zu positionieren oder zu bewegen, ohne sich in unbequeme Positionen begeben zu m\u00fcssen. Auch bei der Gartenarbeit ist der Greifarm eine wertvolle Unterst\u00fctzung.<\/p>\n<p>&nbsp;<\/p>\n","protected":false},"excerpt":{"rendered":"<p><button class=\"product_button\"><a href=\"https:\/\/rothschenk.de\/rothschenk-shop\/kontakt\/\">Jetzt unverbindlich anfragen!<\/a><\/button><\/p>\n","protected":false},"featured_media":35254,"comment_status":"open","ping_status":"closed","template":"","meta":{"_acf_changed":false},"product_brand":[],"product_cat":[80,79],"product_tag":[],"class_list":{"0":"post-8016","1":"product","2":"type-product","3":"status-publish","4":"has-post-thumbnail","6":"product_cat-ladungssicherungs-tools","7":"product_cat-zubehoer","9":"first","10":"outofstock","11":"product-type-simple"},"acf":[],"yoast_head":"<!-- This site is optimized with the Yoast SEO plugin v27.3 - https:\/\/yoast.com\/product\/yoast-seo-wordpress\/ -->\n<title>Positionierhilfe | Greifarm &quot;EasyPick&quot; - Rothschenk<\/title>\n<meta name=\"description\" content=\"Greifarm EasyPick Positionierhilfe f\u00fcr schwer erreichbare Stellen \u27a4 Direkt vom Hersteller \u27a4 Tiefpreise \u2713 Schnell verf\u00fcgbar\" \/>\n<meta name=\"robots\" content=\"index, follow, max-snippet:-1, max-image-preview:large, max-video-preview:-1\" \/>\n<link rel=\"canonical\" href=\"https:\/\/rothschenk.de\/produkt\/positionerhilfe-greifarm-easypick\/\" \/>\n<meta property=\"og:locale\" content=\"sk_SK\" \/>\n<meta property=\"og:type\" content=\"article\" \/>\n<meta property=\"og:title\" content=\"Positionierhilfe | Greifarm &quot;EasyPick&quot; - Rothschenk\" \/>\n<meta property=\"og:description\" content=\"Greifarm EasyPick Positionierhilfe f\u00fcr schwer erreichbare Stellen \u27a4 Direkt vom Hersteller \u27a4 Tiefpreise \u2713 Schnell verf\u00fcgbar\" \/>\n<meta property=\"og:url\" content=\"https:\/\/rothschenk.de\/produkt\/positionerhilfe-greifarm-easypick\/\" \/>\n<meta property=\"og:site_name\" content=\"Rothschenk\" \/>\n<meta property=\"article:publisher\" content=\"https:\/\/de-de.facebook.com\/FirmaRothschenk\/\" \/>\n<meta property=\"article:modified_time\" content=\"2025-04-10T12:13:24+00:00\" \/>\n<meta property=\"og:image\" content=\"https:\/\/rothschenk.de\/wp-content\/uploads\/2023\/06\/24294_Positionierhilfe-Greifarm-EasyPick-4.jpg\" \/>\n\t<meta property=\"og:image:width\" content=\"1024\" \/>\n\t<meta property=\"og:image:height\" content=\"1024\" \/>\n\t<meta property=\"og:image:type\" content=\"image\/jpeg\" \/>\n<meta name=\"twitter:card\" content=\"summary_large_image\" \/>\n<meta name=\"twitter:label1\" content=\"Cena\" \/>\n\t<meta name=\"twitter:data1\" content=\"\" \/>\n\t<meta name=\"twitter:label2\" content=\"Dostupnos\u0165\" \/>\n\t<meta name=\"twitter:data2\" content=\"Nie je na sklade\" \/>\n<script type=\"application\/ld+json\" class=\"yoast-schema-graph\">{\"@context\":\"https:\\\/\\\/schema.org\",\"@graph\":[{\"@type\":\"WebPage\",\"@id\":\"https:\\\/\\\/rothschenk.de\\\/produkt\\\/positionerhilfe-greifarm-easypick\\\/\",\"url\":\"https:\\\/\\\/rothschenk.de\\\/produkt\\\/positionerhilfe-greifarm-easypick\\\/\",\"name\":\"Positionierhilfe | Greifarm \\\"EasyPick\\\" - Rothschenk\",\"isPartOf\":{\"@id\":\"https:\\\/\\\/rothschenk.de\\\/#website\"},\"primaryImageOfPage\":{\"@id\":\"https:\\\/\\\/rothschenk.de\\\/produkt\\\/positionerhilfe-greifarm-easypick\\\/#primaryimage\"},\"image\":{\"@id\":\"https:\\\/\\\/rothschenk.de\\\/produkt\\\/positionerhilfe-greifarm-easypick\\\/#primaryimage\"},\"thumbnailUrl\":\"https:\\\/\\\/rothschenk.de\\\/wp-content\\\/uploads\\\/2023\\\/06\\\/24294_Positionierhilfe-Greifarm-EasyPick-4.jpg\",\"datePublished\":\"2022-12-28T19:00:14+00:00\",\"dateModified\":\"2025-04-10T12:13:24+00:00\",\"description\":\"Greifarm EasyPick Positionierhilfe f\u00fcr schwer erreichbare Stellen \u27a4 Direkt vom Hersteller \u27a4 Tiefpreise \u2713 Schnell verf\u00fcgbar\",\"breadcrumb\":{\"@id\":\"https:\\\/\\\/rothschenk.de\\\/produkt\\\/positionerhilfe-greifarm-easypick\\\/#breadcrumb\"},\"inLanguage\":\"sk-SK\",\"potentialAction\":[{\"@type\":\"ReadAction\",\"target\":[\"https:\\\/\\\/rothschenk.de\\\/produkt\\\/positionerhilfe-greifarm-easypick\\\/\"]}]},{\"@type\":\"ImageObject\",\"inLanguage\":\"sk-SK\",\"@id\":\"https:\\\/\\\/rothschenk.de\\\/produkt\\\/positionerhilfe-greifarm-easypick\\\/#primaryimage\",\"url\":\"https:\\\/\\\/rothschenk.de\\\/wp-content\\\/uploads\\\/2023\\\/06\\\/24294_Positionierhilfe-Greifarm-EasyPick-4.jpg\",\"contentUrl\":\"https:\\\/\\\/rothschenk.de\\\/wp-content\\\/uploads\\\/2023\\\/06\\\/24294_Positionierhilfe-Greifarm-EasyPick-4.jpg\",\"width\":1024,\"height\":1024,\"caption\":\"Positionierhilfe EasyPick\"},{\"@type\":\"BreadcrumbList\",\"@id\":\"https:\\\/\\\/rothschenk.de\\\/produkt\\\/positionerhilfe-greifarm-easypick\\\/#breadcrumb\",\"itemListElement\":[{\"@type\":\"ListItem\",\"position\":1,\"name\":\"Domovsk\u00e1 str\u00e1nka\",\"item\":\"https:\\\/\\\/rothschenk.de\\\/sk\\\/domovska-stranka\\\/\"},{\"@type\":\"ListItem\",\"position\":2,\"name\":\"Shop\",\"item\":\"https:\\\/\\\/rothschenk.de\\\/shop\\\/\"},{\"@type\":\"ListItem\",\"position\":3,\"name\":\"Positionierhilfe | Greifarm &#8222;EasyPick&#8220;\"}]},{\"@type\":\"WebSite\",\"@id\":\"https:\\\/\\\/rothschenk.de\\\/#website\",\"url\":\"https:\\\/\\\/rothschenk.de\\\/\",\"name\":\"Rothschenk - Der Online Shop f\u00fcr Ladungssicherung\",\"description\":\"Der Online Shop f\u00fcr Ladungssicherung\",\"potentialAction\":[{\"@type\":\"SearchAction\",\"target\":{\"@type\":\"EntryPoint\",\"urlTemplate\":\"https:\\\/\\\/rothschenk.de\\\/?s={search_term_string}\"},\"query-input\":{\"@type\":\"PropertyValueSpecification\",\"valueRequired\":true,\"valueName\":\"search_term_string\"}}],\"inLanguage\":\"sk-SK\"}]}<\/script>\n<meta property=\"product:price:currency\" content=\"EUR\" \/>\n<meta property=\"og:availability\" content=\"out of stock\" \/>\n<meta property=\"product:availability\" content=\"out of stock\" \/>\n<meta property=\"product:retailer_item_id\" content=\"24294\" \/>\n<meta property=\"product:condition\" content=\"new\" \/>\n<!-- \/ Yoast SEO plugin. -->","yoast_head_json":{"title":"Positionierhilfe | Greifarm \"EasyPick\" - Rothschenk","description":"Greifarm EasyPick Positionierhilfe f\u00fcr schwer erreichbare Stellen \u27a4 Direkt vom Hersteller \u27a4 Tiefpreise \u2713 Schnell verf\u00fcgbar","robots":{"index":"index","follow":"follow","max-snippet":"max-snippet:-1","max-image-preview":"max-image-preview:large","max-video-preview":"max-video-preview:-1"},"canonical":"https:\/\/rothschenk.de\/produkt\/positionerhilfe-greifarm-easypick\/","og_locale":"sk_SK","og_type":"article","og_title":"Positionierhilfe | Greifarm \"EasyPick\" - Rothschenk","og_description":"Greifarm EasyPick Positionierhilfe f\u00fcr schwer erreichbare Stellen \u27a4 Direkt vom Hersteller \u27a4 Tiefpreise \u2713 Schnell verf\u00fcgbar","og_url":"https:\/\/rothschenk.de\/produkt\/positionerhilfe-greifarm-easypick\/","og_site_name":"Rothschenk","article_publisher":"https:\/\/de-de.facebook.com\/FirmaRothschenk\/","article_modified_time":"2025-04-10T12:13:24+00:00","og_image":[{"width":1024,"height":1024,"url":"https:\/\/rothschenk.de\/wp-content\/uploads\/2023\/06\/24294_Positionierhilfe-Greifarm-EasyPick-4.jpg","type":"image\/jpeg"}],"twitter_card":"summary_large_image","twitter_misc":{"Cena":"","Dostupnos\u0165":"Nie je na sklade"},"schema":{"@context":"https:\/\/schema.org","@graph":[{"@type":"WebPage","@id":"https:\/\/rothschenk.de\/produkt\/positionerhilfe-greifarm-easypick\/","url":"https:\/\/rothschenk.de\/produkt\/positionerhilfe-greifarm-easypick\/","name":"Positionierhilfe | Greifarm \"EasyPick\" - Rothschenk","isPartOf":{"@id":"https:\/\/rothschenk.de\/#website"},"primaryImageOfPage":{"@id":"https:\/\/rothschenk.de\/produkt\/positionerhilfe-greifarm-easypick\/#primaryimage"},"image":{"@id":"https:\/\/rothschenk.de\/produkt\/positionerhilfe-greifarm-easypick\/#primaryimage"},"thumbnailUrl":"https:\/\/rothschenk.de\/wp-content\/uploads\/2023\/06\/24294_Positionierhilfe-Greifarm-EasyPick-4.jpg","datePublished":"2022-12-28T19:00:14+00:00","dateModified":"2025-04-10T12:13:24+00:00","description":"Greifarm EasyPick Positionierhilfe f\u00fcr schwer erreichbare Stellen \u27a4 Direkt vom Hersteller \u27a4 Tiefpreise \u2713 Schnell verf\u00fcgbar","breadcrumb":{"@id":"https:\/\/rothschenk.de\/produkt\/positionerhilfe-greifarm-easypick\/#breadcrumb"},"inLanguage":"sk-SK","potentialAction":[{"@type":"ReadAction","target":["https:\/\/rothschenk.de\/produkt\/positionerhilfe-greifarm-easypick\/"]}]},{"@type":"ImageObject","inLanguage":"sk-SK","@id":"https:\/\/rothschenk.de\/produkt\/positionerhilfe-greifarm-easypick\/#primaryimage","url":"https:\/\/rothschenk.de\/wp-content\/uploads\/2023\/06\/24294_Positionierhilfe-Greifarm-EasyPick-4.jpg","contentUrl":"https:\/\/rothschenk.de\/wp-content\/uploads\/2023\/06\/24294_Positionierhilfe-Greifarm-EasyPick-4.jpg","width":1024,"height":1024,"caption":"Positionierhilfe EasyPick"},{"@type":"BreadcrumbList","@id":"https:\/\/rothschenk.de\/produkt\/positionerhilfe-greifarm-easypick\/#breadcrumb","itemListElement":[{"@type":"ListItem","position":1,"name":"Domovsk\u00e1 str\u00e1nka","item":"https:\/\/rothschenk.de\/sk\/domovska-stranka\/"},{"@type":"ListItem","position":2,"name":"Shop","item":"https:\/\/rothschenk.de\/shop\/"},{"@type":"ListItem","position":3,"name":"Positionierhilfe | Greifarm &#8222;EasyPick&#8220;"}]},{"@type":"WebSite","@id":"https:\/\/rothschenk.de\/#website","url":"https:\/\/rothschenk.de\/","name":"Rothschenk - Der Online Shop f\u00fcr Ladungssicherung","description":"Der Online Shop f\u00fcr Ladungssicherung","potentialAction":[{"@type":"SearchAction","target":{"@type":"EntryPoint","urlTemplate":"https:\/\/rothschenk.de\/?s={search_term_string}"},"query-input":{"@type":"PropertyValueSpecification","valueRequired":true,"valueName":"search_term_string"}}],"inLanguage":"sk-SK"}]},"product_price_currency":"EUR","og_availability":"out of stock","product_availability":"out of stock","product_retailer_item_id":"24294","product_condition":"new"},"_links":{"self":[{"href":"https:\/\/rothschenk.de\/sk\/wp-json\/wp\/v2\/product\/8016","targetHints":{"allow":["GET"]}}],"collection":[{"href":"https:\/\/rothschenk.de\/sk\/wp-json\/wp\/v2\/product"}],"about":[{"href":"https:\/\/rothschenk.de\/sk\/wp-json\/wp\/v2\/types\/product"}],"replies":[{"embeddable":true,"href":"https:\/\/rothschenk.de\/sk\/wp-json\/wp\/v2\/comments?post=8016"}],"wp:featuredmedia":[{"embeddable":true,"href":"https:\/\/rothschenk.de\/sk\/wp-json\/wp\/v2\/media\/35254"}],"wp:attachment":[{"href":"https:\/\/rothschenk.de\/sk\/wp-json\/wp\/v2\/media?parent=8016"}],"wp:term":[{"taxonomy":"product_brand","embeddable":true,"href":"https:\/\/rothschenk.de\/sk\/wp-json\/wp\/v2\/product_brand?post=8016"},{"taxonomy":"product_cat","embeddable":true,"href":"https:\/\/rothschenk.de\/sk\/wp-json\/wp\/v2\/product_cat?post=8016"},{"taxonomy":"product_tag","embeddable":true,"href":"https:\/\/rothschenk.de\/sk\/wp-json\/wp\/v2\/product_tag?post=8016"}],"curies":[{"name":"wp","href":"https:\/\/api.w.org\/{rel}","templated":true}]}}