{"id":92434,"date":"2023-04-01T11:00:50","date_gmt":"2023-04-01T09:00:50","guid":{"rendered":"https:\/\/rothschenk.de\/rothschenk-shop\/?post_type=product&#038;p=92434"},"modified":"2026-04-01T09:02:31","modified_gmt":"2026-04-01T07:02:31","slug":"fasssicherung-oe-600-komplettset-mit-palettenhaken","status":"publish","type":"product","link":"https:\/\/rothschenk.de\/sk\/produkt\/fasssicherung-oe-600-komplettset-mit-palettenhaken\/","title":{"rendered":"Fasssicherung \u00d8 600 | Komplettset mit Palettenhaken"},"content":{"rendered":"<h3>Fasssicherung \/ Fassverzurrung \u00d8 600 | Mehrwegsystem | Komplettset mit Palettenhaken<\/h3>\n<p>Mit der Rothschenk Fasssicherung (auch Fassverzurrung genannt) sichern Sie schnell und zuverl\u00e4ssig F\u00e4sser auf einer Europalette.<br \/>\nF\u00fcr den Anwender ist die Fasssicherung denkbar einfach konzipiert:<\/p>\n<p>Sie legen das vorgefertigte Gurtband \u00fcber das Fass und fixieren die Enden mithilfe der angen\u00e4hten Palettenhaken. Anschlie\u00dfend zurren Sie das gesamte System mithilfe der Ratschengurte fest. Auf diese Art sichern Sie 200 Liter F\u00e4sser auf einer Europalette.<br \/>\nGerade im Werksverkehr, f\u00fcr innerbetrieblichen Transport und Unternehmen mit dem Fokus auf ein nachhaltiges Transportwesen ist eine Mehrwegl\u00f6sung ein gro\u00dfer Pluspunkt.<\/p>\n<p>Als Alternative bieten wir Ihnen auch ein <a href=\"https:\/\/rothschenk.de\/produkt\/fasssicherung-o-600-mehrwegsystem\/\">Komplettset mit Klemmschlossgurten<\/a> oder nur das <a href=\"https:\/\/rothschenk.de\/produkt\/fasssicherung-o-600-oberteil-zertifiziert\/\">Oberteil<\/a> ohne angen\u00e4hte Zurrgurte an.<\/p>\n","protected":false},"excerpt":{"rendered":"<p>Fasssicherung \/ Fassverzurrung \u00d8 600 | Mehrwegsystem | Komplettset mit Palettenhaken Mit der Rothschenk Fasssicherung (auch Fassverzurrung genannt) sichern Sie schnell und zuverl\u00e4ssig F\u00e4sser auf einer Europalette. F\u00fcr den Anwender ist die Fasssicherung denkbar einfach konzipiert: Sie legen das vorgefertigte Gurtband \u00fcber das Fass und fixieren die Enden mithilfe der angen\u00e4hten Palettenhaken. Anschlie\u00dfend zurren Sie [&hellip;]<\/p>\n","protected":false},"featured_media":92465,"comment_status":"open","ping_status":"closed","template":"","meta":{"_acf_changed":false},"product_brand":[],"product_cat":[45,64],"product_tag":[],"class_list":{"0":"post-92434","1":"product","2":"type-product","3":"status-publish","4":"has-post-thumbnail","6":"product_cat-fass-sicherung","7":"product_cat-fasssicherung","9":"first","10":"instock","11":"taxable","12":"shipping-taxable","13":"purchasable","14":"product-type-simple"},"acf":[],"yoast_head":"<!-- This site is optimized with the Yoast SEO plugin v27.3 - https:\/\/yoast.com\/product\/yoast-seo-wordpress\/ -->\n<title>Fasssicherung \u00d8 600 | Komplettset mit Palettenhaken - Rothschenk<\/title>\n<meta name=\"description\" content=\"Fasssicherung \u25b6 Gurtband 50 mm Polyester (PES) \u2713 2x Zurrgurt und Palettenhaken \u2713 F\u00fcr 200 Liter Stahlfass oder Kunststofffass \u2713 Jetzt bestellen!\" \/>\n<meta name=\"robots\" content=\"index, follow, max-snippet:-1, max-image-preview:large, max-video-preview:-1\" \/>\n<link rel=\"canonical\" href=\"https:\/\/rothschenk.de\/produkt\/fasssicherung-oe-600-komplettset-mit-palettenhaken\/\" \/>\n<meta property=\"og:locale\" content=\"sk_SK\" \/>\n<meta property=\"og:type\" content=\"article\" \/>\n<meta property=\"og:title\" content=\"Fasssicherung \u00d8 600 | Komplettset mit Palettenhaken - Rothschenk\" \/>\n<meta property=\"og:description\" content=\"Fasssicherung \u25b6 Gurtband 50 mm Polyester (PES) \u2713 2x Zurrgurt und Palettenhaken \u2713 F\u00fcr 200 Liter Stahlfass oder Kunststofffass \u2713 Jetzt bestellen!\" \/>\n<meta property=\"og:url\" content=\"https:\/\/rothschenk.de\/produkt\/fasssicherung-oe-600-komplettset-mit-palettenhaken\/\" \/>\n<meta property=\"og:site_name\" content=\"Rothschenk\" \/>\n<meta property=\"article:publisher\" content=\"https:\/\/de-de.facebook.com\/FirmaRothschenk\/\" \/>\n<meta property=\"article:modified_time\" content=\"2026-04-01T07:02:31+00:00\" \/>\n<meta property=\"og:image\" content=\"https:\/\/rothschenk.de\/wp-content\/uploads\/2023\/11\/Fasssicherung-mit-Palettenhaken_25888-1.jpg\" \/>\n\t<meta property=\"og:image:width\" content=\"1024\" \/>\n\t<meta property=\"og:image:height\" content=\"1024\" \/>\n\t<meta property=\"og:image:type\" content=\"image\/jpeg\" \/>\n<meta name=\"twitter:card\" content=\"summary_large_image\" \/>\n<meta name=\"twitter:label1\" content=\"Cena\" \/>\n\t<meta name=\"twitter:data1\" content=\"19,90&nbsp;&euro;\" \/>\n\t<meta name=\"twitter:label2\" content=\"Dostupnos\u0165\" \/>\n\t<meta name=\"twitter:data2\" content=\"Na sklade\" \/>\n<script type=\"application\/ld+json\" class=\"yoast-schema-graph\">{\"@context\":\"https:\\\/\\\/schema.org\",\"@graph\":[{\"@type\":\"WebPage\",\"@id\":\"https:\\\/\\\/rothschenk.de\\\/produkt\\\/fasssicherung-oe-600-komplettset-mit-palettenhaken\\\/\",\"url\":\"https:\\\/\\\/rothschenk.de\\\/produkt\\\/fasssicherung-oe-600-komplettset-mit-palettenhaken\\\/\",\"name\":\"Fasssicherung \u00d8 600 | Komplettset mit Palettenhaken - Rothschenk\",\"isPartOf\":{\"@id\":\"https:\\\/\\\/rothschenk.de\\\/#website\"},\"primaryImageOfPage\":{\"@id\":\"https:\\\/\\\/rothschenk.de\\\/produkt\\\/fasssicherung-oe-600-komplettset-mit-palettenhaken\\\/#primaryimage\"},\"image\":{\"@id\":\"https:\\\/\\\/rothschenk.de\\\/produkt\\\/fasssicherung-oe-600-komplettset-mit-palettenhaken\\\/#primaryimage\"},\"thumbnailUrl\":\"https:\\\/\\\/rothschenk.de\\\/wp-content\\\/uploads\\\/2023\\\/11\\\/Fasssicherung-mit-Palettenhaken_25888-1.jpg\",\"datePublished\":\"2023-04-01T09:00:50+00:00\",\"dateModified\":\"2026-04-01T07:02:31+00:00\",\"description\":\"Fasssicherung \u25b6 Gurtband 50 mm Polyester (PES) \u2713 2x Zurrgurt und Palettenhaken \u2713 F\u00fcr 200 Liter Stahlfass oder Kunststofffass \u2713 Jetzt bestellen!\",\"breadcrumb\":{\"@id\":\"https:\\\/\\\/rothschenk.de\\\/produkt\\\/fasssicherung-oe-600-komplettset-mit-palettenhaken\\\/#breadcrumb\"},\"inLanguage\":\"sk-SK\",\"potentialAction\":[{\"@type\":\"ReadAction\",\"target\":[\"https:\\\/\\\/rothschenk.de\\\/produkt\\\/fasssicherung-oe-600-komplettset-mit-palettenhaken\\\/\"]}]},{\"@type\":\"ImageObject\",\"inLanguage\":\"sk-SK\",\"@id\":\"https:\\\/\\\/rothschenk.de\\\/produkt\\\/fasssicherung-oe-600-komplettset-mit-palettenhaken\\\/#primaryimage\",\"url\":\"https:\\\/\\\/rothschenk.de\\\/wp-content\\\/uploads\\\/2023\\\/11\\\/Fasssicherung-mit-Palettenhaken_25888-1.jpg\",\"contentUrl\":\"https:\\\/\\\/rothschenk.de\\\/wp-content\\\/uploads\\\/2023\\\/11\\\/Fasssicherung-mit-Palettenhaken_25888-1.jpg\",\"width\":1024,\"height\":1024,\"caption\":\"Fassverzurrung mit Palettenhaken auf Palette\"},{\"@type\":\"BreadcrumbList\",\"@id\":\"https:\\\/\\\/rothschenk.de\\\/produkt\\\/fasssicherung-oe-600-komplettset-mit-palettenhaken\\\/#breadcrumb\",\"itemListElement\":[{\"@type\":\"ListItem\",\"position\":1,\"name\":\"Domovsk\u00e1 str\u00e1nka\",\"item\":\"https:\\\/\\\/rothschenk.de\\\/sk\\\/domovska-stranka\\\/\"},{\"@type\":\"ListItem\",\"position\":2,\"name\":\"Shop\",\"item\":\"https:\\\/\\\/rothschenk.de\\\/shop\\\/\"},{\"@type\":\"ListItem\",\"position\":3,\"name\":\"Fasssicherung \u00d8 600 | Komplettset mit Palettenhaken\"}]},{\"@type\":\"WebSite\",\"@id\":\"https:\\\/\\\/rothschenk.de\\\/#website\",\"url\":\"https:\\\/\\\/rothschenk.de\\\/\",\"name\":\"Rothschenk - Der Online Shop f\u00fcr Ladungssicherung\",\"description\":\"Der Online Shop f\u00fcr Ladungssicherung\",\"potentialAction\":[{\"@type\":\"SearchAction\",\"target\":{\"@type\":\"EntryPoint\",\"urlTemplate\":\"https:\\\/\\\/rothschenk.de\\\/?s={search_term_string}\"},\"query-input\":{\"@type\":\"PropertyValueSpecification\",\"valueRequired\":true,\"valueName\":\"search_term_string\"}}],\"inLanguage\":\"sk-SK\"}]}<\/script>\n<meta property=\"product:price:amount\" content=\"19.90\" \/>\n<meta property=\"product:price:currency\" content=\"EUR\" \/>\n<meta property=\"og:availability\" content=\"instock\" \/>\n<meta property=\"product:availability\" content=\"instock\" \/>\n<meta property=\"product:retailer_item_id\" content=\"25888\" \/>\n<meta property=\"product:condition\" content=\"new\" \/>\n<!-- \/ Yoast SEO plugin. -->","yoast_head_json":{"title":"Fasssicherung \u00d8 600 | Komplettset mit Palettenhaken - Rothschenk","description":"Fasssicherung \u25b6 Gurtband 50 mm Polyester (PES) \u2713 2x Zurrgurt und Palettenhaken \u2713 F\u00fcr 200 Liter Stahlfass oder Kunststofffass \u2713 Jetzt bestellen!","robots":{"index":"index","follow":"follow","max-snippet":"max-snippet:-1","max-image-preview":"max-image-preview:large","max-video-preview":"max-video-preview:-1"},"canonical":"https:\/\/rothschenk.de\/produkt\/fasssicherung-oe-600-komplettset-mit-palettenhaken\/","og_locale":"sk_SK","og_type":"article","og_title":"Fasssicherung \u00d8 600 | Komplettset mit Palettenhaken - Rothschenk","og_description":"Fasssicherung \u25b6 Gurtband 50 mm Polyester (PES) \u2713 2x Zurrgurt und Palettenhaken \u2713 F\u00fcr 200 Liter Stahlfass oder Kunststofffass \u2713 Jetzt bestellen!","og_url":"https:\/\/rothschenk.de\/produkt\/fasssicherung-oe-600-komplettset-mit-palettenhaken\/","og_site_name":"Rothschenk","article_publisher":"https:\/\/de-de.facebook.com\/FirmaRothschenk\/","article_modified_time":"2026-04-01T07:02:31+00:00","og_image":[{"width":1024,"height":1024,"url":"https:\/\/rothschenk.de\/wp-content\/uploads\/2023\/11\/Fasssicherung-mit-Palettenhaken_25888-1.jpg","type":"image\/jpeg"}],"twitter_card":"summary_large_image","twitter_misc":{"Cena":"19,90&nbsp;&euro;","Dostupnos\u0165":"Na sklade"},"schema":{"@context":"https:\/\/schema.org","@graph":[{"@type":"WebPage","@id":"https:\/\/rothschenk.de\/produkt\/fasssicherung-oe-600-komplettset-mit-palettenhaken\/","url":"https:\/\/rothschenk.de\/produkt\/fasssicherung-oe-600-komplettset-mit-palettenhaken\/","name":"Fasssicherung \u00d8 600 | Komplettset mit Palettenhaken - Rothschenk","isPartOf":{"@id":"https:\/\/rothschenk.de\/#website"},"primaryImageOfPage":{"@id":"https:\/\/rothschenk.de\/produkt\/fasssicherung-oe-600-komplettset-mit-palettenhaken\/#primaryimage"},"image":{"@id":"https:\/\/rothschenk.de\/produkt\/fasssicherung-oe-600-komplettset-mit-palettenhaken\/#primaryimage"},"thumbnailUrl":"https:\/\/rothschenk.de\/wp-content\/uploads\/2023\/11\/Fasssicherung-mit-Palettenhaken_25888-1.jpg","datePublished":"2023-04-01T09:00:50+00:00","dateModified":"2026-04-01T07:02:31+00:00","description":"Fasssicherung \u25b6 Gurtband 50 mm Polyester (PES) \u2713 2x Zurrgurt und Palettenhaken \u2713 F\u00fcr 200 Liter Stahlfass oder Kunststofffass \u2713 Jetzt bestellen!","breadcrumb":{"@id":"https:\/\/rothschenk.de\/produkt\/fasssicherung-oe-600-komplettset-mit-palettenhaken\/#breadcrumb"},"inLanguage":"sk-SK","potentialAction":[{"@type":"ReadAction","target":["https:\/\/rothschenk.de\/produkt\/fasssicherung-oe-600-komplettset-mit-palettenhaken\/"]}]},{"@type":"ImageObject","inLanguage":"sk-SK","@id":"https:\/\/rothschenk.de\/produkt\/fasssicherung-oe-600-komplettset-mit-palettenhaken\/#primaryimage","url":"https:\/\/rothschenk.de\/wp-content\/uploads\/2023\/11\/Fasssicherung-mit-Palettenhaken_25888-1.jpg","contentUrl":"https:\/\/rothschenk.de\/wp-content\/uploads\/2023\/11\/Fasssicherung-mit-Palettenhaken_25888-1.jpg","width":1024,"height":1024,"caption":"Fassverzurrung mit Palettenhaken auf Palette"},{"@type":"BreadcrumbList","@id":"https:\/\/rothschenk.de\/produkt\/fasssicherung-oe-600-komplettset-mit-palettenhaken\/#breadcrumb","itemListElement":[{"@type":"ListItem","position":1,"name":"Domovsk\u00e1 str\u00e1nka","item":"https:\/\/rothschenk.de\/sk\/domovska-stranka\/"},{"@type":"ListItem","position":2,"name":"Shop","item":"https:\/\/rothschenk.de\/shop\/"},{"@type":"ListItem","position":3,"name":"Fasssicherung \u00d8 600 | Komplettset mit Palettenhaken"}]},{"@type":"WebSite","@id":"https:\/\/rothschenk.de\/#website","url":"https:\/\/rothschenk.de\/","name":"Rothschenk - Der Online Shop f\u00fcr Ladungssicherung","description":"Der Online Shop f\u00fcr Ladungssicherung","potentialAction":[{"@type":"SearchAction","target":{"@type":"EntryPoint","urlTemplate":"https:\/\/rothschenk.de\/?s={search_term_string}"},"query-input":{"@type":"PropertyValueSpecification","valueRequired":true,"valueName":"search_term_string"}}],"inLanguage":"sk-SK"}]},"product_price_amount":"19.90","product_price_currency":"EUR","og_availability":"instock","product_availability":"instock","product_retailer_item_id":"25888","product_condition":"new"},"_links":{"self":[{"href":"https:\/\/rothschenk.de\/sk\/wp-json\/wp\/v2\/product\/92434","targetHints":{"allow":["GET"]}}],"collection":[{"href":"https:\/\/rothschenk.de\/sk\/wp-json\/wp\/v2\/product"}],"about":[{"href":"https:\/\/rothschenk.de\/sk\/wp-json\/wp\/v2\/types\/product"}],"replies":[{"embeddable":true,"href":"https:\/\/rothschenk.de\/sk\/wp-json\/wp\/v2\/comments?post=92434"}],"wp:featuredmedia":[{"embeddable":true,"href":"https:\/\/rothschenk.de\/sk\/wp-json\/wp\/v2\/media\/92465"}],"wp:attachment":[{"href":"https:\/\/rothschenk.de\/sk\/wp-json\/wp\/v2\/media?parent=92434"}],"wp:term":[{"taxonomy":"product_brand","embeddable":true,"href":"https:\/\/rothschenk.de\/sk\/wp-json\/wp\/v2\/product_brand?post=92434"},{"taxonomy":"product_cat","embeddable":true,"href":"https:\/\/rothschenk.de\/sk\/wp-json\/wp\/v2\/product_cat?post=92434"},{"taxonomy":"product_tag","embeddable":true,"href":"https:\/\/rothschenk.de\/sk\/wp-json\/wp\/v2\/product_tag?post=92434"}],"curies":[{"name":"wp","href":"https:\/\/api.w.org\/{rel}","templated":true}]}}